{"id":13756,"date":"2020-10-11T19:43:17","date_gmt":"2020-10-11T17:43:17","guid":{"rendered":"https:\/\/flamencolive.com\/?post_type=product&#038;p=13756"},"modified":"2025-06-23T19:22:22","modified_gmt":"2025-06-23T17:22:22","slug":"flamenco-guitar-in-48-lessons-volume-4-video-scores-book-by-jose-manuel-montoya","status":"publish","type":"product","link":"https:\/\/flamencolive.com\/en\/flamenco-guitar-in-48-lessons-volume-4-video-scores-book-by-jose-manuel-montoya\/","title":{"rendered":"Flamenco Guitar in 48 lessons Vol.4 &#8211; Jose Manuel Montoya"},"content":{"rendered":"<div><span style=\"color: #ff0000;\"><strong>Lessons 38 &#8211; 48 and 4 themes:<\/strong><\/span><\/div>\n<p>&#8211; Explanations and exercises of tr\u00e9molo technique<br \/>\n&#8211; Melodic patterns for buleria (picado)<br \/>\n&#8211; Buler\u00edas (arpeggios and alzap\u00faa), Sole\u00e1 (arpeggio and picado), Tangos (arpeggio and picado), F. de Huelva (arpeggio) and Sole\u00e1 (tremolo)<br \/>\n&#8211; 4 complete themes &#8220;palos&#8221;: Buler\u00edas, Sole\u00e1, Tangos and Fandango de Huelva.<\/p>\n<hr \/>\n<p style=\"font-weight: 400;\"><span style=\"color: #ff0000;\"><b><strong>Flamenco\u00a0Guitar in\u00a048 lessons by\u00a0<\/strong><\/b>Jose Manuel Montoya<\/span><\/p>\n<p>4\u00a0 progressive Flamenco Guitar course in 48 lessons <b><strong>for all levels including those who have no notion of the guitar or musical theory yet<\/strong><\/b>. The methodology that is being used is the same as that used by Jose Manuel Montoya in his private classes. The basic techniques that are being studied are applied from the beginning to the most attractive flamenco forms &#8220;Palos&#8221;: Tangos, Sole\u00e1, Buler\u00edas, and Fandango de Huelva, making the study more enjoyable.<\/p>\n<p>The learning methodology is designed to study one lesson per week, and practice half an hour daily at the beginning of the course and from the third month, one hour a day. Jose Manuel Montoya leads to apply this same course for years, and it is GUARANTEED that by the end of this course, students will reach the level of Flamenco Guitar as shown in the following audios, plus a full mastery of the technique.<\/p>\n<table class=\" aligncenter\">\n<tbody>\n<tr>\n<td><a href=\"http:\/\/www.flamencolive.com\/libreria\/SOLEA_ALL.mp3\" target=\"_blank\" rel=\"noopener noreferrer\"><img decoding=\"async\" title=\"\" src=\"https:\/\/www.storemusic-live.es\/_articulos\/ALTAAMA.jpg\" border=\"0\" \/><\/a>\u00a0Sole\u00e1<\/td>\n<td><a href=\"http:\/\/www.flamencolive.com\/libreria\/BULE_ALL.mp3\" target=\"_blank\" rel=\"noopener noreferrer\"><img decoding=\"async\" title=\"\" src=\"https:\/\/www.storemusic-live.es\/_articulos\/ALTAAMA.jpg\" border=\"0\" \/><\/a>\u00a0Buler\u00edas<\/td>\n<td><a href=\"http:\/\/www.flamencolive.com\/libreria\/FAND_ALL.mp3\" target=\"_blank\" rel=\"noopener noreferrer\"><img decoding=\"async\" title=\"\" src=\"https:\/\/www.storemusic-live.es\/_articulos\/ALTAAMA.jpg\" border=\"0\" \/><\/a>\u00a0Fandango de Huelva<\/td>\n<td><a href=\"http:\/\/www.flamencolive.com\/libreria\/TANG_ALL.mp3\" target=\"_blank\" rel=\"noopener noreferrer\"><img decoding=\"async\" title=\"\" src=\"https:\/\/www.storemusic-live.es\/_articulos\/ALTAAMA.jpg\" border=\"0\" \/><\/a>\u00a0Tangos<\/td>\n<\/tr>\n<\/tbody>\n<\/table>\n<p><span style=\"font-weight: 400;\">Toward the end of the course, the last volume includes videos of these 4 &#8220;palos&#8221; complete with two different audios: Full (Guitar &amp; Percussion) and without guitar so that students can practice with Percussion (palms and caj\u00f3n). It also has two video options with different points of view.<\/span><\/p>\n<p>Along the course, both hands, shot from different angles so not a single detail is lost, are shown on the screen. The chord diagrams and rhythm are graphically displayed as well.<\/p>\n<hr \/>\n<div>\n<div align=\"left\">\n<div align=\"left\">Example Lesson # 45\u00a0 example <a href=\"http:\/\/www.flamencolive.com\/libreria\/clase%2045.gif\">Score\u00a0<img decoding=\"async\" title=\"\" src=\"https:\/\/www.storemusic-live.es\/_articulos\/aaa_pdf.jpg\" alt=\"\" \/><\/a><\/div>\n<\/div>\n<table style=\"border-collapse: collapse; width: 648px; height: 376px;\">\n<tbody>\n<tr>\n<td style=\"width: 61.2px;\"><\/td>\n<td style=\"width: 491.6px;\"><iframe loading=\"lazy\" style=\"box-sizing: border-box; max-width: 100%; max-height: 100%; color: #212529; font-family: Arial, Helvetica, sans-serif; font-size: 13.3333px; text-align: center; background-color: #ffffff;\" title=\"YouTube video player\" src=\"https:\/\/www.youtube.com\/embed\/LAZfxbyn7nc?rel=0\" width=\"694\" height=\"390\" frameborder=\"0\" allowfullscreen=\"allowfullscreen\"><\/iframe><\/td>\n<td style=\"width: 86px;\"><\/td>\n<\/tr>\n<\/tbody>\n<\/table>\n<div class='et-box et-shadow'>\n\t\t\t\t\t<div class='et-box-content'><h3><span style=\"color: #ff0000;\">STREAMING\/ONLINE FORMAT POSSIBILITIES<\/span><\/h3>\n<p>Video and score displayed on the same screen, options:<\/p>\n<ul>\n<li>Video at full screen<\/li>\n<li>Scores at full screen<\/li>\n<li>Independently video and score resize<\/li>\n<li>Floating and scalable video over the score<\/li>\n<\/ul>\n<p>Video\/audio sync with sheet music options:<\/p>\n<ul>\n<li>Video\/audio synchronized with the scores: As the video progresses, the scores advance automatically. The videos move the score, and also the scores move the video<\/li>\n<li>Manual mode, video\/audio, and sheet music work independently. Manual scores stepping with the mouse, keyboard, or foot pedal, independent of video\/audio. To facilitate study at the user level<\/li>\n<li>Several video and audio options for the same score<\/li>\n<li>Loop option for a segment of the video\/audio<\/li>\n<\/ul>\n<p>Playback speed options:<\/p>\n<ul>\n<li>Possibility of changing the playback speed of each video\/audio tracks to facilitate study (0.25x, 0.5x, 0.75x, 1x, 1.25x, 1.5x, 2x) and independently<\/li>\n<\/ul>\n<p>** Adapts to any device, PC, Tablet, Smartphone, Smart TV<\/p>\n<div><\/div>\n<div><strong>DEMOSTRATIVE VIDEO<\/strong><\/div>\n<p><iframe loading=\"lazy\" title=\"YouTube video player\" src=\"https:\/\/www.youtube.com\/embed\/E3FJ3tK9AjA?rel=0\" width=\"694\" height=\"390\" frameborder=\"0\" allowfullscreen=\"allowfullscreen\" data-mce-fragment=\"1\"><\/iframe><\/p><\/div><\/div>\n<hr \/>\n<hr \/>\n<p style=\"text-align: center;\"><a class=\"enlacetienda\" href=\"https:\/\/www.storemusic-live.eu\/Articulo~x~Flamenco-guitar-in-48-lessons-dvd4-dvd-score-booklet-by-jose-manuel-montoya~IDArticulo~12.html\" target=\"_blank\" rel=\"noopener noreferrer\">PURCHASE and DELIVERY of the product in physical format at storemusic-live.com<\/a><\/p>\n<hr \/>\n<hr \/>\n<\/div>\n","protected":false},"excerpt":{"rendered":"<div class='et-box et-shadow'>\n\t\t\t\t\t<div class='et-box-content'><ul>\n<li>Video &amp; Score Book<\/li>\n<li>Languages: Spanish, English, Italian, and Japanese.<\/li>\n<li><span style=\"color: #ff0000;\">STREAMING <\/span><span style=\"color: #ff0000;\">product\u00a0<\/span><span style=\"color: #ff0000;\">\u00a0<span style=\"color: #0000ff;\"><a style=\"color: #0000ff;\" href=\"https:\/\/flamencolive.com\/streaming_en\/\" target=\"_blank\" rel=\"noopener\">(+INFO)<\/a><\/span><\/span><\/div><\/div><\/li>\n<\/ul>\n<p>For all levels including those who have no notion of the guitar or musical theory yet.<br \/>\nThe basic techniques that are being studied are applied from the beginning to the most attractive flamenco forms &#8220;Palos&#8221;: <strong>Tangos, Sole\u00e1, Buler\u00edas, and Fandango de Huelva<\/strong>, making the study more enjoyable.<\/p>\n","protected":false},"featured_media":13586,"comment_status":"open","ping_status":"closed","template":"","meta":{"_acf_changed":false,"_et_pb_use_builder":"off","_et_pb_old_content":"","_et_gb_content_width":""},"product_cat":[546,547,548,544,93,325,94,112,124,123],"product_tag":[],"acf":[],"yoast_head":"<!-- This site is optimized with the Yoast SEO plugin v22.9 - https:\/\/yoast.com\/wordpress\/plugins\/seo\/ -->\n<title>Flamenco Guitar in 48 lessons Vol.4 - Jose Manuel Montoya | STREAMING<\/title>\n<meta name=\"description\" content=\"Flamenco Live te ofrece el producto &quot;Flamenco Guitar in 48 lessons Vol.4 - Jose Manuel Montoya&quot; al mejor precio. \u00a1Descubre nuestra oferta!\" \/>\n<meta name=\"robots\" content=\"index, follow, max-snippet:-1, max-image-preview:large, max-video-preview:-1\" \/>\n<link rel=\"canonical\" href=\"https:\/\/flamencolive.com\/en\/flamenco-guitar-in-48-lessons-volume-4-video-scores-book-by-jose-manuel-montoya\/\" \/>\n<meta property=\"og:locale\" content=\"en_US\" \/>\n<meta property=\"og:type\" content=\"article\" \/>\n<meta property=\"og:title\" content=\"Flamenco Guitar in 48 lessons Vol.4 - Jose Manuel Montoya | STREAMING\" \/>\n<meta property=\"og:description\" content=\"Flamenco Live te ofrece el producto &quot;Flamenco Guitar in 48 lessons Vol.4 - Jose Manuel Montoya&quot; al mejor precio. \u00a1Descubre nuestra oferta!\" \/>\n<meta property=\"og:url\" content=\"https:\/\/flamencolive.com\/en\/flamenco-guitar-in-48-lessons-volume-4-video-scores-book-by-jose-manuel-montoya\/\" \/>\n<meta property=\"og:site_name\" content=\"Flamenco in STREAMING, videos and Scorebooks\" \/>\n<meta property=\"article:publisher\" content=\"http:\/\/www.facebook.com\/pages\/flamencolivecom\/230064430920\" \/>\n<meta property=\"article:modified_time\" content=\"2025-06-23T17:22:22+00:00\" \/>\n<meta property=\"og:image\" content=\"https:\/\/flamencolive.com\/wp-content\/uploads\/2020\/10\/caratula-4_OK_T.jpg\" \/>\n\t<meta property=\"og:image:width\" content=\"1000\" \/>\n\t<meta property=\"og:image:height\" content=\"1415\" \/>\n\t<meta property=\"og:image:type\" content=\"image\/jpeg\" \/>\n<meta name=\"twitter:card\" content=\"summary_large_image\" \/>\n<meta name=\"twitter:site\" content=\"@flamencolive\" \/>\n<meta name=\"twitter:label1\" content=\"Est. reading time\" \/>\n\t<meta name=\"twitter:data1\" content=\"4 minutes\" \/>\n<script type=\"application\/ld+json\" class=\"yoast-schema-graph\">{\"@context\":\"https:\/\/schema.org\",\"@graph\":[{\"@type\":\"WebPage\",\"@id\":\"https:\/\/flamencolive.com\/en\/flamenco-guitar-in-48-lessons-volume-4-video-scores-book-by-jose-manuel-montoya\/\",\"url\":\"https:\/\/flamencolive.com\/en\/flamenco-guitar-in-48-lessons-volume-4-video-scores-book-by-jose-manuel-montoya\/\",\"name\":\"Flamenco Guitar in 48 lessons Vol.4 - Jose Manuel Montoya | STREAMING\",\"isPartOf\":{\"@id\":\"https:\/\/flamencolive.com\/en\/#website\"},\"primaryImageOfPage\":{\"@id\":\"https:\/\/flamencolive.com\/en\/flamenco-guitar-in-48-lessons-volume-4-video-scores-book-by-jose-manuel-montoya\/#primaryimage\"},\"image\":{\"@id\":\"https:\/\/flamencolive.com\/en\/flamenco-guitar-in-48-lessons-volume-4-video-scores-book-by-jose-manuel-montoya\/#primaryimage\"},\"thumbnailUrl\":\"https:\/\/flamencolive.com\/wp-content\/uploads\/2020\/10\/caratula-4_OK_T.jpg\",\"datePublished\":\"2020-10-11T17:43:17+00:00\",\"dateModified\":\"2025-06-23T17:22:22+00:00\",\"description\":\"Flamenco Live te ofrece el producto \\\"Flamenco Guitar in 48 lessons Vol.4 - Jose Manuel Montoya\\\" al mejor precio. \u00a1Descubre nuestra oferta!\",\"breadcrumb\":{\"@id\":\"https:\/\/flamencolive.com\/en\/flamenco-guitar-in-48-lessons-volume-4-video-scores-book-by-jose-manuel-montoya\/#breadcrumb\"},\"inLanguage\":\"en-US\",\"potentialAction\":[{\"@type\":\"ReadAction\",\"target\":[\"https:\/\/flamencolive.com\/en\/flamenco-guitar-in-48-lessons-volume-4-video-scores-book-by-jose-manuel-montoya\/\"]}]},{\"@type\":\"ImageObject\",\"inLanguage\":\"en-US\",\"@id\":\"https:\/\/flamencolive.com\/en\/flamenco-guitar-in-48-lessons-volume-4-video-scores-book-by-jose-manuel-montoya\/#primaryimage\",\"url\":\"https:\/\/flamencolive.com\/wp-content\/uploads\/2020\/10\/caratula-4_OK_T.jpg\",\"contentUrl\":\"https:\/\/flamencolive.com\/wp-content\/uploads\/2020\/10\/caratula-4_OK_T.jpg\",\"width\":1000,\"height\":1415,\"caption\":\"Guitarra Flamenca en 48 clases Vol-4 (Video\/LIbro partituras), Jose Manuel Montoya\"},{\"@type\":\"BreadcrumbList\",\"@id\":\"https:\/\/flamencolive.com\/en\/flamenco-guitar-in-48-lessons-volume-4-video-scores-book-by-jose-manuel-montoya\/#breadcrumb\",\"itemListElement\":[{\"@type\":\"ListItem\",\"position\":1,\"name\":\"Portada\",\"item\":\"https:\/\/flamencolive.com\/en\/\"},{\"@type\":\"ListItem\",\"position\":2,\"name\":\"home\",\"item\":\"https:\/\/flamencolive.com\/en\/home\/\"},{\"@type\":\"ListItem\",\"position\":3,\"name\":\"Flamenco Guitar in 48 lessons Vol.4 &#8211; Jose Manuel Montoya\"}]},{\"@type\":\"WebSite\",\"@id\":\"https:\/\/flamencolive.com\/en\/#website\",\"url\":\"https:\/\/flamencolive.com\/en\/\",\"name\":\"Flamenco in STREAMING, videos and Scorebooks\",\"description\":\"Flamenco - Methods and Scorebooks in Streaming\",\"publisher\":{\"@id\":\"https:\/\/flamencolive.com\/en\/#organization\"},\"potentialAction\":[{\"@type\":\"SearchAction\",\"target\":{\"@type\":\"EntryPoint\",\"urlTemplate\":\"https:\/\/flamencolive.com\/en\/?s={search_term_string}\"},\"query-input\":\"required name=search_term_string\"}],\"inLanguage\":\"en-US\"},{\"@type\":\"Organization\",\"@id\":\"https:\/\/flamencolive.com\/en\/#organization\",\"name\":\"flamencolive.com\",\"url\":\"https:\/\/flamencolive.com\/en\/\",\"logo\":{\"@type\":\"ImageObject\",\"inLanguage\":\"en-US\",\"@id\":\"https:\/\/flamencolive.com\/en\/#\/schema\/logo\/image\/\",\"url\":\"https:\/\/flamencolive.com\/wp-content\/uploads\/2020\/09\/logo-vectorial-flamenco-live-500x61-2.png\",\"contentUrl\":\"https:\/\/flamencolive.com\/wp-content\/uploads\/2020\/09\/logo-vectorial-flamenco-live-500x61-2.png\",\"width\":500,\"height\":61,\"caption\":\"flamencolive.com\"},\"image\":{\"@id\":\"https:\/\/flamencolive.com\/en\/#\/schema\/logo\/image\/\"},\"sameAs\":[\"http:\/\/www.facebook.com\/pages\/flamencolivecom\/230064430920\",\"https:\/\/x.com\/flamencolive\",\"https:\/\/www.instagram.com\/flamencolive.oficial\/\",\"http:\/\/www.youtube.com\/user\/rgbartevisual\"]}]}<\/script>\n<!-- \/ Yoast SEO plugin. -->","yoast_head_json":{"title":"Flamenco Guitar in 48 lessons Vol.4 - Jose Manuel Montoya | STREAMING","description":"Flamenco Live te ofrece el producto \"Flamenco Guitar in 48 lessons Vol.4 - Jose Manuel Montoya\" al mejor precio. \u00a1Descubre nuestra oferta!","robots":{"index":"index","follow":"follow","max-snippet":"max-snippet:-1","max-image-preview":"max-image-preview:large","max-video-preview":"max-video-preview:-1"},"canonical":"https:\/\/flamencolive.com\/en\/flamenco-guitar-in-48-lessons-volume-4-video-scores-book-by-jose-manuel-montoya\/","og_locale":"en_US","og_type":"article","og_title":"Flamenco Guitar in 48 lessons Vol.4 - Jose Manuel Montoya | STREAMING","og_description":"Flamenco Live te ofrece el producto \"Flamenco Guitar in 48 lessons Vol.4 - Jose Manuel Montoya\" al mejor precio. \u00a1Descubre nuestra oferta!","og_url":"https:\/\/flamencolive.com\/en\/flamenco-guitar-in-48-lessons-volume-4-video-scores-book-by-jose-manuel-montoya\/","og_site_name":"Flamenco in STREAMING, videos and Scorebooks","article_publisher":"http:\/\/www.facebook.com\/pages\/flamencolivecom\/230064430920","article_modified_time":"2025-06-23T17:22:22+00:00","og_image":[{"width":1000,"height":1415,"url":"https:\/\/flamencolive.com\/wp-content\/uploads\/2020\/10\/caratula-4_OK_T.jpg","type":"image\/jpeg"}],"twitter_card":"summary_large_image","twitter_site":"@flamencolive","twitter_misc":{"Est. reading time":"4 minutes"},"schema":{"@context":"https:\/\/schema.org","@graph":[{"@type":"WebPage","@id":"https:\/\/flamencolive.com\/en\/flamenco-guitar-in-48-lessons-volume-4-video-scores-book-by-jose-manuel-montoya\/","url":"https:\/\/flamencolive.com\/en\/flamenco-guitar-in-48-lessons-volume-4-video-scores-book-by-jose-manuel-montoya\/","name":"Flamenco Guitar in 48 lessons Vol.4 - Jose Manuel Montoya | STREAMING","isPartOf":{"@id":"https:\/\/flamencolive.com\/en\/#website"},"primaryImageOfPage":{"@id":"https:\/\/flamencolive.com\/en\/flamenco-guitar-in-48-lessons-volume-4-video-scores-book-by-jose-manuel-montoya\/#primaryimage"},"image":{"@id":"https:\/\/flamencolive.com\/en\/flamenco-guitar-in-48-lessons-volume-4-video-scores-book-by-jose-manuel-montoya\/#primaryimage"},"thumbnailUrl":"https:\/\/flamencolive.com\/wp-content\/uploads\/2020\/10\/caratula-4_OK_T.jpg","datePublished":"2020-10-11T17:43:17+00:00","dateModified":"2025-06-23T17:22:22+00:00","description":"Flamenco Live te ofrece el producto \"Flamenco Guitar in 48 lessons Vol.4 - Jose Manuel Montoya\" al mejor precio. \u00a1Descubre nuestra oferta!","breadcrumb":{"@id":"https:\/\/flamencolive.com\/en\/flamenco-guitar-in-48-lessons-volume-4-video-scores-book-by-jose-manuel-montoya\/#breadcrumb"},"inLanguage":"en-US","potentialAction":[{"@type":"ReadAction","target":["https:\/\/flamencolive.com\/en\/flamenco-guitar-in-48-lessons-volume-4-video-scores-book-by-jose-manuel-montoya\/"]}]},{"@type":"ImageObject","inLanguage":"en-US","@id":"https:\/\/flamencolive.com\/en\/flamenco-guitar-in-48-lessons-volume-4-video-scores-book-by-jose-manuel-montoya\/#primaryimage","url":"https:\/\/flamencolive.com\/wp-content\/uploads\/2020\/10\/caratula-4_OK_T.jpg","contentUrl":"https:\/\/flamencolive.com\/wp-content\/uploads\/2020\/10\/caratula-4_OK_T.jpg","width":1000,"height":1415,"caption":"Guitarra Flamenca en 48 clases Vol-4 (Video\/LIbro partituras), Jose Manuel Montoya"},{"@type":"BreadcrumbList","@id":"https:\/\/flamencolive.com\/en\/flamenco-guitar-in-48-lessons-volume-4-video-scores-book-by-jose-manuel-montoya\/#breadcrumb","itemListElement":[{"@type":"ListItem","position":1,"name":"Portada","item":"https:\/\/flamencolive.com\/en\/"},{"@type":"ListItem","position":2,"name":"home","item":"https:\/\/flamencolive.com\/en\/home\/"},{"@type":"ListItem","position":3,"name":"Flamenco Guitar in 48 lessons Vol.4 &#8211; Jose Manuel Montoya"}]},{"@type":"WebSite","@id":"https:\/\/flamencolive.com\/en\/#website","url":"https:\/\/flamencolive.com\/en\/","name":"Flamenco in STREAMING, videos and Scorebooks","description":"Flamenco - Methods and Scorebooks in Streaming","publisher":{"@id":"https:\/\/flamencolive.com\/en\/#organization"},"potentialAction":[{"@type":"SearchAction","target":{"@type":"EntryPoint","urlTemplate":"https:\/\/flamencolive.com\/en\/?s={search_term_string}"},"query-input":"required name=search_term_string"}],"inLanguage":"en-US"},{"@type":"Organization","@id":"https:\/\/flamencolive.com\/en\/#organization","name":"flamencolive.com","url":"https:\/\/flamencolive.com\/en\/","logo":{"@type":"ImageObject","inLanguage":"en-US","@id":"https:\/\/flamencolive.com\/en\/#\/schema\/logo\/image\/","url":"https:\/\/flamencolive.com\/wp-content\/uploads\/2020\/09\/logo-vectorial-flamenco-live-500x61-2.png","contentUrl":"https:\/\/flamencolive.com\/wp-content\/uploads\/2020\/09\/logo-vectorial-flamenco-live-500x61-2.png","width":500,"height":61,"caption":"flamencolive.com"},"image":{"@id":"https:\/\/flamencolive.com\/en\/#\/schema\/logo\/image\/"},"sameAs":["http:\/\/www.facebook.com\/pages\/flamencolivecom\/230064430920","https:\/\/x.com\/flamencolive","https:\/\/www.instagram.com\/flamencolive.oficial\/","http:\/\/www.youtube.com\/user\/rgbartevisual"]}]}},"_links":{"self":[{"href":"https:\/\/flamencolive.com\/en\/wp-json\/wp\/v2\/product\/13756"}],"collection":[{"href":"https:\/\/flamencolive.com\/en\/wp-json\/wp\/v2\/product"}],"about":[{"href":"https:\/\/flamencolive.com\/en\/wp-json\/wp\/v2\/types\/product"}],"replies":[{"embeddable":true,"href":"https:\/\/flamencolive.com\/en\/wp-json\/wp\/v2\/comments?post=13756"}],"wp:featuredmedia":[{"embeddable":true,"href":"https:\/\/flamencolive.com\/en\/wp-json\/wp\/v2\/media\/13586"}],"wp:attachment":[{"href":"https:\/\/flamencolive.com\/en\/wp-json\/wp\/v2\/media?parent=13756"}],"wp:term":[{"taxonomy":"product_cat","embeddable":true,"href":"https:\/\/flamencolive.com\/en\/wp-json\/wp\/v2\/product_cat?post=13756"},{"taxonomy":"product_tag","embeddable":true,"href":"https:\/\/flamencolive.com\/en\/wp-json\/wp\/v2\/product_tag?post=13756"}],"curies":[{"name":"wp","href":"https:\/\/api.w.org\/{rel}","templated":true}]}}