{"id":14699,"date":"2020-10-19T16:36:00","date_gmt":"2020-10-19T14:36:00","guid":{"rendered":"https:\/\/flamencolive.com\/?post_type=product&#038;p=14699"},"modified":"2025-06-23T13:30:17","modified_gmt":"2025-06-23T11:30:17","slug":"bulerias-treatise-of-accompaniment-to-el-cante-video-book-david-leiva","status":"publish","type":"product","link":"https:\/\/flamencolive.com\/en\/bulerias-treatise-of-accompaniment-to-el-cante-video-book-david-leiva\/","title":{"rendered":"Buler\u00edas &#8211; Treatise of Accompaniment to &#8220;El Cante&#8221; &#8211; David Leiva"},"content":{"rendered":"<div align=\"center\">\n<p style=\"text-align: left;\" align=\"right\"><span lang=\"EN-US\">Language:<\/span><span lang=\"EN-US\"> Spanish, English, and Japanese.<\/span><\/p>\n<\/div>\n<div align=\"left\">\n<p>The new collection &#8220;Flamenco Guitar. Treatise of Accompaniment to El Cante\u201d in DVD format with booklet, reveals the secrets of the great master accompanists of flamenco, offering unique and innovative material in flamenco pedagogy.<\/p>\n<p>Aimed for new guitarists and professionals,\u00a0 it offers the opportunity to analyze and interpret falsetas, remates, different accompaniment tricks, different rasgueos, and chords depending on the chosen guitarist and his era.<\/p>\n<p>But this is not the greatest surprise, as if this was not enough, this production is outstanding because it also contains the vocals (a cappella, without guitar accompaniment) of the greatest flamenco masters available to us. A luxury for those guitarists who were not contemporaries of the great flamenco singers or those of us who have not had the opportunity to accompany them.<\/p>\n<p>The masters included in this treatise are:<\/p>\n<\/div>\n<div style=\"padding-left: 40px;\" align=\"left\">\n<p><strong>Cantaores\u00a0<\/strong>(The flamenco singers):\u00a0Naranjito de Triana, Antonio Mairena, Aurelio Sell\u00e9s, Bernarda de Utrera y Enrique Morente. <strong>Guitarists<\/strong>: Ni\u00f1o Ricardo, Melchor de Marchena, Diego del Gastor, Sabicas, Manolo Sanl\u00facar, Paco de Luc\u00eda, Enrique del Melchor y Tomatito.<\/p>\n<\/div>\n<div align=\"left\">Each style is presented in six different ways:<\/div>\n<div style=\"padding-left: 40px;\" align=\"left\">\n<p>\u2022 Vocals with guitar and percussion: the complete version. \u2022 Vocals with guitar \u2022 Vocals a cappella with flamenco percussion so as to practice the accompaniment. \u2022 Guitar solo with percussion, so as to sing along or listen to the different details in the guitar \u2022 Guitar solo, so as to sing along or listen to the different details in the guitar \u2022 Percussion, so as to sing along and accompaniment.<\/p>\n<p><strong><br \/>\n&#8220;Buler\u00edas&#8221; contents:<\/strong><\/p>\n<\/div>\n<p style=\"padding-left: 80px;\"><span style=\"color: #ff0000;\">BULER\u00cdAS DE AGUJETAS VIEJO <\/span>(Casita de jabonero)<br \/>\n(voz Agujetas Viejo, guitarra al estilo de Diego del Gastor, Ni\u00f1o Ricardo y Sabicas)<\/p>\n<p style=\"padding-left: 80px;\"><span style=\"color: #ff0000;\">BULER\u00cdAS DE FERNANDA DE UTRERA <\/span>(Piedras por la calle)<br \/>\n(voz Fernanda de Utrera, guitarra al estilo de Moraito Chico)<\/p>\n<p style=\"padding-left: 80px;\"><span style=\"color: #ff0000;\">BULERIAS DE ANTONIO MAIRENA 1 <\/span>(San Antonio su ni\u00f1o)<br \/>\n(voz Antonio Mairena, guitarra al estilo de Paco de Luc\u00eda)<\/p>\n<p style=\"padding-left: 80px;\"><span style=\"color: #ff0000;\">BULERIAS DE ANTONIO MAIRENA 2<\/span> (Amparo la de Jeroma)<br \/>\n(voz Antonio Mairena, guitarra al estilo de Tomatito)<\/p>\n<p style=\"padding-left: 80px;\"><span style=\"color: #ff0000;\">BULERIAS DE CASCABEL DE MAIRENA (<\/span>Flores silvestres)<br \/>\n(voz Cascabel de Mairena, guitarra al estilo de Vicente Amigo)<\/p>\n<p style=\"padding-left: 80px;\"><span style=\"color: #ff0000;\">BULERIAS DE CAMARON<\/span> (La flor del almendro)<br \/>\n(voz Camar\u00f3n, guitarra al estilo contempor\u00e1neo, David Leiva)<\/p>\n<div style=\"padding-left: 40px;\" align=\"left\">\n<p align=\"left\"><img decoding=\"async\" title=\"\" src=\"https:\/\/www.storemusic-live.es\/_articulos\/detalle_bulerias-2.jpg\" alt=\"\" width=\"358\" height=\"272\" align=\"absMiddle\" border=\"0\" \/><\/p>\n<\/div>\n<div>The different videos show the guitarist David Leiva interpreting all of the accompaniment styles, chord diagrams, 12 beat cycle so as to follow where we are at each moment and the musical notation with bar numbers so as to be able to refer to the score. 6 audio options: &#8211; Guitar+percussion+cante, &#8211; Guitar+cante, &#8211; Guitar+percussion, &#8211; Guitar, &#8211; Percussion+cante, &#8211; Percussion<\/div>\n<p><strong>Examples:<\/strong><\/p>\n<table style=\"width: 569px;\">\n<tbody>\n<tr>\n<td style=\"width: 280px;\">BULER\u00cdAS DE AGUJETAS VIEJO<br \/>\n(Casita de jabonero)<br \/>\n(vozAgujetas Viejo, guitarra al estilo de Diego del Gastor,<br \/>\nNi\u00f1o Ricardo\u00a0 y Sabicas)<\/p>\n<div align=\"center\">Partituras<\/div>\n<div align=\"center\"><a href=\"http:\/\/www.flamencolive.com\/libreria\/bulerias.pdf\" target=\"_blank\" rel=\"noopener noreferrer\"><img decoding=\"async\" title=\"\" src=\"https:\/\/www.storemusic-live.es\/_articulos\/aaa_pdf.jpg\" alt=\"\" width=\"28\" height=\"30\" border=\"0\" \/><\/a><\/div>\n<\/td>\n<td style=\"width: 275px;\">T\u00e9cnica B\u00e1sica<\/p>\n<p>Partituras<br \/>\nComp\u00e1s Buler\u00edas<br \/>\n<a href=\"http:\/\/www.flamencolive.com\/libreria\/compas_bulerias.pdf\" target=\"_blank\" rel=\"noopener noreferrer\"><img decoding=\"async\" title=\"\" src=\"https:\/\/www.storemusic-live.es\/_articulos\/aaa_pdf.jpg\" alt=\"\" width=\"28\" height=\"30\" border=\"0\" \/><\/a><\/td>\n<\/tr>\n<tr>\n<td style=\"width: 280px;\">Voz, Guitarra y Percusi\u00f3n<br \/>\n<iframe loading=\"lazy\" title=\"YouTube video player\" src=\"https:\/\/www.youtube.com\/embed\/D7NsDXFhzJw?rel=0\" width=\"240\" height=\"195\" frameborder=\"0\" allowfullscreen=\"allowfullscreen\" data-mce-fragment=\"1\"><\/iframe><\/td>\n<td style=\"width: 275px;\">Comp\u00e1s Buler\u00edas velocidad normal<br \/>\n<iframe loading=\"lazy\" title=\"YouTube video player\" src=\"https:\/\/www.youtube.com\/embed\/b3_aaKEuvdY?rel=0\" width=\"240\" height=\"195\" frameborder=\"0\" allowfullscreen=\"allowfullscreen\" data-mce-fragment=\"1\"><\/iframe><\/td>\n<\/tr>\n<tr>\n<td style=\"width: 280px;\">Voz y Percusi\u00f3n<br \/>\n<iframe loading=\"lazy\" title=\"YouTube video player\" src=\"https:\/\/www.youtube.com\/embed\/SMcjbAOtvIM?rel=0\" width=\"240\" height=\"195\" frameborder=\"0\" allowfullscreen=\"allowfullscreen\" data-mce-fragment=\"1\"><\/iframe><\/td>\n<td style=\"width: 275px;\">Comp\u00e1s buler\u00edas velocidad lenta<br \/>\n<iframe loading=\"lazy\" title=\"YouTube video player\" src=\"https:\/\/www.youtube.com\/embed\/dB2Q-CW98oE?rel=0\" width=\"240\" height=\"195\" frameborder=\"0\" allowfullscreen=\"allowfullscreen\" data-mce-fragment=\"1\"><\/iframe><\/td>\n<\/tr>\n<\/tbody>\n<\/table>\n<div><\/div>\n<div class='et-box et-shadow'>\n\t\t\t\t\t<div class='et-box-content'><h3><span style=\"color: #ff0000;\">STREAMING\/ONLINE FORMAT POSSIBILITIES<\/span><\/h3>\n<p>Video and score displayed on the same screen, options:<\/p>\n<ul>\n<li>Video at full screen<\/li>\n<li>Scores at full screen<\/li>\n<li>Independently video and score resize<\/li>\n<li>Floating and scalable video over the score<\/li>\n<\/ul>\n<p>Video\/audio sync with sheet music options:<\/p>\n<ul>\n<li>Video\/audio synchronized with the scores: As the video progresses, the scores advance automatically. The videos move the score, and also the scores move the video<\/li>\n<li>Manual mode, video\/audio, and sheet music work independently. Manual scores stepping with the mouse, keyboard, or foot pedal, independent of video\/audio. To facilitate study at the user level<\/li>\n<li>Several video and audio options for the same score<\/li>\n<li>Loop option for a segment of the video\/audio<\/li>\n<\/ul>\n<p>Playback speed options:<\/p>\n<ul>\n<li>Possibility of changing the playback speed of each video\/audio tracks to facilitate study (0.25x, 0.5x, 0.75x, 1x, 1.25x, 1.5x, 2x) and independently<\/li>\n<\/ul>\n<p>** Adapts to any device, PC, Tablet, Smartphone, Smart TV<\/p>\n<div><\/div>\n<div><strong>DEMOSTRATIVE VIDEO<\/strong><\/div>\n<p><iframe loading=\"lazy\" title=\"YouTube video player\" src=\"https:\/\/www.youtube.com\/embed\/bX2BgjVh6ss?rel=0\" width=\"694\" height=\"390\" frameborder=\"0\" allowfullscreen=\"allowfullscreen\" data-mce-fragment=\"1\"><\/iframe><\/p><\/div><\/div>\n<div align=\"center\">\n<div><\/div>\n<\/div>\n<hr \/>\n<hr \/>\n<h3><\/h3>\n<h3 style=\"text-align: center;\"><span style=\"color: #ff0000;\"><strong><span style=\"color: #666699;\">OTHER SALES FORMATS AT\u00a0 \u00a0 <\/span><\/strong><\/span><img decoding=\"async\" class=\"alignnone wp-image-55260\" src=\"https:\/\/flamencolive.com\/wp-content\/uploads\/2022\/09\/storemusiclivecom-WEB.jpg\" alt=\"\" width=\"334\" height=\"40\" srcset=\"https:\/\/flamencolive.com\/wp-content\/uploads\/2022\/09\/storemusiclivecom-WEB.jpg 400w, https:\/\/flamencolive.com\/wp-content\/uploads\/2022\/09\/storemusiclivecom-WEB-300x36.jpg 300w, https:\/\/flamencolive.com\/wp-content\/uploads\/2022\/09\/storemusiclivecom-WEB-150x18.jpg 150w, https:\/\/flamencolive.com\/wp-content\/uploads\/2022\/09\/storemusiclivecom-WEB-190x23.jpg 190w\" sizes=\"(max-width: 334px) 100vw, 334px\" \/><\/h3>\n<p style=\"text-align: left;\"><div class='et-box et-shadow'>\n\t\t\t\t\t<div class='et-box-content'>\u00a0 \u00a0 \u00a0 <a href=\"https:\/\/www.storemusic-live.eu\/Articulo~x~Treatise-of-accompaniment-to-el-cante-bulerias-deluxe-david-leiva~IDArticulo~1862.html\" target=\"_blank\" rel=\"noopener\"><img decoding=\"async\" class=\"wp-image-55248 alignnone\" src=\"https:\/\/flamencolive.com\/wp-content\/uploads\/2022\/09\/DELUX-PRODUCTO-1024x392.jpg\" alt=\"\" width=\"450\" height=\"172\" \/><\/a>\u00a0 \u00a0 \u00a0 <a href=\"https:\/\/www.storemusic-live.eu\/Articulo~x~Treatise-of-accompaniment-to-el-cante-bulerias-deluxe-david-leiva~IDArticulo~1862.html\" target=\"_blank\" rel=\"noopener\"><img decoding=\"async\" class=\"alignnone wp-image-55251\" src=\"https:\/\/flamencolive.com\/wp-content\/uploads\/2022\/09\/LUXE-TAC-BULERIAS.jpg\" alt=\"\" width=\"308\" height=\"223\" \/><\/a><\/div><\/div><\/p>\n<p style=\"text-align: left;\"><div class='et-box et-shadow'>\n\t\t\t\t\t<div class='et-box-content'>\u00a0 \u00a0 \u00a0 <a href=\"https:\/\/www.storemusic-live.eu\/Articulo~x~Treatise-of-accompaniment-to-el-cante-bulerias-dvd-book-david-leiva~IDArticulo~1298.html\" target=\"_blank\" rel=\"noopener\"><img decoding=\"async\" class=\"wp-image-55247 alignnone\" src=\"https:\/\/flamencolive.com\/wp-content\/uploads\/2022\/09\/DVD-PRODUCTO-1024x392.jpg\" alt=\"\" width=\"450\" height=\"172\" \/><\/a>\u00a0 \u00a0 \u00a0 <a href=\"https:\/\/www.storemusic-live.eu\/Articulo~x~Treatise-of-accompaniment-to-el-cante-bulerias-dvd-book-david-leiva~IDArticulo~1298.html\" target=\"_blank\" rel=\"noopener\"><img decoding=\"async\" class=\"alignnone wp-image-55268\" src=\"https:\/\/flamencolive.com\/wp-content\/uploads\/2022\/09\/TAC_Bulerias_200_ST.jpg\" alt=\"\" width=\"169\" height=\"238\" srcset=\"https:\/\/flamencolive.com\/wp-content\/uploads\/2022\/09\/TAC_Bulerias_200_ST.jpg 200w, https:\/\/flamencolive.com\/wp-content\/uploads\/2022\/09\/TAC_Bulerias_200_ST-106x150.jpg 106w, https:\/\/flamencolive.com\/wp-content\/uploads\/2022\/09\/TAC_Bulerias_200_ST-150x212.jpg 150w, https:\/\/flamencolive.com\/wp-content\/uploads\/2022\/09\/TAC_Bulerias_200_ST-43x60.jpg 43w, https:\/\/flamencolive.com\/wp-content\/uploads\/2022\/09\/TAC_Bulerias_200_ST-64x90.jpg 64w\" sizes=\"(max-width: 169px) 100vw, 169px\" \/><\/a><\/div><\/div><\/p>\n","protected":false},"excerpt":{"rendered":"<div class='et-box et-shadow'>\n\t\t\t\t\t<div class='et-box-content'><ul>\n<li>Video &amp; Score Book<\/li>\n<li>Buler\u00edas Accompaniment with voice of\u00a0 Agujetas Viejo, Fernanda de Utrera, Antonio Mairena, Cascabel Mairena, and Camar\u00f3n<\/li>\n<li><span lang=\"EN-US\">Languages:<\/span><span lang=\"EN-US\"> Spanish, English, and Japanese<\/span><\/li>\n<li><span style=\"color: #ff0000;\">Product in STREAMING<\/span><span style=\"color: #ff0000;\"><span style=\"color: #0000ff;\"> <a style=\"color: #0000ff;\" href=\"https:\/\/flamencolive.com\/streaming_en\/\" target=\"_blank\" rel=\"noopener\">(+INFO)<\/a><\/span><\/span><\/div><\/div><\/li>\n<\/ul>\n<p>Reveals Buler\u00edas secrets of the great master accompanists of flamenco, offering unique and innovative material in flamenco pedagogy.<\/p>\n","protected":false},"featured_media":14111,"comment_status":"open","ping_status":"closed","template":"","meta":{"_acf_changed":false,"_et_pb_use_builder":"","_et_pb_old_content":"","_et_gb_content_width":""},"product_cat":[549,546,548,544,93,329,324,94,110,124,123],"product_tag":[],"acf":[],"yoast_head":"<!-- This site is optimized with the Yoast SEO plugin v22.9 - https:\/\/yoast.com\/wordpress\/plugins\/seo\/ -->\n<title>Buler\u00edas - Treatise of Accompaniment to &quot;El Cante&quot; - David Leiva | STREAMING<\/title>\n<meta name=\"description\" content=\"Flamenco Live te ofrece el producto &quot;Buler\u00edas - Treatise of Accompaniment to &quot;El Cante&quot; - David Leiva&quot; al mejor precio. \u00a1Descubre nuestra oferta!\" \/>\n<meta name=\"robots\" content=\"index, follow, max-snippet:-1, max-image-preview:large, max-video-preview:-1\" \/>\n<link rel=\"canonical\" href=\"https:\/\/flamencolive.com\/en\/bulerias-treatise-of-accompaniment-to-el-cante-video-book-david-leiva\/\" \/>\n<meta property=\"og:locale\" content=\"en_US\" \/>\n<meta property=\"og:type\" content=\"article\" \/>\n<meta property=\"og:title\" content=\"Buler\u00edas - Treatise of Accompaniment to &quot;El Cante&quot; - David Leiva | STREAMING\" \/>\n<meta property=\"og:description\" content=\"Flamenco Live te ofrece el producto &quot;Buler\u00edas - Treatise of Accompaniment to &quot;El Cante&quot; - David Leiva&quot; al mejor precio. \u00a1Descubre nuestra oferta!\" \/>\n<meta property=\"og:url\" content=\"https:\/\/flamencolive.com\/en\/bulerias-treatise-of-accompaniment-to-el-cante-video-book-david-leiva\/\" \/>\n<meta property=\"og:site_name\" content=\"Flamenco in STREAMING, videos and Scorebooks\" \/>\n<meta property=\"article:publisher\" content=\"http:\/\/www.facebook.com\/pages\/flamencolivecom\/230064430920\" \/>\n<meta property=\"article:modified_time\" content=\"2025-06-23T11:30:17+00:00\" \/>\n<meta property=\"og:image\" content=\"https:\/\/flamencolive.com\/wp-content\/uploads\/2020\/10\/TAC_Bulerias.jpg\" \/>\n\t<meta property=\"og:image:width\" content=\"1000\" \/>\n\t<meta property=\"og:image:height\" content=\"1410\" \/>\n\t<meta property=\"og:image:type\" content=\"image\/jpeg\" \/>\n<meta name=\"twitter:card\" content=\"summary_large_image\" \/>\n<meta name=\"twitter:site\" content=\"@flamencolive\" \/>\n<meta name=\"twitter:label1\" content=\"Est. reading time\" \/>\n\t<meta name=\"twitter:data1\" content=\"5 minutes\" \/>\n<script type=\"application\/ld+json\" class=\"yoast-schema-graph\">{\"@context\":\"https:\/\/schema.org\",\"@graph\":[{\"@type\":\"WebPage\",\"@id\":\"https:\/\/flamencolive.com\/en\/bulerias-treatise-of-accompaniment-to-el-cante-video-book-david-leiva\/\",\"url\":\"https:\/\/flamencolive.com\/en\/bulerias-treatise-of-accompaniment-to-el-cante-video-book-david-leiva\/\",\"name\":\"Buler\u00edas - Treatise of Accompaniment to \\\"El Cante\\\" - David Leiva | STREAMING\",\"isPartOf\":{\"@id\":\"https:\/\/flamencolive.com\/en\/#website\"},\"primaryImageOfPage\":{\"@id\":\"https:\/\/flamencolive.com\/en\/bulerias-treatise-of-accompaniment-to-el-cante-video-book-david-leiva\/#primaryimage\"},\"image\":{\"@id\":\"https:\/\/flamencolive.com\/en\/bulerias-treatise-of-accompaniment-to-el-cante-video-book-david-leiva\/#primaryimage\"},\"thumbnailUrl\":\"https:\/\/flamencolive.com\/wp-content\/uploads\/2020\/10\/TAC_Bulerias.jpg\",\"datePublished\":\"2020-10-19T14:36:00+00:00\",\"dateModified\":\"2025-06-23T11:30:17+00:00\",\"description\":\"Flamenco Live te ofrece el producto \\\"Buler\u00edas - Treatise of Accompaniment to \\\"El Cante\\\" - David Leiva\\\" al mejor precio. \u00a1Descubre nuestra oferta!\",\"breadcrumb\":{\"@id\":\"https:\/\/flamencolive.com\/en\/bulerias-treatise-of-accompaniment-to-el-cante-video-book-david-leiva\/#breadcrumb\"},\"inLanguage\":\"en-US\",\"potentialAction\":[{\"@type\":\"ReadAction\",\"target\":[\"https:\/\/flamencolive.com\/en\/bulerias-treatise-of-accompaniment-to-el-cante-video-book-david-leiva\/\"]}]},{\"@type\":\"ImageObject\",\"inLanguage\":\"en-US\",\"@id\":\"https:\/\/flamencolive.com\/en\/bulerias-treatise-of-accompaniment-to-el-cante-video-book-david-leiva\/#primaryimage\",\"url\":\"https:\/\/flamencolive.com\/wp-content\/uploads\/2020\/10\/TAC_Bulerias.jpg\",\"contentUrl\":\"https:\/\/flamencolive.com\/wp-content\/uploads\/2020\/10\/TAC_Bulerias.jpg\",\"width\":1000,\"height\":1410,\"caption\":\"Buler\u00edas - Treatise of Accompaniment to \\\"El Cante\\\"- David Leiva\"},{\"@type\":\"BreadcrumbList\",\"@id\":\"https:\/\/flamencolive.com\/en\/bulerias-treatise-of-accompaniment-to-el-cante-video-book-david-leiva\/#breadcrumb\",\"itemListElement\":[{\"@type\":\"ListItem\",\"position\":1,\"name\":\"Portada\",\"item\":\"https:\/\/flamencolive.com\/en\/\"},{\"@type\":\"ListItem\",\"position\":2,\"name\":\"home\",\"item\":\"https:\/\/flamencolive.com\/en\/home\/\"},{\"@type\":\"ListItem\",\"position\":3,\"name\":\"Buler\u00edas &#8211; Treatise of Accompaniment to \u00abEl Cante\u00bb &#8211; David Leiva\"}]},{\"@type\":\"WebSite\",\"@id\":\"https:\/\/flamencolive.com\/en\/#website\",\"url\":\"https:\/\/flamencolive.com\/en\/\",\"name\":\"Flamenco in STREAMING, videos and Scorebooks\",\"description\":\"Flamenco - Methods and Scorebooks in Streaming\",\"publisher\":{\"@id\":\"https:\/\/flamencolive.com\/en\/#organization\"},\"potentialAction\":[{\"@type\":\"SearchAction\",\"target\":{\"@type\":\"EntryPoint\",\"urlTemplate\":\"https:\/\/flamencolive.com\/en\/?s={search_term_string}\"},\"query-input\":\"required name=search_term_string\"}],\"inLanguage\":\"en-US\"},{\"@type\":\"Organization\",\"@id\":\"https:\/\/flamencolive.com\/en\/#organization\",\"name\":\"flamencolive.com\",\"url\":\"https:\/\/flamencolive.com\/en\/\",\"logo\":{\"@type\":\"ImageObject\",\"inLanguage\":\"en-US\",\"@id\":\"https:\/\/flamencolive.com\/en\/#\/schema\/logo\/image\/\",\"url\":\"https:\/\/flamencolive.com\/wp-content\/uploads\/2020\/09\/logo-vectorial-flamenco-live-500x61-2.png\",\"contentUrl\":\"https:\/\/flamencolive.com\/wp-content\/uploads\/2020\/09\/logo-vectorial-flamenco-live-500x61-2.png\",\"width\":500,\"height\":61,\"caption\":\"flamencolive.com\"},\"image\":{\"@id\":\"https:\/\/flamencolive.com\/en\/#\/schema\/logo\/image\/\"},\"sameAs\":[\"http:\/\/www.facebook.com\/pages\/flamencolivecom\/230064430920\",\"https:\/\/x.com\/flamencolive\",\"https:\/\/www.instagram.com\/flamencolive.oficial\/\",\"http:\/\/www.youtube.com\/user\/rgbartevisual\"]}]}<\/script>\n<!-- \/ Yoast SEO plugin. -->","yoast_head_json":{"title":"Buler\u00edas - Treatise of Accompaniment to \"El Cante\" - David Leiva | STREAMING","description":"Flamenco Live te ofrece el producto \"Buler\u00edas - Treatise of Accompaniment to \"El Cante\" - David Leiva\" al mejor precio. \u00a1Descubre nuestra oferta!","robots":{"index":"index","follow":"follow","max-snippet":"max-snippet:-1","max-image-preview":"max-image-preview:large","max-video-preview":"max-video-preview:-1"},"canonical":"https:\/\/flamencolive.com\/en\/bulerias-treatise-of-accompaniment-to-el-cante-video-book-david-leiva\/","og_locale":"en_US","og_type":"article","og_title":"Buler\u00edas - Treatise of Accompaniment to \"El Cante\" - David Leiva | STREAMING","og_description":"Flamenco Live te ofrece el producto \"Buler\u00edas - Treatise of Accompaniment to \"El Cante\" - David Leiva\" al mejor precio. \u00a1Descubre nuestra oferta!","og_url":"https:\/\/flamencolive.com\/en\/bulerias-treatise-of-accompaniment-to-el-cante-video-book-david-leiva\/","og_site_name":"Flamenco in STREAMING, videos and Scorebooks","article_publisher":"http:\/\/www.facebook.com\/pages\/flamencolivecom\/230064430920","article_modified_time":"2025-06-23T11:30:17+00:00","og_image":[{"width":1000,"height":1410,"url":"https:\/\/flamencolive.com\/wp-content\/uploads\/2020\/10\/TAC_Bulerias.jpg","type":"image\/jpeg"}],"twitter_card":"summary_large_image","twitter_site":"@flamencolive","twitter_misc":{"Est. reading time":"5 minutes"},"schema":{"@context":"https:\/\/schema.org","@graph":[{"@type":"WebPage","@id":"https:\/\/flamencolive.com\/en\/bulerias-treatise-of-accompaniment-to-el-cante-video-book-david-leiva\/","url":"https:\/\/flamencolive.com\/en\/bulerias-treatise-of-accompaniment-to-el-cante-video-book-david-leiva\/","name":"Buler\u00edas - Treatise of Accompaniment to \"El Cante\" - David Leiva | STREAMING","isPartOf":{"@id":"https:\/\/flamencolive.com\/en\/#website"},"primaryImageOfPage":{"@id":"https:\/\/flamencolive.com\/en\/bulerias-treatise-of-accompaniment-to-el-cante-video-book-david-leiva\/#primaryimage"},"image":{"@id":"https:\/\/flamencolive.com\/en\/bulerias-treatise-of-accompaniment-to-el-cante-video-book-david-leiva\/#primaryimage"},"thumbnailUrl":"https:\/\/flamencolive.com\/wp-content\/uploads\/2020\/10\/TAC_Bulerias.jpg","datePublished":"2020-10-19T14:36:00+00:00","dateModified":"2025-06-23T11:30:17+00:00","description":"Flamenco Live te ofrece el producto \"Buler\u00edas - Treatise of Accompaniment to \"El Cante\" - David Leiva\" al mejor precio. \u00a1Descubre nuestra oferta!","breadcrumb":{"@id":"https:\/\/flamencolive.com\/en\/bulerias-treatise-of-accompaniment-to-el-cante-video-book-david-leiva\/#breadcrumb"},"inLanguage":"en-US","potentialAction":[{"@type":"ReadAction","target":["https:\/\/flamencolive.com\/en\/bulerias-treatise-of-accompaniment-to-el-cante-video-book-david-leiva\/"]}]},{"@type":"ImageObject","inLanguage":"en-US","@id":"https:\/\/flamencolive.com\/en\/bulerias-treatise-of-accompaniment-to-el-cante-video-book-david-leiva\/#primaryimage","url":"https:\/\/flamencolive.com\/wp-content\/uploads\/2020\/10\/TAC_Bulerias.jpg","contentUrl":"https:\/\/flamencolive.com\/wp-content\/uploads\/2020\/10\/TAC_Bulerias.jpg","width":1000,"height":1410,"caption":"Buler\u00edas - Treatise of Accompaniment to \"El Cante\"- David Leiva"},{"@type":"BreadcrumbList","@id":"https:\/\/flamencolive.com\/en\/bulerias-treatise-of-accompaniment-to-el-cante-video-book-david-leiva\/#breadcrumb","itemListElement":[{"@type":"ListItem","position":1,"name":"Portada","item":"https:\/\/flamencolive.com\/en\/"},{"@type":"ListItem","position":2,"name":"home","item":"https:\/\/flamencolive.com\/en\/home\/"},{"@type":"ListItem","position":3,"name":"Buler\u00edas &#8211; Treatise of Accompaniment to \u00abEl Cante\u00bb &#8211; David Leiva"}]},{"@type":"WebSite","@id":"https:\/\/flamencolive.com\/en\/#website","url":"https:\/\/flamencolive.com\/en\/","name":"Flamenco in STREAMING, videos and Scorebooks","description":"Flamenco - Methods and Scorebooks in Streaming","publisher":{"@id":"https:\/\/flamencolive.com\/en\/#organization"},"potentialAction":[{"@type":"SearchAction","target":{"@type":"EntryPoint","urlTemplate":"https:\/\/flamencolive.com\/en\/?s={search_term_string}"},"query-input":"required name=search_term_string"}],"inLanguage":"en-US"},{"@type":"Organization","@id":"https:\/\/flamencolive.com\/en\/#organization","name":"flamencolive.com","url":"https:\/\/flamencolive.com\/en\/","logo":{"@type":"ImageObject","inLanguage":"en-US","@id":"https:\/\/flamencolive.com\/en\/#\/schema\/logo\/image\/","url":"https:\/\/flamencolive.com\/wp-content\/uploads\/2020\/09\/logo-vectorial-flamenco-live-500x61-2.png","contentUrl":"https:\/\/flamencolive.com\/wp-content\/uploads\/2020\/09\/logo-vectorial-flamenco-live-500x61-2.png","width":500,"height":61,"caption":"flamencolive.com"},"image":{"@id":"https:\/\/flamencolive.com\/en\/#\/schema\/logo\/image\/"},"sameAs":["http:\/\/www.facebook.com\/pages\/flamencolivecom\/230064430920","https:\/\/x.com\/flamencolive","https:\/\/www.instagram.com\/flamencolive.oficial\/","http:\/\/www.youtube.com\/user\/rgbartevisual"]}]}},"_links":{"self":[{"href":"https:\/\/flamencolive.com\/en\/wp-json\/wp\/v2\/product\/14699"}],"collection":[{"href":"https:\/\/flamencolive.com\/en\/wp-json\/wp\/v2\/product"}],"about":[{"href":"https:\/\/flamencolive.com\/en\/wp-json\/wp\/v2\/types\/product"}],"replies":[{"embeddable":true,"href":"https:\/\/flamencolive.com\/en\/wp-json\/wp\/v2\/comments?post=14699"}],"wp:featuredmedia":[{"embeddable":true,"href":"https:\/\/flamencolive.com\/en\/wp-json\/wp\/v2\/media\/14111"}],"wp:attachment":[{"href":"https:\/\/flamencolive.com\/en\/wp-json\/wp\/v2\/media?parent=14699"}],"wp:term":[{"taxonomy":"product_cat","embeddable":true,"href":"https:\/\/flamencolive.com\/en\/wp-json\/wp\/v2\/product_cat?post=14699"},{"taxonomy":"product_tag","embeddable":true,"href":"https:\/\/flamencolive.com\/en\/wp-json\/wp\/v2\/product_tag?post=14699"}],"curies":[{"name":"wp","href":"https:\/\/api.w.org\/{rel}","templated":true}]}}