{"id":15194,"date":"2020-10-30T12:36:41","date_gmt":"2020-10-30T11:36:41","guid":{"rendered":"https:\/\/flamencolive.com\/?post_type=product&#038;p=15194"},"modified":"2025-06-23T13:26:06","modified_gmt":"2025-06-23T11:26:06","slug":"solea-2-treatise-of-accompaniment-to-el-cante-video-score-book-david-leiva","status":"publish","type":"product","link":"https:\/\/flamencolive.com\/en\/solea-2-treatise-of-accompaniment-to-el-cante-video-score-book-david-leiva\/","title":{"rendered":"Sole\u00e1 2 &#8211; Treatise of Accompaniment to &#8220;El Cante&#8221; &#8211; David Leiva"},"content":{"rendered":"<div align=\"center\">\n<p style=\"text-align: left;\" align=\"right\"><span lang=\"EN-US\">Language:<\/span><span lang=\"EN-US\"> Spanish, English, and Japanese.<\/span><\/p>\n<\/div>\n<div align=\"left\">\n<p>The new collection &#8220;Flamenco Guitar. Treatise of Accompaniment to El Cante\u201d in DVD format with booklet, reveals the secrets of the great master accompanists of flamenco, offering unique and innovative material in flamenco pedagogy.<\/p>\n<p>Aimed for new guitarists and professionals,\u00a0 it offers the opportunity to analyze and interpret falsetas, remates, different accompaniment tricks, different rasgueos, and chords depending on the chosen guitarist and his era.<\/p>\n<p>But this is not the greatest surprise, as if this was not enough, this production is outstanding because it also contains the vocals (a cappella, without guitar accompaniment) of the greatest flamenco masters available to us. A luxury for those guitarists who were not contemporaries of the great flamenco singers or those of us who have not had the opportunity to accompany them.<\/p>\n<p>The masters included in this treatise are:<\/p>\n<\/div>\n<div style=\"padding-left: 40px;\" align=\"left\"><strong>Cantaores\u00a0<\/strong>(The flamenco singers):\u00a0Naranjito de Triana, Antonio Mairena, Aurelio Sell\u00e9s, Bernarda de Utrera y Enrique Morente. <strong>Guitarists<\/strong>: Ni\u00f1o Ricardo, Melchor de Marchena, Diego del Gastor, Sabicas, Manolo Sanl\u00facar, Paco de Luc\u00eda, Enrique del Melchor y Tomatito.<\/div>\n<div align=\"left\"><\/div>\n<div align=\"left\">Each style is presented in six different ways:<\/div>\n<div style=\"padding-left: 40px;\" align=\"left\">\n<p>\u2022 Vocals with guitar and percussion: the complete version. \u2022 Vocals with guitar \u2022 Vocals a cappella with flamenco percussion so as to practice the accompaniment. \u2022 Guitar solo with percussion, so as to sing along or listen to the different details in the guitar \u2022 Guitar solo, so as to sing along or listen to the different details in the guitar \u2022 Percussion, so as to sing along and accompaniment.<\/p>\n<p>&#8220;Sole\u00e1 volume 2&#8221; contents:<\/p>\n<\/div>\n<ul>\n<li style=\"list-style-type: none;\">\n<ul>\n<li style=\"list-style-type: none;\">\n<ul>\n<li><span style=\"color: #ff0000;\">Sole\u00e1 de Alcal\u00e1\u00a0<\/span><br \/>\nAntonio Mairena voice, Melchor de Marchena guitar style<\/li>\n<li><span style=\"color: #ff0000;\">Sole\u00e1 de los Puertos\u00a0<\/span><br \/>\nEnrique Morente voice, Ni\u00f1o Ricardo guitar style<\/li>\n<li><span style=\"color: #ff0000;\">Sole\u00e1 por Buler\u00edas\u00a0<\/span><br \/>\nTerremoto voice, Tomatito guitar style<\/li>\n<li><span style=\"color: #ff0000;\">Sole\u00e1 de Jerez<\/span><br \/>\nAntonio Mairena voice, Diego del Gastor guitar style<\/li>\n<li><span style=\"color: #ff0000;\">Bambera<\/span><br \/>\nFosforito voice, Vicente Amigo guitar style<\/li>\n<li><span style=\"color: #ff0000;\">Polo<\/span><br \/>\nRafael Romero vocie, Manolo Sanl\u00facar guitar style<\/li>\n<\/ul>\n<\/li>\n<\/ul>\n<\/li>\n<\/ul>\n<div>The different videos show the guitarist David Leiva interpreting all of the accompaniment styles, chord diagrams, 12 beat cycle so as to follow where we are at each moment and the musical notation with bar numbers so as to be able to refer to the score. 6 audio options: &#8211; Guitar+percussion+cante, &#8211; Guitar+cante, &#8211; Guitar+percussion, &#8211; Guitar, &#8211; Percussion+cante, &#8211; Percussion<\/div>\n<table style=\"border-collapse: collapse; width: 648px; height: 376px;\">\n<tbody>\n<tr>\n<td style=\"width: 61.2px;\"><\/td>\n<td style=\"width: 491.6px;\"><iframe loading=\"lazy\" style=\"box-sizing: border-box; max-width: 100%; max-height: 100%; color: #212529; font-family: Arial, Helvetica, sans-serif; font-size: 13.3333px; text-align: center; background-color: #ffffff;\" title=\"YouTube video player\" src=\"https:\/\/www.youtube.com\/embed\/hXZX1Whqlg4?rel=0\" width=\"694\" height=\"390\" frameborder=\"0\" allowfullscreen=\"allowfullscreen\"><\/iframe><\/td>\n<td style=\"width: 86px;\"><\/td>\n<\/tr>\n<\/tbody>\n<\/table>\n<div><\/div>\n<div>\n<div><\/div>\n<div>\n<table style=\"width: 397.8px;\" align=\"center\">\n<tbody>\n<tr>\n<td style=\"width: 189px;\">\n<p align=\"center\">Sole\u00e0 de Jerez<br \/>\n(Antonio Mairena<br \/>\nal estilo de Diego del Gastor)<\/p>\n<div align=\"center\">partituras<\/div>\n<div align=\"center\"><a href=\"http:\/\/www.flamencolive.com\/libreria\/muestra_SOLEA%2002.pdf\" target=\"_blank\" rel=\"noopener noreferrer\"><img decoding=\"async\" title=\"\" src=\"https:\/\/www.storemusic-live.es\/_articulos\/aaa_pdf.jpg\" border=\"0\" \/><\/a><\/div>\n<\/td>\n<td style=\"width: 194.8px;\">\n<p align=\"center\">T\u00e9cnica B\u00e1sica<\/p>\n<p align=\"center\">Com\u00fan en Sole\u00e1 1 y 2<\/p>\n<div align=\"center\">partituras T\u00e9cnica<\/div>\n<div align=\"center\">de tr\u00e9molo<\/div>\n<div align=\"center\"><a href=\"http:\/\/www.flamencolive.com\/libreria\/muestra%20tremolo.pdf\" target=\"_blank\" rel=\"noopener noreferrer\"><img decoding=\"async\" title=\"\" src=\"https:\/\/www.storemusic-live.es\/_articulos\/aaa_pdf.jpg\" border=\"0\" \/><\/a><\/div>\n<\/td>\n<\/tr>\n<tr>\n<td style=\"width: 189px;\">\n<div align=\"center\">Fragmento<br \/>\ncante+guitarra+percusi\u00f3n<\/div>\n<div align=\"center\">\n<div><\/div>\n<div>\n<div><\/div>\n<\/div>\n<\/div>\n<\/td>\n<td style=\"width: 194.8px;\">\n<div align=\"center\">\n<div align=\"center\">T\u00e9cnica B\u00e1sica de tr\u00e9molo<\/div>\n<div align=\"center\">velocidad normal<\/div>\n<div align=\"center\">\n<div><\/div>\n<div>\n<div><\/div>\n<\/div>\n<\/div>\n<\/div>\n<div align=\"center\"><\/div>\n<\/td>\n<\/tr>\n<tr>\n<td style=\"width: 189px;\">\n<div align=\"center\">Fragmento<br \/>\ncante+guitarra<\/div>\n<div align=\"center\">\n<div><\/div>\n<div>\n<div><\/div>\n<\/div>\n<\/div>\n<\/td>\n<td style=\"width: 194.8px;\">\n<div align=\"center\">\n<div align=\"center\">T\u00e9cnica B\u00e1sica de tr\u00e9molo<\/div>\n<div align=\"center\">velocidad lenta<\/div>\n<div align=\"center\">\n<div><\/div>\n<div>\n<div><\/div>\n<\/div>\n<\/div>\n<\/div>\n<\/td>\n<\/tr>\n<\/tbody>\n<\/table>\n<\/div>\n<div class='et-box et-shadow'>\n\t\t\t\t\t<div class='et-box-content'><h3><span style=\"color: #ff0000;\">STREAMING\/ONLINE FORMAT POSSIBILITIES<\/span><\/h3>\n<p>Video and score displayed on the same screen, options:<\/p>\n<ul>\n<li>Video at full screen<\/li>\n<li>Scores at full screen<\/li>\n<li>Independently video and score resize<\/li>\n<li>Floating and scalable video over the score<\/li>\n<\/ul>\n<p>Video\/audio sync with sheet music options:<\/p>\n<ul>\n<li>Video\/audio synchronized with the scores: As the video progresses, the scores advance automatically. The videos move the score, and also the scores move the video<\/li>\n<li>Manual mode, video\/audio, and sheet music work independently. Manual scores stepping with the mouse, keyboard, or foot pedal, independent of video\/audio. To facilitate study at the user level<\/li>\n<li>Several video and audio options for the same score<\/li>\n<li>Loop option for a segment of the video\/audio<\/li>\n<\/ul>\n<p>Playback speed options:<\/p>\n<ul>\n<li>Possibility of changing the playback speed of each video\/audio tracks to facilitate study (0.25x, 0.5x, 0.75x, 1x, 1.25x, 1.5x, 2x) and independently<\/li>\n<\/ul>\n<p>** Adapts to any device, PC, Tablet, Smartphone, Smart TV<\/p>\n<div><\/div>\n<div><strong>DEMOSTRATIVE VIDEO<\/strong><\/div>\n<p><iframe loading=\"lazy\" title=\"YouTube video player\" src=\"https:\/\/www.youtube.com\/embed\/bX2BgjVh6ss?rel=0\" width=\"694\" height=\"390\" frameborder=\"0\" allowfullscreen=\"allowfullscreen\" data-mce-fragment=\"1\"><\/iframe><\/p><\/div><\/div>\n<div align=\"center\">\n<div><\/div>\n<\/div>\n<hr \/>\n<hr \/>\n<h3><\/h3>\n<h3 style=\"text-align: center;\"><span style=\"color: #ff0000;\"><strong><span style=\"color: #666699;\">OTHER SALES FORMATS AT\u00a0 \u00a0 <\/span><\/strong><\/span><img decoding=\"async\" class=\"alignnone wp-image-55260\" src=\"https:\/\/flamencolive.com\/wp-content\/uploads\/2022\/09\/storemusiclivecom-WEB.jpg\" alt=\"\" width=\"334\" height=\"40\" srcset=\"https:\/\/flamencolive.com\/wp-content\/uploads\/2022\/09\/storemusiclivecom-WEB.jpg 400w, https:\/\/flamencolive.com\/wp-content\/uploads\/2022\/09\/storemusiclivecom-WEB-300x36.jpg 300w, https:\/\/flamencolive.com\/wp-content\/uploads\/2022\/09\/storemusiclivecom-WEB-150x18.jpg 150w, https:\/\/flamencolive.com\/wp-content\/uploads\/2022\/09\/storemusiclivecom-WEB-190x23.jpg 190w\" sizes=\"(max-width: 334px) 100vw, 334px\" \/><\/h3>\n<p style=\"text-align: left;\"><div class='et-box et-shadow'>\n\t\t\t\t\t<div class='et-box-content'>\u00a0 \u00a0 \u00a0 <a href=\"https:\/\/www.storemusic-live.eu\/Articulo~x~Treatise-of-accompaniment-to-el-cante-la-solea-2-deluxe-david-leiva~IDArticulo~1861.html\" target=\"_blank\" rel=\"noopener\"><img decoding=\"async\" class=\"wp-image-55248 alignnone\" src=\"https:\/\/flamencolive.com\/wp-content\/uploads\/2022\/09\/DELUX-PRODUCTO-1024x392.jpg\" alt=\"\" width=\"450\" height=\"172\" \/><\/a>\u00a0 \u00a0 <a href=\"https:\/\/www.storemusic-live.eu\/Articulo~x~Treatise-of-accompaniment-to-el-cante-la-solea-2-deluxe-david-leiva~IDArticulo~1861.html\" target=\"_blank\" rel=\"noopener\"><img decoding=\"async\" class=\"alignnone wp-image-55256\" src=\"https:\/\/flamencolive.com\/wp-content\/uploads\/2022\/09\/LUXE-TAC-SOLEA-2.jpg\" alt=\"\" width=\"309\" height=\"2223\" \/><\/a><\/div><\/div><\/p>\n<p style=\"text-align: left;\"><div class='et-box et-shadow'>\n\t\t\t\t\t<div class='et-box-content'>\u00a0 \u00a0 \u00a0 <a href=\"https:\/\/www.storemusic-live.eu\/Articulo~x~Treatise-of-accompaniment-to-el-cante-la-solea-2-dvd-book-david-leiva~IDArticulo~650.html\" target=\"_blank\" rel=\"noopener\"><img decoding=\"async\" class=\"wp-image-55247 alignnone\" src=\"https:\/\/flamencolive.com\/wp-content\/uploads\/2022\/09\/DVD-PRODUCTO-1024x392.jpg\" alt=\"\" width=\"450\" height=\"172\" \/><\/a>\u00a0 \u00a0 \u00a0 <a href=\"https:\/\/www.storemusic-live.eu\/Articulo~x~Treatise-of-accompaniment-to-el-cante-la-solea-2-dvd-book-david-leiva~IDArticulo~650.html\" target=\"_blank\" rel=\"noopener\"><img decoding=\"async\" class=\"alignnone wp-image-55274\" src=\"https:\/\/flamencolive.com\/wp-content\/uploads\/2022\/09\/TAC-SOLEA-2_200_ST.jpg\" alt=\"\" width=\"175\" height=\"250\" srcset=\"https:\/\/flamencolive.com\/wp-content\/uploads\/2022\/09\/TAC-SOLEA-2_200_ST.jpg 200w, https:\/\/flamencolive.com\/wp-content\/uploads\/2022\/09\/TAC-SOLEA-2_200_ST-105x150.jpg 105w, https:\/\/flamencolive.com\/wp-content\/uploads\/2022\/09\/TAC-SOLEA-2_200_ST-150x215.jpg 150w, https:\/\/flamencolive.com\/wp-content\/uploads\/2022\/09\/TAC-SOLEA-2_200_ST-42x60.jpg 42w, https:\/\/flamencolive.com\/wp-content\/uploads\/2022\/09\/TAC-SOLEA-2_200_ST-63x90.jpg 63w\" sizes=\"(max-width: 175px) 100vw, 175px\" \/><\/a><\/div><\/div><\/p>\n<\/div>\n","protected":false},"excerpt":{"rendered":"<div class='et-box et-shadow'>\n\t\t\t\t\t<div class='et-box-content'><ul>\n<li>Video &amp; Score Book<\/li>\n<li>Sole\u00e1 accompaniment with voices of Antonio Mairena, Enrique Morente, Terremoto, Fosforito, Rafael Romero<\/li>\n<li><span lang=\"EN-US\">Languages:<\/span><span lang=\"EN-US\"> Spanish, English, and Japanese<\/span><\/li>\n<li><span style=\"color: #ff0000;\">Product in STREAMING<\/span><span style=\"color: #ff0000;\">\u00a0<\/span><span style=\"color: #ff0000;\"><span style=\"color: #0000ff;\"><a style=\"color: #0000ff;\" href=\"https:\/\/flamencolive.com\/streaming_en\/\" target=\"_blank\" rel=\"noopener\">(+INFO)<\/a><\/span><\/span><\/div><\/div><\/li>\n<\/ul>\n<p>Reveals Sole\u00e1 secrets of the great master accompanists of flamenco, offering unique and innovative material in flamenco pedagogy.<\/p>\n","protected":false},"featured_media":15185,"comment_status":"open","ping_status":"closed","template":"","meta":{"_acf_changed":false,"_et_pb_use_builder":"","_et_pb_old_content":"","_et_gb_content_width":""},"product_cat":[549,546,548,544,93,329,324,94,110,124,123],"product_tag":[],"acf":[],"yoast_head":"<!-- This site is optimized with the Yoast SEO plugin v22.9 - https:\/\/yoast.com\/wordpress\/plugins\/seo\/ -->\n<title>Sole\u00e1 2 - Treatise of Accompaniment to &quot;El Cante&quot; - David Leiva | STREAMING<\/title>\n<meta name=\"description\" content=\"Flamenco Live te ofrece el producto &quot;Sole\u00e1 2 - Treatise of Accompaniment to &quot;El Cante&quot; - David Leiva&quot; al mejor precio. \u00a1Descubre nuestra oferta!\" \/>\n<meta name=\"robots\" content=\"index, follow, max-snippet:-1, max-image-preview:large, max-video-preview:-1\" \/>\n<link rel=\"canonical\" href=\"https:\/\/flamencolive.com\/en\/solea-2-treatise-of-accompaniment-to-el-cante-video-score-book-david-leiva\/\" \/>\n<meta property=\"og:locale\" content=\"en_US\" \/>\n<meta property=\"og:type\" content=\"article\" \/>\n<meta property=\"og:title\" content=\"Sole\u00e1 2 - Treatise of Accompaniment to &quot;El Cante&quot; - David Leiva | STREAMING\" \/>\n<meta property=\"og:description\" content=\"Flamenco Live te ofrece el producto &quot;Sole\u00e1 2 - Treatise of Accompaniment to &quot;El Cante&quot; - David Leiva&quot; al mejor precio. \u00a1Descubre nuestra oferta!\" \/>\n<meta property=\"og:url\" content=\"https:\/\/flamencolive.com\/en\/solea-2-treatise-of-accompaniment-to-el-cante-video-score-book-david-leiva\/\" \/>\n<meta property=\"og:site_name\" content=\"Flamenco in STREAMING, videos and Scorebooks\" \/>\n<meta property=\"article:publisher\" content=\"http:\/\/www.facebook.com\/pages\/flamencolivecom\/230064430920\" \/>\n<meta property=\"article:modified_time\" content=\"2025-06-23T11:26:06+00:00\" \/>\n<meta property=\"og:image\" content=\"https:\/\/flamencolive.com\/wp-content\/uploads\/2020\/10\/TAC-SOLEA-2_1000.jpg\" \/>\n\t<meta property=\"og:image:width\" content=\"1000\" \/>\n\t<meta property=\"og:image:height\" content=\"1428\" \/>\n\t<meta property=\"og:image:type\" content=\"image\/jpeg\" \/>\n<meta name=\"twitter:card\" content=\"summary_large_image\" \/>\n<meta name=\"twitter:site\" content=\"@flamencolive\" \/>\n<meta name=\"twitter:label1\" content=\"Est. reading time\" \/>\n\t<meta name=\"twitter:data1\" content=\"5 minutes\" \/>\n<script type=\"application\/ld+json\" class=\"yoast-schema-graph\">{\"@context\":\"https:\/\/schema.org\",\"@graph\":[{\"@type\":\"WebPage\",\"@id\":\"https:\/\/flamencolive.com\/en\/solea-2-treatise-of-accompaniment-to-el-cante-video-score-book-david-leiva\/\",\"url\":\"https:\/\/flamencolive.com\/en\/solea-2-treatise-of-accompaniment-to-el-cante-video-score-book-david-leiva\/\",\"name\":\"Sole\u00e1 2 - Treatise of Accompaniment to \\\"El Cante\\\" - David Leiva | STREAMING\",\"isPartOf\":{\"@id\":\"https:\/\/flamencolive.com\/en\/#website\"},\"primaryImageOfPage\":{\"@id\":\"https:\/\/flamencolive.com\/en\/solea-2-treatise-of-accompaniment-to-el-cante-video-score-book-david-leiva\/#primaryimage\"},\"image\":{\"@id\":\"https:\/\/flamencolive.com\/en\/solea-2-treatise-of-accompaniment-to-el-cante-video-score-book-david-leiva\/#primaryimage\"},\"thumbnailUrl\":\"https:\/\/flamencolive.com\/wp-content\/uploads\/2020\/10\/TAC-SOLEA-2_1000.jpg\",\"datePublished\":\"2020-10-30T11:36:41+00:00\",\"dateModified\":\"2025-06-23T11:26:06+00:00\",\"description\":\"Flamenco Live te ofrece el producto \\\"Sole\u00e1 2 - Treatise of Accompaniment to \\\"El Cante\\\" - David Leiva\\\" al mejor precio. \u00a1Descubre nuestra oferta!\",\"breadcrumb\":{\"@id\":\"https:\/\/flamencolive.com\/en\/solea-2-treatise-of-accompaniment-to-el-cante-video-score-book-david-leiva\/#breadcrumb\"},\"inLanguage\":\"en-US\",\"potentialAction\":[{\"@type\":\"ReadAction\",\"target\":[\"https:\/\/flamencolive.com\/en\/solea-2-treatise-of-accompaniment-to-el-cante-video-score-book-david-leiva\/\"]}]},{\"@type\":\"ImageObject\",\"inLanguage\":\"en-US\",\"@id\":\"https:\/\/flamencolive.com\/en\/solea-2-treatise-of-accompaniment-to-el-cante-video-score-book-david-leiva\/#primaryimage\",\"url\":\"https:\/\/flamencolive.com\/wp-content\/uploads\/2020\/10\/TAC-SOLEA-2_1000.jpg\",\"contentUrl\":\"https:\/\/flamencolive.com\/wp-content\/uploads\/2020\/10\/TAC-SOLEA-2_1000.jpg\",\"width\":1000,\"height\":1428,\"caption\":\"Tratado del Acompa\u00f1amiento al Cante - La Sole\u00e1 2 - David Leiva\"},{\"@type\":\"BreadcrumbList\",\"@id\":\"https:\/\/flamencolive.com\/en\/solea-2-treatise-of-accompaniment-to-el-cante-video-score-book-david-leiva\/#breadcrumb\",\"itemListElement\":[{\"@type\":\"ListItem\",\"position\":1,\"name\":\"Portada\",\"item\":\"https:\/\/flamencolive.com\/en\/\"},{\"@type\":\"ListItem\",\"position\":2,\"name\":\"home\",\"item\":\"https:\/\/flamencolive.com\/en\/home\/\"},{\"@type\":\"ListItem\",\"position\":3,\"name\":\"Sole\u00e1 2 &#8211; Treatise of Accompaniment to \u00abEl Cante\u00bb &#8211; David Leiva\"}]},{\"@type\":\"WebSite\",\"@id\":\"https:\/\/flamencolive.com\/en\/#website\",\"url\":\"https:\/\/flamencolive.com\/en\/\",\"name\":\"Flamenco in STREAMING, videos and Scorebooks\",\"description\":\"Flamenco - Methods and Scorebooks in Streaming\",\"publisher\":{\"@id\":\"https:\/\/flamencolive.com\/en\/#organization\"},\"potentialAction\":[{\"@type\":\"SearchAction\",\"target\":{\"@type\":\"EntryPoint\",\"urlTemplate\":\"https:\/\/flamencolive.com\/en\/?s={search_term_string}\"},\"query-input\":\"required name=search_term_string\"}],\"inLanguage\":\"en-US\"},{\"@type\":\"Organization\",\"@id\":\"https:\/\/flamencolive.com\/en\/#organization\",\"name\":\"flamencolive.com\",\"url\":\"https:\/\/flamencolive.com\/en\/\",\"logo\":{\"@type\":\"ImageObject\",\"inLanguage\":\"en-US\",\"@id\":\"https:\/\/flamencolive.com\/en\/#\/schema\/logo\/image\/\",\"url\":\"https:\/\/flamencolive.com\/wp-content\/uploads\/2020\/09\/logo-vectorial-flamenco-live-500x61-2.png\",\"contentUrl\":\"https:\/\/flamencolive.com\/wp-content\/uploads\/2020\/09\/logo-vectorial-flamenco-live-500x61-2.png\",\"width\":500,\"height\":61,\"caption\":\"flamencolive.com\"},\"image\":{\"@id\":\"https:\/\/flamencolive.com\/en\/#\/schema\/logo\/image\/\"},\"sameAs\":[\"http:\/\/www.facebook.com\/pages\/flamencolivecom\/230064430920\",\"https:\/\/x.com\/flamencolive\",\"https:\/\/www.instagram.com\/flamencolive.oficial\/\",\"http:\/\/www.youtube.com\/user\/rgbartevisual\"]}]}<\/script>\n<!-- \/ Yoast SEO plugin. -->","yoast_head_json":{"title":"Sole\u00e1 2 - Treatise of Accompaniment to \"El Cante\" - David Leiva | STREAMING","description":"Flamenco Live te ofrece el producto \"Sole\u00e1 2 - Treatise of Accompaniment to \"El Cante\" - David Leiva\" al mejor precio. \u00a1Descubre nuestra oferta!","robots":{"index":"index","follow":"follow","max-snippet":"max-snippet:-1","max-image-preview":"max-image-preview:large","max-video-preview":"max-video-preview:-1"},"canonical":"https:\/\/flamencolive.com\/en\/solea-2-treatise-of-accompaniment-to-el-cante-video-score-book-david-leiva\/","og_locale":"en_US","og_type":"article","og_title":"Sole\u00e1 2 - Treatise of Accompaniment to \"El Cante\" - David Leiva | STREAMING","og_description":"Flamenco Live te ofrece el producto \"Sole\u00e1 2 - Treatise of Accompaniment to \"El Cante\" - David Leiva\" al mejor precio. \u00a1Descubre nuestra oferta!","og_url":"https:\/\/flamencolive.com\/en\/solea-2-treatise-of-accompaniment-to-el-cante-video-score-book-david-leiva\/","og_site_name":"Flamenco in STREAMING, videos and Scorebooks","article_publisher":"http:\/\/www.facebook.com\/pages\/flamencolivecom\/230064430920","article_modified_time":"2025-06-23T11:26:06+00:00","og_image":[{"width":1000,"height":1428,"url":"https:\/\/flamencolive.com\/wp-content\/uploads\/2020\/10\/TAC-SOLEA-2_1000.jpg","type":"image\/jpeg"}],"twitter_card":"summary_large_image","twitter_site":"@flamencolive","twitter_misc":{"Est. reading time":"5 minutes"},"schema":{"@context":"https:\/\/schema.org","@graph":[{"@type":"WebPage","@id":"https:\/\/flamencolive.com\/en\/solea-2-treatise-of-accompaniment-to-el-cante-video-score-book-david-leiva\/","url":"https:\/\/flamencolive.com\/en\/solea-2-treatise-of-accompaniment-to-el-cante-video-score-book-david-leiva\/","name":"Sole\u00e1 2 - Treatise of Accompaniment to \"El Cante\" - David Leiva | STREAMING","isPartOf":{"@id":"https:\/\/flamencolive.com\/en\/#website"},"primaryImageOfPage":{"@id":"https:\/\/flamencolive.com\/en\/solea-2-treatise-of-accompaniment-to-el-cante-video-score-book-david-leiva\/#primaryimage"},"image":{"@id":"https:\/\/flamencolive.com\/en\/solea-2-treatise-of-accompaniment-to-el-cante-video-score-book-david-leiva\/#primaryimage"},"thumbnailUrl":"https:\/\/flamencolive.com\/wp-content\/uploads\/2020\/10\/TAC-SOLEA-2_1000.jpg","datePublished":"2020-10-30T11:36:41+00:00","dateModified":"2025-06-23T11:26:06+00:00","description":"Flamenco Live te ofrece el producto \"Sole\u00e1 2 - Treatise of Accompaniment to \"El Cante\" - David Leiva\" al mejor precio. \u00a1Descubre nuestra oferta!","breadcrumb":{"@id":"https:\/\/flamencolive.com\/en\/solea-2-treatise-of-accompaniment-to-el-cante-video-score-book-david-leiva\/#breadcrumb"},"inLanguage":"en-US","potentialAction":[{"@type":"ReadAction","target":["https:\/\/flamencolive.com\/en\/solea-2-treatise-of-accompaniment-to-el-cante-video-score-book-david-leiva\/"]}]},{"@type":"ImageObject","inLanguage":"en-US","@id":"https:\/\/flamencolive.com\/en\/solea-2-treatise-of-accompaniment-to-el-cante-video-score-book-david-leiva\/#primaryimage","url":"https:\/\/flamencolive.com\/wp-content\/uploads\/2020\/10\/TAC-SOLEA-2_1000.jpg","contentUrl":"https:\/\/flamencolive.com\/wp-content\/uploads\/2020\/10\/TAC-SOLEA-2_1000.jpg","width":1000,"height":1428,"caption":"Tratado del Acompa\u00f1amiento al Cante - La Sole\u00e1 2 - David Leiva"},{"@type":"BreadcrumbList","@id":"https:\/\/flamencolive.com\/en\/solea-2-treatise-of-accompaniment-to-el-cante-video-score-book-david-leiva\/#breadcrumb","itemListElement":[{"@type":"ListItem","position":1,"name":"Portada","item":"https:\/\/flamencolive.com\/en\/"},{"@type":"ListItem","position":2,"name":"home","item":"https:\/\/flamencolive.com\/en\/home\/"},{"@type":"ListItem","position":3,"name":"Sole\u00e1 2 &#8211; Treatise of Accompaniment to \u00abEl Cante\u00bb &#8211; David Leiva"}]},{"@type":"WebSite","@id":"https:\/\/flamencolive.com\/en\/#website","url":"https:\/\/flamencolive.com\/en\/","name":"Flamenco in STREAMING, videos and Scorebooks","description":"Flamenco - Methods and Scorebooks in Streaming","publisher":{"@id":"https:\/\/flamencolive.com\/en\/#organization"},"potentialAction":[{"@type":"SearchAction","target":{"@type":"EntryPoint","urlTemplate":"https:\/\/flamencolive.com\/en\/?s={search_term_string}"},"query-input":"required name=search_term_string"}],"inLanguage":"en-US"},{"@type":"Organization","@id":"https:\/\/flamencolive.com\/en\/#organization","name":"flamencolive.com","url":"https:\/\/flamencolive.com\/en\/","logo":{"@type":"ImageObject","inLanguage":"en-US","@id":"https:\/\/flamencolive.com\/en\/#\/schema\/logo\/image\/","url":"https:\/\/flamencolive.com\/wp-content\/uploads\/2020\/09\/logo-vectorial-flamenco-live-500x61-2.png","contentUrl":"https:\/\/flamencolive.com\/wp-content\/uploads\/2020\/09\/logo-vectorial-flamenco-live-500x61-2.png","width":500,"height":61,"caption":"flamencolive.com"},"image":{"@id":"https:\/\/flamencolive.com\/en\/#\/schema\/logo\/image\/"},"sameAs":["http:\/\/www.facebook.com\/pages\/flamencolivecom\/230064430920","https:\/\/x.com\/flamencolive","https:\/\/www.instagram.com\/flamencolive.oficial\/","http:\/\/www.youtube.com\/user\/rgbartevisual"]}]}},"_links":{"self":[{"href":"https:\/\/flamencolive.com\/en\/wp-json\/wp\/v2\/product\/15194"}],"collection":[{"href":"https:\/\/flamencolive.com\/en\/wp-json\/wp\/v2\/product"}],"about":[{"href":"https:\/\/flamencolive.com\/en\/wp-json\/wp\/v2\/types\/product"}],"replies":[{"embeddable":true,"href":"https:\/\/flamencolive.com\/en\/wp-json\/wp\/v2\/comments?post=15194"}],"wp:featuredmedia":[{"embeddable":true,"href":"https:\/\/flamencolive.com\/en\/wp-json\/wp\/v2\/media\/15185"}],"wp:attachment":[{"href":"https:\/\/flamencolive.com\/en\/wp-json\/wp\/v2\/media?parent=15194"}],"wp:term":[{"taxonomy":"product_cat","embeddable":true,"href":"https:\/\/flamencolive.com\/en\/wp-json\/wp\/v2\/product_cat?post=15194"},{"taxonomy":"product_tag","embeddable":true,"href":"https:\/\/flamencolive.com\/en\/wp-json\/wp\/v2\/product_tag?post=15194"}],"curies":[{"name":"wp","href":"https:\/\/api.w.org\/{rel}","templated":true}]}}