{"id":17456,"date":"2020-11-19T11:58:41","date_gmt":"2020-11-19T10:58:41","guid":{"rendered":"https:\/\/flamencolive.com\/?post_type=product&#038;p=17456"},"modified":"2025-06-23T13:14:25","modified_gmt":"2025-06-23T11:14:25","slug":"solea-por-bulerias-progressive-studies-for-flamenco-guitar-video-book-mehdi-mohagheghi","status":"publish","type":"product","link":"https:\/\/flamencolive.com\/en\/solea-por-bulerias-progressive-studies-for-flamenco-guitar-video-book-mehdi-mohagheghi\/","title":{"rendered":"Sole\u00e1 por Buler\u00edas- Progressive studies for Flamenco Guitar &#8211; Mehdi Mohagheghi"},"content":{"rendered":"<div align=\"center\">\n<p style=\"text-align: left;\" align=\"right\"><span lang=\"EN-US\">Language:<\/span><span lang=\"EN-US\"> Spanish, English<\/span><\/p>\n<\/div>\n<div align=\"left\">\n<p><strong>Sole\u00e1 por Buler\u00edas <\/strong>studies for flamenco guitar, suitable for all levels. Measures and falsetas (variations) are gradually studied, reaching the right level to play falsetas of famous flamenco guitarists.<\/p>\n<p>Once you dominate all the studies, you will be able to play your own pieces mixing different falsetas studied in this DVD.<\/p>\n<p style=\"text-align: left;\"><a href=\"http:\/\/www.flamencolive.com\/libreria\/SOLEA%20POR%20BULERIAS%20WEB.pdf\" target=\"_blank\" rel=\"noopener noreferrer\">\/\/\/ Score sample \/\/\/<\/a><\/p>\n<p style=\"font-weight: 400;\"><span style=\"color: #ff0000;\"><b><strong>\u00a0Content<\/strong><\/b><\/span><\/p>\n<p><span style=\"color: #ff0000;\">Studies<br \/>\n<\/span>1: The first 6 beats &#8211; 2: Beats 6-12 &#8211; 3: Beats 6-12 using arpegios &#8211; 4: One complete &#8220;comp\u00e1s\u201d &#8211; 5: Another complete &#8220;comp\u00e1s\u201d &#8211; 6: Another complete &#8220;comp\u00e1s\u201d &#8211; \u00a07: A complete &#8220;comp\u00e1s\u201d using arpegios &#8211; 8: Another complete &#8220;comp\u00e1s\u201d using arpegios &#8211; \u00a09: A complete &#8220;comp\u00e1s\u201d using double arpegios &#8211; 10: Another example using double arpegios &#8211; 11: A complete &#8220;comp\u00e1s\u201d using Rasgueos &#8211; 12: An example with two complete &#8220;comp\u00e1s\u201d using arpegios &#8211; 13: An example of starting with beat 12 &#8211; 14: Another example of starting beat 12 &#8211; 15: An example with two complete &#8220;comp\u00e1s\u201d &#8211; 16: Another example with two complete &#8220;comp\u00e1s\u201d &#8211; 17: An example using double arpegios and ligados &#8211; 18: Another example &#8211; 19: Another example &#8211; 20: An example with two complete &#8220;comp\u00e1s\u201d , the second &#8220;comp\u00e1s\u201d being the answer to the first &#8220;comp\u00e1s\u201d(question)- 21: An example that ends with Alzapua &#8211; 22: A complete &#8220;comp\u00e1s\u201d- \u00a023: Another example &#8211; 24: An example with two complete &#8220;comp\u00e1s\u201d using arpegios &#8211; 25: A complete &#8220;comp\u00e1s\u201d with syncopation- \u00a026: Another example with syncopation &#8211; 27: An example with extensive ligados &#8211; 28: An example with extensive ligados &#8211; 29: An example with two complete &#8220;comp\u00e1s\u201d using extensive ligados and double arpegios &#8211; 30: An example with two complete &#8220;comp\u00e1s\u201d using p\/i and double arpegios &#8211; 31: An example using Alzapua &#8211; 32: A more complicated example<\/p>\n<p><strong><span style=\"color: #ff0000;\">Falsetas:<\/span><br \/>\n<\/strong>Falseta 1: A traditional falseta using ligados<br \/>\nFalseta 2: A modern falseta which can be used as an introduction , Gerardo N\u00fa\u00f1ez<br \/>\nFalseta 3: A falseta with syncopation by Mehdi Mohagheghi<br \/>\nFalseta 4: A modern falseta using Alzapua . Enrique de Melchor<br \/>\nFalseta 5: A modern falseta , Tomatito<br \/>\nFalseta 6: A falseta using Alzapua , Oscar Herrero<br \/>\nFalseta 7: A falseta with a complicated rhythm , Mehdi Mohagheghi<\/p>\n<p><strong><span style=\"color: #ff0000;\">Ending :<\/span><br \/>\n<\/strong>Ending 1: A rhythmic &#8220;comp\u00e1s\u201d to end Solea por Buler\u00edas<\/p>\n<div class='et-box et-shadow'>\n\t\t\t\t\t<div class='et-box-content'><h3><span style=\"color: #ff0000;\">STREAMING\/ONLINE FORMAT POSSIBILITIES<\/span><\/h3>\n<p>Video and score displayed on the same screen, options:<\/p>\n<ul>\n<li>Video at full screen<\/li>\n<li>Scores at full screen<\/li>\n<li>Independently video and score resize<\/li>\n<li>Floating and scalable video over the score<\/li>\n<\/ul>\n<p>Video\/audio sync with sheet music options:<\/p>\n<ul>\n<li>Video\/audio synchronized with the scores: As the video progresses, the scores advance automatically. The videos move the score, and also the scores move the video<\/li>\n<li>Manual mode, video\/audio, and sheet music work independently. Manual scores stepping with the mouse, keyboard, or foot pedal, independent of video\/audio. To facilitate study at the user level<\/li>\n<li>Several video and audio options for the same score<\/li>\n<li>Loop option for a segment of the video\/audio<\/li>\n<\/ul>\n<p>Playback speed options:<\/p>\n<ul>\n<li>Possibility of changing the playback speed of each video\/audio tracks to facilitate study (0.25x, 0.5x, 0.75x, 1x, 1.25x, 1.5x, 2x) and independently<\/li>\n<\/ul>\n<p>** Adapts to any device, PC, Tablet, Smartphone, Smart TV<\/p>\n<div><\/div>\n<div><strong>DEMONSTRATIVE VIDEO<\/strong><\/div>\n<p><iframe loading=\"lazy\" title=\"YouTube video player\" src=\"https:\/\/www.youtube.com\/embed\/iiP740lGHTg?rel=0\" width=\"694\" height=\"390\" frameborder=\"0\" allowfullscreen=\"allowfullscreen\" data-mce-fragment=\"1\"><\/iframe>\u00a0<\/div><\/div>\n<hr \/>\n<hr \/>\n<\/div>\n<p style=\"text-align: center;\"><a class=\"enlacetienda\" href=\"https:\/\/www.storemusic-live.es\/Articulo~x~Estudios-progresivos-para-guitarra-flamenca-solea-por-bulerias-libro-dvd-mehdi-m~IDArticulo~317.html\" target=\"_blank\" rel=\"noopener noreferrer\">PURCHASE and DELIVERY of the product in physical format at storemusic-live.com<\/a><\/p>\n<hr \/>\n<hr \/>\n<p>&nbsp;<\/p>\n","protected":false},"excerpt":{"rendered":"<div class='et-box et-shadow'>\n\t\t\t\t\t<div class='et-box-content'><ul>\n<li>Video &amp; Score Book<\/li>\n<li>Progressive SOLE\u00c1 POR BULER\u00cdAS studies for Flamenco Guitar.<\/li>\n<li>Spanish and English<\/li>\n<li><span style=\"color: #ff0000;\">Product in STREAMING\u00a0<\/span><span style=\"color: #ff0000;\">\u00a0<\/span><span style=\"color: #ff0000;\"><span style=\"color: #0000ff;\"><a style=\"color: #0000ff;\" href=\"https:\/\/flamencolive.com\/streaming_en\/\" target=\"_blank\" rel=\"noopener\">(+INFO)<\/a><\/span><\/span><\/div><\/div><\/li>\n<\/ul>\n<p>Multiple audio options for practicing.<\/p>\n","protected":false},"featured_media":17419,"comment_status":"open","ping_status":"closed","template":"","meta":{"_acf_changed":false,"_et_pb_use_builder":"","_et_pb_old_content":"","_et_gb_content_width":""},"product_cat":[549,546,544,695,326,325,94,360,124,123],"product_tag":[],"acf":[],"yoast_head":"<!-- This site is optimized with the Yoast SEO plugin v22.9 - https:\/\/yoast.com\/wordpress\/plugins\/seo\/ -->\n<title>Sole\u00e1 por Buler\u00edas- Progressive studies for Flamenco Guitar - Mehdi Mohagheghi | STREAMING<\/title>\n<meta name=\"description\" content=\"Flamenco Live te ofrece el producto &quot;Sole\u00e1 por Buler\u00edas- Progressive studies for Flamenco Guitar - Mehdi Mohagheghi&quot; al mejor precio. \u00a1Descubre nuestra oferta!\" \/>\n<meta name=\"robots\" content=\"index, follow, max-snippet:-1, max-image-preview:large, max-video-preview:-1\" \/>\n<link rel=\"canonical\" href=\"https:\/\/flamencolive.com\/en\/solea-por-bulerias-progressive-studies-for-flamenco-guitar-video-book-mehdi-mohagheghi\/\" \/>\n<meta property=\"og:locale\" content=\"en_US\" \/>\n<meta property=\"og:type\" content=\"article\" \/>\n<meta property=\"og:title\" content=\"Sole\u00e1 por Buler\u00edas- Progressive studies for Flamenco Guitar - Mehdi Mohagheghi | STREAMING\" \/>\n<meta property=\"og:description\" content=\"Flamenco Live te ofrece el producto &quot;Sole\u00e1 por Buler\u00edas- Progressive studies for Flamenco Guitar - Mehdi Mohagheghi&quot; al mejor precio. \u00a1Descubre nuestra oferta!\" \/>\n<meta property=\"og:url\" content=\"https:\/\/flamencolive.com\/en\/solea-por-bulerias-progressive-studies-for-flamenco-guitar-video-book-mehdi-mohagheghi\/\" \/>\n<meta property=\"og:site_name\" content=\"Flamenco in STREAMING, videos and Scorebooks\" \/>\n<meta property=\"article:publisher\" content=\"http:\/\/www.facebook.com\/pages\/flamencolivecom\/230064430920\" \/>\n<meta property=\"article:modified_time\" content=\"2025-06-23T11:14:25+00:00\" \/>\n<meta property=\"og:image\" content=\"https:\/\/flamencolive.com\/wp-content\/uploads\/2020\/11\/EP_SoleaxBulerias_1000.jpg\" \/>\n\t<meta property=\"og:image:width\" content=\"1000\" \/>\n\t<meta property=\"og:image:height\" content=\"1415\" \/>\n\t<meta property=\"og:image:type\" content=\"image\/jpeg\" \/>\n<meta name=\"twitter:card\" content=\"summary_large_image\" \/>\n<meta name=\"twitter:site\" content=\"@flamencolive\" \/>\n<meta name=\"twitter:label1\" content=\"Est. reading time\" \/>\n\t<meta name=\"twitter:data1\" content=\"3 minutes\" \/>\n<script type=\"application\/ld+json\" class=\"yoast-schema-graph\">{\"@context\":\"https:\/\/schema.org\",\"@graph\":[{\"@type\":\"WebPage\",\"@id\":\"https:\/\/flamencolive.com\/en\/solea-por-bulerias-progressive-studies-for-flamenco-guitar-video-book-mehdi-mohagheghi\/\",\"url\":\"https:\/\/flamencolive.com\/en\/solea-por-bulerias-progressive-studies-for-flamenco-guitar-video-book-mehdi-mohagheghi\/\",\"name\":\"Sole\u00e1 por Buler\u00edas- Progressive studies for Flamenco Guitar - Mehdi Mohagheghi | STREAMING\",\"isPartOf\":{\"@id\":\"https:\/\/flamencolive.com\/en\/#website\"},\"primaryImageOfPage\":{\"@id\":\"https:\/\/flamencolive.com\/en\/solea-por-bulerias-progressive-studies-for-flamenco-guitar-video-book-mehdi-mohagheghi\/#primaryimage\"},\"image\":{\"@id\":\"https:\/\/flamencolive.com\/en\/solea-por-bulerias-progressive-studies-for-flamenco-guitar-video-book-mehdi-mohagheghi\/#primaryimage\"},\"thumbnailUrl\":\"https:\/\/flamencolive.com\/wp-content\/uploads\/2020\/11\/EP_SoleaxBulerias_1000.jpg\",\"datePublished\":\"2020-11-19T10:58:41+00:00\",\"dateModified\":\"2025-06-23T11:14:25+00:00\",\"description\":\"Flamenco Live te ofrece el producto \\\"Sole\u00e1 por Buler\u00edas- Progressive studies for Flamenco Guitar - Mehdi Mohagheghi\\\" al mejor precio. \u00a1Descubre nuestra oferta!\",\"breadcrumb\":{\"@id\":\"https:\/\/flamencolive.com\/en\/solea-por-bulerias-progressive-studies-for-flamenco-guitar-video-book-mehdi-mohagheghi\/#breadcrumb\"},\"inLanguage\":\"en-US\",\"potentialAction\":[{\"@type\":\"ReadAction\",\"target\":[\"https:\/\/flamencolive.com\/en\/solea-por-bulerias-progressive-studies-for-flamenco-guitar-video-book-mehdi-mohagheghi\/\"]}]},{\"@type\":\"ImageObject\",\"inLanguage\":\"en-US\",\"@id\":\"https:\/\/flamencolive.com\/en\/solea-por-bulerias-progressive-studies-for-flamenco-guitar-video-book-mehdi-mohagheghi\/#primaryimage\",\"url\":\"https:\/\/flamencolive.com\/wp-content\/uploads\/2020\/11\/EP_SoleaxBulerias_1000.jpg\",\"contentUrl\":\"https:\/\/flamencolive.com\/wp-content\/uploads\/2020\/11\/EP_SoleaxBulerias_1000.jpg\",\"width\":1000,\"height\":1415,\"caption\":\"Sole\u00e1 por Buler\u00edas - Estudios progresivos para Guitarra Flamenca. (V\u00eddeo\/Libro) - Mehdi Mohagheghi\"},{\"@type\":\"BreadcrumbList\",\"@id\":\"https:\/\/flamencolive.com\/en\/solea-por-bulerias-progressive-studies-for-flamenco-guitar-video-book-mehdi-mohagheghi\/#breadcrumb\",\"itemListElement\":[{\"@type\":\"ListItem\",\"position\":1,\"name\":\"Portada\",\"item\":\"https:\/\/flamencolive.com\/en\/\"},{\"@type\":\"ListItem\",\"position\":2,\"name\":\"home\",\"item\":\"https:\/\/flamencolive.com\/en\/home\/\"},{\"@type\":\"ListItem\",\"position\":3,\"name\":\"Sole\u00e1 por Buler\u00edas- Progressive studies for Flamenco Guitar &#8211; Mehdi Mohagheghi\"}]},{\"@type\":\"WebSite\",\"@id\":\"https:\/\/flamencolive.com\/en\/#website\",\"url\":\"https:\/\/flamencolive.com\/en\/\",\"name\":\"Flamenco in STREAMING, videos and Scorebooks\",\"description\":\"Flamenco - Methods and Scorebooks in Streaming\",\"publisher\":{\"@id\":\"https:\/\/flamencolive.com\/en\/#organization\"},\"potentialAction\":[{\"@type\":\"SearchAction\",\"target\":{\"@type\":\"EntryPoint\",\"urlTemplate\":\"https:\/\/flamencolive.com\/en\/?s={search_term_string}\"},\"query-input\":\"required name=search_term_string\"}],\"inLanguage\":\"en-US\"},{\"@type\":\"Organization\",\"@id\":\"https:\/\/flamencolive.com\/en\/#organization\",\"name\":\"flamencolive.com\",\"url\":\"https:\/\/flamencolive.com\/en\/\",\"logo\":{\"@type\":\"ImageObject\",\"inLanguage\":\"en-US\",\"@id\":\"https:\/\/flamencolive.com\/en\/#\/schema\/logo\/image\/\",\"url\":\"https:\/\/flamencolive.com\/wp-content\/uploads\/2020\/09\/logo-vectorial-flamenco-live-500x61-2.png\",\"contentUrl\":\"https:\/\/flamencolive.com\/wp-content\/uploads\/2020\/09\/logo-vectorial-flamenco-live-500x61-2.png\",\"width\":500,\"height\":61,\"caption\":\"flamencolive.com\"},\"image\":{\"@id\":\"https:\/\/flamencolive.com\/en\/#\/schema\/logo\/image\/\"},\"sameAs\":[\"http:\/\/www.facebook.com\/pages\/flamencolivecom\/230064430920\",\"https:\/\/x.com\/flamencolive\",\"https:\/\/www.instagram.com\/flamencolive.oficial\/\",\"http:\/\/www.youtube.com\/user\/rgbartevisual\"]}]}<\/script>\n<!-- \/ Yoast SEO plugin. -->","yoast_head_json":{"title":"Sole\u00e1 por Buler\u00edas- Progressive studies for Flamenco Guitar - Mehdi Mohagheghi | STREAMING","description":"Flamenco Live te ofrece el producto \"Sole\u00e1 por Buler\u00edas- Progressive studies for Flamenco Guitar - Mehdi Mohagheghi\" al mejor precio. \u00a1Descubre nuestra oferta!","robots":{"index":"index","follow":"follow","max-snippet":"max-snippet:-1","max-image-preview":"max-image-preview:large","max-video-preview":"max-video-preview:-1"},"canonical":"https:\/\/flamencolive.com\/en\/solea-por-bulerias-progressive-studies-for-flamenco-guitar-video-book-mehdi-mohagheghi\/","og_locale":"en_US","og_type":"article","og_title":"Sole\u00e1 por Buler\u00edas- Progressive studies for Flamenco Guitar - Mehdi Mohagheghi | STREAMING","og_description":"Flamenco Live te ofrece el producto \"Sole\u00e1 por Buler\u00edas- Progressive studies for Flamenco Guitar - Mehdi Mohagheghi\" al mejor precio. \u00a1Descubre nuestra oferta!","og_url":"https:\/\/flamencolive.com\/en\/solea-por-bulerias-progressive-studies-for-flamenco-guitar-video-book-mehdi-mohagheghi\/","og_site_name":"Flamenco in STREAMING, videos and Scorebooks","article_publisher":"http:\/\/www.facebook.com\/pages\/flamencolivecom\/230064430920","article_modified_time":"2025-06-23T11:14:25+00:00","og_image":[{"width":1000,"height":1415,"url":"https:\/\/flamencolive.com\/wp-content\/uploads\/2020\/11\/EP_SoleaxBulerias_1000.jpg","type":"image\/jpeg"}],"twitter_card":"summary_large_image","twitter_site":"@flamencolive","twitter_misc":{"Est. reading time":"3 minutes"},"schema":{"@context":"https:\/\/schema.org","@graph":[{"@type":"WebPage","@id":"https:\/\/flamencolive.com\/en\/solea-por-bulerias-progressive-studies-for-flamenco-guitar-video-book-mehdi-mohagheghi\/","url":"https:\/\/flamencolive.com\/en\/solea-por-bulerias-progressive-studies-for-flamenco-guitar-video-book-mehdi-mohagheghi\/","name":"Sole\u00e1 por Buler\u00edas- Progressive studies for Flamenco Guitar - Mehdi Mohagheghi | STREAMING","isPartOf":{"@id":"https:\/\/flamencolive.com\/en\/#website"},"primaryImageOfPage":{"@id":"https:\/\/flamencolive.com\/en\/solea-por-bulerias-progressive-studies-for-flamenco-guitar-video-book-mehdi-mohagheghi\/#primaryimage"},"image":{"@id":"https:\/\/flamencolive.com\/en\/solea-por-bulerias-progressive-studies-for-flamenco-guitar-video-book-mehdi-mohagheghi\/#primaryimage"},"thumbnailUrl":"https:\/\/flamencolive.com\/wp-content\/uploads\/2020\/11\/EP_SoleaxBulerias_1000.jpg","datePublished":"2020-11-19T10:58:41+00:00","dateModified":"2025-06-23T11:14:25+00:00","description":"Flamenco Live te ofrece el producto \"Sole\u00e1 por Buler\u00edas- Progressive studies for Flamenco Guitar - Mehdi Mohagheghi\" al mejor precio. \u00a1Descubre nuestra oferta!","breadcrumb":{"@id":"https:\/\/flamencolive.com\/en\/solea-por-bulerias-progressive-studies-for-flamenco-guitar-video-book-mehdi-mohagheghi\/#breadcrumb"},"inLanguage":"en-US","potentialAction":[{"@type":"ReadAction","target":["https:\/\/flamencolive.com\/en\/solea-por-bulerias-progressive-studies-for-flamenco-guitar-video-book-mehdi-mohagheghi\/"]}]},{"@type":"ImageObject","inLanguage":"en-US","@id":"https:\/\/flamencolive.com\/en\/solea-por-bulerias-progressive-studies-for-flamenco-guitar-video-book-mehdi-mohagheghi\/#primaryimage","url":"https:\/\/flamencolive.com\/wp-content\/uploads\/2020\/11\/EP_SoleaxBulerias_1000.jpg","contentUrl":"https:\/\/flamencolive.com\/wp-content\/uploads\/2020\/11\/EP_SoleaxBulerias_1000.jpg","width":1000,"height":1415,"caption":"Sole\u00e1 por Buler\u00edas - Estudios progresivos para Guitarra Flamenca. (V\u00eddeo\/Libro) - Mehdi Mohagheghi"},{"@type":"BreadcrumbList","@id":"https:\/\/flamencolive.com\/en\/solea-por-bulerias-progressive-studies-for-flamenco-guitar-video-book-mehdi-mohagheghi\/#breadcrumb","itemListElement":[{"@type":"ListItem","position":1,"name":"Portada","item":"https:\/\/flamencolive.com\/en\/"},{"@type":"ListItem","position":2,"name":"home","item":"https:\/\/flamencolive.com\/en\/home\/"},{"@type":"ListItem","position":3,"name":"Sole\u00e1 por Buler\u00edas- Progressive studies for Flamenco Guitar &#8211; Mehdi Mohagheghi"}]},{"@type":"WebSite","@id":"https:\/\/flamencolive.com\/en\/#website","url":"https:\/\/flamencolive.com\/en\/","name":"Flamenco in STREAMING, videos and Scorebooks","description":"Flamenco - Methods and Scorebooks in Streaming","publisher":{"@id":"https:\/\/flamencolive.com\/en\/#organization"},"potentialAction":[{"@type":"SearchAction","target":{"@type":"EntryPoint","urlTemplate":"https:\/\/flamencolive.com\/en\/?s={search_term_string}"},"query-input":"required name=search_term_string"}],"inLanguage":"en-US"},{"@type":"Organization","@id":"https:\/\/flamencolive.com\/en\/#organization","name":"flamencolive.com","url":"https:\/\/flamencolive.com\/en\/","logo":{"@type":"ImageObject","inLanguage":"en-US","@id":"https:\/\/flamencolive.com\/en\/#\/schema\/logo\/image\/","url":"https:\/\/flamencolive.com\/wp-content\/uploads\/2020\/09\/logo-vectorial-flamenco-live-500x61-2.png","contentUrl":"https:\/\/flamencolive.com\/wp-content\/uploads\/2020\/09\/logo-vectorial-flamenco-live-500x61-2.png","width":500,"height":61,"caption":"flamencolive.com"},"image":{"@id":"https:\/\/flamencolive.com\/en\/#\/schema\/logo\/image\/"},"sameAs":["http:\/\/www.facebook.com\/pages\/flamencolivecom\/230064430920","https:\/\/x.com\/flamencolive","https:\/\/www.instagram.com\/flamencolive.oficial\/","http:\/\/www.youtube.com\/user\/rgbartevisual"]}]}},"_links":{"self":[{"href":"https:\/\/flamencolive.com\/en\/wp-json\/wp\/v2\/product\/17456"}],"collection":[{"href":"https:\/\/flamencolive.com\/en\/wp-json\/wp\/v2\/product"}],"about":[{"href":"https:\/\/flamencolive.com\/en\/wp-json\/wp\/v2\/types\/product"}],"replies":[{"embeddable":true,"href":"https:\/\/flamencolive.com\/en\/wp-json\/wp\/v2\/comments?post=17456"}],"wp:featuredmedia":[{"embeddable":true,"href":"https:\/\/flamencolive.com\/en\/wp-json\/wp\/v2\/media\/17419"}],"wp:attachment":[{"href":"https:\/\/flamencolive.com\/en\/wp-json\/wp\/v2\/media?parent=17456"}],"wp:term":[{"taxonomy":"product_cat","embeddable":true,"href":"https:\/\/flamencolive.com\/en\/wp-json\/wp\/v2\/product_cat?post=17456"},{"taxonomy":"product_tag","embeddable":true,"href":"https:\/\/flamencolive.com\/en\/wp-json\/wp\/v2\/product_tag?post=17456"}],"curies":[{"name":"wp","href":"https:\/\/api.w.org\/{rel}","templated":true}]}}