{"id":17460,"date":"2020-11-19T12:26:58","date_gmt":"2020-11-19T11:34:53","guid":{"rendered":"https:\/\/flamencolive.com\/producto\/progressive-studies-for-flamenco-guitar-5-videos-book-collection-mehdi-mohagheghi\/"},"modified":"2025-06-23T13:13:13","modified_gmt":"2025-06-23T11:13:13","slug":"progressive-studies-for-flamenco-guitar-8-volumes-mehdi-mohagheghi","status":"publish","type":"product","link":"https:\/\/flamencolive.com\/en\/progressive-studies-for-flamenco-guitar-8-volumes-mehdi-mohagheghi\/","title":{"rendered":"Progressive studies for Flamenco Guitar 8 Volumes &#8211; Mehdi Mohagheghi"},"content":{"rendered":"<p>This series of Videos \/ books made by Mehdi Mohagheghi, shows a set of studies of Sole\u00e1, Buler\u00edas, Sole\u00e1 por Buler\u00edas, Alegr\u00edas, Tangos, Guajiras, Rumbas and Basic Technique exercises for flamenco guitar suitable for all levels. gradually studied, reaching the right level to play falsetas of famous flamenco guitarists.<\/p>\n<p>Once all the studies are studied and learned, the guitarist\/student will be able to play their own songs by mixing different falsetas and calls.<\/p>\n<div class='et-box et-shadow'>\n\t\t\t\t\t<div class='et-box-content'><h3><span style=\"color: #ff0000;\">STREAMING\/ONLINE FORMAT POSSIBILITIES<\/span><\/h3>\n<p>Video and score displayed on the same screen, options:<\/p>\n<ul>\n<li>Video at full screen<\/li>\n<li>Scores at full screen<\/li>\n<li>Independently video and score resize<\/li>\n<li>Floating and scalable video over the score<\/li>\n<\/ul>\n<p>Video\/audio sync with sheet music options:<\/p>\n<ul>\n<li>Video\/audio synchronized with the scores: As the video progresses, the scores advance automatically. The videos move the score, and also the scores move the video<\/li>\n<li>Manual mode, video\/audio, and sheet music work independently. Manual scores stepping with the mouse, keyboard, or foot pedal, independent of video\/audio. To facilitate study at the user level<\/li>\n<li>Several video and audio options for the same score<\/li>\n<li>Loop option for a segment of the video\/audio<\/li>\n<\/ul>\n<p>Playback speed options:<\/p>\n<ul>\n<li>Possibility of changing the playback speed of each video\/audio tracks to facilitate study (0.25x, 0.5x, 0.75x, 1x, 1.25x, 1.5x, 2x) and independently<\/li>\n<\/ul>\n<p>** Adapts to any device, PC, Tablet, Smartphone, Smart TV<\/p>\n<div><\/div>\n<div><strong>DEMONSTRATIVE VIDEO<\/strong><\/div>\n<p><iframe loading=\"lazy\" title=\"YouTube video player\" src=\"https:\/\/www.youtube.com\/embed\/iiP740lGHTg?rel=0\" width=\"694\" height=\"390\" frameborder=\"0\" allowfullscreen=\"allowfullscreen\" data-mce-fragment=\"1\"><\/iframe>\u00a0<\/div><\/div>\n","protected":false},"excerpt":{"rendered":"<p>This series of Videos \/ books made by Mehdi Mohagheghi, shows a set of studies of Sole\u00e1, Buler\u00edas, Sole\u00e1 por Buler\u00edas, Alegr\u00edas, Tangos, Guajiras, Rumbas and Basic Technique exercises for flamenco guitar suitable for all levels. gradually studied, reaching the right level to play falsetas of famous flamenco guitarists. Once all the studies are studied [&hellip;]<\/p>\n","protected":false},"featured_media":52341,"comment_status":"open","ping_status":"closed","template":"","meta":{"_acf_changed":false,"_et_pb_use_builder":"","_et_pb_old_content":"","_et_gb_content_width":""},"product_cat":[549,546,544,695,559,326,325,360,124,123],"product_tag":[],"acf":[],"yoast_head":"<!-- This site is optimized with the Yoast SEO plugin v22.9 - https:\/\/yoast.com\/wordpress\/plugins\/seo\/ -->\n<title>Progressive studies for Flamenco Guitar 8 Volumes - Mehdi Mohagheghi | STREAMING<\/title>\n<meta name=\"description\" content=\"Flamenco Live te ofrece el producto &quot;Progressive studies for Flamenco Guitar 8 Volumes - Mehdi Mohagheghi&quot; al mejor precio. \u00a1Descubre nuestra oferta!\" \/>\n<meta name=\"robots\" content=\"index, follow, max-snippet:-1, max-image-preview:large, max-video-preview:-1\" \/>\n<link rel=\"canonical\" href=\"https:\/\/flamencolive.com\/en\/progressive-studies-for-flamenco-guitar-8-volumes-mehdi-mohagheghi\/\" \/>\n<meta property=\"og:locale\" content=\"en_US\" \/>\n<meta property=\"og:type\" content=\"article\" \/>\n<meta property=\"og:title\" content=\"Progressive studies for Flamenco Guitar 8 Volumes - Mehdi Mohagheghi | STREAMING\" \/>\n<meta property=\"og:description\" content=\"Flamenco Live te ofrece el producto &quot;Progressive studies for Flamenco Guitar 8 Volumes - Mehdi Mohagheghi&quot; al mejor precio. \u00a1Descubre nuestra oferta!\" \/>\n<meta property=\"og:url\" content=\"https:\/\/flamencolive.com\/en\/progressive-studies-for-flamenco-guitar-8-volumes-mehdi-mohagheghi\/\" \/>\n<meta property=\"og:site_name\" content=\"Flamenco in STREAMING, videos and Scorebooks\" \/>\n<meta property=\"article:publisher\" content=\"http:\/\/www.facebook.com\/pages\/flamencolivecom\/230064430920\" \/>\n<meta property=\"article:modified_time\" content=\"2025-06-23T11:13:13+00:00\" \/>\n<meta property=\"og:image\" content=\"https:\/\/flamencolive.com\/wp-content\/uploads\/2022\/03\/Coleccion-EP_8.jpg\" \/>\n\t<meta property=\"og:image:width\" content=\"1000\" \/>\n\t<meta property=\"og:image:height\" content=\"705\" \/>\n\t<meta property=\"og:image:type\" content=\"image\/jpeg\" \/>\n<meta name=\"twitter:card\" content=\"summary_large_image\" \/>\n<meta name=\"twitter:site\" content=\"@flamencolive\" \/>\n<meta name=\"twitter:label1\" content=\"Est. reading time\" \/>\n\t<meta name=\"twitter:data1\" content=\"2 minutes\" \/>\n<script type=\"application\/ld+json\" class=\"yoast-schema-graph\">{\"@context\":\"https:\/\/schema.org\",\"@graph\":[{\"@type\":\"WebPage\",\"@id\":\"https:\/\/flamencolive.com\/en\/progressive-studies-for-flamenco-guitar-8-volumes-mehdi-mohagheghi\/\",\"url\":\"https:\/\/flamencolive.com\/en\/progressive-studies-for-flamenco-guitar-8-volumes-mehdi-mohagheghi\/\",\"name\":\"Progressive studies for Flamenco Guitar 8 Volumes - Mehdi Mohagheghi | STREAMING\",\"isPartOf\":{\"@id\":\"https:\/\/flamencolive.com\/en\/#website\"},\"primaryImageOfPage\":{\"@id\":\"https:\/\/flamencolive.com\/en\/progressive-studies-for-flamenco-guitar-8-volumes-mehdi-mohagheghi\/#primaryimage\"},\"image\":{\"@id\":\"https:\/\/flamencolive.com\/en\/progressive-studies-for-flamenco-guitar-8-volumes-mehdi-mohagheghi\/#primaryimage\"},\"thumbnailUrl\":\"https:\/\/flamencolive.com\/wp-content\/uploads\/2022\/03\/Coleccion-EP_8.jpg\",\"datePublished\":\"2020-11-19T11:34:53+00:00\",\"dateModified\":\"2025-06-23T11:13:13+00:00\",\"description\":\"Flamenco Live te ofrece el producto \\\"Progressive studies for Flamenco Guitar 8 Volumes - Mehdi Mohagheghi\\\" al mejor precio. \u00a1Descubre nuestra oferta!\",\"breadcrumb\":{\"@id\":\"https:\/\/flamencolive.com\/en\/progressive-studies-for-flamenco-guitar-8-volumes-mehdi-mohagheghi\/#breadcrumb\"},\"inLanguage\":\"en-US\",\"potentialAction\":[{\"@type\":\"ReadAction\",\"target\":[\"https:\/\/flamencolive.com\/en\/progressive-studies-for-flamenco-guitar-8-volumes-mehdi-mohagheghi\/\"]}]},{\"@type\":\"ImageObject\",\"inLanguage\":\"en-US\",\"@id\":\"https:\/\/flamencolive.com\/en\/progressive-studies-for-flamenco-guitar-8-volumes-mehdi-mohagheghi\/#primaryimage\",\"url\":\"https:\/\/flamencolive.com\/wp-content\/uploads\/2022\/03\/Coleccion-EP_8.jpg\",\"contentUrl\":\"https:\/\/flamencolive.com\/wp-content\/uploads\/2022\/03\/Coleccion-EP_8.jpg\",\"width\":1000,\"height\":705},{\"@type\":\"BreadcrumbList\",\"@id\":\"https:\/\/flamencolive.com\/en\/progressive-studies-for-flamenco-guitar-8-volumes-mehdi-mohagheghi\/#breadcrumb\",\"itemListElement\":[{\"@type\":\"ListItem\",\"position\":1,\"name\":\"Portada\",\"item\":\"https:\/\/flamencolive.com\/en\/\"},{\"@type\":\"ListItem\",\"position\":2,\"name\":\"home\",\"item\":\"https:\/\/flamencolive.com\/en\/home\/\"},{\"@type\":\"ListItem\",\"position\":3,\"name\":\"Progressive studies for Flamenco Guitar 8 Volumes &#8211; Mehdi Mohagheghi\"}]},{\"@type\":\"WebSite\",\"@id\":\"https:\/\/flamencolive.com\/en\/#website\",\"url\":\"https:\/\/flamencolive.com\/en\/\",\"name\":\"Flamenco in STREAMING, videos and Scorebooks\",\"description\":\"Flamenco - Methods and Scorebooks in Streaming\",\"publisher\":{\"@id\":\"https:\/\/flamencolive.com\/en\/#organization\"},\"potentialAction\":[{\"@type\":\"SearchAction\",\"target\":{\"@type\":\"EntryPoint\",\"urlTemplate\":\"https:\/\/flamencolive.com\/en\/?s={search_term_string}\"},\"query-input\":\"required name=search_term_string\"}],\"inLanguage\":\"en-US\"},{\"@type\":\"Organization\",\"@id\":\"https:\/\/flamencolive.com\/en\/#organization\",\"name\":\"flamencolive.com\",\"url\":\"https:\/\/flamencolive.com\/en\/\",\"logo\":{\"@type\":\"ImageObject\",\"inLanguage\":\"en-US\",\"@id\":\"https:\/\/flamencolive.com\/en\/#\/schema\/logo\/image\/\",\"url\":\"https:\/\/flamencolive.com\/wp-content\/uploads\/2020\/09\/logo-vectorial-flamenco-live-500x61-2.png\",\"contentUrl\":\"https:\/\/flamencolive.com\/wp-content\/uploads\/2020\/09\/logo-vectorial-flamenco-live-500x61-2.png\",\"width\":500,\"height\":61,\"caption\":\"flamencolive.com\"},\"image\":{\"@id\":\"https:\/\/flamencolive.com\/en\/#\/schema\/logo\/image\/\"},\"sameAs\":[\"http:\/\/www.facebook.com\/pages\/flamencolivecom\/230064430920\",\"https:\/\/x.com\/flamencolive\",\"https:\/\/www.instagram.com\/flamencolive.oficial\/\",\"http:\/\/www.youtube.com\/user\/rgbartevisual\"]}]}<\/script>\n<!-- \/ Yoast SEO plugin. -->","yoast_head_json":{"title":"Progressive studies for Flamenco Guitar 8 Volumes - Mehdi Mohagheghi | STREAMING","description":"Flamenco Live te ofrece el producto \"Progressive studies for Flamenco Guitar 8 Volumes - Mehdi Mohagheghi\" al mejor precio. \u00a1Descubre nuestra oferta!","robots":{"index":"index","follow":"follow","max-snippet":"max-snippet:-1","max-image-preview":"max-image-preview:large","max-video-preview":"max-video-preview:-1"},"canonical":"https:\/\/flamencolive.com\/en\/progressive-studies-for-flamenco-guitar-8-volumes-mehdi-mohagheghi\/","og_locale":"en_US","og_type":"article","og_title":"Progressive studies for Flamenco Guitar 8 Volumes - Mehdi Mohagheghi | STREAMING","og_description":"Flamenco Live te ofrece el producto \"Progressive studies for Flamenco Guitar 8 Volumes - Mehdi Mohagheghi\" al mejor precio. \u00a1Descubre nuestra oferta!","og_url":"https:\/\/flamencolive.com\/en\/progressive-studies-for-flamenco-guitar-8-volumes-mehdi-mohagheghi\/","og_site_name":"Flamenco in STREAMING, videos and Scorebooks","article_publisher":"http:\/\/www.facebook.com\/pages\/flamencolivecom\/230064430920","article_modified_time":"2025-06-23T11:13:13+00:00","og_image":[{"width":1000,"height":705,"url":"https:\/\/flamencolive.com\/wp-content\/uploads\/2022\/03\/Coleccion-EP_8.jpg","type":"image\/jpeg"}],"twitter_card":"summary_large_image","twitter_site":"@flamencolive","twitter_misc":{"Est. reading time":"2 minutes"},"schema":{"@context":"https:\/\/schema.org","@graph":[{"@type":"WebPage","@id":"https:\/\/flamencolive.com\/en\/progressive-studies-for-flamenco-guitar-8-volumes-mehdi-mohagheghi\/","url":"https:\/\/flamencolive.com\/en\/progressive-studies-for-flamenco-guitar-8-volumes-mehdi-mohagheghi\/","name":"Progressive studies for Flamenco Guitar 8 Volumes - Mehdi Mohagheghi | STREAMING","isPartOf":{"@id":"https:\/\/flamencolive.com\/en\/#website"},"primaryImageOfPage":{"@id":"https:\/\/flamencolive.com\/en\/progressive-studies-for-flamenco-guitar-8-volumes-mehdi-mohagheghi\/#primaryimage"},"image":{"@id":"https:\/\/flamencolive.com\/en\/progressive-studies-for-flamenco-guitar-8-volumes-mehdi-mohagheghi\/#primaryimage"},"thumbnailUrl":"https:\/\/flamencolive.com\/wp-content\/uploads\/2022\/03\/Coleccion-EP_8.jpg","datePublished":"2020-11-19T11:34:53+00:00","dateModified":"2025-06-23T11:13:13+00:00","description":"Flamenco Live te ofrece el producto \"Progressive studies for Flamenco Guitar 8 Volumes - Mehdi Mohagheghi\" al mejor precio. \u00a1Descubre nuestra oferta!","breadcrumb":{"@id":"https:\/\/flamencolive.com\/en\/progressive-studies-for-flamenco-guitar-8-volumes-mehdi-mohagheghi\/#breadcrumb"},"inLanguage":"en-US","potentialAction":[{"@type":"ReadAction","target":["https:\/\/flamencolive.com\/en\/progressive-studies-for-flamenco-guitar-8-volumes-mehdi-mohagheghi\/"]}]},{"@type":"ImageObject","inLanguage":"en-US","@id":"https:\/\/flamencolive.com\/en\/progressive-studies-for-flamenco-guitar-8-volumes-mehdi-mohagheghi\/#primaryimage","url":"https:\/\/flamencolive.com\/wp-content\/uploads\/2022\/03\/Coleccion-EP_8.jpg","contentUrl":"https:\/\/flamencolive.com\/wp-content\/uploads\/2022\/03\/Coleccion-EP_8.jpg","width":1000,"height":705},{"@type":"BreadcrumbList","@id":"https:\/\/flamencolive.com\/en\/progressive-studies-for-flamenco-guitar-8-volumes-mehdi-mohagheghi\/#breadcrumb","itemListElement":[{"@type":"ListItem","position":1,"name":"Portada","item":"https:\/\/flamencolive.com\/en\/"},{"@type":"ListItem","position":2,"name":"home","item":"https:\/\/flamencolive.com\/en\/home\/"},{"@type":"ListItem","position":3,"name":"Progressive studies for Flamenco Guitar 8 Volumes &#8211; Mehdi Mohagheghi"}]},{"@type":"WebSite","@id":"https:\/\/flamencolive.com\/en\/#website","url":"https:\/\/flamencolive.com\/en\/","name":"Flamenco in STREAMING, videos and Scorebooks","description":"Flamenco - Methods and Scorebooks in Streaming","publisher":{"@id":"https:\/\/flamencolive.com\/en\/#organization"},"potentialAction":[{"@type":"SearchAction","target":{"@type":"EntryPoint","urlTemplate":"https:\/\/flamencolive.com\/en\/?s={search_term_string}"},"query-input":"required name=search_term_string"}],"inLanguage":"en-US"},{"@type":"Organization","@id":"https:\/\/flamencolive.com\/en\/#organization","name":"flamencolive.com","url":"https:\/\/flamencolive.com\/en\/","logo":{"@type":"ImageObject","inLanguage":"en-US","@id":"https:\/\/flamencolive.com\/en\/#\/schema\/logo\/image\/","url":"https:\/\/flamencolive.com\/wp-content\/uploads\/2020\/09\/logo-vectorial-flamenco-live-500x61-2.png","contentUrl":"https:\/\/flamencolive.com\/wp-content\/uploads\/2020\/09\/logo-vectorial-flamenco-live-500x61-2.png","width":500,"height":61,"caption":"flamencolive.com"},"image":{"@id":"https:\/\/flamencolive.com\/en\/#\/schema\/logo\/image\/"},"sameAs":["http:\/\/www.facebook.com\/pages\/flamencolivecom\/230064430920","https:\/\/x.com\/flamencolive","https:\/\/www.instagram.com\/flamencolive.oficial\/","http:\/\/www.youtube.com\/user\/rgbartevisual"]}]}},"_links":{"self":[{"href":"https:\/\/flamencolive.com\/en\/wp-json\/wp\/v2\/product\/17460"}],"collection":[{"href":"https:\/\/flamencolive.com\/en\/wp-json\/wp\/v2\/product"}],"about":[{"href":"https:\/\/flamencolive.com\/en\/wp-json\/wp\/v2\/types\/product"}],"replies":[{"embeddable":true,"href":"https:\/\/flamencolive.com\/en\/wp-json\/wp\/v2\/comments?post=17460"}],"wp:featuredmedia":[{"embeddable":true,"href":"https:\/\/flamencolive.com\/en\/wp-json\/wp\/v2\/media\/52341"}],"wp:attachment":[{"href":"https:\/\/flamencolive.com\/en\/wp-json\/wp\/v2\/media?parent=17460"}],"wp:term":[{"taxonomy":"product_cat","embeddable":true,"href":"https:\/\/flamencolive.com\/en\/wp-json\/wp\/v2\/product_cat?post=17460"},{"taxonomy":"product_tag","embeddable":true,"href":"https:\/\/flamencolive.com\/en\/wp-json\/wp\/v2\/product_tag?post=17460"}],"curies":[{"name":"wp","href":"https:\/\/api.w.org\/{rel}","templated":true}]}}