{"id":19561,"date":"2020-12-01T10:16:53","date_gmt":"2020-12-01T09:16:53","guid":{"rendered":"https:\/\/flamencolive.com\/?post_type=product&#038;p=19561"},"modified":"2025-06-23T13:11:09","modified_gmt":"2025-06-23T11:11:09","slug":"piano-flamenco-method-vol-1-carlos-torijano","status":"publish","type":"product","link":"https:\/\/flamencolive.com\/en\/piano-flamenco-method-vol-1-carlos-torijano\/","title":{"rendered":"Piano Flamenco Method Vol 1 &#8211; Carlos Torijano"},"content":{"rendered":"<div>\n<div>\n<p style=\"font-weight: 400;\">English &amp; Spanish<\/p>\n<p style=\"font-weight: 400;\">The aim of these two Piano Volumes is to get close to the flamenco to all those pianists who are interested in learning the basics and rhythmical and harmonic structures. Thus the pianist will be able to play in this volume <b><strong><span style=\"color: #ff0000;\">Sole\u00e1, Alegr\u00edas, Tanguillos<\/span>.<\/strong><\/b><\/p>\n<table style=\"border-collapse: collapse; width: 648px; height: 376px;\">\n<tbody>\n<tr>\n<td style=\"width: 61.2px;\"><\/td>\n<td style=\"width: 491.6px;\"><iframe loading=\"lazy\" style=\"box-sizing: border-box; max-width: 100%; max-height: 100%; color: #212529; font-family: Arial, Helvetica, sans-serif; font-size: 13.3333px; text-align: center; background-color: #ffffff;\" title=\"YouTube video player\" src=\"https:\/\/www.youtube.com\/embed\/70duYqH3-9A?rel=0\" width=\"694\" height=\"390\" frameborder=\"0\" allowfullscreen=\"allowfullscreen\"><\/iframe><\/td>\n<td style=\"width: 86px;\"><\/td>\n<\/tr>\n<\/tbody>\n<\/table>\n<p style=\"font-weight: 400;\">Once learned and understood the different elements that make every palo (style of flamenco song), the pianist will be able to play a specific palo just playing piano and also accompany a\u00a0<em>cantaor\u00a0 <\/em>in a basic level.<\/p>\n<p>The format to present the materials is eminently useful,\u00a0 the different advisory elements for every specific palo are treated as independent blocks:\u00a0Previous explanation, Origin, Harmony, Rhythmic, Tempo, Introduction, Bases or soniquetes, Falsetas, Cierre, A complete theme.<\/p>\n<p>The Soniquetes and Falsetas are conducted gradually in\u00a0<b><strong>slow and normal motion.<\/strong><\/b><em>The\u00a0<b><strong>soniquetes<\/strong><\/b> are the patterns or rhythmical variations we will use to accompany the cante, giving the cantaor a rhythmical-harmonic solid base to support him while he performs the different tercios (verses) of the theme.\u00a0<\/em><em>The\u00a0<b><strong>falsetas<\/strong><\/b>\u00a0are the variations where the cantaor gives the replay to the guitarist (the pianist in this case) and where the pianist performs a melody as soloist interlude. After that, the turn goes back to the cantaor again.<\/em><\/p>\n<p><em>Thereby the complete structure of each piece will be the result of the sum of all the substructures which are interconnected to each other, called variations<\/em>.<\/p>\n<p>In order to have rhythmical and harmonic comprehension of everything played in each part, scores have additional information as:<\/p>\n<ol>\n<li><b><strong>&#8211;\u00a0<\/strong><\/b><b><strong>Fingerings:<\/strong><\/b>\u00a0there are other possibilities but these are the most convenient according to the experience.<\/li>\n<li>&#8211; The\u00a0<b><strong>Harmonic Analysis<\/strong><\/b>: in each exercise, there are shown the degrees of the keys that we go through\u00a0 and the corresponding chords in order\u00a0 to make easier\u00a0 the transposing to other keys<\/li>\n<li>&#8211; In the 12 beat styles (<em>palos<\/em>) (Sole\u00e1, Buler\u00edas, and Alegr\u00edas) we have placed on top the\u00a0<b><strong>Comp\u00e1s numbers\u00a0<\/strong><\/b>as well, to know exactly in which part of the rhythmical cycle of the\u00a0<em>palo<\/em>\u00a0we are in each moment.<\/li>\n<\/ol>\n<p>As an introduction before the study of different palos, there is\u00a0<b><strong>Flamenco Harmony\u00a0<\/strong><\/b>explanation with a number of previous exercises:<\/p>\n<p>The diatonic or tonal harmonic system, Harmonic modal system, Main chords, Flamenco Harmony exercises, Andalusian cadence exercises: Gregorian modes and corresponding scales to every chord of the cadence<\/p>\n<p>There are several audio options for the pianist to practice: piano + accompaniment (guitar, palmas, metronome, caj\u00f3n), piano, accompanying.<\/p>\n<\/div>\n<div><\/div>\n<div style=\"text-align: center;\"><a href=\"https:\/\/www.flamencolive.com\/libreria\/PA_book.pdf\" target=\"_blank\" rel=\"noopener noreferrer\">\/\/Click to see an example\/\/<\/a><\/div>\n<\/div>\n<div><\/div>\n<div><\/div>\n<hr \/>\n<hr \/>\n<p style=\"text-align: center;\"><a class=\"enlacetienda\" href=\"https:\/\/www.storemusic-live.eu\/Articulo~x~Piano-flamenco-method-vol-1-book-dvd-carlos-torijano~IDArticulo~485.html\" target=\"_blank\" rel=\"noopener noreferrer\">PURCHASE and DELIVERY of the product in physical format at storemusic-live.com<\/a><\/p>\n<hr \/>\n<hr \/>\n","protected":false},"excerpt":{"rendered":"<div>\n<div class='et-box et-shadow'>\n\t\t\t\t\t<div class='et-box-content'><ul>\n<li>Video &amp; Score Book<\/li>\n<li>Piano: Carlos Torrijano; Percussions: Nan Mercader<\/li>\n<li>Languages: Spanish, English<\/li>\n<li>The pianist will be able to play in this volume <b><strong><span style=\"color: #ff0000;\">Sole\u00e1, Alegr\u00edas, Tanguillos<\/span>.<\/strong><\/b><\/li>\n<li>Several audio options for the pianist to practice<\/li>\n<li><span style=\"color: #ff0000;\">Product in STREAMING. <\/span>\u00a0<\/div><\/div><\/li>\n<\/ul>\n<\/div>\n<div>For those pianists that want\u00a0 to get close to the flamenco interested in learning its basics and rhythmical and harmonic structures<\/div>\n","protected":false},"featured_media":19569,"comment_status":"open","ping_status":"closed","template":"","meta":{"_acf_changed":false,"_et_pb_use_builder":"","_et_pb_old_content":"","_et_gb_content_width":""},"product_cat":[549,546,544,102,100,124,123],"product_tag":[],"acf":[],"yoast_head":"<!-- This site is optimized with the Yoast SEO plugin v22.9 - https:\/\/yoast.com\/wordpress\/plugins\/seo\/ -->\n<title>Piano Flamenco Method Vol 1 - Carlos Torijano | STREAMING<\/title>\n<meta name=\"description\" content=\"Flamenco Live te ofrece el producto &quot;Piano Flamenco Method Vol 1 - Carlos Torijano&quot; al mejor precio. \u00a1Descubre nuestra oferta!\" \/>\n<meta name=\"robots\" content=\"index, follow, max-snippet:-1, max-image-preview:large, max-video-preview:-1\" \/>\n<link rel=\"canonical\" href=\"https:\/\/flamencolive.com\/en\/piano-flamenco-method-vol-1-carlos-torijano\/\" \/>\n<meta property=\"og:locale\" content=\"en_US\" \/>\n<meta property=\"og:type\" content=\"article\" \/>\n<meta property=\"og:title\" content=\"Piano Flamenco Method Vol 1 - Carlos Torijano | STREAMING\" \/>\n<meta property=\"og:description\" content=\"Flamenco Live te ofrece el producto &quot;Piano Flamenco Method Vol 1 - Carlos Torijano&quot; al mejor precio. \u00a1Descubre nuestra oferta!\" \/>\n<meta property=\"og:url\" content=\"https:\/\/flamencolive.com\/en\/piano-flamenco-method-vol-1-carlos-torijano\/\" \/>\n<meta property=\"og:site_name\" content=\"Flamenco in STREAMING, videos and Scorebooks\" \/>\n<meta property=\"article:publisher\" content=\"http:\/\/www.facebook.com\/pages\/flamencolivecom\/230064430920\" \/>\n<meta property=\"article:modified_time\" content=\"2025-06-23T11:11:09+00:00\" \/>\n<meta property=\"og:image\" content=\"https:\/\/flamencolive.com\/wp-content\/uploads\/2020\/12\/PIANO1_1000.jpg\" \/>\n\t<meta property=\"og:image:width\" content=\"1000\" \/>\n\t<meta property=\"og:image:height\" content=\"1409\" \/>\n\t<meta property=\"og:image:type\" content=\"image\/jpeg\" \/>\n<meta name=\"twitter:card\" content=\"summary_large_image\" \/>\n<meta name=\"twitter:site\" content=\"@flamencolive\" \/>\n<meta name=\"twitter:label1\" content=\"Est. reading time\" \/>\n\t<meta name=\"twitter:data1\" content=\"3 minutes\" \/>\n<script type=\"application\/ld+json\" class=\"yoast-schema-graph\">{\"@context\":\"https:\/\/schema.org\",\"@graph\":[{\"@type\":\"WebPage\",\"@id\":\"https:\/\/flamencolive.com\/en\/piano-flamenco-method-vol-1-carlos-torijano\/\",\"url\":\"https:\/\/flamencolive.com\/en\/piano-flamenco-method-vol-1-carlos-torijano\/\",\"name\":\"Piano Flamenco Method Vol 1 - Carlos Torijano | STREAMING\",\"isPartOf\":{\"@id\":\"https:\/\/flamencolive.com\/en\/#website\"},\"primaryImageOfPage\":{\"@id\":\"https:\/\/flamencolive.com\/en\/piano-flamenco-method-vol-1-carlos-torijano\/#primaryimage\"},\"image\":{\"@id\":\"https:\/\/flamencolive.com\/en\/piano-flamenco-method-vol-1-carlos-torijano\/#primaryimage\"},\"thumbnailUrl\":\"https:\/\/flamencolive.com\/wp-content\/uploads\/2020\/12\/PIANO1_1000.jpg\",\"datePublished\":\"2020-12-01T09:16:53+00:00\",\"dateModified\":\"2025-06-23T11:11:09+00:00\",\"description\":\"Flamenco Live te ofrece el producto \\\"Piano Flamenco Method Vol 1 - Carlos Torijano\\\" al mejor precio. \u00a1Descubre nuestra oferta!\",\"breadcrumb\":{\"@id\":\"https:\/\/flamencolive.com\/en\/piano-flamenco-method-vol-1-carlos-torijano\/#breadcrumb\"},\"inLanguage\":\"en-US\",\"potentialAction\":[{\"@type\":\"ReadAction\",\"target\":[\"https:\/\/flamencolive.com\/en\/piano-flamenco-method-vol-1-carlos-torijano\/\"]}]},{\"@type\":\"ImageObject\",\"inLanguage\":\"en-US\",\"@id\":\"https:\/\/flamencolive.com\/en\/piano-flamenco-method-vol-1-carlos-torijano\/#primaryimage\",\"url\":\"https:\/\/flamencolive.com\/wp-content\/uploads\/2020\/12\/PIANO1_1000.jpg\",\"contentUrl\":\"https:\/\/flamencolive.com\/wp-content\/uploads\/2020\/12\/PIANO1_1000.jpg\",\"width\":1000,\"height\":1409,\"caption\":\"M\u00e9todo de Piano Flamenco Vol 1 Carlos Torijano\"},{\"@type\":\"BreadcrumbList\",\"@id\":\"https:\/\/flamencolive.com\/en\/piano-flamenco-method-vol-1-carlos-torijano\/#breadcrumb\",\"itemListElement\":[{\"@type\":\"ListItem\",\"position\":1,\"name\":\"Portada\",\"item\":\"https:\/\/flamencolive.com\/en\/\"},{\"@type\":\"ListItem\",\"position\":2,\"name\":\"home\",\"item\":\"https:\/\/flamencolive.com\/en\/home\/\"},{\"@type\":\"ListItem\",\"position\":3,\"name\":\"Piano Flamenco Method Vol 1 &#8211; Carlos Torijano\"}]},{\"@type\":\"WebSite\",\"@id\":\"https:\/\/flamencolive.com\/en\/#website\",\"url\":\"https:\/\/flamencolive.com\/en\/\",\"name\":\"Flamenco in STREAMING, videos and Scorebooks\",\"description\":\"Flamenco - Methods and Scorebooks in Streaming\",\"publisher\":{\"@id\":\"https:\/\/flamencolive.com\/en\/#organization\"},\"potentialAction\":[{\"@type\":\"SearchAction\",\"target\":{\"@type\":\"EntryPoint\",\"urlTemplate\":\"https:\/\/flamencolive.com\/en\/?s={search_term_string}\"},\"query-input\":\"required name=search_term_string\"}],\"inLanguage\":\"en-US\"},{\"@type\":\"Organization\",\"@id\":\"https:\/\/flamencolive.com\/en\/#organization\",\"name\":\"flamencolive.com\",\"url\":\"https:\/\/flamencolive.com\/en\/\",\"logo\":{\"@type\":\"ImageObject\",\"inLanguage\":\"en-US\",\"@id\":\"https:\/\/flamencolive.com\/en\/#\/schema\/logo\/image\/\",\"url\":\"https:\/\/flamencolive.com\/wp-content\/uploads\/2020\/09\/logo-vectorial-flamenco-live-500x61-2.png\",\"contentUrl\":\"https:\/\/flamencolive.com\/wp-content\/uploads\/2020\/09\/logo-vectorial-flamenco-live-500x61-2.png\",\"width\":500,\"height\":61,\"caption\":\"flamencolive.com\"},\"image\":{\"@id\":\"https:\/\/flamencolive.com\/en\/#\/schema\/logo\/image\/\"},\"sameAs\":[\"http:\/\/www.facebook.com\/pages\/flamencolivecom\/230064430920\",\"https:\/\/x.com\/flamencolive\",\"https:\/\/www.instagram.com\/flamencolive.oficial\/\",\"http:\/\/www.youtube.com\/user\/rgbartevisual\"]}]}<\/script>\n<!-- \/ Yoast SEO plugin. -->","yoast_head_json":{"title":"Piano Flamenco Method Vol 1 - Carlos Torijano | STREAMING","description":"Flamenco Live te ofrece el producto \"Piano Flamenco Method Vol 1 - Carlos Torijano\" al mejor precio. \u00a1Descubre nuestra oferta!","robots":{"index":"index","follow":"follow","max-snippet":"max-snippet:-1","max-image-preview":"max-image-preview:large","max-video-preview":"max-video-preview:-1"},"canonical":"https:\/\/flamencolive.com\/en\/piano-flamenco-method-vol-1-carlos-torijano\/","og_locale":"en_US","og_type":"article","og_title":"Piano Flamenco Method Vol 1 - Carlos Torijano | STREAMING","og_description":"Flamenco Live te ofrece el producto \"Piano Flamenco Method Vol 1 - Carlos Torijano\" al mejor precio. \u00a1Descubre nuestra oferta!","og_url":"https:\/\/flamencolive.com\/en\/piano-flamenco-method-vol-1-carlos-torijano\/","og_site_name":"Flamenco in STREAMING, videos and Scorebooks","article_publisher":"http:\/\/www.facebook.com\/pages\/flamencolivecom\/230064430920","article_modified_time":"2025-06-23T11:11:09+00:00","og_image":[{"width":1000,"height":1409,"url":"https:\/\/flamencolive.com\/wp-content\/uploads\/2020\/12\/PIANO1_1000.jpg","type":"image\/jpeg"}],"twitter_card":"summary_large_image","twitter_site":"@flamencolive","twitter_misc":{"Est. reading time":"3 minutes"},"schema":{"@context":"https:\/\/schema.org","@graph":[{"@type":"WebPage","@id":"https:\/\/flamencolive.com\/en\/piano-flamenco-method-vol-1-carlos-torijano\/","url":"https:\/\/flamencolive.com\/en\/piano-flamenco-method-vol-1-carlos-torijano\/","name":"Piano Flamenco Method Vol 1 - Carlos Torijano | STREAMING","isPartOf":{"@id":"https:\/\/flamencolive.com\/en\/#website"},"primaryImageOfPage":{"@id":"https:\/\/flamencolive.com\/en\/piano-flamenco-method-vol-1-carlos-torijano\/#primaryimage"},"image":{"@id":"https:\/\/flamencolive.com\/en\/piano-flamenco-method-vol-1-carlos-torijano\/#primaryimage"},"thumbnailUrl":"https:\/\/flamencolive.com\/wp-content\/uploads\/2020\/12\/PIANO1_1000.jpg","datePublished":"2020-12-01T09:16:53+00:00","dateModified":"2025-06-23T11:11:09+00:00","description":"Flamenco Live te ofrece el producto \"Piano Flamenco Method Vol 1 - Carlos Torijano\" al mejor precio. \u00a1Descubre nuestra oferta!","breadcrumb":{"@id":"https:\/\/flamencolive.com\/en\/piano-flamenco-method-vol-1-carlos-torijano\/#breadcrumb"},"inLanguage":"en-US","potentialAction":[{"@type":"ReadAction","target":["https:\/\/flamencolive.com\/en\/piano-flamenco-method-vol-1-carlos-torijano\/"]}]},{"@type":"ImageObject","inLanguage":"en-US","@id":"https:\/\/flamencolive.com\/en\/piano-flamenco-method-vol-1-carlos-torijano\/#primaryimage","url":"https:\/\/flamencolive.com\/wp-content\/uploads\/2020\/12\/PIANO1_1000.jpg","contentUrl":"https:\/\/flamencolive.com\/wp-content\/uploads\/2020\/12\/PIANO1_1000.jpg","width":1000,"height":1409,"caption":"M\u00e9todo de Piano Flamenco Vol 1 Carlos Torijano"},{"@type":"BreadcrumbList","@id":"https:\/\/flamencolive.com\/en\/piano-flamenco-method-vol-1-carlos-torijano\/#breadcrumb","itemListElement":[{"@type":"ListItem","position":1,"name":"Portada","item":"https:\/\/flamencolive.com\/en\/"},{"@type":"ListItem","position":2,"name":"home","item":"https:\/\/flamencolive.com\/en\/home\/"},{"@type":"ListItem","position":3,"name":"Piano Flamenco Method Vol 1 &#8211; Carlos Torijano"}]},{"@type":"WebSite","@id":"https:\/\/flamencolive.com\/en\/#website","url":"https:\/\/flamencolive.com\/en\/","name":"Flamenco in STREAMING, videos and Scorebooks","description":"Flamenco - Methods and Scorebooks in Streaming","publisher":{"@id":"https:\/\/flamencolive.com\/en\/#organization"},"potentialAction":[{"@type":"SearchAction","target":{"@type":"EntryPoint","urlTemplate":"https:\/\/flamencolive.com\/en\/?s={search_term_string}"},"query-input":"required name=search_term_string"}],"inLanguage":"en-US"},{"@type":"Organization","@id":"https:\/\/flamencolive.com\/en\/#organization","name":"flamencolive.com","url":"https:\/\/flamencolive.com\/en\/","logo":{"@type":"ImageObject","inLanguage":"en-US","@id":"https:\/\/flamencolive.com\/en\/#\/schema\/logo\/image\/","url":"https:\/\/flamencolive.com\/wp-content\/uploads\/2020\/09\/logo-vectorial-flamenco-live-500x61-2.png","contentUrl":"https:\/\/flamencolive.com\/wp-content\/uploads\/2020\/09\/logo-vectorial-flamenco-live-500x61-2.png","width":500,"height":61,"caption":"flamencolive.com"},"image":{"@id":"https:\/\/flamencolive.com\/en\/#\/schema\/logo\/image\/"},"sameAs":["http:\/\/www.facebook.com\/pages\/flamencolivecom\/230064430920","https:\/\/x.com\/flamencolive","https:\/\/www.instagram.com\/flamencolive.oficial\/","http:\/\/www.youtube.com\/user\/rgbartevisual"]}]}},"_links":{"self":[{"href":"https:\/\/flamencolive.com\/en\/wp-json\/wp\/v2\/product\/19561"}],"collection":[{"href":"https:\/\/flamencolive.com\/en\/wp-json\/wp\/v2\/product"}],"about":[{"href":"https:\/\/flamencolive.com\/en\/wp-json\/wp\/v2\/types\/product"}],"replies":[{"embeddable":true,"href":"https:\/\/flamencolive.com\/en\/wp-json\/wp\/v2\/comments?post=19561"}],"wp:featuredmedia":[{"embeddable":true,"href":"https:\/\/flamencolive.com\/en\/wp-json\/wp\/v2\/media\/19569"}],"wp:attachment":[{"href":"https:\/\/flamencolive.com\/en\/wp-json\/wp\/v2\/media?parent=19561"}],"wp:term":[{"taxonomy":"product_cat","embeddable":true,"href":"https:\/\/flamencolive.com\/en\/wp-json\/wp\/v2\/product_cat?post=19561"},{"taxonomy":"product_tag","embeddable":true,"href":"https:\/\/flamencolive.com\/en\/wp-json\/wp\/v2\/product_tag?post=19561"}],"curies":[{"name":"wp","href":"https:\/\/api.w.org\/{rel}","templated":true}]}}