{"id":26446,"date":"2021-01-05T16:54:03","date_gmt":"2021-01-05T15:54:03","guid":{"rendered":"https:\/\/flamencolive.com\/?post_type=product&#038;p=26446"},"modified":"2021-02-27T10:44:17","modified_gmt":"2021-02-27T09:44:17","slug":"apuntes-flamencos-vol-4-repertory-andres-batista","status":"publish","type":"product","link":"https:\/\/flamencolive.com\/en\/apuntes-flamencos-vol-4-repertory-andres-batista\/","title":{"rendered":"Apuntes Flamencos Vol 4 (Repertory), Andr\u00e9s Batista"},"content":{"rendered":"<div>\n<div align=\"left\">\n<div><\/div>\n<div>\n<p>A grate Flamenco repertory including many\u00a0<i>falsetas<\/i>, rhythms, and primary chords that are usual in the main flamenco styles to accompany the <i>cante<\/i>\u00a0(singing) and\u00a0<i>baile<\/i> (dancing). Useful to every guitarist who needs a varied repertory or improves it in this complicated art of accompaniment.<\/p>\n<p><span style=\"color: #ff0000;\">Volume 4 content:<\/span><\/p>\n<p style=\"padding-left: 40px;\">Preface<br \/>\n10 basic advice to the flamenco guitarist<br \/>\nNotation signs<br \/>\nAndres Batista<\/p>\n<p style=\"font-weight: 400; padding-left: 40px;\"><strong>Studies and exercises (Two Audios: normal speed, and slow speed + Metronome)<\/strong><br \/>\nPicado study &#8220;Saltar\u00edn\u201d<br \/>\nLigadosstudy &#8220;Vaiv\u00e9n\u201d<br \/>\nPulgar and index study &#8220;Aroma andaluz\u201d<br \/>\nAlzap\u00faa (D m) study<br \/>\n3 fingers Rasgueos por Buler\u00edas study<\/p>\n<p style=\"padding-left: 40px;\"><strong>Themes <\/strong>(Two Audios: normal speed, and slow speed + Metronome)<br \/>\nEcos de Ronda &#8211;<strong>Malague\u00f1a<\/strong>&#8211;<br \/>\nLos Laureles &#8211;<strong>Romeras<\/strong>&#8211;<br \/>\nPincelada -Tientos\u00a0<strong>Tangos<\/strong>&#8211;<br \/>\nAlameda &#8211;<strong>Tanguillo<\/strong>&#8211;<br \/>\nSuerte de Varas &#8211;<strong>Sevillanas<\/strong>&#8211;<br \/>\nPiropo Cubano &#8211;<strong>Guajiras<\/strong>&#8211;<br \/>\nCasta\u00f1as de Garalosa &#8211;<strong>Mirabr\u00e1s<\/strong>&#8211;<br \/>\nTumbadillo &#8211;<strong>Colombianas<\/strong>&#8211;<br \/>\nMi caraque\u00f1a &#8211;<strong>Danza<\/strong>&#8211;<br \/>\nColor Canela &#8211;<strong>Rumba<\/strong>&#8211;<br \/>\nRum\u00ed &#8211;<strong>Buler\u00edas de C\u00e1diz<\/strong>&#8211;<\/p>\n<p>English, Spanish, French, Japanese<\/p>\n<p><a href=\"http:\/\/www.flamencolive.com\/libreria\/apuntes%204.pdf\" target=\"_blank\" rel=\"noopener noreferrer\">\/\/Click to see an example\/\/<\/a><\/p>\n<\/div>\n<\/div>\n<\/div>\n<div><\/div>\n<hr \/>\n<hr \/>\n<p style=\"text-align: center;\"><a class=\"enlacetienda\" href=\"https:\/\/www.storemusic-live.eu\/Articulo~x~Apuntes-flamencos-vol-4-accompaniment-cante-and-baile-book-2cds-andres-batista~IDArticulo~661.html\" target=\"_blank\" rel=\"noopener noreferrer\">PURCHASE and DELIVERY of the product in physical format at storemusic-live.com<\/a><\/p>\n<hr \/>\n<hr \/>\n","protected":false},"excerpt":{"rendered":"<div>\n<div style=\"text-align: center;\">\n<div>\n<p style=\"text-align: left;\"><div class='et-box et-shadow'>\n\t\t\t\t\t<div class='et-box-content'><ul style=\"text-align: left;\">\n<li>Score Book &amp; Audio<\/li>\n<li>\u00a0Grate Flamenco repertory including many <i>falsetas<\/i>, rhythms, and primary chords<\/li>\n<li>2 audio versions for the studies and themes (Normal speed, and low speed + Metronome)<\/li>\n<li>Andr\u00e9s Batista compositions, guitar by Ignacio Alberro<\/li>\n<li><span style=\"color: #ff0000;\">Product in STREAMING. <\/span>\u00a0<\/div><\/div><\/li>\n<\/ul>\n<\/div>\n<div>\n<p style=\"text-align: left;\">Volume 4- A grate Flamenco repertory including many <i>falsetas<\/i>, rhythms, and primary chords that are usual in the main flamenco styles to accompany the <i>cante<\/i>\u00a0(singing) and\u00a0<i>baile<\/i> (dancing)<\/p>\n<\/div>\n<\/div>\n<\/div>\n<div><\/div>\n","protected":false},"featured_media":26423,"comment_status":"open","ping_status":"closed","template":"","meta":{"_acf_changed":false,"_et_pb_use_builder":"off","_et_pb_old_content":"","_et_gb_content_width":""},"product_cat":[549,546,545,548,544,313,93,326,324,94,500,332,123],"product_tag":[],"acf":[],"yoast_head":"<!-- This site is optimized with the Yoast SEO plugin v22.9 - https:\/\/yoast.com\/wordpress\/plugins\/seo\/ -->\n<title>Apuntes Flamencos Vol 4 (Repertory), Andr\u00e9s Batista | STREAMING<\/title>\n<meta name=\"description\" content=\"Flamenco Live te ofrece el producto &quot;Apuntes Flamencos Vol 4 (Repertory), Andr\u00e9s Batista&quot; al mejor precio. \u00a1Descubre nuestra oferta!\" \/>\n<meta name=\"robots\" content=\"index, follow, max-snippet:-1, max-image-preview:large, max-video-preview:-1\" \/>\n<link rel=\"canonical\" href=\"https:\/\/flamencolive.com\/en\/apuntes-flamencos-vol-4-repertory-andres-batista\/\" \/>\n<meta property=\"og:locale\" content=\"en_US\" \/>\n<meta property=\"og:type\" content=\"article\" \/>\n<meta property=\"og:title\" content=\"Apuntes Flamencos Vol 4 (Repertory), Andr\u00e9s Batista | STREAMING\" \/>\n<meta property=\"og:description\" content=\"Flamenco Live te ofrece el producto &quot;Apuntes Flamencos Vol 4 (Repertory), Andr\u00e9s Batista&quot; al mejor precio. \u00a1Descubre nuestra oferta!\" \/>\n<meta property=\"og:url\" content=\"https:\/\/flamencolive.com\/en\/apuntes-flamencos-vol-4-repertory-andres-batista\/\" \/>\n<meta property=\"og:site_name\" content=\"Flamenco in STREAMING, videos and Scorebooks\" \/>\n<meta property=\"article:publisher\" content=\"http:\/\/www.facebook.com\/pages\/flamencolivecom\/230064430920\" \/>\n<meta property=\"article:modified_time\" content=\"2021-02-27T09:44:17+00:00\" \/>\n<meta property=\"og:image\" content=\"https:\/\/flamencolive.com\/wp-content\/uploads\/2021\/01\/PORTADA-APUNTES-4-OK-2019-1000-px.jpg\" \/>\n\t<meta property=\"og:image:width\" content=\"1000\" \/>\n\t<meta property=\"og:image:height\" content=\"1415\" \/>\n\t<meta property=\"og:image:type\" content=\"image\/jpeg\" \/>\n<meta name=\"twitter:card\" content=\"summary_large_image\" \/>\n<meta name=\"twitter:site\" content=\"@flamencolive\" \/>\n<meta name=\"twitter:label1\" content=\"Est. reading time\" \/>\n\t<meta name=\"twitter:data1\" content=\"1 minute\" \/>\n<script type=\"application\/ld+json\" class=\"yoast-schema-graph\">{\"@context\":\"https:\/\/schema.org\",\"@graph\":[{\"@type\":\"WebPage\",\"@id\":\"https:\/\/flamencolive.com\/en\/apuntes-flamencos-vol-4-repertory-andres-batista\/\",\"url\":\"https:\/\/flamencolive.com\/en\/apuntes-flamencos-vol-4-repertory-andres-batista\/\",\"name\":\"Apuntes Flamencos Vol 4 (Repertory), Andr\u00e9s Batista | STREAMING\",\"isPartOf\":{\"@id\":\"https:\/\/flamencolive.com\/en\/#website\"},\"primaryImageOfPage\":{\"@id\":\"https:\/\/flamencolive.com\/en\/apuntes-flamencos-vol-4-repertory-andres-batista\/#primaryimage\"},\"image\":{\"@id\":\"https:\/\/flamencolive.com\/en\/apuntes-flamencos-vol-4-repertory-andres-batista\/#primaryimage\"},\"thumbnailUrl\":\"https:\/\/flamencolive.com\/wp-content\/uploads\/2021\/01\/PORTADA-APUNTES-4-OK-2019-1000-px.jpg\",\"datePublished\":\"2021-01-05T15:54:03+00:00\",\"dateModified\":\"2021-02-27T09:44:17+00:00\",\"description\":\"Flamenco Live te ofrece el producto \\\"Apuntes Flamencos Vol 4 (Repertory), Andr\u00e9s Batista\\\" al mejor precio. \u00a1Descubre nuestra oferta!\",\"breadcrumb\":{\"@id\":\"https:\/\/flamencolive.com\/en\/apuntes-flamencos-vol-4-repertory-andres-batista\/#breadcrumb\"},\"inLanguage\":\"en-US\",\"potentialAction\":[{\"@type\":\"ReadAction\",\"target\":[\"https:\/\/flamencolive.com\/en\/apuntes-flamencos-vol-4-repertory-andres-batista\/\"]}]},{\"@type\":\"ImageObject\",\"inLanguage\":\"en-US\",\"@id\":\"https:\/\/flamencolive.com\/en\/apuntes-flamencos-vol-4-repertory-andres-batista\/#primaryimage\",\"url\":\"https:\/\/flamencolive.com\/wp-content\/uploads\/2021\/01\/PORTADA-APUNTES-4-OK-2019-1000-px.jpg\",\"contentUrl\":\"https:\/\/flamencolive.com\/wp-content\/uploads\/2021\/01\/PORTADA-APUNTES-4-OK-2019-1000-px.jpg\",\"width\":1000,\"height\":1415,\"caption\":\"Apuntes Flamencos Vol 4 (Temas de repertorio) (libro\/Audio)- Andr\u00e9s Batista\"},{\"@type\":\"BreadcrumbList\",\"@id\":\"https:\/\/flamencolive.com\/en\/apuntes-flamencos-vol-4-repertory-andres-batista\/#breadcrumb\",\"itemListElement\":[{\"@type\":\"ListItem\",\"position\":1,\"name\":\"Portada\",\"item\":\"https:\/\/flamencolive.com\/en\/\"},{\"@type\":\"ListItem\",\"position\":2,\"name\":\"home\",\"item\":\"https:\/\/flamencolive.com\/en\/home\/\"},{\"@type\":\"ListItem\",\"position\":3,\"name\":\"Apuntes Flamencos Vol 4 (Repertory), Andr\u00e9s Batista\"}]},{\"@type\":\"WebSite\",\"@id\":\"https:\/\/flamencolive.com\/en\/#website\",\"url\":\"https:\/\/flamencolive.com\/en\/\",\"name\":\"Flamenco in STREAMING, videos and Scorebooks\",\"description\":\"Flamenco - Methods and Scorebooks in Streaming\",\"publisher\":{\"@id\":\"https:\/\/flamencolive.com\/en\/#organization\"},\"potentialAction\":[{\"@type\":\"SearchAction\",\"target\":{\"@type\":\"EntryPoint\",\"urlTemplate\":\"https:\/\/flamencolive.com\/en\/?s={search_term_string}\"},\"query-input\":\"required name=search_term_string\"}],\"inLanguage\":\"en-US\"},{\"@type\":\"Organization\",\"@id\":\"https:\/\/flamencolive.com\/en\/#organization\",\"name\":\"flamencolive.com\",\"url\":\"https:\/\/flamencolive.com\/en\/\",\"logo\":{\"@type\":\"ImageObject\",\"inLanguage\":\"en-US\",\"@id\":\"https:\/\/flamencolive.com\/en\/#\/schema\/logo\/image\/\",\"url\":\"https:\/\/flamencolive.com\/wp-content\/uploads\/2020\/09\/logo-vectorial-flamenco-live-500x61-2.png\",\"contentUrl\":\"https:\/\/flamencolive.com\/wp-content\/uploads\/2020\/09\/logo-vectorial-flamenco-live-500x61-2.png\",\"width\":500,\"height\":61,\"caption\":\"flamencolive.com\"},\"image\":{\"@id\":\"https:\/\/flamencolive.com\/en\/#\/schema\/logo\/image\/\"},\"sameAs\":[\"http:\/\/www.facebook.com\/pages\/flamencolivecom\/230064430920\",\"https:\/\/x.com\/flamencolive\",\"https:\/\/www.instagram.com\/flamencolive.oficial\/\",\"http:\/\/www.youtube.com\/user\/rgbartevisual\"]}]}<\/script>\n<!-- \/ Yoast SEO plugin. -->","yoast_head_json":{"title":"Apuntes Flamencos Vol 4 (Repertory), Andr\u00e9s Batista | STREAMING","description":"Flamenco Live te ofrece el producto \"Apuntes Flamencos Vol 4 (Repertory), Andr\u00e9s Batista\" al mejor precio. \u00a1Descubre nuestra oferta!","robots":{"index":"index","follow":"follow","max-snippet":"max-snippet:-1","max-image-preview":"max-image-preview:large","max-video-preview":"max-video-preview:-1"},"canonical":"https:\/\/flamencolive.com\/en\/apuntes-flamencos-vol-4-repertory-andres-batista\/","og_locale":"en_US","og_type":"article","og_title":"Apuntes Flamencos Vol 4 (Repertory), Andr\u00e9s Batista | STREAMING","og_description":"Flamenco Live te ofrece el producto \"Apuntes Flamencos Vol 4 (Repertory), Andr\u00e9s Batista\" al mejor precio. \u00a1Descubre nuestra oferta!","og_url":"https:\/\/flamencolive.com\/en\/apuntes-flamencos-vol-4-repertory-andres-batista\/","og_site_name":"Flamenco in STREAMING, videos and Scorebooks","article_publisher":"http:\/\/www.facebook.com\/pages\/flamencolivecom\/230064430920","article_modified_time":"2021-02-27T09:44:17+00:00","og_image":[{"width":1000,"height":1415,"url":"https:\/\/flamencolive.com\/wp-content\/uploads\/2021\/01\/PORTADA-APUNTES-4-OK-2019-1000-px.jpg","type":"image\/jpeg"}],"twitter_card":"summary_large_image","twitter_site":"@flamencolive","twitter_misc":{"Est. reading time":"1 minute"},"schema":{"@context":"https:\/\/schema.org","@graph":[{"@type":"WebPage","@id":"https:\/\/flamencolive.com\/en\/apuntes-flamencos-vol-4-repertory-andres-batista\/","url":"https:\/\/flamencolive.com\/en\/apuntes-flamencos-vol-4-repertory-andres-batista\/","name":"Apuntes Flamencos Vol 4 (Repertory), Andr\u00e9s Batista | STREAMING","isPartOf":{"@id":"https:\/\/flamencolive.com\/en\/#website"},"primaryImageOfPage":{"@id":"https:\/\/flamencolive.com\/en\/apuntes-flamencos-vol-4-repertory-andres-batista\/#primaryimage"},"image":{"@id":"https:\/\/flamencolive.com\/en\/apuntes-flamencos-vol-4-repertory-andres-batista\/#primaryimage"},"thumbnailUrl":"https:\/\/flamencolive.com\/wp-content\/uploads\/2021\/01\/PORTADA-APUNTES-4-OK-2019-1000-px.jpg","datePublished":"2021-01-05T15:54:03+00:00","dateModified":"2021-02-27T09:44:17+00:00","description":"Flamenco Live te ofrece el producto \"Apuntes Flamencos Vol 4 (Repertory), Andr\u00e9s Batista\" al mejor precio. \u00a1Descubre nuestra oferta!","breadcrumb":{"@id":"https:\/\/flamencolive.com\/en\/apuntes-flamencos-vol-4-repertory-andres-batista\/#breadcrumb"},"inLanguage":"en-US","potentialAction":[{"@type":"ReadAction","target":["https:\/\/flamencolive.com\/en\/apuntes-flamencos-vol-4-repertory-andres-batista\/"]}]},{"@type":"ImageObject","inLanguage":"en-US","@id":"https:\/\/flamencolive.com\/en\/apuntes-flamencos-vol-4-repertory-andres-batista\/#primaryimage","url":"https:\/\/flamencolive.com\/wp-content\/uploads\/2021\/01\/PORTADA-APUNTES-4-OK-2019-1000-px.jpg","contentUrl":"https:\/\/flamencolive.com\/wp-content\/uploads\/2021\/01\/PORTADA-APUNTES-4-OK-2019-1000-px.jpg","width":1000,"height":1415,"caption":"Apuntes Flamencos Vol 4 (Temas de repertorio) (libro\/Audio)- Andr\u00e9s Batista"},{"@type":"BreadcrumbList","@id":"https:\/\/flamencolive.com\/en\/apuntes-flamencos-vol-4-repertory-andres-batista\/#breadcrumb","itemListElement":[{"@type":"ListItem","position":1,"name":"Portada","item":"https:\/\/flamencolive.com\/en\/"},{"@type":"ListItem","position":2,"name":"home","item":"https:\/\/flamencolive.com\/en\/home\/"},{"@type":"ListItem","position":3,"name":"Apuntes Flamencos Vol 4 (Repertory), Andr\u00e9s Batista"}]},{"@type":"WebSite","@id":"https:\/\/flamencolive.com\/en\/#website","url":"https:\/\/flamencolive.com\/en\/","name":"Flamenco in STREAMING, videos and Scorebooks","description":"Flamenco - Methods and Scorebooks in Streaming","publisher":{"@id":"https:\/\/flamencolive.com\/en\/#organization"},"potentialAction":[{"@type":"SearchAction","target":{"@type":"EntryPoint","urlTemplate":"https:\/\/flamencolive.com\/en\/?s={search_term_string}"},"query-input":"required name=search_term_string"}],"inLanguage":"en-US"},{"@type":"Organization","@id":"https:\/\/flamencolive.com\/en\/#organization","name":"flamencolive.com","url":"https:\/\/flamencolive.com\/en\/","logo":{"@type":"ImageObject","inLanguage":"en-US","@id":"https:\/\/flamencolive.com\/en\/#\/schema\/logo\/image\/","url":"https:\/\/flamencolive.com\/wp-content\/uploads\/2020\/09\/logo-vectorial-flamenco-live-500x61-2.png","contentUrl":"https:\/\/flamencolive.com\/wp-content\/uploads\/2020\/09\/logo-vectorial-flamenco-live-500x61-2.png","width":500,"height":61,"caption":"flamencolive.com"},"image":{"@id":"https:\/\/flamencolive.com\/en\/#\/schema\/logo\/image\/"},"sameAs":["http:\/\/www.facebook.com\/pages\/flamencolivecom\/230064430920","https:\/\/x.com\/flamencolive","https:\/\/www.instagram.com\/flamencolive.oficial\/","http:\/\/www.youtube.com\/user\/rgbartevisual"]}]}},"_links":{"self":[{"href":"https:\/\/flamencolive.com\/en\/wp-json\/wp\/v2\/product\/26446"}],"collection":[{"href":"https:\/\/flamencolive.com\/en\/wp-json\/wp\/v2\/product"}],"about":[{"href":"https:\/\/flamencolive.com\/en\/wp-json\/wp\/v2\/types\/product"}],"replies":[{"embeddable":true,"href":"https:\/\/flamencolive.com\/en\/wp-json\/wp\/v2\/comments?post=26446"}],"wp:featuredmedia":[{"embeddable":true,"href":"https:\/\/flamencolive.com\/en\/wp-json\/wp\/v2\/media\/26423"}],"wp:attachment":[{"href":"https:\/\/flamencolive.com\/en\/wp-json\/wp\/v2\/media?parent=26446"}],"wp:term":[{"taxonomy":"product_cat","embeddable":true,"href":"https:\/\/flamencolive.com\/en\/wp-json\/wp\/v2\/product_cat?post=26446"},{"taxonomy":"product_tag","embeddable":true,"href":"https:\/\/flamencolive.com\/en\/wp-json\/wp\/v2\/product_tag?post=26446"}],"curies":[{"name":"wp","href":"https:\/\/api.w.org\/{rel}","templated":true}]}}