{"id":26993,"date":"2021-01-07T17:37:18","date_gmt":"2021-01-07T16:37:19","guid":{"rendered":"https:\/\/flamencolive.com\/?post_type=product&#038;p=26993"},"modified":"2025-06-23T12:58:09","modified_gmt":"2025-06-23T10:58:09","slug":"tangos-first-period-paco-de-lucias-falsetas-antology","status":"publish","type":"product","link":"https:\/\/flamencolive.com\/en\/tangos-first-period-paco-de-lucias-falsetas-antology\/","title":{"rendered":"Tangos (First Period) &#8211; Paco de Luc\u00eda\u00b4s Falsetas Antology"},"content":{"rendered":"<div>\n<div align=\"left\">\n<div>The new collection &#8220;Paco de Luc\u00eda\u00b4s Falsetas Antology \u201d by styles by David Leiva, gathers the main falsetas of the maestro transcribed in music scores. This collection will covers all major styles as sole\u00e1, siguiriya, alegr\u00edas, tientos, tangos, fandangos, buler\u00edas, tarantas, etc.<\/div>\n<div>\n<div>\n<div>A collection where the most important variations of his professional trajectory are shown for the first time. Each style of this collection is composed of three volumes that represent the different periods of the maestro:<\/div>\n<div><\/div>\n<\/div>\n<div>\n<div style=\"padding-left: 40px;\">\u2022 First Period: Beginnings &#8211; Traditional Flamenco<br \/>\n\u2022 Second period: Modern<\/div>\n<\/div>\n<div style=\"padding-left: 40px;\">\u2022 Third Epoch: Modern &#8211; Contemporary<\/div>\n<div>\n<div><\/div>\n<div>The transcriptions of the falsetas included in the anthology have been extracted from the concert pieces of his main solo records and from collaborations with cantaores Camar\u00f3n, Pepe de Luc\u00eda, Chato de la Isla, Fosforito, and Juan de la Vara.<\/div>\n<div><\/div>\n<div>\u00a0<strong>Tangos first period (1964 \u2013 1977)<\/strong>.\u00a0 52 Tangos brilliant falsetas including all original audios.<\/div>\n<table style=\"border-collapse: collapse; width: 648px; height: 376px;\">\n<tbody>\n<tr>\n<td style=\"width: 61.2px;\"><\/td>\n<td style=\"width: 491.6px;\"><iframe loading=\"lazy\" style=\"box-sizing: border-box; max-width: 100%; max-height: 100%; color: #212529; font-family: Arial, Helvetica, sans-serif; font-size: 13.3333px; text-align: center; background-color: #ffffff;\" title=\"YouTube video player\" src=\"https:\/\/www.youtube.com\/embed\/w84mgZWiP6w?rel=0\" width=\"694\" height=\"390\" frameborder=\"0\" allowfullscreen=\"allowfullscreen\"><\/iframe><\/td>\n<td style=\"width: 86px;\"><\/td>\n<\/tr>\n<\/tbody>\n<\/table>\n<p><a href=\"http:\/\/www.flamencolive.com\/libreria\/falsetas%207%20y%2016.pdf\" target=\"_blank\" rel=\"noopener noreferrer\">\/\/Click to see an example\/\/<\/a><\/p>\n<\/div>\n<\/div>\n<\/div>\n<div>\n<p>&nbsp;<\/p>\n<div class='et-box et-shadow'>\n\t\t\t\t\t<div class='et-box-content'><h3><span style=\"color: #ff0000;\">STREAMING\/ONLINE FORMAT POSSIBILITIES<\/span><\/h3>\n<div>\n<ul>\n<li>Direct access to any theme through menu<\/li>\n<li>Display of 1 or 2 pages on the screen<\/li>\n<li>Zoom options, and full screen<\/li>\n<li>Page turning by keyboard, mouse, and\/or Bluetooth foot pedal<\/li>\n<li>Playback speed options:\nPossibility of changing the playback speed of each video\/audio tracks to facilitate study (0.25x, 0.5x, 0.75x, 1x, 1.25x, 1.5x, 2x) and independently** Adapts to any device, PC, Tablet, Smartphone, Smart TV<\/p>\n<h4><strong>Demo videos STREAMING\/ONLINE\u00a0<\/strong><\/h4>\n<\/li>\n<\/ul>\n<\/div>\n<div><iframe loading=\"lazy\" title=\"YouTube video player\" src=\"https:\/\/www.youtube.com\/embed\/Z18GTiLY9qw\" width=\"694\" height=\"390\" frameborder=\"0\" allowfullscreen=\"allowfullscreen\" data-mce-fragment=\"1\"><\/iframe><\/div><\/div><\/div>\n<\/div>\n<hr \/>\n<hr \/>\n<p style=\"text-align: center;\"><a class=\"enlacetienda\" href=\"https:\/\/www.storemusic-live.eu\/Articulo~x~Anthology-of-falsetas-of-paco-de-lucia-tangos-first-period-paco-de-lucia~IDArticulo~1652.html\" target=\"_blank\" rel=\"noopener noreferrer\">PURCHASE and DELIVERY of the product in physical format at storemusic-live.com<\/a><\/p>\n<hr \/>\n<hr \/>\n<\/div>\n","protected":false},"excerpt":{"rendered":"<div>\n<div style=\"text-align: center;\">\n<div>\n<p style=\"text-align: left;\"><div class='et-box et-shadow'>\n\t\t\t\t\t<div class='et-box-content'><ul style=\"text-align: left;\">\n<li>Score Book &amp; Audio<\/li>\n<li><strong>Tangos of the first period<\/strong> with 52 brilliant falsetas transcriptions and all original audios.<\/li>\n<li>Transcriptions by David Leiva<\/li>\n<li><span style=\"color: #ff0000;\">Product in STREAMING. <\/span><span style=\"color: #ff0000;\">\u00a0\u00a0<a href=\"https:\/\/flamencolive.com\/streaming_en\/\" target=\"_blank\" rel=\"noopener\">(+INFO)<\/a><\/span>\u00a0<\/div><\/div><\/li>\n<\/ul>\n<\/div>\n<div>\n<p style=\"text-align: left;\">The falsetas included in the anthology have been extracted from the concert pieces of main Paco de Luc\u00eda solo records and from collaborations with cantaores as Camar\u00f3n, Pepe de Luc\u00eda, Chato de la Isla, Fosforito and Juan de la Vara.<\/p>\n<\/div>\n<\/div>\n<\/div>\n<div><\/div>\n","protected":false},"featured_media":26970,"comment_status":"open","ping_status":"closed","template":"","meta":{"_acf_changed":false,"_et_pb_use_builder":"off","_et_pb_old_content":"","_et_gb_content_width":""},"product_cat":[549,546,544,313,93,326,324,94,110,104,332,123],"product_tag":[],"acf":[],"yoast_head":"<!-- This site is optimized with the Yoast SEO plugin v22.9 - https:\/\/yoast.com\/wordpress\/plugins\/seo\/ -->\n<title>Tangos (First Period) - Paco de Luc\u00eda\u00b4s Falsetas Antology | STREAMING<\/title>\n<meta name=\"description\" content=\"Flamenco Live te ofrece el producto &quot;Tangos (First Period) - Paco de Luc\u00eda\u00b4s Falsetas Antology&quot; al mejor precio. \u00a1Descubre nuestra oferta!\" \/>\n<meta name=\"robots\" content=\"index, follow, max-snippet:-1, max-image-preview:large, max-video-preview:-1\" \/>\n<link rel=\"canonical\" href=\"https:\/\/flamencolive.com\/en\/tangos-first-period-paco-de-lucias-falsetas-antology\/\" \/>\n<meta property=\"og:locale\" content=\"en_US\" \/>\n<meta property=\"og:type\" content=\"article\" \/>\n<meta property=\"og:title\" content=\"Tangos (First Period) - Paco de Luc\u00eda\u00b4s Falsetas Antology | STREAMING\" \/>\n<meta property=\"og:description\" content=\"Flamenco Live te ofrece el producto &quot;Tangos (First Period) - Paco de Luc\u00eda\u00b4s Falsetas Antology&quot; al mejor precio. \u00a1Descubre nuestra oferta!\" \/>\n<meta property=\"og:url\" content=\"https:\/\/flamencolive.com\/en\/tangos-first-period-paco-de-lucias-falsetas-antology\/\" \/>\n<meta property=\"og:site_name\" content=\"Flamenco in STREAMING, videos and Scorebooks\" \/>\n<meta property=\"article:publisher\" content=\"http:\/\/www.facebook.com\/pages\/flamencolivecom\/230064430920\" \/>\n<meta property=\"article:modified_time\" content=\"2025-06-23T10:58:09+00:00\" \/>\n<meta property=\"og:image\" content=\"https:\/\/flamencolive.com\/wp-content\/uploads\/2021\/01\/ANT-ALS-TANG-1-1000-px.jpg\" \/>\n\t<meta property=\"og:image:width\" content=\"1000\" \/>\n\t<meta property=\"og:image:height\" content=\"1415\" \/>\n\t<meta property=\"og:image:type\" content=\"image\/jpeg\" \/>\n<meta name=\"twitter:card\" content=\"summary_large_image\" \/>\n<meta name=\"twitter:site\" content=\"@flamencolive\" \/>\n<meta name=\"twitter:label1\" content=\"Est. reading time\" \/>\n\t<meta name=\"twitter:data1\" content=\"2 minutes\" \/>\n<script type=\"application\/ld+json\" class=\"yoast-schema-graph\">{\"@context\":\"https:\/\/schema.org\",\"@graph\":[{\"@type\":\"WebPage\",\"@id\":\"https:\/\/flamencolive.com\/en\/tangos-first-period-paco-de-lucias-falsetas-antology\/\",\"url\":\"https:\/\/flamencolive.com\/en\/tangos-first-period-paco-de-lucias-falsetas-antology\/\",\"name\":\"Tangos (First Period) - Paco de Luc\u00eda\u00b4s Falsetas Antology | STREAMING\",\"isPartOf\":{\"@id\":\"https:\/\/flamencolive.com\/en\/#website\"},\"primaryImageOfPage\":{\"@id\":\"https:\/\/flamencolive.com\/en\/tangos-first-period-paco-de-lucias-falsetas-antology\/#primaryimage\"},\"image\":{\"@id\":\"https:\/\/flamencolive.com\/en\/tangos-first-period-paco-de-lucias-falsetas-antology\/#primaryimage\"},\"thumbnailUrl\":\"https:\/\/flamencolive.com\/wp-content\/uploads\/2021\/01\/ANT-ALS-TANG-1-1000-px.jpg\",\"datePublished\":\"2021-01-07T16:37:19+00:00\",\"dateModified\":\"2025-06-23T10:58:09+00:00\",\"description\":\"Flamenco Live te ofrece el producto \\\"Tangos (First Period) - Paco de Luc\u00eda\u00b4s Falsetas Antology\\\" al mejor precio. \u00a1Descubre nuestra oferta!\",\"breadcrumb\":{\"@id\":\"https:\/\/flamencolive.com\/en\/tangos-first-period-paco-de-lucias-falsetas-antology\/#breadcrumb\"},\"inLanguage\":\"en-US\",\"potentialAction\":[{\"@type\":\"ReadAction\",\"target\":[\"https:\/\/flamencolive.com\/en\/tangos-first-period-paco-de-lucias-falsetas-antology\/\"]}]},{\"@type\":\"ImageObject\",\"inLanguage\":\"en-US\",\"@id\":\"https:\/\/flamencolive.com\/en\/tangos-first-period-paco-de-lucias-falsetas-antology\/#primaryimage\",\"url\":\"https:\/\/flamencolive.com\/wp-content\/uploads\/2021\/01\/ANT-ALS-TANG-1-1000-px.jpg\",\"contentUrl\":\"https:\/\/flamencolive.com\/wp-content\/uploads\/2021\/01\/ANT-ALS-TANG-1-1000-px.jpg\",\"width\":1000,\"height\":1415,\"caption\":\"Antolog\u00eda de Falsetas de Paco de Luc\u00eda - Tangos (Primera \u00c9poca) Libro\/Audio- Paco de Lucia\"},{\"@type\":\"BreadcrumbList\",\"@id\":\"https:\/\/flamencolive.com\/en\/tangos-first-period-paco-de-lucias-falsetas-antology\/#breadcrumb\",\"itemListElement\":[{\"@type\":\"ListItem\",\"position\":1,\"name\":\"Portada\",\"item\":\"https:\/\/flamencolive.com\/en\/\"},{\"@type\":\"ListItem\",\"position\":2,\"name\":\"home\",\"item\":\"https:\/\/flamencolive.com\/en\/home\/\"},{\"@type\":\"ListItem\",\"position\":3,\"name\":\"Tangos (First Period) &#8211; Paco de Luc\u00eda\u00b4s Falsetas Antology\"}]},{\"@type\":\"WebSite\",\"@id\":\"https:\/\/flamencolive.com\/en\/#website\",\"url\":\"https:\/\/flamencolive.com\/en\/\",\"name\":\"Flamenco in STREAMING, videos and Scorebooks\",\"description\":\"Flamenco - Methods and Scorebooks in Streaming\",\"publisher\":{\"@id\":\"https:\/\/flamencolive.com\/en\/#organization\"},\"potentialAction\":[{\"@type\":\"SearchAction\",\"target\":{\"@type\":\"EntryPoint\",\"urlTemplate\":\"https:\/\/flamencolive.com\/en\/?s={search_term_string}\"},\"query-input\":\"required name=search_term_string\"}],\"inLanguage\":\"en-US\"},{\"@type\":\"Organization\",\"@id\":\"https:\/\/flamencolive.com\/en\/#organization\",\"name\":\"flamencolive.com\",\"url\":\"https:\/\/flamencolive.com\/en\/\",\"logo\":{\"@type\":\"ImageObject\",\"inLanguage\":\"en-US\",\"@id\":\"https:\/\/flamencolive.com\/en\/#\/schema\/logo\/image\/\",\"url\":\"https:\/\/flamencolive.com\/wp-content\/uploads\/2020\/09\/logo-vectorial-flamenco-live-500x61-2.png\",\"contentUrl\":\"https:\/\/flamencolive.com\/wp-content\/uploads\/2020\/09\/logo-vectorial-flamenco-live-500x61-2.png\",\"width\":500,\"height\":61,\"caption\":\"flamencolive.com\"},\"image\":{\"@id\":\"https:\/\/flamencolive.com\/en\/#\/schema\/logo\/image\/\"},\"sameAs\":[\"http:\/\/www.facebook.com\/pages\/flamencolivecom\/230064430920\",\"https:\/\/x.com\/flamencolive\",\"https:\/\/www.instagram.com\/flamencolive.oficial\/\",\"http:\/\/www.youtube.com\/user\/rgbartevisual\"]}]}<\/script>\n<!-- \/ Yoast SEO plugin. -->","yoast_head_json":{"title":"Tangos (First Period) - Paco de Luc\u00eda\u00b4s Falsetas Antology | STREAMING","description":"Flamenco Live te ofrece el producto \"Tangos (First Period) - Paco de Luc\u00eda\u00b4s Falsetas Antology\" al mejor precio. \u00a1Descubre nuestra oferta!","robots":{"index":"index","follow":"follow","max-snippet":"max-snippet:-1","max-image-preview":"max-image-preview:large","max-video-preview":"max-video-preview:-1"},"canonical":"https:\/\/flamencolive.com\/en\/tangos-first-period-paco-de-lucias-falsetas-antology\/","og_locale":"en_US","og_type":"article","og_title":"Tangos (First Period) - Paco de Luc\u00eda\u00b4s Falsetas Antology | STREAMING","og_description":"Flamenco Live te ofrece el producto \"Tangos (First Period) - Paco de Luc\u00eda\u00b4s Falsetas Antology\" al mejor precio. \u00a1Descubre nuestra oferta!","og_url":"https:\/\/flamencolive.com\/en\/tangos-first-period-paco-de-lucias-falsetas-antology\/","og_site_name":"Flamenco in STREAMING, videos and Scorebooks","article_publisher":"http:\/\/www.facebook.com\/pages\/flamencolivecom\/230064430920","article_modified_time":"2025-06-23T10:58:09+00:00","og_image":[{"width":1000,"height":1415,"url":"https:\/\/flamencolive.com\/wp-content\/uploads\/2021\/01\/ANT-ALS-TANG-1-1000-px.jpg","type":"image\/jpeg"}],"twitter_card":"summary_large_image","twitter_site":"@flamencolive","twitter_misc":{"Est. reading time":"2 minutes"},"schema":{"@context":"https:\/\/schema.org","@graph":[{"@type":"WebPage","@id":"https:\/\/flamencolive.com\/en\/tangos-first-period-paco-de-lucias-falsetas-antology\/","url":"https:\/\/flamencolive.com\/en\/tangos-first-period-paco-de-lucias-falsetas-antology\/","name":"Tangos (First Period) - Paco de Luc\u00eda\u00b4s Falsetas Antology | STREAMING","isPartOf":{"@id":"https:\/\/flamencolive.com\/en\/#website"},"primaryImageOfPage":{"@id":"https:\/\/flamencolive.com\/en\/tangos-first-period-paco-de-lucias-falsetas-antology\/#primaryimage"},"image":{"@id":"https:\/\/flamencolive.com\/en\/tangos-first-period-paco-de-lucias-falsetas-antology\/#primaryimage"},"thumbnailUrl":"https:\/\/flamencolive.com\/wp-content\/uploads\/2021\/01\/ANT-ALS-TANG-1-1000-px.jpg","datePublished":"2021-01-07T16:37:19+00:00","dateModified":"2025-06-23T10:58:09+00:00","description":"Flamenco Live te ofrece el producto \"Tangos (First Period) - Paco de Luc\u00eda\u00b4s Falsetas Antology\" al mejor precio. \u00a1Descubre nuestra oferta!","breadcrumb":{"@id":"https:\/\/flamencolive.com\/en\/tangos-first-period-paco-de-lucias-falsetas-antology\/#breadcrumb"},"inLanguage":"en-US","potentialAction":[{"@type":"ReadAction","target":["https:\/\/flamencolive.com\/en\/tangos-first-period-paco-de-lucias-falsetas-antology\/"]}]},{"@type":"ImageObject","inLanguage":"en-US","@id":"https:\/\/flamencolive.com\/en\/tangos-first-period-paco-de-lucias-falsetas-antology\/#primaryimage","url":"https:\/\/flamencolive.com\/wp-content\/uploads\/2021\/01\/ANT-ALS-TANG-1-1000-px.jpg","contentUrl":"https:\/\/flamencolive.com\/wp-content\/uploads\/2021\/01\/ANT-ALS-TANG-1-1000-px.jpg","width":1000,"height":1415,"caption":"Antolog\u00eda de Falsetas de Paco de Luc\u00eda - Tangos (Primera \u00c9poca) Libro\/Audio- Paco de Lucia"},{"@type":"BreadcrumbList","@id":"https:\/\/flamencolive.com\/en\/tangos-first-period-paco-de-lucias-falsetas-antology\/#breadcrumb","itemListElement":[{"@type":"ListItem","position":1,"name":"Portada","item":"https:\/\/flamencolive.com\/en\/"},{"@type":"ListItem","position":2,"name":"home","item":"https:\/\/flamencolive.com\/en\/home\/"},{"@type":"ListItem","position":3,"name":"Tangos (First Period) &#8211; Paco de Luc\u00eda\u00b4s Falsetas Antology"}]},{"@type":"WebSite","@id":"https:\/\/flamencolive.com\/en\/#website","url":"https:\/\/flamencolive.com\/en\/","name":"Flamenco in STREAMING, videos and Scorebooks","description":"Flamenco - Methods and Scorebooks in Streaming","publisher":{"@id":"https:\/\/flamencolive.com\/en\/#organization"},"potentialAction":[{"@type":"SearchAction","target":{"@type":"EntryPoint","urlTemplate":"https:\/\/flamencolive.com\/en\/?s={search_term_string}"},"query-input":"required name=search_term_string"}],"inLanguage":"en-US"},{"@type":"Organization","@id":"https:\/\/flamencolive.com\/en\/#organization","name":"flamencolive.com","url":"https:\/\/flamencolive.com\/en\/","logo":{"@type":"ImageObject","inLanguage":"en-US","@id":"https:\/\/flamencolive.com\/en\/#\/schema\/logo\/image\/","url":"https:\/\/flamencolive.com\/wp-content\/uploads\/2020\/09\/logo-vectorial-flamenco-live-500x61-2.png","contentUrl":"https:\/\/flamencolive.com\/wp-content\/uploads\/2020\/09\/logo-vectorial-flamenco-live-500x61-2.png","width":500,"height":61,"caption":"flamencolive.com"},"image":{"@id":"https:\/\/flamencolive.com\/en\/#\/schema\/logo\/image\/"},"sameAs":["http:\/\/www.facebook.com\/pages\/flamencolivecom\/230064430920","https:\/\/x.com\/flamencolive","https:\/\/www.instagram.com\/flamencolive.oficial\/","http:\/\/www.youtube.com\/user\/rgbartevisual"]}]}},"_links":{"self":[{"href":"https:\/\/flamencolive.com\/en\/wp-json\/wp\/v2\/product\/26993"}],"collection":[{"href":"https:\/\/flamencolive.com\/en\/wp-json\/wp\/v2\/product"}],"about":[{"href":"https:\/\/flamencolive.com\/en\/wp-json\/wp\/v2\/types\/product"}],"replies":[{"embeddable":true,"href":"https:\/\/flamencolive.com\/en\/wp-json\/wp\/v2\/comments?post=26993"}],"wp:featuredmedia":[{"embeddable":true,"href":"https:\/\/flamencolive.com\/en\/wp-json\/wp\/v2\/media\/26970"}],"wp:attachment":[{"href":"https:\/\/flamencolive.com\/en\/wp-json\/wp\/v2\/media?parent=26993"}],"wp:term":[{"taxonomy":"product_cat","embeddable":true,"href":"https:\/\/flamencolive.com\/en\/wp-json\/wp\/v2\/product_cat?post=26993"},{"taxonomy":"product_tag","embeddable":true,"href":"https:\/\/flamencolive.com\/en\/wp-json\/wp\/v2\/product_tag?post=26993"}],"curies":[{"name":"wp","href":"https:\/\/api.w.org\/{rel}","templated":true}]}}