{"id":28423,"date":"2021-01-10T19:21:58","date_gmt":"2021-01-10T18:21:58","guid":{"rendered":"https:\/\/flamencolive.com\/?post_type=product&#038;p=28423"},"modified":"2021-02-27T18:45:00","modified_gmt":"2021-02-27T17:45:00","slug":"flamenco-repertoire-analisys-of-el-cante-maria-jesus-castro","status":"publish","type":"product","link":"https:\/\/flamencolive.com\/en\/flamenco-repertoire-analisys-of-el-cante-maria-jesus-castro\/","title":{"rendered":"Flamenco Repertoire- Analisys of &#8220;El Cante&#8221;  &#8211; Mar\u00eda Jes\u00fas Castro"},"content":{"rendered":"<div>\n<div align=\"left\">\n<div>\n<p align=\"justify\"><span class=\"testp\">English and Spanish.<br \/>\n<\/span><span class=\"testp\">\u00a0<\/span><br \/>\nThe Flamenco Repertoire, Vol 1 inaugurates a collection whose principal objective is to provide the necessary guidelines to carry out the analysis of a flamenco audition according to the different parameters which make up a musical work, by way of numerous exercises, analytical commentary, schematic outlines and listening.<\/p>\n<p align=\"justify\">This study guide is an excellent tool for getting closer to the flamenco repertoire for all those from outside flamenco, and for those who are familiar with its particularities and who wish to deepen their knowledge.<\/p>\n<p align=\"justify\">Transcriptions by Manuel Granados<\/p>\n<div align=\"justify\"><strong>Content<\/strong><\/div>\n<p style=\"padding-left: 40px;\" align=\"justify\">PROLOGUE<br \/>\nCLASSIFICATION OF FLAMENCO REPERTOIRE<br \/>\nVOCAL ANALYSES<br \/>\nANALYSIS OF LITERARY ASPECTS<br \/>\nMELODIC-HARMONIC ANALYSES<br \/>\nRHYTHMIC-METRIC ANALYSES<br \/>\nDIAGRAMATIC OUTLINE<\/p>\n<p style=\"padding-left: 80px;\" align=\"justify\">N\u00b01: Classification of the cantes according to verse type<br \/>\nN\u00b0 2: Classification of the cantes according to their melodic-harmonic system<br \/>\nN\u00b0 3: Classification of the cantes according to their rhythmic-metric system<\/p>\n<p style=\"padding-left: 40px;\" align=\"justify\">EXMPLE OF ANALYTICAL COMMENTARY Grana\u00edna<\/p>\n<div align=\"justify\"><strong>Auditions<\/strong>:<\/div>\n<div style=\"padding-left: 40px;\" align=\"justify\">o MARTINETE, &#8220;Lo amarraban por las manos\u201d, cantaor: MANUEL AGUJETAS. Cantes gitanos de Manuel Agujetas.<br \/>\no DEBLA, &#8220;Los tormentos de la muerte\u201d, cantaor: NARANJITO DE TRIANA, Guitarrista: MANOLO SANL\u00daCAR. Naranjito de Triana.<br \/>\no TIENTOS, &#8220;Bebieron los genios\u201d, cantaor: GABRIEL MORENO, guitarrista: VICTOR MONGE &#8220;SERRANITO\u201d,<br \/>\no SEGUIRIYAS DE C\u00c1DIZ, &#8220;Si acaso muero\u201d, cantaor: CAMAR\u00d3N DE LA ISLA, guitarrista: PACO DE LUC\u00cdA.<br \/>\no SOLE\u00c1 DE ALCAL\u00c1, &#8220;Me viene persiguiendo\u201d, cantaor: ANTONIO MAIRENA, guitarrista: MELCHOR DE MARCHENA.<br \/>\no SOLE\u00c1 DE LA SERNETA Y JUANIQU\u00cd, &#8220;Yo no ca\u00eda nunca en cama\u201d, cantaora: FERNANDA DE UTRERA, guitarrista: EDUARDO EL DE LA MALENA.<br \/>\no LA CA\u00d1A, &#8220;A m\u00ed me pueden mandar\u201d, cantaor: RAFAEL ROMERO, guitarrista: PERICO EL DEL LUNAR.<br \/>\no ALEGR\u00cdAS DE C\u00c1DIZ, &#8220;Que pases por mi pena\u201d. Cantaor: AURELIO SELL\u00c9S, guitarrista: ANDR\u00c9S HEREDIA.<br \/>\no BULER\u00cdAS POR SOLE\u00c1, &#8220;No hables mal de nadie\u201d, cantaor: GREGORIO MANUEL FERN\u00c1NDEZ VARGAS &#8220;T\u00cdO BORRICO\u201d, guitarrista: PACO CEPERO.<br \/>\no BULER\u00cdAS, &#8220;Buler\u00edas de la Paquera de Jerez\u201d, cantaora: LA PAQUERA DE JEREZ, guitarrista: MORAITO CHICO y MORAITO DE JEREZ.<br \/>\no TANGOS DE LA NI\u00d1A DE LOS PEINES, &#8220;Banderas republicanas\u201d, cantaora: CARMEN LINARES, guitarrista: TOMATITO, palmeros: JUAN DIEGO, MANUEL SOLER y JUA\u00d1ARES, baile: MANUEL SOLER.<br \/>\no FANDANGO DE EL GLORIA, &#8220;A m\u00ed me dice la gente\u201d, cantaor: PEPE DE LUC\u00cdA, guitarrista: PACO DE LUC\u00cdA. Pepe de Luc\u00eda con Paco y Ram\u00f3n.<br \/>\no MALAGUE\u00d1A DE ENRIQUE EL MELLIZO, cantaor: EL FLECHA DE C\u00c1DIZ. Recordando a Enrique el Mellizo y su tiempo.<br \/>\no MEDIA GRANA\u00cdNA, &#8220;Fue culpa tuya\u201d, cantaor: JUANITO VALDERRAMA, guitarrista: PEPE MART\u00cdNEZ.<br \/>\no MINERA, &#8220;Un minerico apurado\u201d\/&#8221;Con mi taleguico en la mano\u201d, cantaor: ANTONIO PI\u00d1ANA, guitarrista: ANTONIO PI\u00d1ANA, HIJO.<br \/>\no GRANA\u00cdNA, cantaor: PEP\u00cdN DE TORRE, guitarrista: MANUEL GRANADOS.<\/div>\n<\/div>\n<p><a href=\"http:\/\/www.flamencolive.com\/libreria\/REPERTORIO%2029%20y%2030.pdf\" target=\"_blank\" rel=\"noopener noreferrer\">\/\/Click to see an example\/\/<\/a><\/p>\n<\/div>\n<\/div>\n<div><\/div>\n<hr \/>\n<hr \/>\n<p style=\"text-align: center;\"><a class=\"enlacetienda\" href=\"https:\/\/www.storemusic-live.eu\/Articulo~x~Flamenco-repertoire-analisys-of-the-flamenco-song-el-cante-book-cd-maria-jesus-c~IDArticulo~870.html\" target=\"_blank\" rel=\"noopener noreferrer\">PURCHASE and DELIVERY of the product in physical format at storemusic-live.com<\/a><\/p>\n<hr \/>\n<hr \/>\n","protected":false},"excerpt":{"rendered":"<div>\n<div style=\"text-align: center;\">\n<div>\n<p style=\"text-align: left;\"><div class='et-box et-shadow'>\n\t\t\t\t\t<div class='et-box-content'><ul style=\"text-align: left;\">\n<li>\u00a0Book &amp; Audio<\/li>\n<li>Excellent tool for getting closer to the flamenco repertoire<\/li>\n<li>Numerous exercises, analytical commentary, schematic outlines, and listening.<\/li>\n<li><span style=\"color: #ff0000;\">Product in STREAMING. <\/span>\u00a0<\/div><\/div><\/li>\n<\/ul>\n<\/div>\n<div>\n<p style=\"text-align: left;\">For those who are familiar with Flamenco particularities and who wish to deepen their knowledge.<\/p>\n<\/div>\n<\/div>\n<\/div>\n<div><\/div>\n","protected":false},"featured_media":28421,"comment_status":"open","ping_status":"closed","template":"","meta":{"_acf_changed":false,"_et_pb_use_builder":"off","_et_pb_old_content":"","_et_gb_content_width":""},"product_cat":[546,544,592,313,94,518,101,332,123],"product_tag":[],"acf":[],"yoast_head":"<!-- This site is optimized with the Yoast SEO plugin v22.9 - https:\/\/yoast.com\/wordpress\/plugins\/seo\/ -->\n<title>Flamenco Repertoire- Analisys of &quot;El Cante&quot; - Mar\u00eda Jes\u00fas Castro | STREAMING<\/title>\n<meta name=\"description\" content=\"Flamenco Live te ofrece el producto &quot;Flamenco Repertoire- Analisys of &quot;El Cante&quot; - Mar\u00eda Jes\u00fas Castro&quot; al mejor precio. \u00a1Descubre nuestra oferta!\" \/>\n<meta name=\"robots\" content=\"index, follow, max-snippet:-1, max-image-preview:large, max-video-preview:-1\" \/>\n<link rel=\"canonical\" href=\"https:\/\/flamencolive.com\/en\/flamenco-repertoire-analisys-of-el-cante-maria-jesus-castro\/\" \/>\n<meta property=\"og:locale\" content=\"en_US\" \/>\n<meta property=\"og:type\" content=\"article\" \/>\n<meta property=\"og:title\" content=\"Flamenco Repertoire- Analisys of &quot;El Cante&quot; - Mar\u00eda Jes\u00fas Castro | STREAMING\" \/>\n<meta property=\"og:description\" content=\"Flamenco Live te ofrece el producto &quot;Flamenco Repertoire- Analisys of &quot;El Cante&quot; - Mar\u00eda Jes\u00fas Castro&quot; al mejor precio. \u00a1Descubre nuestra oferta!\" \/>\n<meta property=\"og:url\" content=\"https:\/\/flamencolive.com\/en\/flamenco-repertoire-analisys-of-el-cante-maria-jesus-castro\/\" \/>\n<meta property=\"og:site_name\" content=\"Flamenco in STREAMING, videos and Scorebooks\" \/>\n<meta property=\"article:publisher\" content=\"http:\/\/www.facebook.com\/pages\/flamencolivecom\/230064430920\" \/>\n<meta property=\"article:modified_time\" content=\"2021-02-27T17:45:00+00:00\" \/>\n<meta property=\"og:image\" content=\"https:\/\/flamencolive.com\/wp-content\/uploads\/2021\/01\/repertorioFlamenco-ES_IN_1000.jpg\" \/>\n\t<meta property=\"og:image:width\" content=\"1000\" \/>\n\t<meta property=\"og:image:height\" content=\"1417\" \/>\n\t<meta property=\"og:image:type\" content=\"image\/jpeg\" \/>\n<meta name=\"twitter:card\" content=\"summary_large_image\" \/>\n<meta name=\"twitter:site\" content=\"@flamencolive\" \/>\n<meta name=\"twitter:label1\" content=\"Est. reading time\" \/>\n\t<meta name=\"twitter:data1\" content=\"2 minutes\" \/>\n<script type=\"application\/ld+json\" class=\"yoast-schema-graph\">{\"@context\":\"https:\/\/schema.org\",\"@graph\":[{\"@type\":\"WebPage\",\"@id\":\"https:\/\/flamencolive.com\/en\/flamenco-repertoire-analisys-of-el-cante-maria-jesus-castro\/\",\"url\":\"https:\/\/flamencolive.com\/en\/flamenco-repertoire-analisys-of-el-cante-maria-jesus-castro\/\",\"name\":\"Flamenco Repertoire- Analisys of \\\"El Cante\\\" - Mar\u00eda Jes\u00fas Castro | STREAMING\",\"isPartOf\":{\"@id\":\"https:\/\/flamencolive.com\/en\/#website\"},\"primaryImageOfPage\":{\"@id\":\"https:\/\/flamencolive.com\/en\/flamenco-repertoire-analisys-of-el-cante-maria-jesus-castro\/#primaryimage\"},\"image\":{\"@id\":\"https:\/\/flamencolive.com\/en\/flamenco-repertoire-analisys-of-el-cante-maria-jesus-castro\/#primaryimage\"},\"thumbnailUrl\":\"https:\/\/flamencolive.com\/wp-content\/uploads\/2021\/01\/repertorioFlamenco-ES_IN_1000.jpg\",\"datePublished\":\"2021-01-10T18:21:58+00:00\",\"dateModified\":\"2021-02-27T17:45:00+00:00\",\"description\":\"Flamenco Live te ofrece el producto \\\"Flamenco Repertoire- Analisys of \\\"El Cante\\\" - Mar\u00eda Jes\u00fas Castro\\\" al mejor precio. \u00a1Descubre nuestra oferta!\",\"breadcrumb\":{\"@id\":\"https:\/\/flamencolive.com\/en\/flamenco-repertoire-analisys-of-el-cante-maria-jesus-castro\/#breadcrumb\"},\"inLanguage\":\"en-US\",\"potentialAction\":[{\"@type\":\"ReadAction\",\"target\":[\"https:\/\/flamencolive.com\/en\/flamenco-repertoire-analisys-of-el-cante-maria-jesus-castro\/\"]}]},{\"@type\":\"ImageObject\",\"inLanguage\":\"en-US\",\"@id\":\"https:\/\/flamencolive.com\/en\/flamenco-repertoire-analisys-of-el-cante-maria-jesus-castro\/#primaryimage\",\"url\":\"https:\/\/flamencolive.com\/wp-content\/uploads\/2021\/01\/repertorioFlamenco-ES_IN_1000.jpg\",\"contentUrl\":\"https:\/\/flamencolive.com\/wp-content\/uploads\/2021\/01\/repertorioFlamenco-ES_IN_1000.jpg\",\"width\":1000,\"height\":1417,\"caption\":\"Repertorio Flamenco - An\u00e1lisis del Cante - Mar\u00eda Jes\u00fas Castro (libro\/audio)\"},{\"@type\":\"BreadcrumbList\",\"@id\":\"https:\/\/flamencolive.com\/en\/flamenco-repertoire-analisys-of-el-cante-maria-jesus-castro\/#breadcrumb\",\"itemListElement\":[{\"@type\":\"ListItem\",\"position\":1,\"name\":\"Portada\",\"item\":\"https:\/\/flamencolive.com\/en\/\"},{\"@type\":\"ListItem\",\"position\":2,\"name\":\"home\",\"item\":\"https:\/\/flamencolive.com\/en\/home\/\"},{\"@type\":\"ListItem\",\"position\":3,\"name\":\"Flamenco Repertoire- Analisys of &#8220;El Cante&#8221; &#8211; Mar\u00eda Jes\u00fas Castro\"}]},{\"@type\":\"WebSite\",\"@id\":\"https:\/\/flamencolive.com\/en\/#website\",\"url\":\"https:\/\/flamencolive.com\/en\/\",\"name\":\"Flamenco in STREAMING, videos and Scorebooks\",\"description\":\"Flamenco - Methods and Scorebooks in Streaming\",\"publisher\":{\"@id\":\"https:\/\/flamencolive.com\/en\/#organization\"},\"potentialAction\":[{\"@type\":\"SearchAction\",\"target\":{\"@type\":\"EntryPoint\",\"urlTemplate\":\"https:\/\/flamencolive.com\/en\/?s={search_term_string}\"},\"query-input\":\"required name=search_term_string\"}],\"inLanguage\":\"en-US\"},{\"@type\":\"Organization\",\"@id\":\"https:\/\/flamencolive.com\/en\/#organization\",\"name\":\"flamencolive.com\",\"url\":\"https:\/\/flamencolive.com\/en\/\",\"logo\":{\"@type\":\"ImageObject\",\"inLanguage\":\"en-US\",\"@id\":\"https:\/\/flamencolive.com\/en\/#\/schema\/logo\/image\/\",\"url\":\"https:\/\/flamencolive.com\/wp-content\/uploads\/2020\/09\/logo-vectorial-flamenco-live-500x61-2.png\",\"contentUrl\":\"https:\/\/flamencolive.com\/wp-content\/uploads\/2020\/09\/logo-vectorial-flamenco-live-500x61-2.png\",\"width\":500,\"height\":61,\"caption\":\"flamencolive.com\"},\"image\":{\"@id\":\"https:\/\/flamencolive.com\/en\/#\/schema\/logo\/image\/\"},\"sameAs\":[\"http:\/\/www.facebook.com\/pages\/flamencolivecom\/230064430920\",\"https:\/\/x.com\/flamencolive\",\"https:\/\/www.instagram.com\/flamencolive.oficial\/\",\"http:\/\/www.youtube.com\/user\/rgbartevisual\"]}]}<\/script>\n<!-- \/ Yoast SEO plugin. -->","yoast_head_json":{"title":"Flamenco Repertoire- Analisys of \"El Cante\" - Mar\u00eda Jes\u00fas Castro | STREAMING","description":"Flamenco Live te ofrece el producto \"Flamenco Repertoire- Analisys of \"El Cante\" - Mar\u00eda Jes\u00fas Castro\" al mejor precio. \u00a1Descubre nuestra oferta!","robots":{"index":"index","follow":"follow","max-snippet":"max-snippet:-1","max-image-preview":"max-image-preview:large","max-video-preview":"max-video-preview:-1"},"canonical":"https:\/\/flamencolive.com\/en\/flamenco-repertoire-analisys-of-el-cante-maria-jesus-castro\/","og_locale":"en_US","og_type":"article","og_title":"Flamenco Repertoire- Analisys of \"El Cante\" - Mar\u00eda Jes\u00fas Castro | STREAMING","og_description":"Flamenco Live te ofrece el producto \"Flamenco Repertoire- Analisys of \"El Cante\" - Mar\u00eda Jes\u00fas Castro\" al mejor precio. \u00a1Descubre nuestra oferta!","og_url":"https:\/\/flamencolive.com\/en\/flamenco-repertoire-analisys-of-el-cante-maria-jesus-castro\/","og_site_name":"Flamenco in STREAMING, videos and Scorebooks","article_publisher":"http:\/\/www.facebook.com\/pages\/flamencolivecom\/230064430920","article_modified_time":"2021-02-27T17:45:00+00:00","og_image":[{"width":1000,"height":1417,"url":"https:\/\/flamencolive.com\/wp-content\/uploads\/2021\/01\/repertorioFlamenco-ES_IN_1000.jpg","type":"image\/jpeg"}],"twitter_card":"summary_large_image","twitter_site":"@flamencolive","twitter_misc":{"Est. reading time":"2 minutes"},"schema":{"@context":"https:\/\/schema.org","@graph":[{"@type":"WebPage","@id":"https:\/\/flamencolive.com\/en\/flamenco-repertoire-analisys-of-el-cante-maria-jesus-castro\/","url":"https:\/\/flamencolive.com\/en\/flamenco-repertoire-analisys-of-el-cante-maria-jesus-castro\/","name":"Flamenco Repertoire- Analisys of \"El Cante\" - Mar\u00eda Jes\u00fas Castro | STREAMING","isPartOf":{"@id":"https:\/\/flamencolive.com\/en\/#website"},"primaryImageOfPage":{"@id":"https:\/\/flamencolive.com\/en\/flamenco-repertoire-analisys-of-el-cante-maria-jesus-castro\/#primaryimage"},"image":{"@id":"https:\/\/flamencolive.com\/en\/flamenco-repertoire-analisys-of-el-cante-maria-jesus-castro\/#primaryimage"},"thumbnailUrl":"https:\/\/flamencolive.com\/wp-content\/uploads\/2021\/01\/repertorioFlamenco-ES_IN_1000.jpg","datePublished":"2021-01-10T18:21:58+00:00","dateModified":"2021-02-27T17:45:00+00:00","description":"Flamenco Live te ofrece el producto \"Flamenco Repertoire- Analisys of \"El Cante\" - Mar\u00eda Jes\u00fas Castro\" al mejor precio. \u00a1Descubre nuestra oferta!","breadcrumb":{"@id":"https:\/\/flamencolive.com\/en\/flamenco-repertoire-analisys-of-el-cante-maria-jesus-castro\/#breadcrumb"},"inLanguage":"en-US","potentialAction":[{"@type":"ReadAction","target":["https:\/\/flamencolive.com\/en\/flamenco-repertoire-analisys-of-el-cante-maria-jesus-castro\/"]}]},{"@type":"ImageObject","inLanguage":"en-US","@id":"https:\/\/flamencolive.com\/en\/flamenco-repertoire-analisys-of-el-cante-maria-jesus-castro\/#primaryimage","url":"https:\/\/flamencolive.com\/wp-content\/uploads\/2021\/01\/repertorioFlamenco-ES_IN_1000.jpg","contentUrl":"https:\/\/flamencolive.com\/wp-content\/uploads\/2021\/01\/repertorioFlamenco-ES_IN_1000.jpg","width":1000,"height":1417,"caption":"Repertorio Flamenco - An\u00e1lisis del Cante - Mar\u00eda Jes\u00fas Castro (libro\/audio)"},{"@type":"BreadcrumbList","@id":"https:\/\/flamencolive.com\/en\/flamenco-repertoire-analisys-of-el-cante-maria-jesus-castro\/#breadcrumb","itemListElement":[{"@type":"ListItem","position":1,"name":"Portada","item":"https:\/\/flamencolive.com\/en\/"},{"@type":"ListItem","position":2,"name":"home","item":"https:\/\/flamencolive.com\/en\/home\/"},{"@type":"ListItem","position":3,"name":"Flamenco Repertoire- Analisys of &#8220;El Cante&#8221; &#8211; Mar\u00eda Jes\u00fas Castro"}]},{"@type":"WebSite","@id":"https:\/\/flamencolive.com\/en\/#website","url":"https:\/\/flamencolive.com\/en\/","name":"Flamenco in STREAMING, videos and Scorebooks","description":"Flamenco - Methods and Scorebooks in Streaming","publisher":{"@id":"https:\/\/flamencolive.com\/en\/#organization"},"potentialAction":[{"@type":"SearchAction","target":{"@type":"EntryPoint","urlTemplate":"https:\/\/flamencolive.com\/en\/?s={search_term_string}"},"query-input":"required name=search_term_string"}],"inLanguage":"en-US"},{"@type":"Organization","@id":"https:\/\/flamencolive.com\/en\/#organization","name":"flamencolive.com","url":"https:\/\/flamencolive.com\/en\/","logo":{"@type":"ImageObject","inLanguage":"en-US","@id":"https:\/\/flamencolive.com\/en\/#\/schema\/logo\/image\/","url":"https:\/\/flamencolive.com\/wp-content\/uploads\/2020\/09\/logo-vectorial-flamenco-live-500x61-2.png","contentUrl":"https:\/\/flamencolive.com\/wp-content\/uploads\/2020\/09\/logo-vectorial-flamenco-live-500x61-2.png","width":500,"height":61,"caption":"flamencolive.com"},"image":{"@id":"https:\/\/flamencolive.com\/en\/#\/schema\/logo\/image\/"},"sameAs":["http:\/\/www.facebook.com\/pages\/flamencolivecom\/230064430920","https:\/\/x.com\/flamencolive","https:\/\/www.instagram.com\/flamencolive.oficial\/","http:\/\/www.youtube.com\/user\/rgbartevisual"]}]}},"_links":{"self":[{"href":"https:\/\/flamencolive.com\/en\/wp-json\/wp\/v2\/product\/28423"}],"collection":[{"href":"https:\/\/flamencolive.com\/en\/wp-json\/wp\/v2\/product"}],"about":[{"href":"https:\/\/flamencolive.com\/en\/wp-json\/wp\/v2\/types\/product"}],"replies":[{"embeddable":true,"href":"https:\/\/flamencolive.com\/en\/wp-json\/wp\/v2\/comments?post=28423"}],"wp:featuredmedia":[{"embeddable":true,"href":"https:\/\/flamencolive.com\/en\/wp-json\/wp\/v2\/media\/28421"}],"wp:attachment":[{"href":"https:\/\/flamencolive.com\/en\/wp-json\/wp\/v2\/media?parent=28423"}],"wp:term":[{"taxonomy":"product_cat","embeddable":true,"href":"https:\/\/flamencolive.com\/en\/wp-json\/wp\/v2\/product_cat?post=28423"},{"taxonomy":"product_tag","embeddable":true,"href":"https:\/\/flamencolive.com\/en\/wp-json\/wp\/v2\/product_tag?post=28423"}],"curies":[{"name":"wp","href":"https:\/\/api.w.org\/{rel}","templated":true}]}}