{"id":32517,"date":"2021-02-11T11:11:35","date_gmt":"2021-02-11T10:11:35","guid":{"rendered":"https:\/\/flamencolive.com\/?post_type=product&#038;p=32517"},"modified":"2021-02-28T01:27:31","modified_gmt":"2021-02-28T00:27:31","slug":"falsetas-collection-vol-2-farzad-amirani","status":"publish","type":"product","link":"https:\/\/flamencolive.com\/en\/falsetas-collection-vol-2-farzad-amirani\/","title":{"rendered":"Falsetas collection Vol 2 &#8211; Farzad Amirani"},"content":{"rendered":"<div>\n<div>\n<div align=\"left\">Transcripctions and performed by Farzad Amirani<\/div>\n<div align=\"left\">Flamenco guitarist can experience their first creative steps by adding new &#8220;falsetas&#8221; to the flamenco guitar pieces they already know, or by replacing some of the old &#8220;falsetas&#8221;. They can also compose their own pieces based on the &#8220;falsetas&#8221; in this collection.<\/div>\n<p><\/p>\n<div align=\"left\"><\/div>\n<p><\/p>\n<p align=\"left\">Interpreted &#8220;Falsetas&#8221; of: Andr\u00e9s Batista, Antonio Arenas, Carlos G\u00f3mez, Eduardo Rebollar, Enrique de Melchor, Enrique Escudero, Fernando Carranza, Francisco Morales &#8220;El Pulga&#8221;, Jer\u00f3nimo Maya, Jes\u00fas Guerrero, Joaqu\u00edn Amador, Juan Habichuela, Juan Jos\u00e9 Socorro, Juan Serrano, Manolo de Badajoz, Mario Escudero, Miguel Ochando, Ni\u00f1o Ricardo, Paco Cerero, Paco de Lucia, Paco del Gastor, Paco Delgado, Paco Pe\u00f1a, Pedro Pe\u00f1a, Pepe Mart\u00ednez, Pepe Moreno, Rafael Santiago, Ram\u00f3n Montoya, Sabicas<\/p>\n<div align=\"left\">&#8220;Falsetas&#8221; are interpreted at normal speed and also at slow speed to facilitate their learning. In both cases, there are two versions of accompaniment, metronome and &#8220;caj\u00f3n&#8221;.<\/div>\n<p><\/p>\n<div align=\"left\"><\/div>\n<div align=\"center\"><span style=\"color: #ff0000;\">Volume 2<\/span><br \/>\nSolea<br \/>\nFandangos de Huelva<br \/>\nSeguiriyas<br \/>\nSolea por Bulerias<br \/>\nTaranto<\/div>\n<p align=\"left\">Users will be able to hear the guitar solo, or accompanied by the &#8220;caj\u00f3n&#8221; or metronome, and can practice removing the guitar using the metronome or &#8220;caj\u00f3n&#8221; as the accompanying base. All this at normal and slow speed.<\/p>\n<\/div>\n<div><\/div>\n<div><a href=\"http:\/\/www.flamencolive.com\/libreria\/falsetas_web.pdf\" target=\"_blank\" rel=\"noopener noreferrer\">\/\/Click to see an example\/\/<\/a><\/div>\n<\/div>\n<div><\/div>\n<hr \/>\n<hr \/>\n<p style=\"text-align: center;\"><a class=\"enlacetienda\" href=\"https:\/\/www.storemusic-live.eu\/Articulo~x~Falsetas-collection-vol-2-book-cd-farzad-amirani~IDArticulo~99.html\" target=\"_blank\" rel=\"noopener noreferrer\">PURCHASE and DELIVERY of the product in physical format at storemusic-live.com<\/a><\/p>\n<hr \/>\n<hr \/>\n","protected":false},"excerpt":{"rendered":"<div>\n<div class='et-box et-shadow'>\n\t\t\t\t\t<div class='et-box-content'><ul>\n<li>Score Book &amp; Audio<\/li>\n<li>Transcription by Farzad Amirani<\/li>\n<li>Languages: Spanish, English<\/li>\n<li><span style=\"color: #ff0000;\">Product in STREAMING. <\/span>\u00a0<\/div><\/div><\/li>\n<\/ul>\n<\/div>\n<div>The second volume of Falsetas where users will be able to hear the guitar solo, or accompanied by the &#8220;caj\u00f3n&#8221; or metronome, and can practice removing the guitar using the metronome or &#8220;caj\u00f3n&#8221; as the accompanying base. All this at normal and slow speed.<\/div>\n","protected":false},"featured_media":32527,"comment_status":"open","ping_status":"closed","template":"","meta":{"_acf_changed":false,"_et_pb_use_builder":"","_et_pb_old_content":"","_et_gb_content_width":""},"product_cat":[549,546,544,93,326,325,94,360,332,123],"product_tag":[],"acf":[],"yoast_head":"<!-- This site is optimized with the Yoast SEO plugin v22.9 - https:\/\/yoast.com\/wordpress\/plugins\/seo\/ -->\n<title>Falsetas collection Vol 2 - Farzad Amirani | STREAMING<\/title>\n<meta name=\"description\" content=\"Flamenco Live te ofrece el producto &quot;Falsetas collection Vol 2 - Farzad Amirani&quot; al mejor precio. \u00a1Descubre nuestra oferta!\" \/>\n<meta name=\"robots\" content=\"index, follow, max-snippet:-1, max-image-preview:large, max-video-preview:-1\" \/>\n<link rel=\"canonical\" href=\"https:\/\/flamencolive.com\/en\/falsetas-collection-vol-2-farzad-amirani\/\" \/>\n<meta property=\"og:locale\" content=\"en_US\" \/>\n<meta property=\"og:type\" content=\"article\" \/>\n<meta property=\"og:title\" content=\"Falsetas collection Vol 2 - Farzad Amirani | STREAMING\" \/>\n<meta property=\"og:description\" content=\"Flamenco Live te ofrece el producto &quot;Falsetas collection Vol 2 - Farzad Amirani&quot; al mejor precio. \u00a1Descubre nuestra oferta!\" \/>\n<meta property=\"og:url\" content=\"https:\/\/flamencolive.com\/en\/falsetas-collection-vol-2-farzad-amirani\/\" \/>\n<meta property=\"og:site_name\" content=\"Flamenco in STREAMING, videos and Scorebooks\" \/>\n<meta property=\"article:publisher\" content=\"http:\/\/www.facebook.com\/pages\/flamencolivecom\/230064430920\" \/>\n<meta property=\"article:modified_time\" content=\"2021-02-28T00:27:31+00:00\" \/>\n<meta property=\"og:image\" content=\"https:\/\/flamencolive.com\/wp-content\/uploads\/2021\/02\/FCollection2_1000.jpg\" \/>\n\t<meta property=\"og:image:width\" content=\"1000\" \/>\n\t<meta property=\"og:image:height\" content=\"1416\" \/>\n\t<meta property=\"og:image:type\" content=\"image\/jpeg\" \/>\n<meta name=\"twitter:card\" content=\"summary_large_image\" \/>\n<meta name=\"twitter:site\" content=\"@flamencolive\" \/>\n<meta name=\"twitter:label1\" content=\"Est. reading time\" \/>\n\t<meta name=\"twitter:data1\" content=\"1 minute\" \/>\n<script type=\"application\/ld+json\" class=\"yoast-schema-graph\">{\"@context\":\"https:\/\/schema.org\",\"@graph\":[{\"@type\":\"WebPage\",\"@id\":\"https:\/\/flamencolive.com\/en\/falsetas-collection-vol-2-farzad-amirani\/\",\"url\":\"https:\/\/flamencolive.com\/en\/falsetas-collection-vol-2-farzad-amirani\/\",\"name\":\"Falsetas collection Vol 2 - Farzad Amirani | STREAMING\",\"isPartOf\":{\"@id\":\"https:\/\/flamencolive.com\/en\/#website\"},\"primaryImageOfPage\":{\"@id\":\"https:\/\/flamencolive.com\/en\/falsetas-collection-vol-2-farzad-amirani\/#primaryimage\"},\"image\":{\"@id\":\"https:\/\/flamencolive.com\/en\/falsetas-collection-vol-2-farzad-amirani\/#primaryimage\"},\"thumbnailUrl\":\"https:\/\/flamencolive.com\/wp-content\/uploads\/2021\/02\/FCollection2_1000.jpg\",\"datePublished\":\"2021-02-11T10:11:35+00:00\",\"dateModified\":\"2021-02-28T00:27:31+00:00\",\"description\":\"Flamenco Live te ofrece el producto \\\"Falsetas collection Vol 2 - Farzad Amirani\\\" al mejor precio. \u00a1Descubre nuestra oferta!\",\"breadcrumb\":{\"@id\":\"https:\/\/flamencolive.com\/en\/falsetas-collection-vol-2-farzad-amirani\/#breadcrumb\"},\"inLanguage\":\"en-US\",\"potentialAction\":[{\"@type\":\"ReadAction\",\"target\":[\"https:\/\/flamencolive.com\/en\/falsetas-collection-vol-2-farzad-amirani\/\"]}]},{\"@type\":\"ImageObject\",\"inLanguage\":\"en-US\",\"@id\":\"https:\/\/flamencolive.com\/en\/falsetas-collection-vol-2-farzad-amirani\/#primaryimage\",\"url\":\"https:\/\/flamencolive.com\/wp-content\/uploads\/2021\/02\/FCollection2_1000.jpg\",\"contentUrl\":\"https:\/\/flamencolive.com\/wp-content\/uploads\/2021\/02\/FCollection2_1000.jpg\",\"width\":1000,\"height\":1416,\"caption\":\"Falsetas collection Vol 2, Farzad Amirani\"},{\"@type\":\"BreadcrumbList\",\"@id\":\"https:\/\/flamencolive.com\/en\/falsetas-collection-vol-2-farzad-amirani\/#breadcrumb\",\"itemListElement\":[{\"@type\":\"ListItem\",\"position\":1,\"name\":\"Portada\",\"item\":\"https:\/\/flamencolive.com\/en\/\"},{\"@type\":\"ListItem\",\"position\":2,\"name\":\"home\",\"item\":\"https:\/\/flamencolive.com\/en\/home\/\"},{\"@type\":\"ListItem\",\"position\":3,\"name\":\"Falsetas collection Vol 2 &#8211; Farzad Amirani\"}]},{\"@type\":\"WebSite\",\"@id\":\"https:\/\/flamencolive.com\/en\/#website\",\"url\":\"https:\/\/flamencolive.com\/en\/\",\"name\":\"Flamenco in STREAMING, videos and Scorebooks\",\"description\":\"Flamenco - Methods and Scorebooks in Streaming\",\"publisher\":{\"@id\":\"https:\/\/flamencolive.com\/en\/#organization\"},\"potentialAction\":[{\"@type\":\"SearchAction\",\"target\":{\"@type\":\"EntryPoint\",\"urlTemplate\":\"https:\/\/flamencolive.com\/en\/?s={search_term_string}\"},\"query-input\":\"required name=search_term_string\"}],\"inLanguage\":\"en-US\"},{\"@type\":\"Organization\",\"@id\":\"https:\/\/flamencolive.com\/en\/#organization\",\"name\":\"flamencolive.com\",\"url\":\"https:\/\/flamencolive.com\/en\/\",\"logo\":{\"@type\":\"ImageObject\",\"inLanguage\":\"en-US\",\"@id\":\"https:\/\/flamencolive.com\/en\/#\/schema\/logo\/image\/\",\"url\":\"https:\/\/flamencolive.com\/wp-content\/uploads\/2020\/09\/logo-vectorial-flamenco-live-500x61-2.png\",\"contentUrl\":\"https:\/\/flamencolive.com\/wp-content\/uploads\/2020\/09\/logo-vectorial-flamenco-live-500x61-2.png\",\"width\":500,\"height\":61,\"caption\":\"flamencolive.com\"},\"image\":{\"@id\":\"https:\/\/flamencolive.com\/en\/#\/schema\/logo\/image\/\"},\"sameAs\":[\"http:\/\/www.facebook.com\/pages\/flamencolivecom\/230064430920\",\"https:\/\/x.com\/flamencolive\",\"https:\/\/www.instagram.com\/flamencolive.oficial\/\",\"http:\/\/www.youtube.com\/user\/rgbartevisual\"]}]}<\/script>\n<!-- \/ Yoast SEO plugin. -->","yoast_head_json":{"title":"Falsetas collection Vol 2 - Farzad Amirani | STREAMING","description":"Flamenco Live te ofrece el producto \"Falsetas collection Vol 2 - Farzad Amirani\" al mejor precio. \u00a1Descubre nuestra oferta!","robots":{"index":"index","follow":"follow","max-snippet":"max-snippet:-1","max-image-preview":"max-image-preview:large","max-video-preview":"max-video-preview:-1"},"canonical":"https:\/\/flamencolive.com\/en\/falsetas-collection-vol-2-farzad-amirani\/","og_locale":"en_US","og_type":"article","og_title":"Falsetas collection Vol 2 - Farzad Amirani | STREAMING","og_description":"Flamenco Live te ofrece el producto \"Falsetas collection Vol 2 - Farzad Amirani\" al mejor precio. \u00a1Descubre nuestra oferta!","og_url":"https:\/\/flamencolive.com\/en\/falsetas-collection-vol-2-farzad-amirani\/","og_site_name":"Flamenco in STREAMING, videos and Scorebooks","article_publisher":"http:\/\/www.facebook.com\/pages\/flamencolivecom\/230064430920","article_modified_time":"2021-02-28T00:27:31+00:00","og_image":[{"width":1000,"height":1416,"url":"https:\/\/flamencolive.com\/wp-content\/uploads\/2021\/02\/FCollection2_1000.jpg","type":"image\/jpeg"}],"twitter_card":"summary_large_image","twitter_site":"@flamencolive","twitter_misc":{"Est. reading time":"1 minute"},"schema":{"@context":"https:\/\/schema.org","@graph":[{"@type":"WebPage","@id":"https:\/\/flamencolive.com\/en\/falsetas-collection-vol-2-farzad-amirani\/","url":"https:\/\/flamencolive.com\/en\/falsetas-collection-vol-2-farzad-amirani\/","name":"Falsetas collection Vol 2 - Farzad Amirani | STREAMING","isPartOf":{"@id":"https:\/\/flamencolive.com\/en\/#website"},"primaryImageOfPage":{"@id":"https:\/\/flamencolive.com\/en\/falsetas-collection-vol-2-farzad-amirani\/#primaryimage"},"image":{"@id":"https:\/\/flamencolive.com\/en\/falsetas-collection-vol-2-farzad-amirani\/#primaryimage"},"thumbnailUrl":"https:\/\/flamencolive.com\/wp-content\/uploads\/2021\/02\/FCollection2_1000.jpg","datePublished":"2021-02-11T10:11:35+00:00","dateModified":"2021-02-28T00:27:31+00:00","description":"Flamenco Live te ofrece el producto \"Falsetas collection Vol 2 - Farzad Amirani\" al mejor precio. \u00a1Descubre nuestra oferta!","breadcrumb":{"@id":"https:\/\/flamencolive.com\/en\/falsetas-collection-vol-2-farzad-amirani\/#breadcrumb"},"inLanguage":"en-US","potentialAction":[{"@type":"ReadAction","target":["https:\/\/flamencolive.com\/en\/falsetas-collection-vol-2-farzad-amirani\/"]}]},{"@type":"ImageObject","inLanguage":"en-US","@id":"https:\/\/flamencolive.com\/en\/falsetas-collection-vol-2-farzad-amirani\/#primaryimage","url":"https:\/\/flamencolive.com\/wp-content\/uploads\/2021\/02\/FCollection2_1000.jpg","contentUrl":"https:\/\/flamencolive.com\/wp-content\/uploads\/2021\/02\/FCollection2_1000.jpg","width":1000,"height":1416,"caption":"Falsetas collection Vol 2, Farzad Amirani"},{"@type":"BreadcrumbList","@id":"https:\/\/flamencolive.com\/en\/falsetas-collection-vol-2-farzad-amirani\/#breadcrumb","itemListElement":[{"@type":"ListItem","position":1,"name":"Portada","item":"https:\/\/flamencolive.com\/en\/"},{"@type":"ListItem","position":2,"name":"home","item":"https:\/\/flamencolive.com\/en\/home\/"},{"@type":"ListItem","position":3,"name":"Falsetas collection Vol 2 &#8211; Farzad Amirani"}]},{"@type":"WebSite","@id":"https:\/\/flamencolive.com\/en\/#website","url":"https:\/\/flamencolive.com\/en\/","name":"Flamenco in STREAMING, videos and Scorebooks","description":"Flamenco - Methods and Scorebooks in Streaming","publisher":{"@id":"https:\/\/flamencolive.com\/en\/#organization"},"potentialAction":[{"@type":"SearchAction","target":{"@type":"EntryPoint","urlTemplate":"https:\/\/flamencolive.com\/en\/?s={search_term_string}"},"query-input":"required name=search_term_string"}],"inLanguage":"en-US"},{"@type":"Organization","@id":"https:\/\/flamencolive.com\/en\/#organization","name":"flamencolive.com","url":"https:\/\/flamencolive.com\/en\/","logo":{"@type":"ImageObject","inLanguage":"en-US","@id":"https:\/\/flamencolive.com\/en\/#\/schema\/logo\/image\/","url":"https:\/\/flamencolive.com\/wp-content\/uploads\/2020\/09\/logo-vectorial-flamenco-live-500x61-2.png","contentUrl":"https:\/\/flamencolive.com\/wp-content\/uploads\/2020\/09\/logo-vectorial-flamenco-live-500x61-2.png","width":500,"height":61,"caption":"flamencolive.com"},"image":{"@id":"https:\/\/flamencolive.com\/en\/#\/schema\/logo\/image\/"},"sameAs":["http:\/\/www.facebook.com\/pages\/flamencolivecom\/230064430920","https:\/\/x.com\/flamencolive","https:\/\/www.instagram.com\/flamencolive.oficial\/","http:\/\/www.youtube.com\/user\/rgbartevisual"]}]}},"_links":{"self":[{"href":"https:\/\/flamencolive.com\/en\/wp-json\/wp\/v2\/product\/32517"}],"collection":[{"href":"https:\/\/flamencolive.com\/en\/wp-json\/wp\/v2\/product"}],"about":[{"href":"https:\/\/flamencolive.com\/en\/wp-json\/wp\/v2\/types\/product"}],"replies":[{"embeddable":true,"href":"https:\/\/flamencolive.com\/en\/wp-json\/wp\/v2\/comments?post=32517"}],"wp:featuredmedia":[{"embeddable":true,"href":"https:\/\/flamencolive.com\/en\/wp-json\/wp\/v2\/media\/32527"}],"wp:attachment":[{"href":"https:\/\/flamencolive.com\/en\/wp-json\/wp\/v2\/media?parent=32517"}],"wp:term":[{"taxonomy":"product_cat","embeddable":true,"href":"https:\/\/flamencolive.com\/en\/wp-json\/wp\/v2\/product_cat?post=32517"},{"taxonomy":"product_tag","embeddable":true,"href":"https:\/\/flamencolive.com\/en\/wp-json\/wp\/v2\/product_tag?post=32517"}],"curies":[{"name":"wp","href":"https:\/\/api.w.org\/{rel}","templated":true}]}}