{"id":32520,"date":"2021-02-11T11:26:38","date_gmt":"2021-02-11T10:26:38","guid":{"rendered":"https:\/\/flamencolive.com\/?post_type=product&#038;p=32520"},"modified":"2024-03-20T17:52:59","modified_gmt":"2024-03-20T16:52:59","slug":"falsetas-collection-pack-farzad-amirani","status":"publish","type":"product","link":"https:\/\/flamencolive.com\/en\/falsetas-collection-pack-farzad-amirani\/","title":{"rendered":"Falsetas collection Pack &#8211; Farzad Amirani"},"content":{"rendered":"<p align=\"left\">Interpreted &#8220;Falsetas&#8221; of: Andr\u00e9s Batista, Antonio Arenas, Carlos G\u00f3mez, Eduardo Rebollar, Enrique de Melchor, Enrique Escudero, Fernando Carranza, Francisco Morales &#8220;El Pulga&#8221;, Jer\u00f3nimo Maya, Jes\u00fas Guerrero, Joaqu\u00edn Amador, Juan Habichuela, Juan Jos\u00e9 Socorro, Juan Serrano, Manolo de Badajoz, Mario Escudero, Miguel Ochando, Ni\u00f1o Ricardo, Paco Cerero, Paco de Lucia, Paco del Gastor, Paco Delgado, Paco Pe\u00f1a, Pedro Pe\u00f1a, Pepe Mart\u00ednez, Pepe Moreno, Rafael Santiago, Ram\u00f3n Montoya, Sabicas<\/p>\n<div align=\"left\">&#8220;Falsetas&#8221; are interpreted at normal speed and also at slow speed to facilitate their learning. In both cases, there are two versions of accompaniment, metronome and &#8220;caj\u00f3n&#8221;.<\/div>\n<div align=\"left\"><\/div>\n<div align=\"center\"><span style=\"color: #ff0000;\">Volume1<br \/>\n<span style=\"color: #000000;\">Malague\u00f1a<\/span><br \/>\n<span style=\"color: #000000;\">Verdiales<\/span><br \/>\n<span style=\"color: #000000;\">Tangos<\/span><br \/>\n<span style=\"color: #000000;\">Farruca<\/span><br \/>\n<span style=\"color: #000000;\">Granaina<\/span><br \/>\n<span style=\"color: #000000;\">Bulerias<\/span><\/span><\/div>\n<div align=\"center\"><\/div>\n<div align=\"center\"><span style=\"color: #ff0000;\">Volume 2<\/span><br \/>\n<span style=\"color: #000000;\">Solea<\/span><br \/>\n<span style=\"color: #000000;\">Fandangos de Huelva<\/span><br \/>\n<span style=\"color: #000000;\">Seguiriyas<\/span><br \/>\n<span style=\"color: #000000;\">Solea por Bulerias<\/span><br \/>\n<span style=\"color: #000000;\">Taranto<\/span><\/div>\n<p align=\"left\">Users will be able to hear the guitar solo, or accompanied by the &#8220;caj\u00f3n&#8221; or metronome, and can practice removing the guitar using the metronome or &#8220;caj\u00f3n&#8221; as the accompanying base. All this at normal and slow speed.<\/p>\n","protected":false},"excerpt":{"rendered":"<p>Interpreted &#8220;Falsetas&#8221; of: Andr\u00e9s Batista, Antonio Arenas, Carlos G\u00f3mez, Eduardo Rebollar, Enrique de Melchor, Enrique Escudero, Fernando Carranza, Francisco Morales &#8220;El Pulga&#8221;, Jer\u00f3nimo Maya, Jes\u00fas Guerrero, Joaqu\u00edn Amador, Juan Habichuela, Juan Jos\u00e9 Socorro, Juan Serrano, Manolo de Badajoz, Mario Escudero, Miguel Ochando, Ni\u00f1o Ricardo, Paco Cerero, Paco de Lucia, Paco del Gastor, Paco Delgado, Paco [&hellip;]<\/p>\n","protected":false},"featured_media":18864,"comment_status":"open","ping_status":"closed","template":"","meta":{"_acf_changed":false,"_et_pb_use_builder":"","_et_pb_old_content":"","_et_gb_content_width":""},"product_cat":[549,546,544,559,93,326,325,94,360,332,123],"product_tag":[],"acf":[],"yoast_head":"<!-- This site is optimized with the Yoast SEO plugin v22.9 - https:\/\/yoast.com\/wordpress\/plugins\/seo\/ -->\n<title>Falsetas collection Pack - Farzad Amirani | STREAMING<\/title>\n<meta name=\"description\" content=\"Flamenco Live te ofrece el producto &quot;Falsetas collection Pack - Farzad Amirani&quot; al mejor precio. \u00a1Descubre nuestra oferta!\" \/>\n<meta name=\"robots\" content=\"index, follow, max-snippet:-1, max-image-preview:large, max-video-preview:-1\" \/>\n<link rel=\"canonical\" href=\"https:\/\/flamencolive.com\/en\/falsetas-collection-pack-farzad-amirani\/\" \/>\n<meta property=\"og:locale\" content=\"en_US\" \/>\n<meta property=\"og:type\" content=\"article\" \/>\n<meta property=\"og:title\" content=\"Falsetas collection Pack - Farzad Amirani | STREAMING\" \/>\n<meta property=\"og:description\" content=\"Flamenco Live te ofrece el producto &quot;Falsetas collection Pack - Farzad Amirani&quot; al mejor precio. \u00a1Descubre nuestra oferta!\" \/>\n<meta property=\"og:url\" content=\"https:\/\/flamencolive.com\/en\/falsetas-collection-pack-farzad-amirani\/\" \/>\n<meta property=\"og:site_name\" content=\"Flamenco in STREAMING, videos and Scorebooks\" \/>\n<meta property=\"article:publisher\" content=\"http:\/\/www.facebook.com\/pages\/flamencolivecom\/230064430920\" \/>\n<meta property=\"article:modified_time\" content=\"2024-03-20T16:52:59+00:00\" \/>\n<meta property=\"og:image\" content=\"https:\/\/flamencolive.com\/wp-content\/uploads\/2020\/11\/Pack-falsetas_1000.jpg\" \/>\n\t<meta property=\"og:image:width\" content=\"1000\" \/>\n\t<meta property=\"og:image:height\" content=\"708\" \/>\n\t<meta property=\"og:image:type\" content=\"image\/jpeg\" \/>\n<meta name=\"twitter:card\" content=\"summary_large_image\" \/>\n<meta name=\"twitter:site\" content=\"@flamencolive\" \/>\n<meta name=\"twitter:label1\" content=\"Est. reading time\" \/>\n\t<meta name=\"twitter:data1\" content=\"1 minute\" \/>\n<script type=\"application\/ld+json\" class=\"yoast-schema-graph\">{\"@context\":\"https:\/\/schema.org\",\"@graph\":[{\"@type\":\"WebPage\",\"@id\":\"https:\/\/flamencolive.com\/en\/falsetas-collection-pack-farzad-amirani\/\",\"url\":\"https:\/\/flamencolive.com\/en\/falsetas-collection-pack-farzad-amirani\/\",\"name\":\"Falsetas collection Pack - Farzad Amirani | STREAMING\",\"isPartOf\":{\"@id\":\"https:\/\/flamencolive.com\/en\/#website\"},\"primaryImageOfPage\":{\"@id\":\"https:\/\/flamencolive.com\/en\/falsetas-collection-pack-farzad-amirani\/#primaryimage\"},\"image\":{\"@id\":\"https:\/\/flamencolive.com\/en\/falsetas-collection-pack-farzad-amirani\/#primaryimage\"},\"thumbnailUrl\":\"https:\/\/flamencolive.com\/wp-content\/uploads\/2020\/11\/Pack-falsetas_1000.jpg\",\"datePublished\":\"2021-02-11T10:26:38+00:00\",\"dateModified\":\"2024-03-20T16:52:59+00:00\",\"description\":\"Flamenco Live te ofrece el producto \\\"Falsetas collection Pack - Farzad Amirani\\\" al mejor precio. \u00a1Descubre nuestra oferta!\",\"breadcrumb\":{\"@id\":\"https:\/\/flamencolive.com\/en\/falsetas-collection-pack-farzad-amirani\/#breadcrumb\"},\"inLanguage\":\"en-US\",\"potentialAction\":[{\"@type\":\"ReadAction\",\"target\":[\"https:\/\/flamencolive.com\/en\/falsetas-collection-pack-farzad-amirani\/\"]}]},{\"@type\":\"ImageObject\",\"inLanguage\":\"en-US\",\"@id\":\"https:\/\/flamencolive.com\/en\/falsetas-collection-pack-farzad-amirani\/#primaryimage\",\"url\":\"https:\/\/flamencolive.com\/wp-content\/uploads\/2020\/11\/Pack-falsetas_1000.jpg\",\"contentUrl\":\"https:\/\/flamencolive.com\/wp-content\/uploads\/2020\/11\/Pack-falsetas_1000.jpg\",\"width\":1000,\"height\":708,\"caption\":\"Falsetas collection Pack\"},{\"@type\":\"BreadcrumbList\",\"@id\":\"https:\/\/flamencolive.com\/en\/falsetas-collection-pack-farzad-amirani\/#breadcrumb\",\"itemListElement\":[{\"@type\":\"ListItem\",\"position\":1,\"name\":\"Portada\",\"item\":\"https:\/\/flamencolive.com\/en\/\"},{\"@type\":\"ListItem\",\"position\":2,\"name\":\"home\",\"item\":\"https:\/\/flamencolive.com\/en\/home\/\"},{\"@type\":\"ListItem\",\"position\":3,\"name\":\"Falsetas collection Pack &#8211; Farzad Amirani\"}]},{\"@type\":\"WebSite\",\"@id\":\"https:\/\/flamencolive.com\/en\/#website\",\"url\":\"https:\/\/flamencolive.com\/en\/\",\"name\":\"Flamenco in STREAMING, videos and Scorebooks\",\"description\":\"Flamenco - Methods and Scorebooks in Streaming\",\"publisher\":{\"@id\":\"https:\/\/flamencolive.com\/en\/#organization\"},\"potentialAction\":[{\"@type\":\"SearchAction\",\"target\":{\"@type\":\"EntryPoint\",\"urlTemplate\":\"https:\/\/flamencolive.com\/en\/?s={search_term_string}\"},\"query-input\":\"required name=search_term_string\"}],\"inLanguage\":\"en-US\"},{\"@type\":\"Organization\",\"@id\":\"https:\/\/flamencolive.com\/en\/#organization\",\"name\":\"flamencolive.com\",\"url\":\"https:\/\/flamencolive.com\/en\/\",\"logo\":{\"@type\":\"ImageObject\",\"inLanguage\":\"en-US\",\"@id\":\"https:\/\/flamencolive.com\/en\/#\/schema\/logo\/image\/\",\"url\":\"https:\/\/flamencolive.com\/wp-content\/uploads\/2020\/09\/logo-vectorial-flamenco-live-500x61-2.png\",\"contentUrl\":\"https:\/\/flamencolive.com\/wp-content\/uploads\/2020\/09\/logo-vectorial-flamenco-live-500x61-2.png\",\"width\":500,\"height\":61,\"caption\":\"flamencolive.com\"},\"image\":{\"@id\":\"https:\/\/flamencolive.com\/en\/#\/schema\/logo\/image\/\"},\"sameAs\":[\"http:\/\/www.facebook.com\/pages\/flamencolivecom\/230064430920\",\"https:\/\/x.com\/flamencolive\",\"https:\/\/www.instagram.com\/flamencolive.oficial\/\",\"http:\/\/www.youtube.com\/user\/rgbartevisual\"]}]}<\/script>\n<!-- \/ Yoast SEO plugin. -->","yoast_head_json":{"title":"Falsetas collection Pack - Farzad Amirani | STREAMING","description":"Flamenco Live te ofrece el producto \"Falsetas collection Pack - Farzad Amirani\" al mejor precio. \u00a1Descubre nuestra oferta!","robots":{"index":"index","follow":"follow","max-snippet":"max-snippet:-1","max-image-preview":"max-image-preview:large","max-video-preview":"max-video-preview:-1"},"canonical":"https:\/\/flamencolive.com\/en\/falsetas-collection-pack-farzad-amirani\/","og_locale":"en_US","og_type":"article","og_title":"Falsetas collection Pack - Farzad Amirani | STREAMING","og_description":"Flamenco Live te ofrece el producto \"Falsetas collection Pack - Farzad Amirani\" al mejor precio. \u00a1Descubre nuestra oferta!","og_url":"https:\/\/flamencolive.com\/en\/falsetas-collection-pack-farzad-amirani\/","og_site_name":"Flamenco in STREAMING, videos and Scorebooks","article_publisher":"http:\/\/www.facebook.com\/pages\/flamencolivecom\/230064430920","article_modified_time":"2024-03-20T16:52:59+00:00","og_image":[{"width":1000,"height":708,"url":"https:\/\/flamencolive.com\/wp-content\/uploads\/2020\/11\/Pack-falsetas_1000.jpg","type":"image\/jpeg"}],"twitter_card":"summary_large_image","twitter_site":"@flamencolive","twitter_misc":{"Est. reading time":"1 minute"},"schema":{"@context":"https:\/\/schema.org","@graph":[{"@type":"WebPage","@id":"https:\/\/flamencolive.com\/en\/falsetas-collection-pack-farzad-amirani\/","url":"https:\/\/flamencolive.com\/en\/falsetas-collection-pack-farzad-amirani\/","name":"Falsetas collection Pack - Farzad Amirani | STREAMING","isPartOf":{"@id":"https:\/\/flamencolive.com\/en\/#website"},"primaryImageOfPage":{"@id":"https:\/\/flamencolive.com\/en\/falsetas-collection-pack-farzad-amirani\/#primaryimage"},"image":{"@id":"https:\/\/flamencolive.com\/en\/falsetas-collection-pack-farzad-amirani\/#primaryimage"},"thumbnailUrl":"https:\/\/flamencolive.com\/wp-content\/uploads\/2020\/11\/Pack-falsetas_1000.jpg","datePublished":"2021-02-11T10:26:38+00:00","dateModified":"2024-03-20T16:52:59+00:00","description":"Flamenco Live te ofrece el producto \"Falsetas collection Pack - Farzad Amirani\" al mejor precio. \u00a1Descubre nuestra oferta!","breadcrumb":{"@id":"https:\/\/flamencolive.com\/en\/falsetas-collection-pack-farzad-amirani\/#breadcrumb"},"inLanguage":"en-US","potentialAction":[{"@type":"ReadAction","target":["https:\/\/flamencolive.com\/en\/falsetas-collection-pack-farzad-amirani\/"]}]},{"@type":"ImageObject","inLanguage":"en-US","@id":"https:\/\/flamencolive.com\/en\/falsetas-collection-pack-farzad-amirani\/#primaryimage","url":"https:\/\/flamencolive.com\/wp-content\/uploads\/2020\/11\/Pack-falsetas_1000.jpg","contentUrl":"https:\/\/flamencolive.com\/wp-content\/uploads\/2020\/11\/Pack-falsetas_1000.jpg","width":1000,"height":708,"caption":"Falsetas collection Pack"},{"@type":"BreadcrumbList","@id":"https:\/\/flamencolive.com\/en\/falsetas-collection-pack-farzad-amirani\/#breadcrumb","itemListElement":[{"@type":"ListItem","position":1,"name":"Portada","item":"https:\/\/flamencolive.com\/en\/"},{"@type":"ListItem","position":2,"name":"home","item":"https:\/\/flamencolive.com\/en\/home\/"},{"@type":"ListItem","position":3,"name":"Falsetas collection Pack &#8211; Farzad Amirani"}]},{"@type":"WebSite","@id":"https:\/\/flamencolive.com\/en\/#website","url":"https:\/\/flamencolive.com\/en\/","name":"Flamenco in STREAMING, videos and Scorebooks","description":"Flamenco - Methods and Scorebooks in Streaming","publisher":{"@id":"https:\/\/flamencolive.com\/en\/#organization"},"potentialAction":[{"@type":"SearchAction","target":{"@type":"EntryPoint","urlTemplate":"https:\/\/flamencolive.com\/en\/?s={search_term_string}"},"query-input":"required name=search_term_string"}],"inLanguage":"en-US"},{"@type":"Organization","@id":"https:\/\/flamencolive.com\/en\/#organization","name":"flamencolive.com","url":"https:\/\/flamencolive.com\/en\/","logo":{"@type":"ImageObject","inLanguage":"en-US","@id":"https:\/\/flamencolive.com\/en\/#\/schema\/logo\/image\/","url":"https:\/\/flamencolive.com\/wp-content\/uploads\/2020\/09\/logo-vectorial-flamenco-live-500x61-2.png","contentUrl":"https:\/\/flamencolive.com\/wp-content\/uploads\/2020\/09\/logo-vectorial-flamenco-live-500x61-2.png","width":500,"height":61,"caption":"flamencolive.com"},"image":{"@id":"https:\/\/flamencolive.com\/en\/#\/schema\/logo\/image\/"},"sameAs":["http:\/\/www.facebook.com\/pages\/flamencolivecom\/230064430920","https:\/\/x.com\/flamencolive","https:\/\/www.instagram.com\/flamencolive.oficial\/","http:\/\/www.youtube.com\/user\/rgbartevisual"]}]}},"_links":{"self":[{"href":"https:\/\/flamencolive.com\/en\/wp-json\/wp\/v2\/product\/32520"}],"collection":[{"href":"https:\/\/flamencolive.com\/en\/wp-json\/wp\/v2\/product"}],"about":[{"href":"https:\/\/flamencolive.com\/en\/wp-json\/wp\/v2\/types\/product"}],"replies":[{"embeddable":true,"href":"https:\/\/flamencolive.com\/en\/wp-json\/wp\/v2\/comments?post=32520"}],"wp:featuredmedia":[{"embeddable":true,"href":"https:\/\/flamencolive.com\/en\/wp-json\/wp\/v2\/media\/18864"}],"wp:attachment":[{"href":"https:\/\/flamencolive.com\/en\/wp-json\/wp\/v2\/media?parent=32520"}],"wp:term":[{"taxonomy":"product_cat","embeddable":true,"href":"https:\/\/flamencolive.com\/en\/wp-json\/wp\/v2\/product_cat?post=32520"},{"taxonomy":"product_tag","embeddable":true,"href":"https:\/\/flamencolive.com\/en\/wp-json\/wp\/v2\/product_tag?post=32520"}],"curies":[{"name":"wp","href":"https:\/\/api.w.org\/{rel}","templated":true}]}}