{"id":34743,"date":"2021-02-24T18:41:54","date_gmt":"2021-02-24T17:41:55","guid":{"rendered":"https:\/\/flamencolive.com\/?post_type=product&#038;p=34743"},"modified":"2025-06-23T12:49:09","modified_gmt":"2025-06-23T10:49:09","slug":"greatest-paco-de-lucias-hits-for-melodic-instruments-vol-1-simon-fernandez","status":"publish","type":"product","link":"https:\/\/flamencolive.com\/en\/greatest-paco-de-lucias-hits-for-melodic-instruments-vol-1-simon-fernandez\/","title":{"rendered":"Greatest Paco de Luc\u00eda\u00b4s hits for Melodic Instruments Vol.1- Sim\u00f3n Fern\u00e1ndez"},"content":{"rendered":"<div>\n<div>Transcription by\u00a0Sim\u00f3n Fern\u00e1ndez.<\/div>\n<div>\n<div><\/div>\n<div>\n<div>This is the first book of the series made by Sim\u00f3n Fern\u00e1ndez, which collects in three volumes part of the great Paco de Luc\u00eda\u00b4s hits.<\/div>\n<div>This is the first Paco de Lucia\u00b4transcription in music score adapted for <strong>Flamenco Flute and Melodic Instruments in C, Bb, Eb, and F Clef.<\/strong><\/div>\n<div>\n<div><\/div>\n<p><\/p>\n<div><span style=\"color: #ff0000;\">Themes included in Volume 1:<\/span><\/div>\n<div style=\"padding-left: 40px;\">El Tempul (<strong>Buler\u00edas<\/strong>)<br \/>\nEntre dos aguas (<strong>Rumba<\/strong>)<br \/>\nPlazuela (<strong>Buler\u00edas<\/strong>)<br \/>\nAires Choqueros (<strong>Fandangos<\/strong>)<br \/>\nCueva del Gato (R<strong>onde\u00f1a, Fandangos<\/strong>)<\/div>\n<\/div>\n<div style=\"padding-left: 40px;\">La Barrosa (<strong>Alegr\u00edas<\/strong>)<\/div>\n<div>\n<table style=\"border-collapse: collapse; width: 648px; height: 376px;\">\n<tbody>\n<tr>\n<td style=\"width: 61.2px;\"><\/td>\n<td style=\"width: 491.6px;\"><iframe loading=\"lazy\" style=\"box-sizing: border-box; max-width: 100%; max-height: 100%; color: #212529; font-family: Arial, Helvetica, sans-serif; font-size: 13.3333px; text-align: center; background-color: #ffffff;\" title=\"YouTube video player\" src=\"https:\/\/www.youtube.com\/embed\/AF9Rj5jkCzE?rel=0\" width=\"694\" height=\"390\" frameborder=\"0\" allowfullscreen=\"allowfullscreen\"><\/iframe><\/td>\n<td style=\"width: 86px;\"><\/td>\n<\/tr>\n<\/tbody>\n<\/table>\n<div>\n<div>When transcribing a polyphonic instrument such as the guitar and adapting it to a monophonic melody, Sim\u00f3n Fern\u00e1ndez synthesizes the notes that form that melody and distinguishes them from those that form the accompaniment.<\/div>\n<div>\n<div><\/div>\n<div>In most of the themes, the melody is given by the individual notes of the guitar, but in some cases, the melody\u00b4s notes are included in a chord, a tremolo or strumming of which you can decipher the sound that predominates in that performance,<\/div>\n<div><\/div>\n<div>In some of the themes, it has been chosen a harmonization as an accompaniment, in this way we can add a flamenco guitar that interprets the chords, a caj\u00f3n, or a bass to form our flamenco quartet and thus be able to fully enjoy these themes.<\/div>\n<div><\/div>\n<\/div>\n<\/div>\n<table style=\"border-collapse: collapse; width: 648px; height: 376px;\">\n<tbody>\n<tr>\n<td style=\"width: 61.2px;\"><\/td>\n<td style=\"width: 491.6px;\"><iframe loading=\"lazy\" style=\"box-sizing: border-box; max-width: 100%; max-height: 100%; color: #212529; font-family: Arial, Helvetica, sans-serif; font-size: 13.3333px; text-align: center; background-color: #ffffff;\" title=\"YouTube video player\" src=\"https:\/\/www.youtube.com\/embed\/F-xg6yEwNVw\" width=\"694\" height=\"390\" frameborder=\"0\" allowfullscreen=\"allowfullscreen\"><\/iframe><\/td>\n<td style=\"width: 86px;\"><\/td>\n<\/tr>\n<\/tbody>\n<\/table>\n<div>\n<div><\/div>\n<div><a href=\"http:\/\/www.flamencolive.com\/libreria\/MELODICOSPL_1_sample.pdf\" target=\"_blank\" rel=\"noopener\">Book example<\/a><\/div>\n<hr \/>\n<hr \/>\n<p style=\"text-align: center;\"><a class=\"enlacetienda\" href=\"https:\/\/www.storemusic-live.eu\/Articulo~x~Greatest-paco-de-lucias-hits-for-melodic-instruments-vol-1-book-simon-fernandez~IDArticulo~1783.html\" target=\"_blank\" rel=\"noopener noreferrer\">PURCHASE and DELIVERY of the product in physical format at storemusic-live.com<\/a><\/p>\n<hr \/>\n<hr \/>\n<\/div>\n<\/div>\n<\/div>\n<\/div>\n<\/div>\n<\/div>\n","protected":false},"excerpt":{"rendered":"<div>\n<div class='et-box et-shadow'>\n\t\t\t\t\t<div class='et-box-content'><ul>\n<li>Score Book &#8211; Paco de Luc\u00eda\u00b4s Great Hits for Melodic Instruments<\/li>\n<li><strong>Sim\u00f3n Fern\u00f1andez <\/strong>Transcription<\/li>\n<li><span style=\"color: #ff0000;\">STREAMING Product. <\/span><\/div><\/div><\/li>\n<\/ul>\n<\/div>\n<div>\n<div>This is the first volume that includes 6 pieces of great importance in the career of Paco de Luc\u00eda for <strong>Flamenco Flute and Melodic Instruments in C, Bb, Eb, and F Clef.<\/strong><\/div>\n<div style=\"text-align: center;\"><\/div>\n<\/div>\n","protected":false},"featured_media":34626,"comment_status":"open","ping_status":"closed","template":"","meta":{"_acf_changed":false,"_et_pb_use_builder":"off","_et_pb_old_content":"","_et_gb_content_width":""},"product_cat":[549,546,544,542,92,104,105,123,97],"product_tag":[],"acf":[],"yoast_head":"<!-- This site is optimized with the Yoast SEO plugin v22.9 - https:\/\/yoast.com\/wordpress\/plugins\/seo\/ -->\n<title>Greatest Paco de Luc\u00eda\u00b4s hits for Melodic Instruments Vol.1- Sim\u00f3n Fern\u00e1ndez | STREAMING<\/title>\n<meta name=\"description\" content=\"Flamenco Live te ofrece el producto &quot;Greatest Paco de Luc\u00eda\u00b4s hits for Melodic Instruments Vol.1- Sim\u00f3n Fern\u00e1ndez&quot; al mejor precio. \u00a1Descubre nuestra oferta!\" \/>\n<meta name=\"robots\" content=\"index, follow, max-snippet:-1, max-image-preview:large, max-video-preview:-1\" \/>\n<link rel=\"canonical\" href=\"https:\/\/flamencolive.com\/en\/greatest-paco-de-lucias-hits-for-melodic-instruments-vol-1-simon-fernandez\/\" \/>\n<meta property=\"og:locale\" content=\"en_US\" \/>\n<meta property=\"og:type\" content=\"article\" \/>\n<meta property=\"og:title\" content=\"Greatest Paco de Luc\u00eda\u00b4s hits for Melodic Instruments Vol.1- Sim\u00f3n Fern\u00e1ndez | STREAMING\" \/>\n<meta property=\"og:description\" content=\"Flamenco Live te ofrece el producto &quot;Greatest Paco de Luc\u00eda\u00b4s hits for Melodic Instruments Vol.1- Sim\u00f3n Fern\u00e1ndez&quot; al mejor precio. \u00a1Descubre nuestra oferta!\" \/>\n<meta property=\"og:url\" content=\"https:\/\/flamencolive.com\/en\/greatest-paco-de-lucias-hits-for-melodic-instruments-vol-1-simon-fernandez\/\" \/>\n<meta property=\"og:site_name\" content=\"Flamenco in STREAMING, videos and Scorebooks\" \/>\n<meta property=\"article:publisher\" content=\"http:\/\/www.facebook.com\/pages\/flamencolivecom\/230064430920\" \/>\n<meta property=\"article:modified_time\" content=\"2025-06-23T10:49:09+00:00\" \/>\n<meta property=\"og:image\" content=\"https:\/\/flamencolive.com\/wp-content\/uploads\/2021\/02\/PACO-MELODICOS-VOL_01-1000-px.jpg\" \/>\n\t<meta property=\"og:image:width\" content=\"1000\" \/>\n\t<meta property=\"og:image:height\" content=\"1415\" \/>\n\t<meta property=\"og:image:type\" content=\"image\/jpeg\" \/>\n<meta name=\"twitter:card\" content=\"summary_large_image\" \/>\n<meta name=\"twitter:site\" content=\"@flamencolive\" \/>\n<meta name=\"twitter:label1\" content=\"Est. reading time\" \/>\n\t<meta name=\"twitter:data1\" content=\"2 minutes\" \/>\n<script type=\"application\/ld+json\" class=\"yoast-schema-graph\">{\"@context\":\"https:\/\/schema.org\",\"@graph\":[{\"@type\":\"WebPage\",\"@id\":\"https:\/\/flamencolive.com\/en\/greatest-paco-de-lucias-hits-for-melodic-instruments-vol-1-simon-fernandez\/\",\"url\":\"https:\/\/flamencolive.com\/en\/greatest-paco-de-lucias-hits-for-melodic-instruments-vol-1-simon-fernandez\/\",\"name\":\"Greatest Paco de Luc\u00eda\u00b4s hits for Melodic Instruments Vol.1- Sim\u00f3n Fern\u00e1ndez | STREAMING\",\"isPartOf\":{\"@id\":\"https:\/\/flamencolive.com\/en\/#website\"},\"primaryImageOfPage\":{\"@id\":\"https:\/\/flamencolive.com\/en\/greatest-paco-de-lucias-hits-for-melodic-instruments-vol-1-simon-fernandez\/#primaryimage\"},\"image\":{\"@id\":\"https:\/\/flamencolive.com\/en\/greatest-paco-de-lucias-hits-for-melodic-instruments-vol-1-simon-fernandez\/#primaryimage\"},\"thumbnailUrl\":\"https:\/\/flamencolive.com\/wp-content\/uploads\/2021\/02\/PACO-MELODICOS-VOL_01-1000-px.jpg\",\"datePublished\":\"2021-02-24T17:41:55+00:00\",\"dateModified\":\"2025-06-23T10:49:09+00:00\",\"description\":\"Flamenco Live te ofrece el producto \\\"Greatest Paco de Luc\u00eda\u00b4s hits for Melodic Instruments Vol.1- Sim\u00f3n Fern\u00e1ndez\\\" al mejor precio. \u00a1Descubre nuestra oferta!\",\"breadcrumb\":{\"@id\":\"https:\/\/flamencolive.com\/en\/greatest-paco-de-lucias-hits-for-melodic-instruments-vol-1-simon-fernandez\/#breadcrumb\"},\"inLanguage\":\"en-US\",\"potentialAction\":[{\"@type\":\"ReadAction\",\"target\":[\"https:\/\/flamencolive.com\/en\/greatest-paco-de-lucias-hits-for-melodic-instruments-vol-1-simon-fernandez\/\"]}]},{\"@type\":\"ImageObject\",\"inLanguage\":\"en-US\",\"@id\":\"https:\/\/flamencolive.com\/en\/greatest-paco-de-lucias-hits-for-melodic-instruments-vol-1-simon-fernandez\/#primaryimage\",\"url\":\"https:\/\/flamencolive.com\/wp-content\/uploads\/2021\/02\/PACO-MELODICOS-VOL_01-1000-px.jpg\",\"contentUrl\":\"https:\/\/flamencolive.com\/wp-content\/uploads\/2021\/02\/PACO-MELODICOS-VOL_01-1000-px.jpg\",\"width\":1000,\"height\":1415,\"caption\":\"Grandes \u00e9xitos de Paco de Luc\u00eda para Instrumentos Mel\u00f3dicos Vol.1 - Sim\u00f3n Fern\u00e1ndez\"},{\"@type\":\"BreadcrumbList\",\"@id\":\"https:\/\/flamencolive.com\/en\/greatest-paco-de-lucias-hits-for-melodic-instruments-vol-1-simon-fernandez\/#breadcrumb\",\"itemListElement\":[{\"@type\":\"ListItem\",\"position\":1,\"name\":\"Portada\",\"item\":\"https:\/\/flamencolive.com\/en\/\"},{\"@type\":\"ListItem\",\"position\":2,\"name\":\"home\",\"item\":\"https:\/\/flamencolive.com\/en\/home\/\"},{\"@type\":\"ListItem\",\"position\":3,\"name\":\"Greatest Paco de Luc\u00eda\u00b4s hits for Melodic Instruments Vol.1- Sim\u00f3n Fern\u00e1ndez\"}]},{\"@type\":\"WebSite\",\"@id\":\"https:\/\/flamencolive.com\/en\/#website\",\"url\":\"https:\/\/flamencolive.com\/en\/\",\"name\":\"Flamenco in STREAMING, videos and Scorebooks\",\"description\":\"Flamenco - Methods and Scorebooks in Streaming\",\"publisher\":{\"@id\":\"https:\/\/flamencolive.com\/en\/#organization\"},\"potentialAction\":[{\"@type\":\"SearchAction\",\"target\":{\"@type\":\"EntryPoint\",\"urlTemplate\":\"https:\/\/flamencolive.com\/en\/?s={search_term_string}\"},\"query-input\":\"required name=search_term_string\"}],\"inLanguage\":\"en-US\"},{\"@type\":\"Organization\",\"@id\":\"https:\/\/flamencolive.com\/en\/#organization\",\"name\":\"flamencolive.com\",\"url\":\"https:\/\/flamencolive.com\/en\/\",\"logo\":{\"@type\":\"ImageObject\",\"inLanguage\":\"en-US\",\"@id\":\"https:\/\/flamencolive.com\/en\/#\/schema\/logo\/image\/\",\"url\":\"https:\/\/flamencolive.com\/wp-content\/uploads\/2020\/09\/logo-vectorial-flamenco-live-500x61-2.png\",\"contentUrl\":\"https:\/\/flamencolive.com\/wp-content\/uploads\/2020\/09\/logo-vectorial-flamenco-live-500x61-2.png\",\"width\":500,\"height\":61,\"caption\":\"flamencolive.com\"},\"image\":{\"@id\":\"https:\/\/flamencolive.com\/en\/#\/schema\/logo\/image\/\"},\"sameAs\":[\"http:\/\/www.facebook.com\/pages\/flamencolivecom\/230064430920\",\"https:\/\/x.com\/flamencolive\",\"https:\/\/www.instagram.com\/flamencolive.oficial\/\",\"http:\/\/www.youtube.com\/user\/rgbartevisual\"]}]}<\/script>\n<!-- \/ Yoast SEO plugin. -->","yoast_head_json":{"title":"Greatest Paco de Luc\u00eda\u00b4s hits for Melodic Instruments Vol.1- Sim\u00f3n Fern\u00e1ndez | STREAMING","description":"Flamenco Live te ofrece el producto \"Greatest Paco de Luc\u00eda\u00b4s hits for Melodic Instruments Vol.1- Sim\u00f3n Fern\u00e1ndez\" al mejor precio. \u00a1Descubre nuestra oferta!","robots":{"index":"index","follow":"follow","max-snippet":"max-snippet:-1","max-image-preview":"max-image-preview:large","max-video-preview":"max-video-preview:-1"},"canonical":"https:\/\/flamencolive.com\/en\/greatest-paco-de-lucias-hits-for-melodic-instruments-vol-1-simon-fernandez\/","og_locale":"en_US","og_type":"article","og_title":"Greatest Paco de Luc\u00eda\u00b4s hits for Melodic Instruments Vol.1- Sim\u00f3n Fern\u00e1ndez | STREAMING","og_description":"Flamenco Live te ofrece el producto \"Greatest Paco de Luc\u00eda\u00b4s hits for Melodic Instruments Vol.1- Sim\u00f3n Fern\u00e1ndez\" al mejor precio. \u00a1Descubre nuestra oferta!","og_url":"https:\/\/flamencolive.com\/en\/greatest-paco-de-lucias-hits-for-melodic-instruments-vol-1-simon-fernandez\/","og_site_name":"Flamenco in STREAMING, videos and Scorebooks","article_publisher":"http:\/\/www.facebook.com\/pages\/flamencolivecom\/230064430920","article_modified_time":"2025-06-23T10:49:09+00:00","og_image":[{"width":1000,"height":1415,"url":"https:\/\/flamencolive.com\/wp-content\/uploads\/2021\/02\/PACO-MELODICOS-VOL_01-1000-px.jpg","type":"image\/jpeg"}],"twitter_card":"summary_large_image","twitter_site":"@flamencolive","twitter_misc":{"Est. reading time":"2 minutes"},"schema":{"@context":"https:\/\/schema.org","@graph":[{"@type":"WebPage","@id":"https:\/\/flamencolive.com\/en\/greatest-paco-de-lucias-hits-for-melodic-instruments-vol-1-simon-fernandez\/","url":"https:\/\/flamencolive.com\/en\/greatest-paco-de-lucias-hits-for-melodic-instruments-vol-1-simon-fernandez\/","name":"Greatest Paco de Luc\u00eda\u00b4s hits for Melodic Instruments Vol.1- Sim\u00f3n Fern\u00e1ndez | STREAMING","isPartOf":{"@id":"https:\/\/flamencolive.com\/en\/#website"},"primaryImageOfPage":{"@id":"https:\/\/flamencolive.com\/en\/greatest-paco-de-lucias-hits-for-melodic-instruments-vol-1-simon-fernandez\/#primaryimage"},"image":{"@id":"https:\/\/flamencolive.com\/en\/greatest-paco-de-lucias-hits-for-melodic-instruments-vol-1-simon-fernandez\/#primaryimage"},"thumbnailUrl":"https:\/\/flamencolive.com\/wp-content\/uploads\/2021\/02\/PACO-MELODICOS-VOL_01-1000-px.jpg","datePublished":"2021-02-24T17:41:55+00:00","dateModified":"2025-06-23T10:49:09+00:00","description":"Flamenco Live te ofrece el producto \"Greatest Paco de Luc\u00eda\u00b4s hits for Melodic Instruments Vol.1- Sim\u00f3n Fern\u00e1ndez\" al mejor precio. \u00a1Descubre nuestra oferta!","breadcrumb":{"@id":"https:\/\/flamencolive.com\/en\/greatest-paco-de-lucias-hits-for-melodic-instruments-vol-1-simon-fernandez\/#breadcrumb"},"inLanguage":"en-US","potentialAction":[{"@type":"ReadAction","target":["https:\/\/flamencolive.com\/en\/greatest-paco-de-lucias-hits-for-melodic-instruments-vol-1-simon-fernandez\/"]}]},{"@type":"ImageObject","inLanguage":"en-US","@id":"https:\/\/flamencolive.com\/en\/greatest-paco-de-lucias-hits-for-melodic-instruments-vol-1-simon-fernandez\/#primaryimage","url":"https:\/\/flamencolive.com\/wp-content\/uploads\/2021\/02\/PACO-MELODICOS-VOL_01-1000-px.jpg","contentUrl":"https:\/\/flamencolive.com\/wp-content\/uploads\/2021\/02\/PACO-MELODICOS-VOL_01-1000-px.jpg","width":1000,"height":1415,"caption":"Grandes \u00e9xitos de Paco de Luc\u00eda para Instrumentos Mel\u00f3dicos Vol.1 - Sim\u00f3n Fern\u00e1ndez"},{"@type":"BreadcrumbList","@id":"https:\/\/flamencolive.com\/en\/greatest-paco-de-lucias-hits-for-melodic-instruments-vol-1-simon-fernandez\/#breadcrumb","itemListElement":[{"@type":"ListItem","position":1,"name":"Portada","item":"https:\/\/flamencolive.com\/en\/"},{"@type":"ListItem","position":2,"name":"home","item":"https:\/\/flamencolive.com\/en\/home\/"},{"@type":"ListItem","position":3,"name":"Greatest Paco de Luc\u00eda\u00b4s hits for Melodic Instruments Vol.1- Sim\u00f3n Fern\u00e1ndez"}]},{"@type":"WebSite","@id":"https:\/\/flamencolive.com\/en\/#website","url":"https:\/\/flamencolive.com\/en\/","name":"Flamenco in STREAMING, videos and Scorebooks","description":"Flamenco - Methods and Scorebooks in Streaming","publisher":{"@id":"https:\/\/flamencolive.com\/en\/#organization"},"potentialAction":[{"@type":"SearchAction","target":{"@type":"EntryPoint","urlTemplate":"https:\/\/flamencolive.com\/en\/?s={search_term_string}"},"query-input":"required name=search_term_string"}],"inLanguage":"en-US"},{"@type":"Organization","@id":"https:\/\/flamencolive.com\/en\/#organization","name":"flamencolive.com","url":"https:\/\/flamencolive.com\/en\/","logo":{"@type":"ImageObject","inLanguage":"en-US","@id":"https:\/\/flamencolive.com\/en\/#\/schema\/logo\/image\/","url":"https:\/\/flamencolive.com\/wp-content\/uploads\/2020\/09\/logo-vectorial-flamenco-live-500x61-2.png","contentUrl":"https:\/\/flamencolive.com\/wp-content\/uploads\/2020\/09\/logo-vectorial-flamenco-live-500x61-2.png","width":500,"height":61,"caption":"flamencolive.com"},"image":{"@id":"https:\/\/flamencolive.com\/en\/#\/schema\/logo\/image\/"},"sameAs":["http:\/\/www.facebook.com\/pages\/flamencolivecom\/230064430920","https:\/\/x.com\/flamencolive","https:\/\/www.instagram.com\/flamencolive.oficial\/","http:\/\/www.youtube.com\/user\/rgbartevisual"]}]}},"_links":{"self":[{"href":"https:\/\/flamencolive.com\/en\/wp-json\/wp\/v2\/product\/34743"}],"collection":[{"href":"https:\/\/flamencolive.com\/en\/wp-json\/wp\/v2\/product"}],"about":[{"href":"https:\/\/flamencolive.com\/en\/wp-json\/wp\/v2\/types\/product"}],"replies":[{"embeddable":true,"href":"https:\/\/flamencolive.com\/en\/wp-json\/wp\/v2\/comments?post=34743"}],"wp:featuredmedia":[{"embeddable":true,"href":"https:\/\/flamencolive.com\/en\/wp-json\/wp\/v2\/media\/34626"}],"wp:attachment":[{"href":"https:\/\/flamencolive.com\/en\/wp-json\/wp\/v2\/media?parent=34743"}],"wp:term":[{"taxonomy":"product_cat","embeddable":true,"href":"https:\/\/flamencolive.com\/en\/wp-json\/wp\/v2\/product_cat?post=34743"},{"taxonomy":"product_tag","embeddable":true,"href":"https:\/\/flamencolive.com\/en\/wp-json\/wp\/v2\/product_tag?post=34743"}],"curies":[{"name":"wp","href":"https:\/\/api.w.org\/{rel}","templated":true}]}}