{"id":35908,"date":"2021-03-14T12:05:59","date_gmt":"2021-03-14T11:05:59","guid":{"rendered":"https:\/\/flamencolive.com\/?post_type=product&#038;p=35908"},"modified":"2024-04-10T12:48:34","modified_gmt":"2024-04-10T10:48:34","slug":"5-flamenco-pieces-for-piano-m-angel-remiro","status":"publish","type":"product","link":"https:\/\/flamencolive.com\/en\/5-flamenco-pieces-for-piano-m-angel-remiro\/","title":{"rendered":"5 flamenco pieces for piano, M. Angel Remiro"},"content":{"rendered":"<div>\n<div>Five flamenco pieces for pianists who, although they know their instrument well, are not familiar with the style of flamenco.<\/div>\n<div>\n<div style=\"padding-left: 40px;\">\n<div style=\"padding-left: 40px;\">\n<div style=\"padding-left: 40px;\">\n<div><\/div>\n<\/div>\n<\/div>\n<div><strong>Themes<\/strong>:<br \/>\nTANGOS<br \/>\nBULER\u00cdA POR SOLE\u00c1<br \/>\nALEGR\u00cdAS<br \/>\nSOLE\u00c1<br \/>\nBULER\u00cdA<\/div>\n<\/div>\n<div><\/div>\n<div>Audios are included<\/div>\n<\/div>\n<\/div>\n<div>\n<div style=\"padding-left: 40px;\">\n<p><a href=\"http:\/\/www.flamencolive.com\/libreria\/muestra_5_piano.pdf\" target=\"_blank\" rel=\"noopener\">Book Sample<\/a><\/p>\n<\/div>\n<\/div>\n<div align=\"left\">\n<hr \/>\n<hr \/>\n<\/div>\n<p style=\"text-align: center;\"><a class=\"enlacetienda\" href=\"https:\/\/www.storemusic-live.eu\/Articulo~x~5-flamenco-pieces-for-piano-by-scores-book-m-angel-remiro~IDArticulo~140.html\" target=\"_blank\" rel=\"noopener noreferrer\">PURCHASE and DELIVERY of the product in physical format at storemusic-live.com<\/a><\/p>\n<hr \/>\n<hr \/>\n<p>&nbsp;<\/p>\n","protected":false},"excerpt":{"rendered":"<div>\n<div class='et-box et-shadow'>\n\t\t\t\t\t<div class='et-box-content'><ul>\n<li>Score Book<\/li>\n<li>5 Flamenco pieces for piano<\/li>\n<li>Audios are included<\/li>\n<li><span style=\"color: #ff0000;\">STREAMING Product<\/span><\/div><\/div><\/li>\n<\/ul>\n<\/div>\n<div>\n<div>\n<p>5 Flamenco pieces for piano: Tangos, Buler\u00eda por Sole\u00e1, Alegr\u00edas, Sole\u00e1, Buler\u00edas<\/p>\n<\/div>\n<div style=\"text-align: center;\"><\/div>\n<\/div>\n","protected":false},"featured_media":35894,"comment_status":"open","ping_status":"closed","template":"","meta":{"_acf_changed":false,"_et_pb_use_builder":"","_et_pb_old_content":"","_et_gb_content_width":""},"product_cat":[549,546,544,769,100,332,123],"product_tag":[],"acf":[],"yoast_head":"<!-- This site is optimized with the Yoast SEO plugin v22.9 - https:\/\/yoast.com\/wordpress\/plugins\/seo\/ -->\n<title>5 flamenco pieces for piano, M. Angel Remiro | STREAMING<\/title>\n<meta name=\"description\" content=\"Flamenco Live te ofrece el producto &quot;5 flamenco pieces for piano, M. Angel Remiro&quot; al mejor precio. \u00a1Descubre nuestra oferta!\" \/>\n<meta name=\"robots\" content=\"index, follow, max-snippet:-1, max-image-preview:large, max-video-preview:-1\" \/>\n<link rel=\"canonical\" href=\"https:\/\/flamencolive.com\/en\/5-flamenco-pieces-for-piano-m-angel-remiro\/\" \/>\n<meta property=\"og:locale\" content=\"en_US\" \/>\n<meta property=\"og:type\" content=\"article\" \/>\n<meta property=\"og:title\" content=\"5 flamenco pieces for piano, M. Angel Remiro | STREAMING\" \/>\n<meta property=\"og:description\" content=\"Flamenco Live te ofrece el producto &quot;5 flamenco pieces for piano, M. Angel Remiro&quot; al mejor precio. \u00a1Descubre nuestra oferta!\" \/>\n<meta property=\"og:url\" content=\"https:\/\/flamencolive.com\/en\/5-flamenco-pieces-for-piano-m-angel-remiro\/\" \/>\n<meta property=\"og:site_name\" content=\"Flamenco in STREAMING, videos and Scorebooks\" \/>\n<meta property=\"article:publisher\" content=\"http:\/\/www.facebook.com\/pages\/flamencolivecom\/230064430920\" \/>\n<meta property=\"article:modified_time\" content=\"2024-04-10T10:48:34+00:00\" \/>\n<meta property=\"og:image\" content=\"https:\/\/flamencolive.com\/wp-content\/uploads\/2021\/03\/5-piezas-piano_1000.jpg\" \/>\n\t<meta property=\"og:image:width\" content=\"1000\" \/>\n\t<meta property=\"og:image:height\" content=\"1441\" \/>\n\t<meta property=\"og:image:type\" content=\"image\/jpeg\" \/>\n<meta name=\"twitter:card\" content=\"summary_large_image\" \/>\n<meta name=\"twitter:site\" content=\"@flamencolive\" \/>\n<meta name=\"twitter:label1\" content=\"Est. reading time\" \/>\n\t<meta name=\"twitter:data1\" content=\"1 minute\" \/>\n<script type=\"application\/ld+json\" class=\"yoast-schema-graph\">{\"@context\":\"https:\/\/schema.org\",\"@graph\":[{\"@type\":\"WebPage\",\"@id\":\"https:\/\/flamencolive.com\/en\/5-flamenco-pieces-for-piano-m-angel-remiro\/\",\"url\":\"https:\/\/flamencolive.com\/en\/5-flamenco-pieces-for-piano-m-angel-remiro\/\",\"name\":\"5 flamenco pieces for piano, M. Angel Remiro | STREAMING\",\"isPartOf\":{\"@id\":\"https:\/\/flamencolive.com\/en\/#website\"},\"primaryImageOfPage\":{\"@id\":\"https:\/\/flamencolive.com\/en\/5-flamenco-pieces-for-piano-m-angel-remiro\/#primaryimage\"},\"image\":{\"@id\":\"https:\/\/flamencolive.com\/en\/5-flamenco-pieces-for-piano-m-angel-remiro\/#primaryimage\"},\"thumbnailUrl\":\"https:\/\/flamencolive.com\/wp-content\/uploads\/2021\/03\/5-piezas-piano_1000.jpg\",\"datePublished\":\"2021-03-14T11:05:59+00:00\",\"dateModified\":\"2024-04-10T10:48:34+00:00\",\"description\":\"Flamenco Live te ofrece el producto \\\"5 flamenco pieces for piano, M. Angel Remiro\\\" al mejor precio. \u00a1Descubre nuestra oferta!\",\"breadcrumb\":{\"@id\":\"https:\/\/flamencolive.com\/en\/5-flamenco-pieces-for-piano-m-angel-remiro\/#breadcrumb\"},\"inLanguage\":\"en-US\",\"potentialAction\":[{\"@type\":\"ReadAction\",\"target\":[\"https:\/\/flamencolive.com\/en\/5-flamenco-pieces-for-piano-m-angel-remiro\/\"]}]},{\"@type\":\"ImageObject\",\"inLanguage\":\"en-US\",\"@id\":\"https:\/\/flamencolive.com\/en\/5-flamenco-pieces-for-piano-m-angel-remiro\/#primaryimage\",\"url\":\"https:\/\/flamencolive.com\/wp-content\/uploads\/2021\/03\/5-piezas-piano_1000.jpg\",\"contentUrl\":\"https:\/\/flamencolive.com\/wp-content\/uploads\/2021\/03\/5-piezas-piano_1000.jpg\",\"width\":1000,\"height\":1441,\"caption\":\"5 piezas flamencas para piano, M. Angel Remiro\"},{\"@type\":\"BreadcrumbList\",\"@id\":\"https:\/\/flamencolive.com\/en\/5-flamenco-pieces-for-piano-m-angel-remiro\/#breadcrumb\",\"itemListElement\":[{\"@type\":\"ListItem\",\"position\":1,\"name\":\"Portada\",\"item\":\"https:\/\/flamencolive.com\/en\/\"},{\"@type\":\"ListItem\",\"position\":2,\"name\":\"home\",\"item\":\"https:\/\/flamencolive.com\/en\/home\/\"},{\"@type\":\"ListItem\",\"position\":3,\"name\":\"5 flamenco pieces for piano, M. Angel Remiro\"}]},{\"@type\":\"WebSite\",\"@id\":\"https:\/\/flamencolive.com\/en\/#website\",\"url\":\"https:\/\/flamencolive.com\/en\/\",\"name\":\"Flamenco in STREAMING, videos and Scorebooks\",\"description\":\"Flamenco - Methods and Scorebooks in Streaming\",\"publisher\":{\"@id\":\"https:\/\/flamencolive.com\/en\/#organization\"},\"potentialAction\":[{\"@type\":\"SearchAction\",\"target\":{\"@type\":\"EntryPoint\",\"urlTemplate\":\"https:\/\/flamencolive.com\/en\/?s={search_term_string}\"},\"query-input\":\"required name=search_term_string\"}],\"inLanguage\":\"en-US\"},{\"@type\":\"Organization\",\"@id\":\"https:\/\/flamencolive.com\/en\/#organization\",\"name\":\"flamencolive.com\",\"url\":\"https:\/\/flamencolive.com\/en\/\",\"logo\":{\"@type\":\"ImageObject\",\"inLanguage\":\"en-US\",\"@id\":\"https:\/\/flamencolive.com\/en\/#\/schema\/logo\/image\/\",\"url\":\"https:\/\/flamencolive.com\/wp-content\/uploads\/2020\/09\/logo-vectorial-flamenco-live-500x61-2.png\",\"contentUrl\":\"https:\/\/flamencolive.com\/wp-content\/uploads\/2020\/09\/logo-vectorial-flamenco-live-500x61-2.png\",\"width\":500,\"height\":61,\"caption\":\"flamencolive.com\"},\"image\":{\"@id\":\"https:\/\/flamencolive.com\/en\/#\/schema\/logo\/image\/\"},\"sameAs\":[\"http:\/\/www.facebook.com\/pages\/flamencolivecom\/230064430920\",\"https:\/\/x.com\/flamencolive\",\"https:\/\/www.instagram.com\/flamencolive.oficial\/\",\"http:\/\/www.youtube.com\/user\/rgbartevisual\"]}]}<\/script>\n<!-- \/ Yoast SEO plugin. -->","yoast_head_json":{"title":"5 flamenco pieces for piano, M. Angel Remiro | STREAMING","description":"Flamenco Live te ofrece el producto \"5 flamenco pieces for piano, M. Angel Remiro\" al mejor precio. \u00a1Descubre nuestra oferta!","robots":{"index":"index","follow":"follow","max-snippet":"max-snippet:-1","max-image-preview":"max-image-preview:large","max-video-preview":"max-video-preview:-1"},"canonical":"https:\/\/flamencolive.com\/en\/5-flamenco-pieces-for-piano-m-angel-remiro\/","og_locale":"en_US","og_type":"article","og_title":"5 flamenco pieces for piano, M. Angel Remiro | STREAMING","og_description":"Flamenco Live te ofrece el producto \"5 flamenco pieces for piano, M. Angel Remiro\" al mejor precio. \u00a1Descubre nuestra oferta!","og_url":"https:\/\/flamencolive.com\/en\/5-flamenco-pieces-for-piano-m-angel-remiro\/","og_site_name":"Flamenco in STREAMING, videos and Scorebooks","article_publisher":"http:\/\/www.facebook.com\/pages\/flamencolivecom\/230064430920","article_modified_time":"2024-04-10T10:48:34+00:00","og_image":[{"width":1000,"height":1441,"url":"https:\/\/flamencolive.com\/wp-content\/uploads\/2021\/03\/5-piezas-piano_1000.jpg","type":"image\/jpeg"}],"twitter_card":"summary_large_image","twitter_site":"@flamencolive","twitter_misc":{"Est. reading time":"1 minute"},"schema":{"@context":"https:\/\/schema.org","@graph":[{"@type":"WebPage","@id":"https:\/\/flamencolive.com\/en\/5-flamenco-pieces-for-piano-m-angel-remiro\/","url":"https:\/\/flamencolive.com\/en\/5-flamenco-pieces-for-piano-m-angel-remiro\/","name":"5 flamenco pieces for piano, M. Angel Remiro | STREAMING","isPartOf":{"@id":"https:\/\/flamencolive.com\/en\/#website"},"primaryImageOfPage":{"@id":"https:\/\/flamencolive.com\/en\/5-flamenco-pieces-for-piano-m-angel-remiro\/#primaryimage"},"image":{"@id":"https:\/\/flamencolive.com\/en\/5-flamenco-pieces-for-piano-m-angel-remiro\/#primaryimage"},"thumbnailUrl":"https:\/\/flamencolive.com\/wp-content\/uploads\/2021\/03\/5-piezas-piano_1000.jpg","datePublished":"2021-03-14T11:05:59+00:00","dateModified":"2024-04-10T10:48:34+00:00","description":"Flamenco Live te ofrece el producto \"5 flamenco pieces for piano, M. Angel Remiro\" al mejor precio. \u00a1Descubre nuestra oferta!","breadcrumb":{"@id":"https:\/\/flamencolive.com\/en\/5-flamenco-pieces-for-piano-m-angel-remiro\/#breadcrumb"},"inLanguage":"en-US","potentialAction":[{"@type":"ReadAction","target":["https:\/\/flamencolive.com\/en\/5-flamenco-pieces-for-piano-m-angel-remiro\/"]}]},{"@type":"ImageObject","inLanguage":"en-US","@id":"https:\/\/flamencolive.com\/en\/5-flamenco-pieces-for-piano-m-angel-remiro\/#primaryimage","url":"https:\/\/flamencolive.com\/wp-content\/uploads\/2021\/03\/5-piezas-piano_1000.jpg","contentUrl":"https:\/\/flamencolive.com\/wp-content\/uploads\/2021\/03\/5-piezas-piano_1000.jpg","width":1000,"height":1441,"caption":"5 piezas flamencas para piano, M. Angel Remiro"},{"@type":"BreadcrumbList","@id":"https:\/\/flamencolive.com\/en\/5-flamenco-pieces-for-piano-m-angel-remiro\/#breadcrumb","itemListElement":[{"@type":"ListItem","position":1,"name":"Portada","item":"https:\/\/flamencolive.com\/en\/"},{"@type":"ListItem","position":2,"name":"home","item":"https:\/\/flamencolive.com\/en\/home\/"},{"@type":"ListItem","position":3,"name":"5 flamenco pieces for piano, M. Angel Remiro"}]},{"@type":"WebSite","@id":"https:\/\/flamencolive.com\/en\/#website","url":"https:\/\/flamencolive.com\/en\/","name":"Flamenco in STREAMING, videos and Scorebooks","description":"Flamenco - Methods and Scorebooks in Streaming","publisher":{"@id":"https:\/\/flamencolive.com\/en\/#organization"},"potentialAction":[{"@type":"SearchAction","target":{"@type":"EntryPoint","urlTemplate":"https:\/\/flamencolive.com\/en\/?s={search_term_string}"},"query-input":"required name=search_term_string"}],"inLanguage":"en-US"},{"@type":"Organization","@id":"https:\/\/flamencolive.com\/en\/#organization","name":"flamencolive.com","url":"https:\/\/flamencolive.com\/en\/","logo":{"@type":"ImageObject","inLanguage":"en-US","@id":"https:\/\/flamencolive.com\/en\/#\/schema\/logo\/image\/","url":"https:\/\/flamencolive.com\/wp-content\/uploads\/2020\/09\/logo-vectorial-flamenco-live-500x61-2.png","contentUrl":"https:\/\/flamencolive.com\/wp-content\/uploads\/2020\/09\/logo-vectorial-flamenco-live-500x61-2.png","width":500,"height":61,"caption":"flamencolive.com"},"image":{"@id":"https:\/\/flamencolive.com\/en\/#\/schema\/logo\/image\/"},"sameAs":["http:\/\/www.facebook.com\/pages\/flamencolivecom\/230064430920","https:\/\/x.com\/flamencolive","https:\/\/www.instagram.com\/flamencolive.oficial\/","http:\/\/www.youtube.com\/user\/rgbartevisual"]}]}},"_links":{"self":[{"href":"https:\/\/flamencolive.com\/en\/wp-json\/wp\/v2\/product\/35908"}],"collection":[{"href":"https:\/\/flamencolive.com\/en\/wp-json\/wp\/v2\/product"}],"about":[{"href":"https:\/\/flamencolive.com\/en\/wp-json\/wp\/v2\/types\/product"}],"replies":[{"embeddable":true,"href":"https:\/\/flamencolive.com\/en\/wp-json\/wp\/v2\/comments?post=35908"}],"wp:featuredmedia":[{"embeddable":true,"href":"https:\/\/flamencolive.com\/en\/wp-json\/wp\/v2\/media\/35894"}],"wp:attachment":[{"href":"https:\/\/flamencolive.com\/en\/wp-json\/wp\/v2\/media?parent=35908"}],"wp:term":[{"taxonomy":"product_cat","embeddable":true,"href":"https:\/\/flamencolive.com\/en\/wp-json\/wp\/v2\/product_cat?post=35908"},{"taxonomy":"product_tag","embeddable":true,"href":"https:\/\/flamencolive.com\/en\/wp-json\/wp\/v2\/product_tag?post=35908"}],"curies":[{"name":"wp","href":"https:\/\/api.w.org\/{rel}","templated":true}]}}