{"id":36830,"date":"2021-03-22T13:03:09","date_gmt":"2021-03-22T12:03:09","guid":{"rendered":"https:\/\/flamencolive.com\/?post_type=product&#038;p=36830"},"modified":"2021-03-22T13:22:05","modified_gmt":"2021-03-22T12:22:05","slug":"flamenco-rhythm-singing-method-curro-cueto","status":"publish","type":"product","link":"https:\/\/flamencolive.com\/en\/flamenco-rhythm-singing-method-curro-cueto\/","title":{"rendered":"Flamenco rhythm &#038; singing method , Curro Cueto"},"content":{"rendered":"<div>Spanish, English, French, German and Japanese<\/div>\n<div><\/div>\n<div>This book\/Audio isn&#8217;t only for those who want to learn flamenco singing; it&#8217;s also for guitarists who want to accompany singing and who therefore must know flamenco songs. And since it consists of rhythmic exercises, it&#8217;s also of great interest to percussionists. And of course for all those who want to understand singing and flamenco rhythms.<\/div>\n<p>Through 58 rhythmic exercises based on hands beating the legs, palms, and foot, and in some cases supported by vocals sounds, students (with the practice) will familiarize with the Flamenco rhythm.<\/p>\n<p>Regarding the singing, there are exercises that will allow warming and to know the voice of the student, and preparatory exercises for different flamenco styles as well. Also included 6 themes interpreted with singing and without singing, and then students can put the voice.<\/p>\n<p>With this book are studied different flamenco rhythms, which can be divided into different regions.<\/p>\n<p style=\"padding-left: 80px;\">Region 1 &#8211; Canti\u00f1as Alegr\u00edas, Caracoles, Mirabr\u00e1s, etc.<br \/>\nRegion 2 &#8211; Sole\u00e1 de Alcal\u00e1, de Triana, Sole\u00e1 por Buler\u00edas, etc.<br \/>\nRegion 3 &#8211; Buler\u00edas de Jerez, de Lebrija, Jaleos, etc.<br \/>\nRegion 4 &#8211; Tangos de Granada, Extreme\u00f1os, Tientos, etc.<br \/>\nRegion 5 &#8211; Fragua Deblas, Ton\u00e1, Martinete, Seguirillas, Cabales, etc.<\/p>\n<div>Original idea:\u00a0Curro Cueto\u00a0y\u00a0Jos\u00e9 Manuel Montoya<br \/>\nClapping and Singing: Curro Cueto<br \/>\nGuitar: Jos\u00e9 Manuel Montoya<\/div>\n<div>\n<div>\n<p><a href=\"http:\/\/www.flamencolive.com\/libreria\/track16.pdf\" target=\"_blank\" rel=\"noopener\">Book example<\/a><\/p>\n<\/div>\n<\/div>\n<hr \/>\n<hr \/>\n<p style=\"text-align: center;\"><a class=\"enlacetienda\" href=\"https:\/\/www.storemusic-live.eu\/Articulo~x~Flamenco-rhythm-singing-method-book-cd-by-curro-cueto~IDArticulo~48.html\" target=\"_blank\" rel=\"noopener noreferrer\">PURCHASE and DELIVERY of the product in physical format at storemusic-live.com<\/a><\/p>\n<hr \/>\n<hr \/>\n","protected":false},"excerpt":{"rendered":"<div>\n<div class='et-box et-shadow'>\n\t\t\t\t\t<div class='et-box-content'><ul>\n<li>Singing &#8220;cante&#8221; method with exercises, and themes to practice with voice and without voice<\/li>\n<li>The comp\u00e1s, Alegr\u00edas, Sole\u00e1 por Buler\u00edas, Sole\u00e1, Bule\u00edas, Tangos, Seguirillas<\/li>\n<li><span style=\"color: #ff0000;\">STREAMING Product. <\/span><\/div><\/div><\/li>\n<\/ul>\n<\/div>\n<div>\n<div>Aimed at those who want to learn to sing flamenco, the guitarist who has to accompany, and the percussionist, since they are rhythmic exercises.<\/div>\n<div style=\"text-align: center;\"><\/div>\n<\/div>\n","protected":false},"featured_media":36821,"comment_status":"open","ping_status":"closed","template":"","meta":{"_acf_changed":false,"_et_pb_use_builder":"off","_et_pb_old_content":"","_et_gb_content_width":""},"product_cat":[546,545,541,548,544,542,592,92,360,332,123,97],"product_tag":[],"acf":[],"yoast_head":"<!-- This site is optimized with the Yoast SEO plugin v22.9 - https:\/\/yoast.com\/wordpress\/plugins\/seo\/ -->\n<title>Flamenco rhythm &amp; singing method , Curro Cueto | STREAMING<\/title>\n<meta name=\"description\" content=\"Flamenco Live te ofrece el producto &quot;Flamenco rhythm &amp; singing method , Curro Cueto&quot; al mejor precio. \u00a1Descubre nuestra oferta!\" \/>\n<meta name=\"robots\" content=\"index, follow, max-snippet:-1, max-image-preview:large, max-video-preview:-1\" \/>\n<link rel=\"canonical\" href=\"https:\/\/flamencolive.com\/en\/flamenco-rhythm-singing-method-curro-cueto\/\" \/>\n<meta property=\"og:locale\" content=\"en_US\" \/>\n<meta property=\"og:type\" content=\"article\" \/>\n<meta property=\"og:title\" content=\"Flamenco rhythm &amp; singing method , Curro Cueto | STREAMING\" \/>\n<meta property=\"og:description\" content=\"Flamenco Live te ofrece el producto &quot;Flamenco rhythm &amp; singing method , Curro Cueto&quot; al mejor precio. \u00a1Descubre nuestra oferta!\" \/>\n<meta property=\"og:url\" content=\"https:\/\/flamencolive.com\/en\/flamenco-rhythm-singing-method-curro-cueto\/\" \/>\n<meta property=\"og:site_name\" content=\"Flamenco in STREAMING, videos and Scorebooks\" \/>\n<meta property=\"article:publisher\" content=\"http:\/\/www.facebook.com\/pages\/flamencolivecom\/230064430920\" \/>\n<meta property=\"article:modified_time\" content=\"2021-03-22T12:22:05+00:00\" \/>\n<meta property=\"og:image\" content=\"https:\/\/flamencolive.com\/wp-content\/uploads\/2021\/03\/cueto_1000.jpg\" \/>\n\t<meta property=\"og:image:width\" content=\"1000\" \/>\n\t<meta property=\"og:image:height\" content=\"924\" \/>\n\t<meta property=\"og:image:type\" content=\"image\/jpeg\" \/>\n<meta name=\"twitter:card\" content=\"summary_large_image\" \/>\n<meta name=\"twitter:site\" content=\"@flamencolive\" \/>\n<meta name=\"twitter:label1\" content=\"Est. reading time\" \/>\n\t<meta name=\"twitter:data1\" content=\"1 minute\" \/>\n<script type=\"application\/ld+json\" class=\"yoast-schema-graph\">{\"@context\":\"https:\/\/schema.org\",\"@graph\":[{\"@type\":\"WebPage\",\"@id\":\"https:\/\/flamencolive.com\/en\/flamenco-rhythm-singing-method-curro-cueto\/\",\"url\":\"https:\/\/flamencolive.com\/en\/flamenco-rhythm-singing-method-curro-cueto\/\",\"name\":\"Flamenco rhythm & singing method , Curro Cueto | STREAMING\",\"isPartOf\":{\"@id\":\"https:\/\/flamencolive.com\/en\/#website\"},\"primaryImageOfPage\":{\"@id\":\"https:\/\/flamencolive.com\/en\/flamenco-rhythm-singing-method-curro-cueto\/#primaryimage\"},\"image\":{\"@id\":\"https:\/\/flamencolive.com\/en\/flamenco-rhythm-singing-method-curro-cueto\/#primaryimage\"},\"thumbnailUrl\":\"https:\/\/flamencolive.com\/wp-content\/uploads\/2021\/03\/cueto_1000.jpg\",\"datePublished\":\"2021-03-22T12:03:09+00:00\",\"dateModified\":\"2021-03-22T12:22:05+00:00\",\"description\":\"Flamenco Live te ofrece el producto \\\"Flamenco rhythm & singing method , Curro Cueto\\\" al mejor precio. \u00a1Descubre nuestra oferta!\",\"breadcrumb\":{\"@id\":\"https:\/\/flamencolive.com\/en\/flamenco-rhythm-singing-method-curro-cueto\/#breadcrumb\"},\"inLanguage\":\"en-US\",\"potentialAction\":[{\"@type\":\"ReadAction\",\"target\":[\"https:\/\/flamencolive.com\/en\/flamenco-rhythm-singing-method-curro-cueto\/\"]}]},{\"@type\":\"ImageObject\",\"inLanguage\":\"en-US\",\"@id\":\"https:\/\/flamencolive.com\/en\/flamenco-rhythm-singing-method-curro-cueto\/#primaryimage\",\"url\":\"https:\/\/flamencolive.com\/wp-content\/uploads\/2021\/03\/cueto_1000.jpg\",\"contentUrl\":\"https:\/\/flamencolive.com\/wp-content\/uploads\/2021\/03\/cueto_1000.jpg\",\"width\":1000,\"height\":924,\"caption\":\"El M\u00e9todo de cante y ritmo flamenco, Curro Cueto\"},{\"@type\":\"BreadcrumbList\",\"@id\":\"https:\/\/flamencolive.com\/en\/flamenco-rhythm-singing-method-curro-cueto\/#breadcrumb\",\"itemListElement\":[{\"@type\":\"ListItem\",\"position\":1,\"name\":\"Portada\",\"item\":\"https:\/\/flamencolive.com\/en\/\"},{\"@type\":\"ListItem\",\"position\":2,\"name\":\"home\",\"item\":\"https:\/\/flamencolive.com\/en\/home\/\"},{\"@type\":\"ListItem\",\"position\":3,\"name\":\"Flamenco rhythm &#038; singing method , Curro Cueto\"}]},{\"@type\":\"WebSite\",\"@id\":\"https:\/\/flamencolive.com\/en\/#website\",\"url\":\"https:\/\/flamencolive.com\/en\/\",\"name\":\"Flamenco in STREAMING, videos and Scorebooks\",\"description\":\"Flamenco - Methods and Scorebooks in Streaming\",\"publisher\":{\"@id\":\"https:\/\/flamencolive.com\/en\/#organization\"},\"potentialAction\":[{\"@type\":\"SearchAction\",\"target\":{\"@type\":\"EntryPoint\",\"urlTemplate\":\"https:\/\/flamencolive.com\/en\/?s={search_term_string}\"},\"query-input\":\"required name=search_term_string\"}],\"inLanguage\":\"en-US\"},{\"@type\":\"Organization\",\"@id\":\"https:\/\/flamencolive.com\/en\/#organization\",\"name\":\"flamencolive.com\",\"url\":\"https:\/\/flamencolive.com\/en\/\",\"logo\":{\"@type\":\"ImageObject\",\"inLanguage\":\"en-US\",\"@id\":\"https:\/\/flamencolive.com\/en\/#\/schema\/logo\/image\/\",\"url\":\"https:\/\/flamencolive.com\/wp-content\/uploads\/2020\/09\/logo-vectorial-flamenco-live-500x61-2.png\",\"contentUrl\":\"https:\/\/flamencolive.com\/wp-content\/uploads\/2020\/09\/logo-vectorial-flamenco-live-500x61-2.png\",\"width\":500,\"height\":61,\"caption\":\"flamencolive.com\"},\"image\":{\"@id\":\"https:\/\/flamencolive.com\/en\/#\/schema\/logo\/image\/\"},\"sameAs\":[\"http:\/\/www.facebook.com\/pages\/flamencolivecom\/230064430920\",\"https:\/\/x.com\/flamencolive\",\"https:\/\/www.instagram.com\/flamencolive.oficial\/\",\"http:\/\/www.youtube.com\/user\/rgbartevisual\"]}]}<\/script>\n<!-- \/ Yoast SEO plugin. -->","yoast_head_json":{"title":"Flamenco rhythm & singing method , Curro Cueto | STREAMING","description":"Flamenco Live te ofrece el producto \"Flamenco rhythm & singing method , Curro Cueto\" al mejor precio. \u00a1Descubre nuestra oferta!","robots":{"index":"index","follow":"follow","max-snippet":"max-snippet:-1","max-image-preview":"max-image-preview:large","max-video-preview":"max-video-preview:-1"},"canonical":"https:\/\/flamencolive.com\/en\/flamenco-rhythm-singing-method-curro-cueto\/","og_locale":"en_US","og_type":"article","og_title":"Flamenco rhythm & singing method , Curro Cueto | STREAMING","og_description":"Flamenco Live te ofrece el producto \"Flamenco rhythm & singing method , Curro Cueto\" al mejor precio. \u00a1Descubre nuestra oferta!","og_url":"https:\/\/flamencolive.com\/en\/flamenco-rhythm-singing-method-curro-cueto\/","og_site_name":"Flamenco in STREAMING, videos and Scorebooks","article_publisher":"http:\/\/www.facebook.com\/pages\/flamencolivecom\/230064430920","article_modified_time":"2021-03-22T12:22:05+00:00","og_image":[{"width":1000,"height":924,"url":"https:\/\/flamencolive.com\/wp-content\/uploads\/2021\/03\/cueto_1000.jpg","type":"image\/jpeg"}],"twitter_card":"summary_large_image","twitter_site":"@flamencolive","twitter_misc":{"Est. reading time":"1 minute"},"schema":{"@context":"https:\/\/schema.org","@graph":[{"@type":"WebPage","@id":"https:\/\/flamencolive.com\/en\/flamenco-rhythm-singing-method-curro-cueto\/","url":"https:\/\/flamencolive.com\/en\/flamenco-rhythm-singing-method-curro-cueto\/","name":"Flamenco rhythm & singing method , Curro Cueto | STREAMING","isPartOf":{"@id":"https:\/\/flamencolive.com\/en\/#website"},"primaryImageOfPage":{"@id":"https:\/\/flamencolive.com\/en\/flamenco-rhythm-singing-method-curro-cueto\/#primaryimage"},"image":{"@id":"https:\/\/flamencolive.com\/en\/flamenco-rhythm-singing-method-curro-cueto\/#primaryimage"},"thumbnailUrl":"https:\/\/flamencolive.com\/wp-content\/uploads\/2021\/03\/cueto_1000.jpg","datePublished":"2021-03-22T12:03:09+00:00","dateModified":"2021-03-22T12:22:05+00:00","description":"Flamenco Live te ofrece el producto \"Flamenco rhythm & singing method , Curro Cueto\" al mejor precio. \u00a1Descubre nuestra oferta!","breadcrumb":{"@id":"https:\/\/flamencolive.com\/en\/flamenco-rhythm-singing-method-curro-cueto\/#breadcrumb"},"inLanguage":"en-US","potentialAction":[{"@type":"ReadAction","target":["https:\/\/flamencolive.com\/en\/flamenco-rhythm-singing-method-curro-cueto\/"]}]},{"@type":"ImageObject","inLanguage":"en-US","@id":"https:\/\/flamencolive.com\/en\/flamenco-rhythm-singing-method-curro-cueto\/#primaryimage","url":"https:\/\/flamencolive.com\/wp-content\/uploads\/2021\/03\/cueto_1000.jpg","contentUrl":"https:\/\/flamencolive.com\/wp-content\/uploads\/2021\/03\/cueto_1000.jpg","width":1000,"height":924,"caption":"El M\u00e9todo de cante y ritmo flamenco, Curro Cueto"},{"@type":"BreadcrumbList","@id":"https:\/\/flamencolive.com\/en\/flamenco-rhythm-singing-method-curro-cueto\/#breadcrumb","itemListElement":[{"@type":"ListItem","position":1,"name":"Portada","item":"https:\/\/flamencolive.com\/en\/"},{"@type":"ListItem","position":2,"name":"home","item":"https:\/\/flamencolive.com\/en\/home\/"},{"@type":"ListItem","position":3,"name":"Flamenco rhythm &#038; singing method , Curro Cueto"}]},{"@type":"WebSite","@id":"https:\/\/flamencolive.com\/en\/#website","url":"https:\/\/flamencolive.com\/en\/","name":"Flamenco in STREAMING, videos and Scorebooks","description":"Flamenco - Methods and Scorebooks in Streaming","publisher":{"@id":"https:\/\/flamencolive.com\/en\/#organization"},"potentialAction":[{"@type":"SearchAction","target":{"@type":"EntryPoint","urlTemplate":"https:\/\/flamencolive.com\/en\/?s={search_term_string}"},"query-input":"required name=search_term_string"}],"inLanguage":"en-US"},{"@type":"Organization","@id":"https:\/\/flamencolive.com\/en\/#organization","name":"flamencolive.com","url":"https:\/\/flamencolive.com\/en\/","logo":{"@type":"ImageObject","inLanguage":"en-US","@id":"https:\/\/flamencolive.com\/en\/#\/schema\/logo\/image\/","url":"https:\/\/flamencolive.com\/wp-content\/uploads\/2020\/09\/logo-vectorial-flamenco-live-500x61-2.png","contentUrl":"https:\/\/flamencolive.com\/wp-content\/uploads\/2020\/09\/logo-vectorial-flamenco-live-500x61-2.png","width":500,"height":61,"caption":"flamencolive.com"},"image":{"@id":"https:\/\/flamencolive.com\/en\/#\/schema\/logo\/image\/"},"sameAs":["http:\/\/www.facebook.com\/pages\/flamencolivecom\/230064430920","https:\/\/x.com\/flamencolive","https:\/\/www.instagram.com\/flamencolive.oficial\/","http:\/\/www.youtube.com\/user\/rgbartevisual"]}]}},"_links":{"self":[{"href":"https:\/\/flamencolive.com\/en\/wp-json\/wp\/v2\/product\/36830"}],"collection":[{"href":"https:\/\/flamencolive.com\/en\/wp-json\/wp\/v2\/product"}],"about":[{"href":"https:\/\/flamencolive.com\/en\/wp-json\/wp\/v2\/types\/product"}],"replies":[{"embeddable":true,"href":"https:\/\/flamencolive.com\/en\/wp-json\/wp\/v2\/comments?post=36830"}],"wp:featuredmedia":[{"embeddable":true,"href":"https:\/\/flamencolive.com\/en\/wp-json\/wp\/v2\/media\/36821"}],"wp:attachment":[{"href":"https:\/\/flamencolive.com\/en\/wp-json\/wp\/v2\/media?parent=36830"}],"wp:term":[{"taxonomy":"product_cat","embeddable":true,"href":"https:\/\/flamencolive.com\/en\/wp-json\/wp\/v2\/product_cat?post=36830"},{"taxonomy":"product_tag","embeddable":true,"href":"https:\/\/flamencolive.com\/en\/wp-json\/wp\/v2\/product_tag?post=36830"}],"curies":[{"name":"wp","href":"https:\/\/api.w.org\/{rel}","templated":true}]}}