{"id":39225,"date":"2021-04-13T18:49:22","date_gmt":"2021-04-13T16:49:23","guid":{"rendered":"https:\/\/flamencolive.com\/?post_type=product&#038;p=39225"},"modified":"2024-03-17T12:47:16","modified_gmt":"2024-03-17T11:47:16","slug":"musical-history-of-flamenco-maria-jesus-castro","status":"publish","type":"product","link":"https:\/\/flamencolive.com\/en\/musical-history-of-flamenco-maria-jesus-castro\/","title":{"rendered":"Musical History of Flamenco &#8211; Mar\u00eda Jes\u00fas Castro"},"content":{"rendered":"<div>\n<div>\n<div align=\"left\">Text in Spanish<\/div>\n<div align=\"left\"><\/div>\n<div align=\"left\"><span class=\"dropcap\">H<\/span>istoria musical del flamenco nos ofrece una original y novedosa perspectiva que se centra en el flamenco como m\u00fasica, alejada de los aspectos biogr\u00e1ficos caracter\u00edsticos de las publicaciones editadas hasta ahora en la especialidad.<\/div>\n<div align=\"left\"><\/div>\n<div align=\"left\">Por lo tanto, como primer m\u00e9todo pedag\u00f3gico de la historia del flamenco, las propuestas que se ofrecen son innovadoras: divisiones en per\u00edodos art\u00edstico- musicales, clasificaci\u00f3n generacional de las escuelas de cantaores y tocaores, desarrollo del repertorio flamenco y exposici\u00f3n de categor\u00edas actuales, como el Posflamenco.<\/div>\n<div align=\"left\"><\/div>\n<div align=\"left\">En definitiva, esta obra pone al alcance de alumnos, profesores y aficionados la ocasi\u00f3n de saber y revisar el estudio y conocimiento de la historia del flamenco a la luz de un planteamiento distinto.<\/div>\n<div align=\"left\"><\/div>\n<\/div>\n<div>\n<div><\/div>\n<\/div>\n<div><a href=\"http:\/\/www.flamencolive.com\/libreria\/Historia%20musical%20del%20Flamenco.pdf\" target=\"_blank\" rel=\"noopener noreferrer\">\/\/Click to see an example\/\/<\/a><\/div>\n<\/div>\n<div><\/div>\n<hr \/>\n<hr \/>\n<p style=\"text-align: center;\"><a class=\"enlacetienda\" href=\"https:\/\/www.storemusic-live.eu\/Articulo~x~Historia-musical-del-flamenco-maria-jesus-castro-libro~IDArticulo~327.html\" target=\"_blank\" rel=\"noopener noreferrer\">PURCHASE and DELIVERY of the product in physical format at storemusic-live.com<\/a><\/p>\n<hr \/>\n<hr \/>\n","protected":false},"excerpt":{"rendered":"<div>\n<div class='et-box et-shadow'>\n\t\t\t\t\t<div class='et-box-content'><ul>\n<li>Score Book<\/li>\n<li>Musical History of Flamenco<\/li>\n<li><span style=\"color: #ff0000;\">Product in STREAMING. <\/span>\u00a0<\/div><\/div><\/li>\n<\/ul>\n<\/div>\n<div><\/div>\n","protected":false},"featured_media":39193,"comment_status":"open","ping_status":"closed","template":"","meta":{"_acf_changed":false,"_et_pb_use_builder":"","_et_pb_old_content":"","_et_gb_content_width":""},"product_cat":[544,518,101,123],"product_tag":[],"acf":[],"yoast_head":"<!-- This site is optimized with the Yoast SEO plugin v22.9 - https:\/\/yoast.com\/wordpress\/plugins\/seo\/ -->\n<title>Musical History of Flamenco - Mar\u00eda Jes\u00fas Castro | STREAMING<\/title>\n<meta name=\"description\" content=\"Flamenco Live te ofrece el producto &quot;Musical History of Flamenco - Mar\u00eda Jes\u00fas Castro&quot; al mejor precio. \u00a1Descubre nuestra oferta!\" \/>\n<meta name=\"robots\" content=\"index, follow, max-snippet:-1, max-image-preview:large, max-video-preview:-1\" \/>\n<link rel=\"canonical\" href=\"https:\/\/flamencolive.com\/en\/musical-history-of-flamenco-maria-jesus-castro\/\" \/>\n<meta property=\"og:locale\" content=\"en_US\" \/>\n<meta property=\"og:type\" content=\"article\" \/>\n<meta property=\"og:title\" content=\"Musical History of Flamenco - Mar\u00eda Jes\u00fas Castro | STREAMING\" \/>\n<meta property=\"og:description\" content=\"Flamenco Live te ofrece el producto &quot;Musical History of Flamenco - Mar\u00eda Jes\u00fas Castro&quot; al mejor precio. \u00a1Descubre nuestra oferta!\" \/>\n<meta property=\"og:url\" content=\"https:\/\/flamencolive.com\/en\/musical-history-of-flamenco-maria-jesus-castro\/\" \/>\n<meta property=\"og:site_name\" content=\"Flamenco in STREAMING, videos and Scorebooks\" \/>\n<meta property=\"article:publisher\" content=\"http:\/\/www.facebook.com\/pages\/flamencolivecom\/230064430920\" \/>\n<meta property=\"article:modified_time\" content=\"2024-03-17T11:47:16+00:00\" \/>\n<meta property=\"og:image\" content=\"https:\/\/flamencolive.com\/wp-content\/uploads\/2021\/04\/HISTORIA-MUSICAL-DEL-FLAMENCO_1000.jpg\" \/>\n\t<meta property=\"og:image:width\" content=\"1000\" \/>\n\t<meta property=\"og:image:height\" content=\"1404\" \/>\n\t<meta property=\"og:image:type\" content=\"image\/jpeg\" \/>\n<meta name=\"twitter:card\" content=\"summary_large_image\" \/>\n<meta name=\"twitter:site\" content=\"@flamencolive\" \/>\n<meta name=\"twitter:label1\" content=\"Est. reading time\" \/>\n\t<meta name=\"twitter:data1\" content=\"1 minute\" \/>\n<script type=\"application\/ld+json\" class=\"yoast-schema-graph\">{\"@context\":\"https:\/\/schema.org\",\"@graph\":[{\"@type\":\"WebPage\",\"@id\":\"https:\/\/flamencolive.com\/en\/musical-history-of-flamenco-maria-jesus-castro\/\",\"url\":\"https:\/\/flamencolive.com\/en\/musical-history-of-flamenco-maria-jesus-castro\/\",\"name\":\"Musical History of Flamenco - Mar\u00eda Jes\u00fas Castro | STREAMING\",\"isPartOf\":{\"@id\":\"https:\/\/flamencolive.com\/en\/#website\"},\"primaryImageOfPage\":{\"@id\":\"https:\/\/flamencolive.com\/en\/musical-history-of-flamenco-maria-jesus-castro\/#primaryimage\"},\"image\":{\"@id\":\"https:\/\/flamencolive.com\/en\/musical-history-of-flamenco-maria-jesus-castro\/#primaryimage\"},\"thumbnailUrl\":\"https:\/\/flamencolive.com\/wp-content\/uploads\/2021\/04\/HISTORIA-MUSICAL-DEL-FLAMENCO_1000.jpg\",\"datePublished\":\"2021-04-13T16:49:23+00:00\",\"dateModified\":\"2024-03-17T11:47:16+00:00\",\"description\":\"Flamenco Live te ofrece el producto \\\"Musical History of Flamenco - Mar\u00eda Jes\u00fas Castro\\\" al mejor precio. \u00a1Descubre nuestra oferta!\",\"breadcrumb\":{\"@id\":\"https:\/\/flamencolive.com\/en\/musical-history-of-flamenco-maria-jesus-castro\/#breadcrumb\"},\"inLanguage\":\"en-US\",\"potentialAction\":[{\"@type\":\"ReadAction\",\"target\":[\"https:\/\/flamencolive.com\/en\/musical-history-of-flamenco-maria-jesus-castro\/\"]}]},{\"@type\":\"ImageObject\",\"inLanguage\":\"en-US\",\"@id\":\"https:\/\/flamencolive.com\/en\/musical-history-of-flamenco-maria-jesus-castro\/#primaryimage\",\"url\":\"https:\/\/flamencolive.com\/wp-content\/uploads\/2021\/04\/HISTORIA-MUSICAL-DEL-FLAMENCO_1000.jpg\",\"contentUrl\":\"https:\/\/flamencolive.com\/wp-content\/uploads\/2021\/04\/HISTORIA-MUSICAL-DEL-FLAMENCO_1000.jpg\",\"width\":1000,\"height\":1404,\"caption\":\"Historia Musical del Flamenco - Mar\u00eda Jes\u00fas Castro\"},{\"@type\":\"BreadcrumbList\",\"@id\":\"https:\/\/flamencolive.com\/en\/musical-history-of-flamenco-maria-jesus-castro\/#breadcrumb\",\"itemListElement\":[{\"@type\":\"ListItem\",\"position\":1,\"name\":\"Portada\",\"item\":\"https:\/\/flamencolive.com\/en\/\"},{\"@type\":\"ListItem\",\"position\":2,\"name\":\"home\",\"item\":\"https:\/\/flamencolive.com\/en\/home\/\"},{\"@type\":\"ListItem\",\"position\":3,\"name\":\"Musical History of Flamenco &#8211; Mar\u00eda Jes\u00fas Castro\"}]},{\"@type\":\"WebSite\",\"@id\":\"https:\/\/flamencolive.com\/en\/#website\",\"url\":\"https:\/\/flamencolive.com\/en\/\",\"name\":\"Flamenco in STREAMING, videos and Scorebooks\",\"description\":\"Flamenco - Methods and Scorebooks in Streaming\",\"publisher\":{\"@id\":\"https:\/\/flamencolive.com\/en\/#organization\"},\"potentialAction\":[{\"@type\":\"SearchAction\",\"target\":{\"@type\":\"EntryPoint\",\"urlTemplate\":\"https:\/\/flamencolive.com\/en\/?s={search_term_string}\"},\"query-input\":\"required name=search_term_string\"}],\"inLanguage\":\"en-US\"},{\"@type\":\"Organization\",\"@id\":\"https:\/\/flamencolive.com\/en\/#organization\",\"name\":\"flamencolive.com\",\"url\":\"https:\/\/flamencolive.com\/en\/\",\"logo\":{\"@type\":\"ImageObject\",\"inLanguage\":\"en-US\",\"@id\":\"https:\/\/flamencolive.com\/en\/#\/schema\/logo\/image\/\",\"url\":\"https:\/\/flamencolive.com\/wp-content\/uploads\/2020\/09\/logo-vectorial-flamenco-live-500x61-2.png\",\"contentUrl\":\"https:\/\/flamencolive.com\/wp-content\/uploads\/2020\/09\/logo-vectorial-flamenco-live-500x61-2.png\",\"width\":500,\"height\":61,\"caption\":\"flamencolive.com\"},\"image\":{\"@id\":\"https:\/\/flamencolive.com\/en\/#\/schema\/logo\/image\/\"},\"sameAs\":[\"http:\/\/www.facebook.com\/pages\/flamencolivecom\/230064430920\",\"https:\/\/x.com\/flamencolive\",\"https:\/\/www.instagram.com\/flamencolive.oficial\/\",\"http:\/\/www.youtube.com\/user\/rgbartevisual\"]}]}<\/script>\n<!-- \/ Yoast SEO plugin. -->","yoast_head_json":{"title":"Musical History of Flamenco - Mar\u00eda Jes\u00fas Castro | STREAMING","description":"Flamenco Live te ofrece el producto \"Musical History of Flamenco - Mar\u00eda Jes\u00fas Castro\" al mejor precio. \u00a1Descubre nuestra oferta!","robots":{"index":"index","follow":"follow","max-snippet":"max-snippet:-1","max-image-preview":"max-image-preview:large","max-video-preview":"max-video-preview:-1"},"canonical":"https:\/\/flamencolive.com\/en\/musical-history-of-flamenco-maria-jesus-castro\/","og_locale":"en_US","og_type":"article","og_title":"Musical History of Flamenco - Mar\u00eda Jes\u00fas Castro | STREAMING","og_description":"Flamenco Live te ofrece el producto \"Musical History of Flamenco - Mar\u00eda Jes\u00fas Castro\" al mejor precio. \u00a1Descubre nuestra oferta!","og_url":"https:\/\/flamencolive.com\/en\/musical-history-of-flamenco-maria-jesus-castro\/","og_site_name":"Flamenco in STREAMING, videos and Scorebooks","article_publisher":"http:\/\/www.facebook.com\/pages\/flamencolivecom\/230064430920","article_modified_time":"2024-03-17T11:47:16+00:00","og_image":[{"width":1000,"height":1404,"url":"https:\/\/flamencolive.com\/wp-content\/uploads\/2021\/04\/HISTORIA-MUSICAL-DEL-FLAMENCO_1000.jpg","type":"image\/jpeg"}],"twitter_card":"summary_large_image","twitter_site":"@flamencolive","twitter_misc":{"Est. reading time":"1 minute"},"schema":{"@context":"https:\/\/schema.org","@graph":[{"@type":"WebPage","@id":"https:\/\/flamencolive.com\/en\/musical-history-of-flamenco-maria-jesus-castro\/","url":"https:\/\/flamencolive.com\/en\/musical-history-of-flamenco-maria-jesus-castro\/","name":"Musical History of Flamenco - Mar\u00eda Jes\u00fas Castro | STREAMING","isPartOf":{"@id":"https:\/\/flamencolive.com\/en\/#website"},"primaryImageOfPage":{"@id":"https:\/\/flamencolive.com\/en\/musical-history-of-flamenco-maria-jesus-castro\/#primaryimage"},"image":{"@id":"https:\/\/flamencolive.com\/en\/musical-history-of-flamenco-maria-jesus-castro\/#primaryimage"},"thumbnailUrl":"https:\/\/flamencolive.com\/wp-content\/uploads\/2021\/04\/HISTORIA-MUSICAL-DEL-FLAMENCO_1000.jpg","datePublished":"2021-04-13T16:49:23+00:00","dateModified":"2024-03-17T11:47:16+00:00","description":"Flamenco Live te ofrece el producto \"Musical History of Flamenco - Mar\u00eda Jes\u00fas Castro\" al mejor precio. \u00a1Descubre nuestra oferta!","breadcrumb":{"@id":"https:\/\/flamencolive.com\/en\/musical-history-of-flamenco-maria-jesus-castro\/#breadcrumb"},"inLanguage":"en-US","potentialAction":[{"@type":"ReadAction","target":["https:\/\/flamencolive.com\/en\/musical-history-of-flamenco-maria-jesus-castro\/"]}]},{"@type":"ImageObject","inLanguage":"en-US","@id":"https:\/\/flamencolive.com\/en\/musical-history-of-flamenco-maria-jesus-castro\/#primaryimage","url":"https:\/\/flamencolive.com\/wp-content\/uploads\/2021\/04\/HISTORIA-MUSICAL-DEL-FLAMENCO_1000.jpg","contentUrl":"https:\/\/flamencolive.com\/wp-content\/uploads\/2021\/04\/HISTORIA-MUSICAL-DEL-FLAMENCO_1000.jpg","width":1000,"height":1404,"caption":"Historia Musical del Flamenco - Mar\u00eda Jes\u00fas Castro"},{"@type":"BreadcrumbList","@id":"https:\/\/flamencolive.com\/en\/musical-history-of-flamenco-maria-jesus-castro\/#breadcrumb","itemListElement":[{"@type":"ListItem","position":1,"name":"Portada","item":"https:\/\/flamencolive.com\/en\/"},{"@type":"ListItem","position":2,"name":"home","item":"https:\/\/flamencolive.com\/en\/home\/"},{"@type":"ListItem","position":3,"name":"Musical History of Flamenco &#8211; Mar\u00eda Jes\u00fas Castro"}]},{"@type":"WebSite","@id":"https:\/\/flamencolive.com\/en\/#website","url":"https:\/\/flamencolive.com\/en\/","name":"Flamenco in STREAMING, videos and Scorebooks","description":"Flamenco - Methods and Scorebooks in Streaming","publisher":{"@id":"https:\/\/flamencolive.com\/en\/#organization"},"potentialAction":[{"@type":"SearchAction","target":{"@type":"EntryPoint","urlTemplate":"https:\/\/flamencolive.com\/en\/?s={search_term_string}"},"query-input":"required name=search_term_string"}],"inLanguage":"en-US"},{"@type":"Organization","@id":"https:\/\/flamencolive.com\/en\/#organization","name":"flamencolive.com","url":"https:\/\/flamencolive.com\/en\/","logo":{"@type":"ImageObject","inLanguage":"en-US","@id":"https:\/\/flamencolive.com\/en\/#\/schema\/logo\/image\/","url":"https:\/\/flamencolive.com\/wp-content\/uploads\/2020\/09\/logo-vectorial-flamenco-live-500x61-2.png","contentUrl":"https:\/\/flamencolive.com\/wp-content\/uploads\/2020\/09\/logo-vectorial-flamenco-live-500x61-2.png","width":500,"height":61,"caption":"flamencolive.com"},"image":{"@id":"https:\/\/flamencolive.com\/en\/#\/schema\/logo\/image\/"},"sameAs":["http:\/\/www.facebook.com\/pages\/flamencolivecom\/230064430920","https:\/\/x.com\/flamencolive","https:\/\/www.instagram.com\/flamencolive.oficial\/","http:\/\/www.youtube.com\/user\/rgbartevisual"]}]}},"_links":{"self":[{"href":"https:\/\/flamencolive.com\/en\/wp-json\/wp\/v2\/product\/39225"}],"collection":[{"href":"https:\/\/flamencolive.com\/en\/wp-json\/wp\/v2\/product"}],"about":[{"href":"https:\/\/flamencolive.com\/en\/wp-json\/wp\/v2\/types\/product"}],"replies":[{"embeddable":true,"href":"https:\/\/flamencolive.com\/en\/wp-json\/wp\/v2\/comments?post=39225"}],"wp:featuredmedia":[{"embeddable":true,"href":"https:\/\/flamencolive.com\/en\/wp-json\/wp\/v2\/media\/39193"}],"wp:attachment":[{"href":"https:\/\/flamencolive.com\/en\/wp-json\/wp\/v2\/media?parent=39225"}],"wp:term":[{"taxonomy":"product_cat","embeddable":true,"href":"https:\/\/flamencolive.com\/en\/wp-json\/wp\/v2\/product_cat?post=39225"},{"taxonomy":"product_tag","embeddable":true,"href":"https:\/\/flamencolive.com\/en\/wp-json\/wp\/v2\/product_tag?post=39225"}],"curies":[{"name":"wp","href":"https:\/\/api.w.org\/{rel}","templated":true}]}}