{"id":39229,"date":"2021-04-13T19:00:51","date_gmt":"2021-04-13T17:00:51","guid":{"rendered":"https:\/\/flamencolive.com\/?post_type=product&#038;p=39229"},"modified":"2021-04-13T19:07:52","modified_gmt":"2021-04-13T17:07:52","slug":"202-didactic-exercises-of-musical-history-of-flamenco-maria-jesus-castro","status":"publish","type":"product","link":"https:\/\/flamencolive.com\/en\/202-didactic-exercises-of-musical-history-of-flamenco-maria-jesus-castro\/","title":{"rendered":"202 didactic exercises of Musical History of Flamenco -Mar\u00eda Jes\u00fas Castro"},"content":{"rendered":"<div>\n<div>\n<div align=\"left\">Text in Spanish<\/div>\n<div align=\"left\"><\/div>\n<\/div>\n<div>Este libro de ejercicios otorga al alumno de flamenco la posibilidad de adquirir las mismas herramientas de aprendizaje de que disponen el resto de alumnos de estudios musicales, quienes realizan su formaci\u00f3n, a diferencia de los flamencos, mediante materiales did\u00e1cticos eficientes hist\u00f3ricamente consolidados.<\/p>\n<p>Mar\u00eda Jes\u00fas Castro propone una metodolog\u00eda operativa adecuada a la asignatura de Historia del Flamenco del Grado Profesional en los programas de estudio de Guitarra Flamenca: un libro de texto en la edici\u00f3n de Historia Musical del Flamenco (2007) y un cuaderno complementario de 202 Ejercicios Did\u00e1cticos (2010) con el que consolidar lo aprendido.<\/p>\n<p>As\u00ed, este cuaderno es una propuesta innovadora, pionera en la pedagog\u00eda de la Flamencolog\u00eda, cuyo objetivo es facilitar tanto la ense\u00f1anza, por parte del profesor, como el estudio, por parte del alumno.<\/p>\n<p>Por ello, esta obra est\u00e1 pensada como material de referencia para la docencia, aunque es posible utilizarla como m\u00e9todo autodidacta por todos aquellos interesados en el flamenco que, de un modo gradual, quieran introducirse en la frondosidad de datos que contiene cualquier aproximaci\u00f3n hist\u00f3rica.<\/p><\/div>\n<\/div>\n<div><\/div>\n<hr \/>\n<hr \/>\n<p style=\"text-align: center;\"><a class=\"enlacetienda\" href=\"http:\/\/storemusic-live.eu\/Articulo~x~202-ejercicios-didacticos-de-historia-musical-del-flamenco-libromaria-jesus-cast~IDArticulo~482.html\" target=\"_blank\" rel=\"noopener noreferrer\">PURCHASE and DELIVERY of the product in physical format at storemusic-live.com<\/a><\/p>\n<hr \/>\n<hr \/>\n","protected":false},"excerpt":{"rendered":"<div>\n<div class='et-box et-shadow'>\n\t\t\t\t\t<div class='et-box-content'><ul>\n<li>Musical History of Flamenco 202 exercises<\/li>\n<li><span style=\"color: #ff0000;\">Product in STREAMING. <\/span>\u00a0<\/div><\/div><\/li>\n<\/ul>\n<\/div>\n<div><\/div>\n","protected":false},"featured_media":39195,"comment_status":"open","ping_status":"closed","template":"","meta":{"_acf_changed":false,"_et_pb_use_builder":"","_et_pb_old_content":"","_et_gb_content_width":""},"product_cat":[544,518,101,123],"product_tag":[],"acf":[],"yoast_head":"<!-- This site is optimized with the Yoast SEO plugin v22.9 - https:\/\/yoast.com\/wordpress\/plugins\/seo\/ -->\n<title>202 didactic exercises of Musical History of Flamenco -Mar\u00eda Jes\u00fas Castro | STREAMING<\/title>\n<meta name=\"description\" content=\"Flamenco Live te ofrece el producto &quot;202 didactic exercises of Musical History of Flamenco -Mar\u00eda Jes\u00fas Castro&quot; al mejor precio. \u00a1Descubre nuestra oferta!\" \/>\n<meta name=\"robots\" content=\"index, follow, max-snippet:-1, max-image-preview:large, max-video-preview:-1\" \/>\n<link rel=\"canonical\" href=\"https:\/\/flamencolive.com\/en\/202-didactic-exercises-of-musical-history-of-flamenco-maria-jesus-castro\/\" \/>\n<meta property=\"og:locale\" content=\"en_US\" \/>\n<meta property=\"og:type\" content=\"article\" \/>\n<meta property=\"og:title\" content=\"202 didactic exercises of Musical History of Flamenco -Mar\u00eda Jes\u00fas Castro | STREAMING\" \/>\n<meta property=\"og:description\" content=\"Flamenco Live te ofrece el producto &quot;202 didactic exercises of Musical History of Flamenco -Mar\u00eda Jes\u00fas Castro&quot; al mejor precio. \u00a1Descubre nuestra oferta!\" \/>\n<meta property=\"og:url\" content=\"https:\/\/flamencolive.com\/en\/202-didactic-exercises-of-musical-history-of-flamenco-maria-jesus-castro\/\" \/>\n<meta property=\"og:site_name\" content=\"Flamenco in STREAMING, videos and Scorebooks\" \/>\n<meta property=\"article:publisher\" content=\"http:\/\/www.facebook.com\/pages\/flamencolivecom\/230064430920\" \/>\n<meta property=\"article:modified_time\" content=\"2021-04-13T17:07:52+00:00\" \/>\n<meta property=\"og:image\" content=\"https:\/\/flamencolive.com\/wp-content\/uploads\/2021\/04\/202-EJERCICIOS-de-HISTORIA-MUSICAL-DEL-FLAMENCO_1000.jpg\" \/>\n\t<meta property=\"og:image:width\" content=\"1000\" \/>\n\t<meta property=\"og:image:height\" content=\"1428\" \/>\n\t<meta property=\"og:image:type\" content=\"image\/jpeg\" \/>\n<meta name=\"twitter:card\" content=\"summary_large_image\" \/>\n<meta name=\"twitter:site\" content=\"@flamencolive\" \/>\n<meta name=\"twitter:label1\" content=\"Est. reading time\" \/>\n\t<meta name=\"twitter:data1\" content=\"1 minute\" \/>\n<script type=\"application\/ld+json\" class=\"yoast-schema-graph\">{\"@context\":\"https:\/\/schema.org\",\"@graph\":[{\"@type\":\"WebPage\",\"@id\":\"https:\/\/flamencolive.com\/en\/202-didactic-exercises-of-musical-history-of-flamenco-maria-jesus-castro\/\",\"url\":\"https:\/\/flamencolive.com\/en\/202-didactic-exercises-of-musical-history-of-flamenco-maria-jesus-castro\/\",\"name\":\"202 didactic exercises of Musical History of Flamenco -Mar\u00eda Jes\u00fas Castro | STREAMING\",\"isPartOf\":{\"@id\":\"https:\/\/flamencolive.com\/en\/#website\"},\"primaryImageOfPage\":{\"@id\":\"https:\/\/flamencolive.com\/en\/202-didactic-exercises-of-musical-history-of-flamenco-maria-jesus-castro\/#primaryimage\"},\"image\":{\"@id\":\"https:\/\/flamencolive.com\/en\/202-didactic-exercises-of-musical-history-of-flamenco-maria-jesus-castro\/#primaryimage\"},\"thumbnailUrl\":\"https:\/\/flamencolive.com\/wp-content\/uploads\/2021\/04\/202-EJERCICIOS-de-HISTORIA-MUSICAL-DEL-FLAMENCO_1000.jpg\",\"datePublished\":\"2021-04-13T17:00:51+00:00\",\"dateModified\":\"2021-04-13T17:07:52+00:00\",\"description\":\"Flamenco Live te ofrece el producto \\\"202 didactic exercises of Musical History of Flamenco -Mar\u00eda Jes\u00fas Castro\\\" al mejor precio. \u00a1Descubre nuestra oferta!\",\"breadcrumb\":{\"@id\":\"https:\/\/flamencolive.com\/en\/202-didactic-exercises-of-musical-history-of-flamenco-maria-jesus-castro\/#breadcrumb\"},\"inLanguage\":\"en-US\",\"potentialAction\":[{\"@type\":\"ReadAction\",\"target\":[\"https:\/\/flamencolive.com\/en\/202-didactic-exercises-of-musical-history-of-flamenco-maria-jesus-castro\/\"]}]},{\"@type\":\"ImageObject\",\"inLanguage\":\"en-US\",\"@id\":\"https:\/\/flamencolive.com\/en\/202-didactic-exercises-of-musical-history-of-flamenco-maria-jesus-castro\/#primaryimage\",\"url\":\"https:\/\/flamencolive.com\/wp-content\/uploads\/2021\/04\/202-EJERCICIOS-de-HISTORIA-MUSICAL-DEL-FLAMENCO_1000.jpg\",\"contentUrl\":\"https:\/\/flamencolive.com\/wp-content\/uploads\/2021\/04\/202-EJERCICIOS-de-HISTORIA-MUSICAL-DEL-FLAMENCO_1000.jpg\",\"width\":1000,\"height\":1428,\"caption\":\"202 ejercicios did\u00e1cticos de Historia Musical del Flamenco -Mar\u00eda Jes\u00fas Castro\"},{\"@type\":\"BreadcrumbList\",\"@id\":\"https:\/\/flamencolive.com\/en\/202-didactic-exercises-of-musical-history-of-flamenco-maria-jesus-castro\/#breadcrumb\",\"itemListElement\":[{\"@type\":\"ListItem\",\"position\":1,\"name\":\"Portada\",\"item\":\"https:\/\/flamencolive.com\/en\/\"},{\"@type\":\"ListItem\",\"position\":2,\"name\":\"home\",\"item\":\"https:\/\/flamencolive.com\/en\/home\/\"},{\"@type\":\"ListItem\",\"position\":3,\"name\":\"202 didactic exercises of Musical History of Flamenco -Mar\u00eda Jes\u00fas Castro\"}]},{\"@type\":\"WebSite\",\"@id\":\"https:\/\/flamencolive.com\/en\/#website\",\"url\":\"https:\/\/flamencolive.com\/en\/\",\"name\":\"Flamenco in STREAMING, videos and Scorebooks\",\"description\":\"Flamenco - Methods and Scorebooks in Streaming\",\"publisher\":{\"@id\":\"https:\/\/flamencolive.com\/en\/#organization\"},\"potentialAction\":[{\"@type\":\"SearchAction\",\"target\":{\"@type\":\"EntryPoint\",\"urlTemplate\":\"https:\/\/flamencolive.com\/en\/?s={search_term_string}\"},\"query-input\":\"required name=search_term_string\"}],\"inLanguage\":\"en-US\"},{\"@type\":\"Organization\",\"@id\":\"https:\/\/flamencolive.com\/en\/#organization\",\"name\":\"flamencolive.com\",\"url\":\"https:\/\/flamencolive.com\/en\/\",\"logo\":{\"@type\":\"ImageObject\",\"inLanguage\":\"en-US\",\"@id\":\"https:\/\/flamencolive.com\/en\/#\/schema\/logo\/image\/\",\"url\":\"https:\/\/flamencolive.com\/wp-content\/uploads\/2020\/09\/logo-vectorial-flamenco-live-500x61-2.png\",\"contentUrl\":\"https:\/\/flamencolive.com\/wp-content\/uploads\/2020\/09\/logo-vectorial-flamenco-live-500x61-2.png\",\"width\":500,\"height\":61,\"caption\":\"flamencolive.com\"},\"image\":{\"@id\":\"https:\/\/flamencolive.com\/en\/#\/schema\/logo\/image\/\"},\"sameAs\":[\"http:\/\/www.facebook.com\/pages\/flamencolivecom\/230064430920\",\"https:\/\/x.com\/flamencolive\",\"https:\/\/www.instagram.com\/flamencolive.oficial\/\",\"http:\/\/www.youtube.com\/user\/rgbartevisual\"]}]}<\/script>\n<!-- \/ Yoast SEO plugin. -->","yoast_head_json":{"title":"202 didactic exercises of Musical History of Flamenco -Mar\u00eda Jes\u00fas Castro | STREAMING","description":"Flamenco Live te ofrece el producto \"202 didactic exercises of Musical History of Flamenco -Mar\u00eda Jes\u00fas Castro\" al mejor precio. \u00a1Descubre nuestra oferta!","robots":{"index":"index","follow":"follow","max-snippet":"max-snippet:-1","max-image-preview":"max-image-preview:large","max-video-preview":"max-video-preview:-1"},"canonical":"https:\/\/flamencolive.com\/en\/202-didactic-exercises-of-musical-history-of-flamenco-maria-jesus-castro\/","og_locale":"en_US","og_type":"article","og_title":"202 didactic exercises of Musical History of Flamenco -Mar\u00eda Jes\u00fas Castro | STREAMING","og_description":"Flamenco Live te ofrece el producto \"202 didactic exercises of Musical History of Flamenco -Mar\u00eda Jes\u00fas Castro\" al mejor precio. \u00a1Descubre nuestra oferta!","og_url":"https:\/\/flamencolive.com\/en\/202-didactic-exercises-of-musical-history-of-flamenco-maria-jesus-castro\/","og_site_name":"Flamenco in STREAMING, videos and Scorebooks","article_publisher":"http:\/\/www.facebook.com\/pages\/flamencolivecom\/230064430920","article_modified_time":"2021-04-13T17:07:52+00:00","og_image":[{"width":1000,"height":1428,"url":"https:\/\/flamencolive.com\/wp-content\/uploads\/2021\/04\/202-EJERCICIOS-de-HISTORIA-MUSICAL-DEL-FLAMENCO_1000.jpg","type":"image\/jpeg"}],"twitter_card":"summary_large_image","twitter_site":"@flamencolive","twitter_misc":{"Est. reading time":"1 minute"},"schema":{"@context":"https:\/\/schema.org","@graph":[{"@type":"WebPage","@id":"https:\/\/flamencolive.com\/en\/202-didactic-exercises-of-musical-history-of-flamenco-maria-jesus-castro\/","url":"https:\/\/flamencolive.com\/en\/202-didactic-exercises-of-musical-history-of-flamenco-maria-jesus-castro\/","name":"202 didactic exercises of Musical History of Flamenco -Mar\u00eda Jes\u00fas Castro | STREAMING","isPartOf":{"@id":"https:\/\/flamencolive.com\/en\/#website"},"primaryImageOfPage":{"@id":"https:\/\/flamencolive.com\/en\/202-didactic-exercises-of-musical-history-of-flamenco-maria-jesus-castro\/#primaryimage"},"image":{"@id":"https:\/\/flamencolive.com\/en\/202-didactic-exercises-of-musical-history-of-flamenco-maria-jesus-castro\/#primaryimage"},"thumbnailUrl":"https:\/\/flamencolive.com\/wp-content\/uploads\/2021\/04\/202-EJERCICIOS-de-HISTORIA-MUSICAL-DEL-FLAMENCO_1000.jpg","datePublished":"2021-04-13T17:00:51+00:00","dateModified":"2021-04-13T17:07:52+00:00","description":"Flamenco Live te ofrece el producto \"202 didactic exercises of Musical History of Flamenco -Mar\u00eda Jes\u00fas Castro\" al mejor precio. \u00a1Descubre nuestra oferta!","breadcrumb":{"@id":"https:\/\/flamencolive.com\/en\/202-didactic-exercises-of-musical-history-of-flamenco-maria-jesus-castro\/#breadcrumb"},"inLanguage":"en-US","potentialAction":[{"@type":"ReadAction","target":["https:\/\/flamencolive.com\/en\/202-didactic-exercises-of-musical-history-of-flamenco-maria-jesus-castro\/"]}]},{"@type":"ImageObject","inLanguage":"en-US","@id":"https:\/\/flamencolive.com\/en\/202-didactic-exercises-of-musical-history-of-flamenco-maria-jesus-castro\/#primaryimage","url":"https:\/\/flamencolive.com\/wp-content\/uploads\/2021\/04\/202-EJERCICIOS-de-HISTORIA-MUSICAL-DEL-FLAMENCO_1000.jpg","contentUrl":"https:\/\/flamencolive.com\/wp-content\/uploads\/2021\/04\/202-EJERCICIOS-de-HISTORIA-MUSICAL-DEL-FLAMENCO_1000.jpg","width":1000,"height":1428,"caption":"202 ejercicios did\u00e1cticos de Historia Musical del Flamenco -Mar\u00eda Jes\u00fas Castro"},{"@type":"BreadcrumbList","@id":"https:\/\/flamencolive.com\/en\/202-didactic-exercises-of-musical-history-of-flamenco-maria-jesus-castro\/#breadcrumb","itemListElement":[{"@type":"ListItem","position":1,"name":"Portada","item":"https:\/\/flamencolive.com\/en\/"},{"@type":"ListItem","position":2,"name":"home","item":"https:\/\/flamencolive.com\/en\/home\/"},{"@type":"ListItem","position":3,"name":"202 didactic exercises of Musical History of Flamenco -Mar\u00eda Jes\u00fas Castro"}]},{"@type":"WebSite","@id":"https:\/\/flamencolive.com\/en\/#website","url":"https:\/\/flamencolive.com\/en\/","name":"Flamenco in STREAMING, videos and Scorebooks","description":"Flamenco - Methods and Scorebooks in Streaming","publisher":{"@id":"https:\/\/flamencolive.com\/en\/#organization"},"potentialAction":[{"@type":"SearchAction","target":{"@type":"EntryPoint","urlTemplate":"https:\/\/flamencolive.com\/en\/?s={search_term_string}"},"query-input":"required name=search_term_string"}],"inLanguage":"en-US"},{"@type":"Organization","@id":"https:\/\/flamencolive.com\/en\/#organization","name":"flamencolive.com","url":"https:\/\/flamencolive.com\/en\/","logo":{"@type":"ImageObject","inLanguage":"en-US","@id":"https:\/\/flamencolive.com\/en\/#\/schema\/logo\/image\/","url":"https:\/\/flamencolive.com\/wp-content\/uploads\/2020\/09\/logo-vectorial-flamenco-live-500x61-2.png","contentUrl":"https:\/\/flamencolive.com\/wp-content\/uploads\/2020\/09\/logo-vectorial-flamenco-live-500x61-2.png","width":500,"height":61,"caption":"flamencolive.com"},"image":{"@id":"https:\/\/flamencolive.com\/en\/#\/schema\/logo\/image\/"},"sameAs":["http:\/\/www.facebook.com\/pages\/flamencolivecom\/230064430920","https:\/\/x.com\/flamencolive","https:\/\/www.instagram.com\/flamencolive.oficial\/","http:\/\/www.youtube.com\/user\/rgbartevisual"]}]}},"_links":{"self":[{"href":"https:\/\/flamencolive.com\/en\/wp-json\/wp\/v2\/product\/39229"}],"collection":[{"href":"https:\/\/flamencolive.com\/en\/wp-json\/wp\/v2\/product"}],"about":[{"href":"https:\/\/flamencolive.com\/en\/wp-json\/wp\/v2\/types\/product"}],"replies":[{"embeddable":true,"href":"https:\/\/flamencolive.com\/en\/wp-json\/wp\/v2\/comments?post=39229"}],"wp:featuredmedia":[{"embeddable":true,"href":"https:\/\/flamencolive.com\/en\/wp-json\/wp\/v2\/media\/39195"}],"wp:attachment":[{"href":"https:\/\/flamencolive.com\/en\/wp-json\/wp\/v2\/media?parent=39229"}],"wp:term":[{"taxonomy":"product_cat","embeddable":true,"href":"https:\/\/flamencolive.com\/en\/wp-json\/wp\/v2\/product_cat?post=39229"},{"taxonomy":"product_tag","embeddable":true,"href":"https:\/\/flamencolive.com\/en\/wp-json\/wp\/v2\/product_tag?post=39229"}],"curies":[{"name":"wp","href":"https:\/\/api.w.org\/{rel}","templated":true}]}}