{"id":42215,"date":"2021-08-03T16:40:26","date_gmt":"2021-08-03T14:40:26","guid":{"rendered":"https:\/\/flamencolive.com\/?post_type=product&#038;p=42215"},"modified":"2021-08-04T13:53:11","modified_gmt":"2021-08-04T11:53:11","slug":"cajon-flamenco-for-beginners-miguel-reyes","status":"publish","type":"product","link":"https:\/\/flamencolive.com\/en\/cajon-flamenco-for-beginners-miguel-reyes\/","title":{"rendered":"Cajon Flamenco for Beginners &#8211; Miguel Reyes"},"content":{"rendered":"<div style=\"padding-left: 40px;\" align=\"left\">\n<p>This method offers the fundamental tools for learning and applying flamenco comp\u00e1s via the caj\u00f3n, an instrument that has become an invaluable partner in understanding both the comp\u00e1s and flamenco rhythms. A simple methodology for a better understanding of flamenco and its language is shown: rhythms, technique, codes and practical exercises with harmonic bases.<\/p>\n<p>This course also contains &#8220;caj\u00f3n&#8221; scores for R<strong>umbas and Tangos<\/strong> with rhythmic music theory as well as detailed explanations of which flamenco songs you can play these rhythms with. It is not necessary to know how to read music.<\/p>\n<p>The video exercises are performed for right-handed and left-handed players. In this way, the student can perceive the exercise as a mirror, and it will be easier to follow the movements. In addition, you will find each rhythmic pattern divided into levels based on the velocity of the exercise. The caj\u00f3n exercises start slowly and gradually increase their speed until reaching the speeds of early flamenco pop songs.<\/p>\n<p>Languages: Spanish and English<\/p>\n<\/div>\n<div>\n<table style=\"border-collapse: collapse; width: 648px; height: 376px;\">\n<tbody>\n<tr>\n<td style=\"width: 61.2px;\"><\/td>\n<td style=\"width: 491.6px;\"><iframe loading=\"lazy\" style=\"box-sizing: border-box; max-width: 100%; max-height: 100%; color: #212529; font-family: Arial, Helvetica, sans-serif; font-size: 13.3333px; text-align: center; background-color: #ffffff;\" title=\"YouTube video player\" src=\"https:\/\/www.youtube.com\/embed\/Lin8CZkNLzg\" width=\"694\" height=\"390\" frameborder=\"0\" allowfullscreen=\"allowfullscreen\"><span data-mce-type=\"bookmark\" style=\"display: inline-block; width: 0px; overflow: hidden; line-height: 0;\" class=\"mce_SELRES_start\">\ufeff<\/span><span data-mce-type=\"bookmark\" style=\"display: inline-block; width: 0px; overflow: hidden; line-height: 0;\" class=\"mce_SELRES_start\">\ufeff<\/span><span data-mce-type=\"bookmark\" style=\"display: inline-block; width: 0px; overflow: hidden; line-height: 0;\" class=\"mce_SELRES_start\">\ufeff<\/span><\/iframe><\/td>\n<td style=\"width: 86px;\"><\/td>\n<\/tr>\n<\/tbody>\n<\/table>\n<\/div>\n<hr \/>\n<hr \/>\n<p style=\"text-align: center;\"><a class=\"enlacetienda\" href=\"https:\/\/www.storemusic-live.eu\/Articulo~x~Flamenco-tools-for-beginners-dvd-book-miguel-reyes~IDArticulo~1308.html\" target=\"_blank\" rel=\"noopener noreferrer\">PURCHASE and DELIVERY of the product in physical format at storemusic-live.com<\/a><\/p>\n<hr \/>\n<hr \/>\n","protected":false},"excerpt":{"rendered":"<div class='et-box et-shadow'>\n\t\t\t\t\t<div class='et-box-content'><ul>\n<li>Fundamental tools for learning and applying flamenco comp\u00e1s via the caj\u00f3n<\/li>\n<li><span lang=\"ES-US\" style=\"font-family: 'Arial',sans-serif;\">Exercises at different speeds<\/span><\/li>\n<li><span lang=\"ES-US\" style=\"font-family: 'Arial',sans-serif;\">The exercises are performed for right-handed and left-handed players<\/span><\/li>\n<li>Not necessary to know how to read music.<\/li>\n<li><span style=\"color: #ff0000;\">STREAMING product.<span style=\"color: #000000;\"><\/div><\/div><\/span><\/span><\/li>\n<\/ul>\n<p>Fundamental tools for learning the caj\u00f3n Flamenco and\u00a0<span lang=\"ES-US\" style=\"font-family: 'Arial',sans-serif;\"><strong>Rumbas and Tangos<\/strong> .<\/span><\/p>\n","protected":false},"featured_media":42133,"comment_status":"open","ping_status":"closed","template":"","meta":{"_acf_changed":false,"_et_pb_use_builder":"off","_et_pb_old_content":"","_et_gb_content_width":""},"product_cat":[546,544,629,124,123,107],"product_tag":[],"acf":[],"yoast_head":"<!-- This site is optimized with the Yoast SEO plugin v22.9 - https:\/\/yoast.com\/wordpress\/plugins\/seo\/ -->\n<title>Cajon Flamenco for Beginners - Miguel Reyes | STREAMING<\/title>\n<meta name=\"description\" content=\"Flamenco Live te ofrece el producto &quot;Cajon Flamenco for Beginners - Miguel Reyes&quot; al mejor precio. \u00a1Descubre nuestra oferta!\" \/>\n<meta name=\"robots\" content=\"index, follow, max-snippet:-1, max-image-preview:large, max-video-preview:-1\" \/>\n<link rel=\"canonical\" href=\"https:\/\/flamencolive.com\/en\/cajon-flamenco-for-beginners-miguel-reyes\/\" \/>\n<meta property=\"og:locale\" content=\"en_US\" \/>\n<meta property=\"og:type\" content=\"article\" \/>\n<meta property=\"og:title\" content=\"Cajon Flamenco for Beginners - Miguel Reyes | STREAMING\" \/>\n<meta property=\"og:description\" content=\"Flamenco Live te ofrece el producto &quot;Cajon Flamenco for Beginners - Miguel Reyes&quot; al mejor precio. \u00a1Descubre nuestra oferta!\" \/>\n<meta property=\"og:url\" content=\"https:\/\/flamencolive.com\/en\/cajon-flamenco-for-beginners-miguel-reyes\/\" \/>\n<meta property=\"og:site_name\" content=\"Flamenco in STREAMING, videos and Scorebooks\" \/>\n<meta property=\"article:publisher\" content=\"http:\/\/www.facebook.com\/pages\/flamencolivecom\/230064430920\" \/>\n<meta property=\"article:modified_time\" content=\"2021-08-04T11:53:11+00:00\" \/>\n<meta property=\"og:image\" content=\"https:\/\/flamencolive.com\/wp-content\/uploads\/2021\/08\/Cajon_desdecero_1000.jpg\" \/>\n\t<meta property=\"og:image:width\" content=\"1000\" \/>\n\t<meta property=\"og:image:height\" content=\"1415\" \/>\n\t<meta property=\"og:image:type\" content=\"image\/jpeg\" \/>\n<meta name=\"twitter:card\" content=\"summary_large_image\" \/>\n<meta name=\"twitter:site\" content=\"@flamencolive\" \/>\n<meta name=\"twitter:label1\" content=\"Est. reading time\" \/>\n\t<meta name=\"twitter:data1\" content=\"1 minute\" \/>\n<script type=\"application\/ld+json\" class=\"yoast-schema-graph\">{\"@context\":\"https:\/\/schema.org\",\"@graph\":[{\"@type\":\"WebPage\",\"@id\":\"https:\/\/flamencolive.com\/en\/cajon-flamenco-for-beginners-miguel-reyes\/\",\"url\":\"https:\/\/flamencolive.com\/en\/cajon-flamenco-for-beginners-miguel-reyes\/\",\"name\":\"Cajon Flamenco for Beginners - Miguel Reyes | STREAMING\",\"isPartOf\":{\"@id\":\"https:\/\/flamencolive.com\/en\/#website\"},\"primaryImageOfPage\":{\"@id\":\"https:\/\/flamencolive.com\/en\/cajon-flamenco-for-beginners-miguel-reyes\/#primaryimage\"},\"image\":{\"@id\":\"https:\/\/flamencolive.com\/en\/cajon-flamenco-for-beginners-miguel-reyes\/#primaryimage\"},\"thumbnailUrl\":\"https:\/\/flamencolive.com\/wp-content\/uploads\/2021\/08\/Cajon_desdecero_1000.jpg\",\"datePublished\":\"2021-08-03T14:40:26+00:00\",\"dateModified\":\"2021-08-04T11:53:11+00:00\",\"description\":\"Flamenco Live te ofrece el producto \\\"Cajon Flamenco for Beginners - Miguel Reyes\\\" al mejor precio. \u00a1Descubre nuestra oferta!\",\"breadcrumb\":{\"@id\":\"https:\/\/flamencolive.com\/en\/cajon-flamenco-for-beginners-miguel-reyes\/#breadcrumb\"},\"inLanguage\":\"en-US\",\"potentialAction\":[{\"@type\":\"ReadAction\",\"target\":[\"https:\/\/flamencolive.com\/en\/cajon-flamenco-for-beginners-miguel-reyes\/\"]}]},{\"@type\":\"ImageObject\",\"inLanguage\":\"en-US\",\"@id\":\"https:\/\/flamencolive.com\/en\/cajon-flamenco-for-beginners-miguel-reyes\/#primaryimage\",\"url\":\"https:\/\/flamencolive.com\/wp-content\/uploads\/2021\/08\/Cajon_desdecero_1000.jpg\",\"contentUrl\":\"https:\/\/flamencolive.com\/wp-content\/uploads\/2021\/08\/Cajon_desdecero_1000.jpg\",\"width\":1000,\"height\":1415,\"caption\":\"Caj\u00f3n Flamenco desde Cero , Miguel Reyes\"},{\"@type\":\"BreadcrumbList\",\"@id\":\"https:\/\/flamencolive.com\/en\/cajon-flamenco-for-beginners-miguel-reyes\/#breadcrumb\",\"itemListElement\":[{\"@type\":\"ListItem\",\"position\":1,\"name\":\"Portada\",\"item\":\"https:\/\/flamencolive.com\/en\/\"},{\"@type\":\"ListItem\",\"position\":2,\"name\":\"home\",\"item\":\"https:\/\/flamencolive.com\/en\/home\/\"},{\"@type\":\"ListItem\",\"position\":3,\"name\":\"Cajon Flamenco for Beginners &#8211; Miguel Reyes\"}]},{\"@type\":\"WebSite\",\"@id\":\"https:\/\/flamencolive.com\/en\/#website\",\"url\":\"https:\/\/flamencolive.com\/en\/\",\"name\":\"Flamenco in STREAMING, videos and Scorebooks\",\"description\":\"Flamenco - Methods and Scorebooks in Streaming\",\"publisher\":{\"@id\":\"https:\/\/flamencolive.com\/en\/#organization\"},\"potentialAction\":[{\"@type\":\"SearchAction\",\"target\":{\"@type\":\"EntryPoint\",\"urlTemplate\":\"https:\/\/flamencolive.com\/en\/?s={search_term_string}\"},\"query-input\":\"required name=search_term_string\"}],\"inLanguage\":\"en-US\"},{\"@type\":\"Organization\",\"@id\":\"https:\/\/flamencolive.com\/en\/#organization\",\"name\":\"flamencolive.com\",\"url\":\"https:\/\/flamencolive.com\/en\/\",\"logo\":{\"@type\":\"ImageObject\",\"inLanguage\":\"en-US\",\"@id\":\"https:\/\/flamencolive.com\/en\/#\/schema\/logo\/image\/\",\"url\":\"https:\/\/flamencolive.com\/wp-content\/uploads\/2020\/09\/logo-vectorial-flamenco-live-500x61-2.png\",\"contentUrl\":\"https:\/\/flamencolive.com\/wp-content\/uploads\/2020\/09\/logo-vectorial-flamenco-live-500x61-2.png\",\"width\":500,\"height\":61,\"caption\":\"flamencolive.com\"},\"image\":{\"@id\":\"https:\/\/flamencolive.com\/en\/#\/schema\/logo\/image\/\"},\"sameAs\":[\"http:\/\/www.facebook.com\/pages\/flamencolivecom\/230064430920\",\"https:\/\/x.com\/flamencolive\",\"https:\/\/www.instagram.com\/flamencolive.oficial\/\",\"http:\/\/www.youtube.com\/user\/rgbartevisual\"]}]}<\/script>\n<!-- \/ Yoast SEO plugin. -->","yoast_head_json":{"title":"Cajon Flamenco for Beginners - Miguel Reyes | STREAMING","description":"Flamenco Live te ofrece el producto \"Cajon Flamenco for Beginners - Miguel Reyes\" al mejor precio. \u00a1Descubre nuestra oferta!","robots":{"index":"index","follow":"follow","max-snippet":"max-snippet:-1","max-image-preview":"max-image-preview:large","max-video-preview":"max-video-preview:-1"},"canonical":"https:\/\/flamencolive.com\/en\/cajon-flamenco-for-beginners-miguel-reyes\/","og_locale":"en_US","og_type":"article","og_title":"Cajon Flamenco for Beginners - Miguel Reyes | STREAMING","og_description":"Flamenco Live te ofrece el producto \"Cajon Flamenco for Beginners - Miguel Reyes\" al mejor precio. \u00a1Descubre nuestra oferta!","og_url":"https:\/\/flamencolive.com\/en\/cajon-flamenco-for-beginners-miguel-reyes\/","og_site_name":"Flamenco in STREAMING, videos and Scorebooks","article_publisher":"http:\/\/www.facebook.com\/pages\/flamencolivecom\/230064430920","article_modified_time":"2021-08-04T11:53:11+00:00","og_image":[{"width":1000,"height":1415,"url":"https:\/\/flamencolive.com\/wp-content\/uploads\/2021\/08\/Cajon_desdecero_1000.jpg","type":"image\/jpeg"}],"twitter_card":"summary_large_image","twitter_site":"@flamencolive","twitter_misc":{"Est. reading time":"1 minute"},"schema":{"@context":"https:\/\/schema.org","@graph":[{"@type":"WebPage","@id":"https:\/\/flamencolive.com\/en\/cajon-flamenco-for-beginners-miguel-reyes\/","url":"https:\/\/flamencolive.com\/en\/cajon-flamenco-for-beginners-miguel-reyes\/","name":"Cajon Flamenco for Beginners - Miguel Reyes | STREAMING","isPartOf":{"@id":"https:\/\/flamencolive.com\/en\/#website"},"primaryImageOfPage":{"@id":"https:\/\/flamencolive.com\/en\/cajon-flamenco-for-beginners-miguel-reyes\/#primaryimage"},"image":{"@id":"https:\/\/flamencolive.com\/en\/cajon-flamenco-for-beginners-miguel-reyes\/#primaryimage"},"thumbnailUrl":"https:\/\/flamencolive.com\/wp-content\/uploads\/2021\/08\/Cajon_desdecero_1000.jpg","datePublished":"2021-08-03T14:40:26+00:00","dateModified":"2021-08-04T11:53:11+00:00","description":"Flamenco Live te ofrece el producto \"Cajon Flamenco for Beginners - Miguel Reyes\" al mejor precio. \u00a1Descubre nuestra oferta!","breadcrumb":{"@id":"https:\/\/flamencolive.com\/en\/cajon-flamenco-for-beginners-miguel-reyes\/#breadcrumb"},"inLanguage":"en-US","potentialAction":[{"@type":"ReadAction","target":["https:\/\/flamencolive.com\/en\/cajon-flamenco-for-beginners-miguel-reyes\/"]}]},{"@type":"ImageObject","inLanguage":"en-US","@id":"https:\/\/flamencolive.com\/en\/cajon-flamenco-for-beginners-miguel-reyes\/#primaryimage","url":"https:\/\/flamencolive.com\/wp-content\/uploads\/2021\/08\/Cajon_desdecero_1000.jpg","contentUrl":"https:\/\/flamencolive.com\/wp-content\/uploads\/2021\/08\/Cajon_desdecero_1000.jpg","width":1000,"height":1415,"caption":"Caj\u00f3n Flamenco desde Cero , Miguel Reyes"},{"@type":"BreadcrumbList","@id":"https:\/\/flamencolive.com\/en\/cajon-flamenco-for-beginners-miguel-reyes\/#breadcrumb","itemListElement":[{"@type":"ListItem","position":1,"name":"Portada","item":"https:\/\/flamencolive.com\/en\/"},{"@type":"ListItem","position":2,"name":"home","item":"https:\/\/flamencolive.com\/en\/home\/"},{"@type":"ListItem","position":3,"name":"Cajon Flamenco for Beginners &#8211; Miguel Reyes"}]},{"@type":"WebSite","@id":"https:\/\/flamencolive.com\/en\/#website","url":"https:\/\/flamencolive.com\/en\/","name":"Flamenco in STREAMING, videos and Scorebooks","description":"Flamenco - Methods and Scorebooks in Streaming","publisher":{"@id":"https:\/\/flamencolive.com\/en\/#organization"},"potentialAction":[{"@type":"SearchAction","target":{"@type":"EntryPoint","urlTemplate":"https:\/\/flamencolive.com\/en\/?s={search_term_string}"},"query-input":"required name=search_term_string"}],"inLanguage":"en-US"},{"@type":"Organization","@id":"https:\/\/flamencolive.com\/en\/#organization","name":"flamencolive.com","url":"https:\/\/flamencolive.com\/en\/","logo":{"@type":"ImageObject","inLanguage":"en-US","@id":"https:\/\/flamencolive.com\/en\/#\/schema\/logo\/image\/","url":"https:\/\/flamencolive.com\/wp-content\/uploads\/2020\/09\/logo-vectorial-flamenco-live-500x61-2.png","contentUrl":"https:\/\/flamencolive.com\/wp-content\/uploads\/2020\/09\/logo-vectorial-flamenco-live-500x61-2.png","width":500,"height":61,"caption":"flamencolive.com"},"image":{"@id":"https:\/\/flamencolive.com\/en\/#\/schema\/logo\/image\/"},"sameAs":["http:\/\/www.facebook.com\/pages\/flamencolivecom\/230064430920","https:\/\/x.com\/flamencolive","https:\/\/www.instagram.com\/flamencolive.oficial\/","http:\/\/www.youtube.com\/user\/rgbartevisual"]}]}},"_links":{"self":[{"href":"https:\/\/flamencolive.com\/en\/wp-json\/wp\/v2\/product\/42215"}],"collection":[{"href":"https:\/\/flamencolive.com\/en\/wp-json\/wp\/v2\/product"}],"about":[{"href":"https:\/\/flamencolive.com\/en\/wp-json\/wp\/v2\/types\/product"}],"replies":[{"embeddable":true,"href":"https:\/\/flamencolive.com\/en\/wp-json\/wp\/v2\/comments?post=42215"}],"wp:featuredmedia":[{"embeddable":true,"href":"https:\/\/flamencolive.com\/en\/wp-json\/wp\/v2\/media\/42133"}],"wp:attachment":[{"href":"https:\/\/flamencolive.com\/en\/wp-json\/wp\/v2\/media?parent=42215"}],"wp:term":[{"taxonomy":"product_cat","embeddable":true,"href":"https:\/\/flamencolive.com\/en\/wp-json\/wp\/v2\/product_cat?post=42215"},{"taxonomy":"product_tag","embeddable":true,"href":"https:\/\/flamencolive.com\/en\/wp-json\/wp\/v2\/product_tag?post=42215"}],"curies":[{"name":"wp","href":"https:\/\/api.w.org\/{rel}","templated":true}]}}