{"id":46092,"date":"2019-11-05T08:04:48","date_gmt":"2021-11-05T07:04:48","guid":{"rendered":"https:\/\/flamencolive.com\/?post_type=product&#038;p=46092"},"modified":"2025-06-23T19:34:23","modified_gmt":"2025-06-23T17:34:23","slug":"solea-basic-technique-david-leiva","status":"publish","type":"product","link":"https:\/\/flamencolive.com\/en\/solea-basic-technique-david-leiva\/","title":{"rendered":"Sole\u00e1 &#8211; Basic Technique &#8211; David Leiva"},"content":{"rendered":"<div align=\"center\">\n<div align=\"left\"><strong>SOLE\u00c1<\/strong> basic Technique exercises at<span style=\"color: #ff0000;\"> low and normal speeds<\/span>:<\/div>\n<div align=\"left\">\n<p style=\"padding-left: 40px;\" align=\"left\">Arpeggio<br \/>\nAlzap\u00faa<br \/>\nThumb<br \/>\nRasgueado<br \/>\nT\u00e9molo<br \/>\nPicado<\/p>\n<\/div>\n<div style=\"padding-left: 40px;\" align=\"left\">\n<div align=\"left\">\n<p>12 beat cycle on the screen<br \/>\n2 audio options: Guitar+percussion, and Guitar<\/p>\n<\/div>\n<\/div>\n<p style=\"text-align: left;\" align=\"right\">Examples<\/p>\n<\/div>\n<div>\n<div><\/div>\n<div>\n<table class=\" alignleft\" style=\"width: 252px;\" align=\"center\">\n<tbody>\n<tr>\n<td style=\"width: 242.444px;\">\n<p align=\"center\"><span style=\"font-family: inherit; font-size: inherit;\">Thumb Basis Technique<\/span><\/p>\n<div align=\"center\">\n<div align=\"center\">Scores<\/div>\n<\/div>\n<div align=\"center\"><a href=\"http:\/\/www.flamencolive.com\/libreria\/muestra%20pulgar.pdf\" target=\"_blank\" rel=\"noopener noreferrer\"><img decoding=\"async\" title=\"\" src=\"https:\/\/www.storemusic-live.es\/_articulos\/aaa_pdf.jpg\" border=\"0\" \/><\/a><\/div>\n<\/td>\n<\/tr>\n<tr>\n<td style=\"width: 242.444px;\">\n<div align=\"center\">Thumb basis technique<\/div>\n<div align=\"center\">normal speed<\/div>\n<div align=\"center\">\n<div><iframe loading=\"lazy\" title=\"YouTube video player\" src=\"https:\/\/www.youtube.com\/embed\/bhcx9F9gVos\" width=\"240\" height=\"195\" frameborder=\"0\" allowfullscreen=\"allowfullscreen\" data-mce-fragment=\"1\"><\/iframe><\/div>\n<\/div>\n<\/td>\n<\/tr>\n<tr>\n<td style=\"width: 242.444px;\">\n<div align=\"center\">Thumb basis technique<\/div>\n<div align=\"center\">\n<div align=\"center\">Slow speed<\/div>\n<\/div>\n<div align=\"center\">\n<div>\n<div align=\"center\">\n<div align=\"center\"><iframe loading=\"lazy\" title=\"YouTube video player\" src=\"https:\/\/www.youtube.com\/embed\/ekIR1nBylAU\" width=\"240\" height=\"195\" frameborder=\"0\" allowfullscreen=\"allowfullscreen\" data-mce-fragment=\"1\"><\/iframe><\/div>\n<div><\/div>\n<\/div>\n<\/div>\n<\/div>\n<\/td>\n<\/tr>\n<\/tbody>\n<\/table>\n<p>&nbsp;<\/p>\n<\/div>\n<\/div>\n<p>&nbsp;<\/p>\n<p>&nbsp;<\/p>\n<p>&nbsp;<\/p>\n<p>&nbsp;<\/p>\n<p>&nbsp;<\/p>\n<p>&nbsp;<\/p>\n<p>&nbsp;<\/p>\n<p>&nbsp;<\/p>\n<p>&nbsp;<\/p>\n<p>&nbsp;<\/p>\n<p>&nbsp;<\/p>\n<p>&nbsp;<\/p>\n<p>&nbsp;<\/p>\n<p>This Basic Technique section is also included in <a href=\"https:\/\/flamencolive.com\/en\/producto\/solea-1-treatise-of-accompaniment-to-el-cante-video-score-book-david-leiva\/\">Sole\u00e1 1 &#8211; Treatise of Accompaniment to &#8220;El Cante&#8221; &#8211; David Leiva | STREAMING (flamencolive.com)<\/a> and <a href=\"https:\/\/flamencolive.com\/en\/producto\/solea-2-treatise-of-accompaniment-to-el-cante-video-score-book-david-leiva\/\">Sole\u00e1 2 &#8211; Treatise of Accompaniment to &#8220;El Cante&#8221; &#8211; David Leiva | STREAMING (flamencolive.com)<\/a><\/p>\n<div class='et-box et-shadow'>\n\t\t\t\t\t<div class='et-box-content'><h3><span style=\"color: #ff0000;\">STREAMING\/ONLINE FORMAT POSSIBILITIES<\/span><\/h3>\n<p>Video and score displayed on the same screen, options:<\/p>\n<ul>\n<li>Video at full screen<\/li>\n<li>Scores at full screen<\/li>\n<li>Independently video and score resize<\/li>\n<li>Floating and scalable video over the score<\/li>\n<\/ul>\n<p>Video\/audio sync with sheet music options:<\/p>\n<ul>\n<li>Video\/audio synchronized with the scores: As the video progresses, the scores advance automatically. The videos move the score, and also the scores move the video<\/li>\n<li>Manual mode, video\/audio, and sheet music work independently. Manual scores stepping with the mouse, keyboard, or foot pedal, independent of video\/audio. To facilitate study at the user level<\/li>\n<li>Several video and audio options for the same score<\/li>\n<li>Loop option for a segment of the video\/audio<\/li>\n<\/ul>\n<p>Playback speed options:<\/p>\n<ul>\n<li>Possibility of changing the playback speed of each video\/audio tracks to facilitate study (0.25x, 0.5x, 0.75x, 1x, 1.25x, 1.5x, 2x) and independently<\/li>\n<\/ul>\n<p>** Adapts to any device, PC, Tablet, Smartphone, Smart TV<\/p>\n<div><strong>DEMONSTRATIVE VIDEO<\/strong><\/div>\n<p><iframe loading=\"lazy\" title=\"YouTube video player\" src=\"https:\/\/www.youtube.com\/embed\/bX2BgjVh6ss?rel=0\" width=\"694\" height=\"390\" frameborder=\"0\" allowfullscreen=\"allowfullscreen\" data-mce-fragment=\"1\"><\/iframe><\/p><\/div><\/div>\n","protected":false},"excerpt":{"rendered":"<div class='et-box et-shadow'>\n\t\t\t\t\t<div class='et-box-content'><ul>\n<li>Video &amp; Score Book<\/li>\n<li>Sole\u00e1\u00a0basic technique<\/li>\n<li><span style=\"color: #ff0000;\">Product in STREAMING\u00a0<\/span><span style=\"color: #ff0000;\">\u00a0<\/span><span style=\"color: #ff0000;\"><span style=\"color: #0000ff;\"><a style=\"color: #0000ff;\" href=\"https:\/\/flamencolive.com\/streaming_en\/\" target=\"_blank\" rel=\"noopener\">(+INFO)<\/a><\/span><\/span><\/div><\/div><\/li>\n<\/ul>\n<p><strong>SOLE\u00c1<\/strong>: Arpeggio, Alzap\u00faa, Thumb, Rasgueado, T\u00e9molo, Picado<\/p>\n","protected":false},"featured_media":46075,"comment_status":"open","ping_status":"closed","template":"","meta":{"_acf_changed":false,"_et_pb_use_builder":"","_et_pb_old_content":"","_et_gb_content_width":""},"product_cat":[549,546,548,544,93,325,94,110,124,123,117],"product_tag":[],"acf":[],"yoast_head":"<!-- This site is optimized with the Yoast SEO plugin v22.9 - https:\/\/yoast.com\/wordpress\/plugins\/seo\/ -->\n<title>Sole\u00e1 - Basic Technique - David Leiva | STREAMING<\/title>\n<meta name=\"description\" content=\"Flamenco Live te ofrece el producto &quot;Sole\u00e1 - Basic Technique - David Leiva&quot; al mejor precio. \u00a1Descubre nuestra oferta!\" \/>\n<meta name=\"robots\" content=\"index, follow, max-snippet:-1, max-image-preview:large, max-video-preview:-1\" \/>\n<link rel=\"canonical\" href=\"https:\/\/flamencolive.com\/en\/solea-basic-technique-david-leiva\/\" \/>\n<meta property=\"og:locale\" content=\"en_US\" \/>\n<meta property=\"og:type\" content=\"article\" \/>\n<meta property=\"og:title\" content=\"Sole\u00e1 - Basic Technique - David Leiva | STREAMING\" \/>\n<meta property=\"og:description\" content=\"Flamenco Live te ofrece el producto &quot;Sole\u00e1 - Basic Technique - David Leiva&quot; al mejor precio. \u00a1Descubre nuestra oferta!\" \/>\n<meta property=\"og:url\" content=\"https:\/\/flamencolive.com\/en\/solea-basic-technique-david-leiva\/\" \/>\n<meta property=\"og:site_name\" content=\"Flamenco in STREAMING, videos and Scorebooks\" \/>\n<meta property=\"article:publisher\" content=\"http:\/\/www.facebook.com\/pages\/flamencolivecom\/230064430920\" \/>\n<meta property=\"article:modified_time\" content=\"2025-06-23T17:34:23+00:00\" \/>\n<meta property=\"og:image\" content=\"https:\/\/flamencolive.com\/wp-content\/uploads\/2021\/11\/SOLEA-GUITARRA-TECNICA.jpg\" \/>\n\t<meta property=\"og:image:width\" content=\"1000\" \/>\n\t<meta property=\"og:image:height\" content=\"1052\" \/>\n\t<meta property=\"og:image:type\" content=\"image\/jpeg\" \/>\n<meta name=\"twitter:card\" content=\"summary_large_image\" \/>\n<meta name=\"twitter:site\" content=\"@flamencolive\" \/>\n<meta name=\"twitter:label1\" content=\"Est. reading time\" \/>\n\t<meta name=\"twitter:data1\" content=\"2 minutes\" \/>\n<script type=\"application\/ld+json\" class=\"yoast-schema-graph\">{\"@context\":\"https:\/\/schema.org\",\"@graph\":[{\"@type\":\"WebPage\",\"@id\":\"https:\/\/flamencolive.com\/en\/solea-basic-technique-david-leiva\/\",\"url\":\"https:\/\/flamencolive.com\/en\/solea-basic-technique-david-leiva\/\",\"name\":\"Sole\u00e1 - Basic Technique - David Leiva | STREAMING\",\"isPartOf\":{\"@id\":\"https:\/\/flamencolive.com\/en\/#website\"},\"primaryImageOfPage\":{\"@id\":\"https:\/\/flamencolive.com\/en\/solea-basic-technique-david-leiva\/#primaryimage\"},\"image\":{\"@id\":\"https:\/\/flamencolive.com\/en\/solea-basic-technique-david-leiva\/#primaryimage\"},\"thumbnailUrl\":\"https:\/\/flamencolive.com\/wp-content\/uploads\/2021\/11\/SOLEA-GUITARRA-TECNICA.jpg\",\"datePublished\":\"2021-11-05T07:04:48+00:00\",\"dateModified\":\"2025-06-23T17:34:23+00:00\",\"description\":\"Flamenco Live te ofrece el producto \\\"Sole\u00e1 - Basic Technique - David Leiva\\\" al mejor precio. \u00a1Descubre nuestra oferta!\",\"breadcrumb\":{\"@id\":\"https:\/\/flamencolive.com\/en\/solea-basic-technique-david-leiva\/#breadcrumb\"},\"inLanguage\":\"en-US\",\"potentialAction\":[{\"@type\":\"ReadAction\",\"target\":[\"https:\/\/flamencolive.com\/en\/solea-basic-technique-david-leiva\/\"]}]},{\"@type\":\"ImageObject\",\"inLanguage\":\"en-US\",\"@id\":\"https:\/\/flamencolive.com\/en\/solea-basic-technique-david-leiva\/#primaryimage\",\"url\":\"https:\/\/flamencolive.com\/wp-content\/uploads\/2021\/11\/SOLEA-GUITARRA-TECNICA.jpg\",\"contentUrl\":\"https:\/\/flamencolive.com\/wp-content\/uploads\/2021\/11\/SOLEA-GUITARRA-TECNICA.jpg\",\"width\":1000,\"height\":1052,\"caption\":\"Sole\u00e1 -T\u00e9cnica B\u00e1sica - David Leiva\"},{\"@type\":\"BreadcrumbList\",\"@id\":\"https:\/\/flamencolive.com\/en\/solea-basic-technique-david-leiva\/#breadcrumb\",\"itemListElement\":[{\"@type\":\"ListItem\",\"position\":1,\"name\":\"Portada\",\"item\":\"https:\/\/flamencolive.com\/en\/\"},{\"@type\":\"ListItem\",\"position\":2,\"name\":\"home\",\"item\":\"https:\/\/flamencolive.com\/en\/home\/\"},{\"@type\":\"ListItem\",\"position\":3,\"name\":\"Sole\u00e1 &#8211; Basic Technique &#8211; David Leiva\"}]},{\"@type\":\"WebSite\",\"@id\":\"https:\/\/flamencolive.com\/en\/#website\",\"url\":\"https:\/\/flamencolive.com\/en\/\",\"name\":\"Flamenco in STREAMING, videos and Scorebooks\",\"description\":\"Flamenco - Methods and Scorebooks in Streaming\",\"publisher\":{\"@id\":\"https:\/\/flamencolive.com\/en\/#organization\"},\"potentialAction\":[{\"@type\":\"SearchAction\",\"target\":{\"@type\":\"EntryPoint\",\"urlTemplate\":\"https:\/\/flamencolive.com\/en\/?s={search_term_string}\"},\"query-input\":\"required name=search_term_string\"}],\"inLanguage\":\"en-US\"},{\"@type\":\"Organization\",\"@id\":\"https:\/\/flamencolive.com\/en\/#organization\",\"name\":\"flamencolive.com\",\"url\":\"https:\/\/flamencolive.com\/en\/\",\"logo\":{\"@type\":\"ImageObject\",\"inLanguage\":\"en-US\",\"@id\":\"https:\/\/flamencolive.com\/en\/#\/schema\/logo\/image\/\",\"url\":\"https:\/\/flamencolive.com\/wp-content\/uploads\/2020\/09\/logo-vectorial-flamenco-live-500x61-2.png\",\"contentUrl\":\"https:\/\/flamencolive.com\/wp-content\/uploads\/2020\/09\/logo-vectorial-flamenco-live-500x61-2.png\",\"width\":500,\"height\":61,\"caption\":\"flamencolive.com\"},\"image\":{\"@id\":\"https:\/\/flamencolive.com\/en\/#\/schema\/logo\/image\/\"},\"sameAs\":[\"http:\/\/www.facebook.com\/pages\/flamencolivecom\/230064430920\",\"https:\/\/x.com\/flamencolive\",\"https:\/\/www.instagram.com\/flamencolive.oficial\/\",\"http:\/\/www.youtube.com\/user\/rgbartevisual\"]}]}<\/script>\n<!-- \/ Yoast SEO plugin. -->","yoast_head_json":{"title":"Sole\u00e1 - Basic Technique - David Leiva | STREAMING","description":"Flamenco Live te ofrece el producto \"Sole\u00e1 - Basic Technique - David Leiva\" al mejor precio. \u00a1Descubre nuestra oferta!","robots":{"index":"index","follow":"follow","max-snippet":"max-snippet:-1","max-image-preview":"max-image-preview:large","max-video-preview":"max-video-preview:-1"},"canonical":"https:\/\/flamencolive.com\/en\/solea-basic-technique-david-leiva\/","og_locale":"en_US","og_type":"article","og_title":"Sole\u00e1 - Basic Technique - David Leiva | STREAMING","og_description":"Flamenco Live te ofrece el producto \"Sole\u00e1 - Basic Technique - David Leiva\" al mejor precio. \u00a1Descubre nuestra oferta!","og_url":"https:\/\/flamencolive.com\/en\/solea-basic-technique-david-leiva\/","og_site_name":"Flamenco in STREAMING, videos and Scorebooks","article_publisher":"http:\/\/www.facebook.com\/pages\/flamencolivecom\/230064430920","article_modified_time":"2025-06-23T17:34:23+00:00","og_image":[{"width":1000,"height":1052,"url":"https:\/\/flamencolive.com\/wp-content\/uploads\/2021\/11\/SOLEA-GUITARRA-TECNICA.jpg","type":"image\/jpeg"}],"twitter_card":"summary_large_image","twitter_site":"@flamencolive","twitter_misc":{"Est. reading time":"2 minutes"},"schema":{"@context":"https:\/\/schema.org","@graph":[{"@type":"WebPage","@id":"https:\/\/flamencolive.com\/en\/solea-basic-technique-david-leiva\/","url":"https:\/\/flamencolive.com\/en\/solea-basic-technique-david-leiva\/","name":"Sole\u00e1 - Basic Technique - David Leiva | STREAMING","isPartOf":{"@id":"https:\/\/flamencolive.com\/en\/#website"},"primaryImageOfPage":{"@id":"https:\/\/flamencolive.com\/en\/solea-basic-technique-david-leiva\/#primaryimage"},"image":{"@id":"https:\/\/flamencolive.com\/en\/solea-basic-technique-david-leiva\/#primaryimage"},"thumbnailUrl":"https:\/\/flamencolive.com\/wp-content\/uploads\/2021\/11\/SOLEA-GUITARRA-TECNICA.jpg","datePublished":"2021-11-05T07:04:48+00:00","dateModified":"2025-06-23T17:34:23+00:00","description":"Flamenco Live te ofrece el producto \"Sole\u00e1 - Basic Technique - David Leiva\" al mejor precio. \u00a1Descubre nuestra oferta!","breadcrumb":{"@id":"https:\/\/flamencolive.com\/en\/solea-basic-technique-david-leiva\/#breadcrumb"},"inLanguage":"en-US","potentialAction":[{"@type":"ReadAction","target":["https:\/\/flamencolive.com\/en\/solea-basic-technique-david-leiva\/"]}]},{"@type":"ImageObject","inLanguage":"en-US","@id":"https:\/\/flamencolive.com\/en\/solea-basic-technique-david-leiva\/#primaryimage","url":"https:\/\/flamencolive.com\/wp-content\/uploads\/2021\/11\/SOLEA-GUITARRA-TECNICA.jpg","contentUrl":"https:\/\/flamencolive.com\/wp-content\/uploads\/2021\/11\/SOLEA-GUITARRA-TECNICA.jpg","width":1000,"height":1052,"caption":"Sole\u00e1 -T\u00e9cnica B\u00e1sica - David Leiva"},{"@type":"BreadcrumbList","@id":"https:\/\/flamencolive.com\/en\/solea-basic-technique-david-leiva\/#breadcrumb","itemListElement":[{"@type":"ListItem","position":1,"name":"Portada","item":"https:\/\/flamencolive.com\/en\/"},{"@type":"ListItem","position":2,"name":"home","item":"https:\/\/flamencolive.com\/en\/home\/"},{"@type":"ListItem","position":3,"name":"Sole\u00e1 &#8211; Basic Technique &#8211; David Leiva"}]},{"@type":"WebSite","@id":"https:\/\/flamencolive.com\/en\/#website","url":"https:\/\/flamencolive.com\/en\/","name":"Flamenco in STREAMING, videos and Scorebooks","description":"Flamenco - Methods and Scorebooks in Streaming","publisher":{"@id":"https:\/\/flamencolive.com\/en\/#organization"},"potentialAction":[{"@type":"SearchAction","target":{"@type":"EntryPoint","urlTemplate":"https:\/\/flamencolive.com\/en\/?s={search_term_string}"},"query-input":"required name=search_term_string"}],"inLanguage":"en-US"},{"@type":"Organization","@id":"https:\/\/flamencolive.com\/en\/#organization","name":"flamencolive.com","url":"https:\/\/flamencolive.com\/en\/","logo":{"@type":"ImageObject","inLanguage":"en-US","@id":"https:\/\/flamencolive.com\/en\/#\/schema\/logo\/image\/","url":"https:\/\/flamencolive.com\/wp-content\/uploads\/2020\/09\/logo-vectorial-flamenco-live-500x61-2.png","contentUrl":"https:\/\/flamencolive.com\/wp-content\/uploads\/2020\/09\/logo-vectorial-flamenco-live-500x61-2.png","width":500,"height":61,"caption":"flamencolive.com"},"image":{"@id":"https:\/\/flamencolive.com\/en\/#\/schema\/logo\/image\/"},"sameAs":["http:\/\/www.facebook.com\/pages\/flamencolivecom\/230064430920","https:\/\/x.com\/flamencolive","https:\/\/www.instagram.com\/flamencolive.oficial\/","http:\/\/www.youtube.com\/user\/rgbartevisual"]}]}},"_links":{"self":[{"href":"https:\/\/flamencolive.com\/en\/wp-json\/wp\/v2\/product\/46092"}],"collection":[{"href":"https:\/\/flamencolive.com\/en\/wp-json\/wp\/v2\/product"}],"about":[{"href":"https:\/\/flamencolive.com\/en\/wp-json\/wp\/v2\/types\/product"}],"replies":[{"embeddable":true,"href":"https:\/\/flamencolive.com\/en\/wp-json\/wp\/v2\/comments?post=46092"}],"wp:featuredmedia":[{"embeddable":true,"href":"https:\/\/flamencolive.com\/en\/wp-json\/wp\/v2\/media\/46075"}],"wp:attachment":[{"href":"https:\/\/flamencolive.com\/en\/wp-json\/wp\/v2\/media?parent=46092"}],"wp:term":[{"taxonomy":"product_cat","embeddable":true,"href":"https:\/\/flamencolive.com\/en\/wp-json\/wp\/v2\/product_cat?post=46092"},{"taxonomy":"product_tag","embeddable":true,"href":"https:\/\/flamencolive.com\/en\/wp-json\/wp\/v2\/product_tag?post=46092"}],"curies":[{"name":"wp","href":"https:\/\/api.w.org\/{rel}","templated":true}]}}