{"id":46921,"date":"2019-11-17T18:24:31","date_gmt":"2021-11-17T17:24:32","guid":{"rendered":"https:\/\/flamencolive.com\/?post_type=product&#038;p=46921"},"modified":"2024-04-10T08:52:22","modified_gmt":"2024-04-10T06:52:22","slug":"bulerias-calle-de-la-sangre-victor-monge-serranito","status":"publish","type":"product","link":"https:\/\/flamencolive.com\/en\/bulerias-calle-de-la-sangre-victor-monge-serranito\/","title":{"rendered":"Buler\u00edas &#8211; Calle de la sangre &#8211; Victor Monge &#8220;Serranito&#8221;"},"content":{"rendered":"<div align=\"left\">\n<div align=\"left\">\n<p style=\"font-weight: 400;\"><span style=\"font-weight: 400;\">Calle de la sangre- <\/span><span style=\"font-weight: 400;\"><b>Buler\u00edas <\/b><\/span>theme<\/p>\n<p>Scores and video.<\/p>\n<p>Calle De La Sangre is a buler\u00eda and to speak of the buler\u00eda is to speak of Jerez. I believe Jerez is a buler\u00eda, it\u2019s a way of walking, of greeting one another from pavement to pavement, of laughing at a joke almost always with a few claps and an ol\u00e9 as a reward. When the enjoyment goes on a little, the claps also go on and almost certainly end up being the \u2018comp\u00e1s\u2019 por \u2018buler\u00edas\u2019. Since I was a small child I have been an admirer of the art and artists of this region. I think that the least good, at some point, is as good as the best. When I learned to play this style I did so by watching and listening above all to the MORAOS DE JEREZ who for me, have been great players and proponents of that \u2018air\u2019 which is so characteristic. Thank you.<br \/>\nI also want to thank the great master of Jerez, RAFAEL \u2018EL AGUILA\u2019 who was the teacher of many of today\u2019s guitarists and who would use me as an example: \u201cthat guitarist from Madrid\u201d. For all these reasons this buler\u00eda which I\u2019ve recorded here with my son Victor is titled: \u201cCALLE DE SANGRE\u201d which is the street in Jerez where many artists have lived and still do, and to whom I offer my thanks for everything they taught me.<\/p>\n<p style=\"font-weight: 400;\">Musicians:<br \/>\nMiguelRivera, 2\u00aa guitar,\u00a0 Juli\u00e1n Vaquero 2\u00aa guitar &amp; bass,\u00a0 V\u00edctor Monge Barrios, percussi0n.<\/p>\n<\/div>\n<p>This theme is also included in <a href=\"https:\/\/flamencolive.com\/en\/producto\/guitar-masters-in-concert-victor-monge-serranito\/\">Guitar Masters in concert &#8211; Victor Monge &#8220;Serranito&#8221; | STREAMING (flamencolive.com)<\/a><\/p>\n<p>Victor Monge &#8220;Serranito&#8221; theme example:<\/p>\n<p><iframe loading=\"lazy\" style=\"box-sizing: border-box; max-width: 100%; max-height: 100%; color: #212529; font-family: Arial, Helvetica, sans-serif; font-size: 13.3333px; text-align: center; background-color: #ffffff;\" title=\"YouTube video player\" src=\"https:\/\/www.youtube.com\/embed\/qdLJ76UG_oc\" width=\"694\" height=\"390\" frameborder=\"0\" allowfullscreen=\"allowfullscreen\" data-mce-fragment=\"1\"><span data-mce-type=\"bookmark\" style=\"display: inline-block; width: 0px; overflow: hidden; line-height: 0;\" class=\"mce_SELRES_start\">\ufeff<\/span><span data-mce-type=\"bookmark\" style=\"display: inline-block; width: 0px; overflow: hidden; line-height: 0;\" class=\"mce_SELRES_start\">\ufeff<\/span><\/iframe><\/p>\n<\/div>\n","protected":false},"excerpt":{"rendered":"<div class='et-box et-shadow'>\n\t\t\t\t\t<div class='et-box-content'><ul>\n<li>Video &amp; Scores<\/li>\n<li><span style=\"color: #ff0000;\">STREAMING product.<span style=\"color: #000000;\"><\/div><\/div><\/span><\/span><\/li>\n<\/ul>\n<p><span style=\"font-weight: 400;\">Calle de la sangre- <\/span><span style=\"font-weight: 400;\"><b>Buler\u00edas <\/b><\/span>theme<\/p>\n","protected":false},"featured_media":46803,"comment_status":"open","ping_status":"closed","template":"","meta":{"_acf_changed":false,"_et_pb_use_builder":"off","_et_pb_old_content":"","_et_gb_content_width":""},"product_cat":[549,662,93,324,124,123,117],"product_tag":[],"acf":[],"yoast_head":"<!-- This site is optimized with the Yoast SEO plugin v22.9 - https:\/\/yoast.com\/wordpress\/plugins\/seo\/ -->\n<title>Buler\u00edas - Calle de la sangre - Victor Monge &quot;Serranito&quot; | STREAMING<\/title>\n<meta name=\"description\" content=\"Flamenco Live te ofrece el producto &quot;Buler\u00edas - Calle de la sangre - Victor Monge &quot;Serranito&quot;&quot; al mejor precio. \u00a1Descubre nuestra oferta!\" \/>\n<meta name=\"robots\" content=\"index, follow, max-snippet:-1, max-image-preview:large, max-video-preview:-1\" \/>\n<link rel=\"canonical\" href=\"https:\/\/flamencolive.com\/en\/bulerias-calle-de-la-sangre-victor-monge-serranito\/\" \/>\n<meta property=\"og:locale\" content=\"en_US\" \/>\n<meta property=\"og:type\" content=\"article\" \/>\n<meta property=\"og:title\" content=\"Buler\u00edas - Calle de la sangre - Victor Monge &quot;Serranito&quot; | STREAMING\" \/>\n<meta property=\"og:description\" content=\"Flamenco Live te ofrece el producto &quot;Buler\u00edas - Calle de la sangre - Victor Monge &quot;Serranito&quot;&quot; al mejor precio. \u00a1Descubre nuestra oferta!\" \/>\n<meta property=\"og:url\" content=\"https:\/\/flamencolive.com\/en\/bulerias-calle-de-la-sangre-victor-monge-serranito\/\" \/>\n<meta property=\"og:site_name\" content=\"Flamenco in STREAMING, videos and Scorebooks\" \/>\n<meta property=\"article:publisher\" content=\"http:\/\/www.facebook.com\/pages\/flamencolivecom\/230064430920\" \/>\n<meta property=\"article:modified_time\" content=\"2024-04-10T06:52:22+00:00\" \/>\n<meta property=\"og:image\" content=\"https:\/\/flamencolive.com\/wp-content\/uploads\/2021\/11\/BULERIAS-SERRA-TEMAS.jpg\" \/>\n\t<meta property=\"og:image:width\" content=\"1000\" \/>\n\t<meta property=\"og:image:height\" content=\"1052\" \/>\n\t<meta property=\"og:image:type\" content=\"image\/jpeg\" \/>\n<meta name=\"twitter:card\" content=\"summary_large_image\" \/>\n<meta name=\"twitter:site\" content=\"@flamencolive\" \/>\n<meta name=\"twitter:label1\" content=\"Est. reading time\" \/>\n\t<meta name=\"twitter:data1\" content=\"2 minutes\" \/>\n<script type=\"application\/ld+json\" class=\"yoast-schema-graph\">{\"@context\":\"https:\/\/schema.org\",\"@graph\":[{\"@type\":\"WebPage\",\"@id\":\"https:\/\/flamencolive.com\/en\/bulerias-calle-de-la-sangre-victor-monge-serranito\/\",\"url\":\"https:\/\/flamencolive.com\/en\/bulerias-calle-de-la-sangre-victor-monge-serranito\/\",\"name\":\"Buler\u00edas - Calle de la sangre - Victor Monge \\\"Serranito\\\" | STREAMING\",\"isPartOf\":{\"@id\":\"https:\/\/flamencolive.com\/en\/#website\"},\"primaryImageOfPage\":{\"@id\":\"https:\/\/flamencolive.com\/en\/bulerias-calle-de-la-sangre-victor-monge-serranito\/#primaryimage\"},\"image\":{\"@id\":\"https:\/\/flamencolive.com\/en\/bulerias-calle-de-la-sangre-victor-monge-serranito\/#primaryimage\"},\"thumbnailUrl\":\"https:\/\/flamencolive.com\/wp-content\/uploads\/2021\/11\/BULERIAS-SERRA-TEMAS.jpg\",\"datePublished\":\"2021-11-17T17:24:32+00:00\",\"dateModified\":\"2024-04-10T06:52:22+00:00\",\"description\":\"Flamenco Live te ofrece el producto \\\"Buler\u00edas - Calle de la sangre - Victor Monge \\\"Serranito\\\"\\\" al mejor precio. \u00a1Descubre nuestra oferta!\",\"breadcrumb\":{\"@id\":\"https:\/\/flamencolive.com\/en\/bulerias-calle-de-la-sangre-victor-monge-serranito\/#breadcrumb\"},\"inLanguage\":\"en-US\",\"potentialAction\":[{\"@type\":\"ReadAction\",\"target\":[\"https:\/\/flamencolive.com\/en\/bulerias-calle-de-la-sangre-victor-monge-serranito\/\"]}]},{\"@type\":\"ImageObject\",\"inLanguage\":\"en-US\",\"@id\":\"https:\/\/flamencolive.com\/en\/bulerias-calle-de-la-sangre-victor-monge-serranito\/#primaryimage\",\"url\":\"https:\/\/flamencolive.com\/wp-content\/uploads\/2021\/11\/BULERIAS-SERRA-TEMAS.jpg\",\"contentUrl\":\"https:\/\/flamencolive.com\/wp-content\/uploads\/2021\/11\/BULERIAS-SERRA-TEMAS.jpg\",\"width\":1000,\"height\":1052,\"caption\":\"Buler\u00edas - Calle de la sangre - Victor Monge \\\"Serranito\\\"\"},{\"@type\":\"BreadcrumbList\",\"@id\":\"https:\/\/flamencolive.com\/en\/bulerias-calle-de-la-sangre-victor-monge-serranito\/#breadcrumb\",\"itemListElement\":[{\"@type\":\"ListItem\",\"position\":1,\"name\":\"Portada\",\"item\":\"https:\/\/flamencolive.com\/en\/\"},{\"@type\":\"ListItem\",\"position\":2,\"name\":\"home\",\"item\":\"https:\/\/flamencolive.com\/en\/home\/\"},{\"@type\":\"ListItem\",\"position\":3,\"name\":\"Buler\u00edas &#8211; Calle de la sangre &#8211; Victor Monge &#8220;Serranito&#8221;\"}]},{\"@type\":\"WebSite\",\"@id\":\"https:\/\/flamencolive.com\/en\/#website\",\"url\":\"https:\/\/flamencolive.com\/en\/\",\"name\":\"Flamenco in STREAMING, videos and Scorebooks\",\"description\":\"Flamenco - Methods and Scorebooks in Streaming\",\"publisher\":{\"@id\":\"https:\/\/flamencolive.com\/en\/#organization\"},\"potentialAction\":[{\"@type\":\"SearchAction\",\"target\":{\"@type\":\"EntryPoint\",\"urlTemplate\":\"https:\/\/flamencolive.com\/en\/?s={search_term_string}\"},\"query-input\":\"required name=search_term_string\"}],\"inLanguage\":\"en-US\"},{\"@type\":\"Organization\",\"@id\":\"https:\/\/flamencolive.com\/en\/#organization\",\"name\":\"flamencolive.com\",\"url\":\"https:\/\/flamencolive.com\/en\/\",\"logo\":{\"@type\":\"ImageObject\",\"inLanguage\":\"en-US\",\"@id\":\"https:\/\/flamencolive.com\/en\/#\/schema\/logo\/image\/\",\"url\":\"https:\/\/flamencolive.com\/wp-content\/uploads\/2020\/09\/logo-vectorial-flamenco-live-500x61-2.png\",\"contentUrl\":\"https:\/\/flamencolive.com\/wp-content\/uploads\/2020\/09\/logo-vectorial-flamenco-live-500x61-2.png\",\"width\":500,\"height\":61,\"caption\":\"flamencolive.com\"},\"image\":{\"@id\":\"https:\/\/flamencolive.com\/en\/#\/schema\/logo\/image\/\"},\"sameAs\":[\"http:\/\/www.facebook.com\/pages\/flamencolivecom\/230064430920\",\"https:\/\/x.com\/flamencolive\",\"https:\/\/www.instagram.com\/flamencolive.oficial\/\",\"http:\/\/www.youtube.com\/user\/rgbartevisual\"]}]}<\/script>\n<!-- \/ Yoast SEO plugin. -->","yoast_head_json":{"title":"Buler\u00edas - Calle de la sangre - Victor Monge \"Serranito\" | STREAMING","description":"Flamenco Live te ofrece el producto \"Buler\u00edas - Calle de la sangre - Victor Monge \"Serranito\"\" al mejor precio. \u00a1Descubre nuestra oferta!","robots":{"index":"index","follow":"follow","max-snippet":"max-snippet:-1","max-image-preview":"max-image-preview:large","max-video-preview":"max-video-preview:-1"},"canonical":"https:\/\/flamencolive.com\/en\/bulerias-calle-de-la-sangre-victor-monge-serranito\/","og_locale":"en_US","og_type":"article","og_title":"Buler\u00edas - Calle de la sangre - Victor Monge \"Serranito\" | STREAMING","og_description":"Flamenco Live te ofrece el producto \"Buler\u00edas - Calle de la sangre - Victor Monge \"Serranito\"\" al mejor precio. \u00a1Descubre nuestra oferta!","og_url":"https:\/\/flamencolive.com\/en\/bulerias-calle-de-la-sangre-victor-monge-serranito\/","og_site_name":"Flamenco in STREAMING, videos and Scorebooks","article_publisher":"http:\/\/www.facebook.com\/pages\/flamencolivecom\/230064430920","article_modified_time":"2024-04-10T06:52:22+00:00","og_image":[{"width":1000,"height":1052,"url":"https:\/\/flamencolive.com\/wp-content\/uploads\/2021\/11\/BULERIAS-SERRA-TEMAS.jpg","type":"image\/jpeg"}],"twitter_card":"summary_large_image","twitter_site":"@flamencolive","twitter_misc":{"Est. reading time":"2 minutes"},"schema":{"@context":"https:\/\/schema.org","@graph":[{"@type":"WebPage","@id":"https:\/\/flamencolive.com\/en\/bulerias-calle-de-la-sangre-victor-monge-serranito\/","url":"https:\/\/flamencolive.com\/en\/bulerias-calle-de-la-sangre-victor-monge-serranito\/","name":"Buler\u00edas - Calle de la sangre - Victor Monge \"Serranito\" | STREAMING","isPartOf":{"@id":"https:\/\/flamencolive.com\/en\/#website"},"primaryImageOfPage":{"@id":"https:\/\/flamencolive.com\/en\/bulerias-calle-de-la-sangre-victor-monge-serranito\/#primaryimage"},"image":{"@id":"https:\/\/flamencolive.com\/en\/bulerias-calle-de-la-sangre-victor-monge-serranito\/#primaryimage"},"thumbnailUrl":"https:\/\/flamencolive.com\/wp-content\/uploads\/2021\/11\/BULERIAS-SERRA-TEMAS.jpg","datePublished":"2021-11-17T17:24:32+00:00","dateModified":"2024-04-10T06:52:22+00:00","description":"Flamenco Live te ofrece el producto \"Buler\u00edas - Calle de la sangre - Victor Monge \"Serranito\"\" al mejor precio. \u00a1Descubre nuestra oferta!","breadcrumb":{"@id":"https:\/\/flamencolive.com\/en\/bulerias-calle-de-la-sangre-victor-monge-serranito\/#breadcrumb"},"inLanguage":"en-US","potentialAction":[{"@type":"ReadAction","target":["https:\/\/flamencolive.com\/en\/bulerias-calle-de-la-sangre-victor-monge-serranito\/"]}]},{"@type":"ImageObject","inLanguage":"en-US","@id":"https:\/\/flamencolive.com\/en\/bulerias-calle-de-la-sangre-victor-monge-serranito\/#primaryimage","url":"https:\/\/flamencolive.com\/wp-content\/uploads\/2021\/11\/BULERIAS-SERRA-TEMAS.jpg","contentUrl":"https:\/\/flamencolive.com\/wp-content\/uploads\/2021\/11\/BULERIAS-SERRA-TEMAS.jpg","width":1000,"height":1052,"caption":"Buler\u00edas - Calle de la sangre - Victor Monge \"Serranito\""},{"@type":"BreadcrumbList","@id":"https:\/\/flamencolive.com\/en\/bulerias-calle-de-la-sangre-victor-monge-serranito\/#breadcrumb","itemListElement":[{"@type":"ListItem","position":1,"name":"Portada","item":"https:\/\/flamencolive.com\/en\/"},{"@type":"ListItem","position":2,"name":"home","item":"https:\/\/flamencolive.com\/en\/home\/"},{"@type":"ListItem","position":3,"name":"Buler\u00edas &#8211; Calle de la sangre &#8211; Victor Monge &#8220;Serranito&#8221;"}]},{"@type":"WebSite","@id":"https:\/\/flamencolive.com\/en\/#website","url":"https:\/\/flamencolive.com\/en\/","name":"Flamenco in STREAMING, videos and Scorebooks","description":"Flamenco - Methods and Scorebooks in Streaming","publisher":{"@id":"https:\/\/flamencolive.com\/en\/#organization"},"potentialAction":[{"@type":"SearchAction","target":{"@type":"EntryPoint","urlTemplate":"https:\/\/flamencolive.com\/en\/?s={search_term_string}"},"query-input":"required name=search_term_string"}],"inLanguage":"en-US"},{"@type":"Organization","@id":"https:\/\/flamencolive.com\/en\/#organization","name":"flamencolive.com","url":"https:\/\/flamencolive.com\/en\/","logo":{"@type":"ImageObject","inLanguage":"en-US","@id":"https:\/\/flamencolive.com\/en\/#\/schema\/logo\/image\/","url":"https:\/\/flamencolive.com\/wp-content\/uploads\/2020\/09\/logo-vectorial-flamenco-live-500x61-2.png","contentUrl":"https:\/\/flamencolive.com\/wp-content\/uploads\/2020\/09\/logo-vectorial-flamenco-live-500x61-2.png","width":500,"height":61,"caption":"flamencolive.com"},"image":{"@id":"https:\/\/flamencolive.com\/en\/#\/schema\/logo\/image\/"},"sameAs":["http:\/\/www.facebook.com\/pages\/flamencolivecom\/230064430920","https:\/\/x.com\/flamencolive","https:\/\/www.instagram.com\/flamencolive.oficial\/","http:\/\/www.youtube.com\/user\/rgbartevisual"]}]}},"_links":{"self":[{"href":"https:\/\/flamencolive.com\/en\/wp-json\/wp\/v2\/product\/46921"}],"collection":[{"href":"https:\/\/flamencolive.com\/en\/wp-json\/wp\/v2\/product"}],"about":[{"href":"https:\/\/flamencolive.com\/en\/wp-json\/wp\/v2\/types\/product"}],"replies":[{"embeddable":true,"href":"https:\/\/flamencolive.com\/en\/wp-json\/wp\/v2\/comments?post=46921"}],"wp:featuredmedia":[{"embeddable":true,"href":"https:\/\/flamencolive.com\/en\/wp-json\/wp\/v2\/media\/46803"}],"wp:attachment":[{"href":"https:\/\/flamencolive.com\/en\/wp-json\/wp\/v2\/media?parent=46921"}],"wp:term":[{"taxonomy":"product_cat","embeddable":true,"href":"https:\/\/flamencolive.com\/en\/wp-json\/wp\/v2\/product_cat?post=46921"},{"taxonomy":"product_tag","embeddable":true,"href":"https:\/\/flamencolive.com\/en\/wp-json\/wp\/v2\/product_tag?post=46921"}],"curies":[{"name":"wp","href":"https:\/\/api.w.org\/{rel}","templated":true}]}}