{"id":47266,"date":"2021-12-13T12:49:16","date_gmt":"2021-12-13T11:49:16","guid":{"rendered":"https:\/\/flamencolive.com\/?post_type=product&#038;p=47266"},"modified":"2025-06-23T10:59:40","modified_gmt":"2025-06-23T08:59:40","slug":"bulerias-in-9-lessons-jose-manuel-montoya","status":"publish","type":"product","link":"https:\/\/flamencolive.com\/en\/bulerias-in-9-lessons-jose-manuel-montoya\/","title":{"rendered":"Buler\u00edas in 9 Lessons &#8211; Jos\u00e9 Manuel Montoya"},"content":{"rendered":"<p>Buler\u00edas course for Flamenco Guitar in 9 lessons, for those who have been playing the guitar for some time and know the flamenco guitar techniques.<\/p>\n<p>Jos\u00e9 Manuel Montoya guides the student in the explanation, and the student will be able to practice with a metronome at a slow speed and also accompanied by Jos\u00e9 Manuel Montoya.<\/p>\n<p>The last Lesson is a review of everything studied through a concert theme called &#8220;Retama&#8221;, where the Cierres, rasgueos, and all the studied falsetas are applied, accompanied by clapping and caj\u00f3n. There is a first part in which the guitar of Jos\u00e9 Manuel Montoya is heard, and a second part where the guitar begins for a very short time, and then the student is left alone with the percussion.<\/p>\n<table style=\"border-collapse: collapse; width: 648px; height: 376px;\">\n<tbody>\n<tr>\n<td style=\"width: 61.2px;\"><\/td>\n<td style=\"width: 491.6px;\"><iframe loading=\"lazy\" style=\"box-sizing: border-box; max-width: 100%; max-height: 100%; color: #212529; font-family: Arial, Helvetica, sans-serif; font-size: 13.3333px; text-align: center; background-color: #ffffff;\" title=\"YouTube video player\" src=\"https:\/\/www.youtube.com\/embed\/w0HRoX8nQeY?rel=0\" width=\"694\" height=\"390\" frameborder=\"0\" allowfullscreen=\"allowfullscreen\"><span data-mce-type=\"bookmark\" style=\"display: inline-block; width: 0px; overflow: hidden; line-height: 0;\" class=\"mce_SELRES_start\">\ufeff<\/span><span data-mce-type=\"bookmark\" style=\"display: inline-block; width: 0px; overflow: hidden; line-height: 0;\" class=\"mce_SELRES_start\">\ufeff<\/span><\/iframe><\/td>\n<td style=\"width: 86px;\"><\/td>\n<\/tr>\n<\/tbody>\n<\/table>\n<p><u>Lesson 1-<strong> Buler\u00edas rhythmic base and rasgues<br \/>\n<\/strong><\/u>Different rhythmic bases are studied with palmas, as well as three buler\u00edas rasgueos.<\/p>\n<p><u>Lesson 2 &#8211; <strong>Thumb technique falseta and legatos<br \/>\n<\/strong><\/u>A falseta is worked where the most frequent figure is the eighth note, syncopated notes and counter time. The techniques highlighted in this falseta are thumb in the right hand, thumb, and ligados in the left hand.<\/p>\n<p><u>Lesson 3 \u2013 <strong>Rasgueos \/ Strumming<br \/>\n<\/strong><\/u>Some rasgueos with a basic rhythm format and others can be used as a rhythmic Cierrre entering with falseta or cante. You can also apply some of the strumming for accompaniment to the dance.<\/p>\n<p><u>Lesson 4 &#8211; <strong>Thumb Falseta<br \/>\n<\/strong><\/u>The thumb technique is worked as in class 2. The beginning of the falseta begins with rasgueo at beat 12 and ends at beat 9 to give way to the melody at beat 10. The most representative figure is the eighth note and in the last comp\u00e1s eighth notes are made using the thumb and index finger.<\/p>\n<p><u>Lesson 5 &#8211; <strong>Thumb and picado Falseta<br \/>\n<\/strong><\/u>Thumb technique is performed by arpeggio with the thumb, and the thumb technique is mixed with picado, ending with picado and rasgueo making eighth note triplets.<\/p>\n<p><u>Lesson 6 &#8211; <strong>Alzap\u00faa Falseta<br \/>\n<\/strong><\/u>Dedicated to the alzap\u00faa technique. Will have syncopated notes of quarter length with black duration with legato. The most prominent figure, as in other classes, is the eighth note. Pay attention to the final rasgueo that begins at beat 6 with sixteenth notes.<\/p>\n<p><u>Lesson 7- <strong>Picado Falseta with three fingers<br \/>\n<\/strong><\/u>\u00a0A technique not too usual in flamenco is explained, it consists of using the ring, middle and index fingers \u201cApoyado\u201d. \u00a0In the first three measures the index, middle and ring arpeggio is worked in a fast way. In the last comp\u00e1s it is going to be legato by pressing the fourth string and legato in the fifth.<\/p>\n<p><u>Lesson 8 &#8211; <strong>Closures<br \/>\n<\/strong><\/u>In the first two cierres the picado technique is applied and in the remaining ones the thumb technique, highlighting the last one will be done with alzap\u00faa and the figure of an eighth note triplet.<\/p>\n<p><u>Lesson 9 &#8211; <strong>Evaluation<br \/>\n<\/strong><\/u>Evaluation class where you can practice at a higher speed (180 BPM) than in the previous classes, accompanied by the percussion of two cajon and several claps. There is a first part where you can practice listening to the guitar and a second with just percussion.<\/p>\n","protected":false},"excerpt":{"rendered":"<div class='et-box et-shadow'>\n\t\t\t\t\t<div class='et-box-content'><ul>\n<li>Video &amp; Score Book<\/li>\n<li>Languages: Spanish, English<\/li>\n<li><span style=\"color: #ff0000;\">STREAMING product <span style=\"color: #000000;\"><\/div><\/div><\/span><\/span><\/li>\n<\/ul>\n<p>Buler\u00edas course for Flamenco Guitar in 9 lessons, for those who have been playing the guitar for some time and know the flamenco guitar techniques.<\/p>\n","protected":false},"featured_media":47432,"comment_status":"open","ping_status":"closed","template":"","meta":{"_acf_changed":false,"_et_pb_use_builder":"off","_et_pb_old_content":"","_et_gb_content_width":""},"product_cat":[546,544,93,326,324,94,112,124,123],"product_tag":[],"acf":[],"yoast_head":"<!-- This site is optimized with the Yoast SEO plugin v22.9 - https:\/\/yoast.com\/wordpress\/plugins\/seo\/ -->\n<title>Buler\u00edas in 9 Lessons - Jos\u00e9 Manuel Montoya | STREAMING<\/title>\n<meta name=\"description\" content=\"Flamenco Live te ofrece el producto &quot;Buler\u00edas in 9 Lessons - Jos\u00e9 Manuel Montoya&quot; al mejor precio. \u00a1Descubre nuestra oferta!\" \/>\n<meta name=\"robots\" content=\"index, follow, max-snippet:-1, max-image-preview:large, max-video-preview:-1\" \/>\n<link rel=\"canonical\" href=\"https:\/\/flamencolive.com\/en\/bulerias-in-9-lessons-jose-manuel-montoya\/\" \/>\n<meta property=\"og:locale\" content=\"en_US\" \/>\n<meta property=\"og:type\" content=\"article\" \/>\n<meta property=\"og:title\" content=\"Buler\u00edas in 9 Lessons - Jos\u00e9 Manuel Montoya | STREAMING\" \/>\n<meta property=\"og:description\" content=\"Flamenco Live te ofrece el producto &quot;Buler\u00edas in 9 Lessons - Jos\u00e9 Manuel Montoya&quot; al mejor precio. \u00a1Descubre nuestra oferta!\" \/>\n<meta property=\"og:url\" content=\"https:\/\/flamencolive.com\/en\/bulerias-in-9-lessons-jose-manuel-montoya\/\" \/>\n<meta property=\"og:site_name\" content=\"Flamenco in STREAMING, videos and Scorebooks\" \/>\n<meta property=\"article:publisher\" content=\"http:\/\/www.facebook.com\/pages\/flamencolivecom\/230064430920\" \/>\n<meta property=\"article:modified_time\" content=\"2025-06-23T08:59:40+00:00\" \/>\n<meta property=\"og:image\" content=\"https:\/\/flamencolive.com\/wp-content\/uploads\/2021\/12\/Bulerias9clases_1000.jpg\" \/>\n\t<meta property=\"og:image:width\" content=\"1000\" \/>\n\t<meta property=\"og:image:height\" content=\"1105\" \/>\n\t<meta property=\"og:image:type\" content=\"image\/jpeg\" \/>\n<meta name=\"twitter:card\" content=\"summary_large_image\" \/>\n<meta name=\"twitter:site\" content=\"@flamencolive\" \/>\n<meta name=\"twitter:label1\" content=\"Est. reading time\" \/>\n\t<meta name=\"twitter:data1\" content=\"3 minutes\" \/>\n<script type=\"application\/ld+json\" class=\"yoast-schema-graph\">{\"@context\":\"https:\/\/schema.org\",\"@graph\":[{\"@type\":\"WebPage\",\"@id\":\"https:\/\/flamencolive.com\/en\/bulerias-in-9-lessons-jose-manuel-montoya\/\",\"url\":\"https:\/\/flamencolive.com\/en\/bulerias-in-9-lessons-jose-manuel-montoya\/\",\"name\":\"Buler\u00edas in 9 Lessons - Jos\u00e9 Manuel Montoya | STREAMING\",\"isPartOf\":{\"@id\":\"https:\/\/flamencolive.com\/en\/#website\"},\"primaryImageOfPage\":{\"@id\":\"https:\/\/flamencolive.com\/en\/bulerias-in-9-lessons-jose-manuel-montoya\/#primaryimage\"},\"image\":{\"@id\":\"https:\/\/flamencolive.com\/en\/bulerias-in-9-lessons-jose-manuel-montoya\/#primaryimage\"},\"thumbnailUrl\":\"https:\/\/flamencolive.com\/wp-content\/uploads\/2021\/12\/Bulerias9clases_1000.jpg\",\"datePublished\":\"2021-12-13T11:49:16+00:00\",\"dateModified\":\"2025-06-23T08:59:40+00:00\",\"description\":\"Flamenco Live te ofrece el producto \\\"Buler\u00edas in 9 Lessons - Jos\u00e9 Manuel Montoya\\\" al mejor precio. \u00a1Descubre nuestra oferta!\",\"breadcrumb\":{\"@id\":\"https:\/\/flamencolive.com\/en\/bulerias-in-9-lessons-jose-manuel-montoya\/#breadcrumb\"},\"inLanguage\":\"en-US\",\"potentialAction\":[{\"@type\":\"ReadAction\",\"target\":[\"https:\/\/flamencolive.com\/en\/bulerias-in-9-lessons-jose-manuel-montoya\/\"]}]},{\"@type\":\"ImageObject\",\"inLanguage\":\"en-US\",\"@id\":\"https:\/\/flamencolive.com\/en\/bulerias-in-9-lessons-jose-manuel-montoya\/#primaryimage\",\"url\":\"https:\/\/flamencolive.com\/wp-content\/uploads\/2021\/12\/Bulerias9clases_1000.jpg\",\"contentUrl\":\"https:\/\/flamencolive.com\/wp-content\/uploads\/2021\/12\/Bulerias9clases_1000.jpg\",\"width\":1000,\"height\":1105,\"caption\":\"Buler\u00edas en 9 clases - Jos\u00e9 Manuel Montoya\"},{\"@type\":\"BreadcrumbList\",\"@id\":\"https:\/\/flamencolive.com\/en\/bulerias-in-9-lessons-jose-manuel-montoya\/#breadcrumb\",\"itemListElement\":[{\"@type\":\"ListItem\",\"position\":1,\"name\":\"Portada\",\"item\":\"https:\/\/flamencolive.com\/en\/\"},{\"@type\":\"ListItem\",\"position\":2,\"name\":\"home\",\"item\":\"https:\/\/flamencolive.com\/en\/home\/\"},{\"@type\":\"ListItem\",\"position\":3,\"name\":\"Buler\u00edas in 9 Lessons &#8211; Jos\u00e9 Manuel Montoya\"}]},{\"@type\":\"WebSite\",\"@id\":\"https:\/\/flamencolive.com\/en\/#website\",\"url\":\"https:\/\/flamencolive.com\/en\/\",\"name\":\"Flamenco in STREAMING, videos and Scorebooks\",\"description\":\"Flamenco - Methods and Scorebooks in Streaming\",\"publisher\":{\"@id\":\"https:\/\/flamencolive.com\/en\/#organization\"},\"potentialAction\":[{\"@type\":\"SearchAction\",\"target\":{\"@type\":\"EntryPoint\",\"urlTemplate\":\"https:\/\/flamencolive.com\/en\/?s={search_term_string}\"},\"query-input\":\"required name=search_term_string\"}],\"inLanguage\":\"en-US\"},{\"@type\":\"Organization\",\"@id\":\"https:\/\/flamencolive.com\/en\/#organization\",\"name\":\"flamencolive.com\",\"url\":\"https:\/\/flamencolive.com\/en\/\",\"logo\":{\"@type\":\"ImageObject\",\"inLanguage\":\"en-US\",\"@id\":\"https:\/\/flamencolive.com\/en\/#\/schema\/logo\/image\/\",\"url\":\"https:\/\/flamencolive.com\/wp-content\/uploads\/2020\/09\/logo-vectorial-flamenco-live-500x61-2.png\",\"contentUrl\":\"https:\/\/flamencolive.com\/wp-content\/uploads\/2020\/09\/logo-vectorial-flamenco-live-500x61-2.png\",\"width\":500,\"height\":61,\"caption\":\"flamencolive.com\"},\"image\":{\"@id\":\"https:\/\/flamencolive.com\/en\/#\/schema\/logo\/image\/\"},\"sameAs\":[\"http:\/\/www.facebook.com\/pages\/flamencolivecom\/230064430920\",\"https:\/\/x.com\/flamencolive\",\"https:\/\/www.instagram.com\/flamencolive.oficial\/\",\"http:\/\/www.youtube.com\/user\/rgbartevisual\"]}]}<\/script>\n<!-- \/ Yoast SEO plugin. -->","yoast_head_json":{"title":"Buler\u00edas in 9 Lessons - Jos\u00e9 Manuel Montoya | STREAMING","description":"Flamenco Live te ofrece el producto \"Buler\u00edas in 9 Lessons - Jos\u00e9 Manuel Montoya\" al mejor precio. \u00a1Descubre nuestra oferta!","robots":{"index":"index","follow":"follow","max-snippet":"max-snippet:-1","max-image-preview":"max-image-preview:large","max-video-preview":"max-video-preview:-1"},"canonical":"https:\/\/flamencolive.com\/en\/bulerias-in-9-lessons-jose-manuel-montoya\/","og_locale":"en_US","og_type":"article","og_title":"Buler\u00edas in 9 Lessons - Jos\u00e9 Manuel Montoya | STREAMING","og_description":"Flamenco Live te ofrece el producto \"Buler\u00edas in 9 Lessons - Jos\u00e9 Manuel Montoya\" al mejor precio. \u00a1Descubre nuestra oferta!","og_url":"https:\/\/flamencolive.com\/en\/bulerias-in-9-lessons-jose-manuel-montoya\/","og_site_name":"Flamenco in STREAMING, videos and Scorebooks","article_publisher":"http:\/\/www.facebook.com\/pages\/flamencolivecom\/230064430920","article_modified_time":"2025-06-23T08:59:40+00:00","og_image":[{"width":1000,"height":1105,"url":"https:\/\/flamencolive.com\/wp-content\/uploads\/2021\/12\/Bulerias9clases_1000.jpg","type":"image\/jpeg"}],"twitter_card":"summary_large_image","twitter_site":"@flamencolive","twitter_misc":{"Est. reading time":"3 minutes"},"schema":{"@context":"https:\/\/schema.org","@graph":[{"@type":"WebPage","@id":"https:\/\/flamencolive.com\/en\/bulerias-in-9-lessons-jose-manuel-montoya\/","url":"https:\/\/flamencolive.com\/en\/bulerias-in-9-lessons-jose-manuel-montoya\/","name":"Buler\u00edas in 9 Lessons - Jos\u00e9 Manuel Montoya | STREAMING","isPartOf":{"@id":"https:\/\/flamencolive.com\/en\/#website"},"primaryImageOfPage":{"@id":"https:\/\/flamencolive.com\/en\/bulerias-in-9-lessons-jose-manuel-montoya\/#primaryimage"},"image":{"@id":"https:\/\/flamencolive.com\/en\/bulerias-in-9-lessons-jose-manuel-montoya\/#primaryimage"},"thumbnailUrl":"https:\/\/flamencolive.com\/wp-content\/uploads\/2021\/12\/Bulerias9clases_1000.jpg","datePublished":"2021-12-13T11:49:16+00:00","dateModified":"2025-06-23T08:59:40+00:00","description":"Flamenco Live te ofrece el producto \"Buler\u00edas in 9 Lessons - Jos\u00e9 Manuel Montoya\" al mejor precio. \u00a1Descubre nuestra oferta!","breadcrumb":{"@id":"https:\/\/flamencolive.com\/en\/bulerias-in-9-lessons-jose-manuel-montoya\/#breadcrumb"},"inLanguage":"en-US","potentialAction":[{"@type":"ReadAction","target":["https:\/\/flamencolive.com\/en\/bulerias-in-9-lessons-jose-manuel-montoya\/"]}]},{"@type":"ImageObject","inLanguage":"en-US","@id":"https:\/\/flamencolive.com\/en\/bulerias-in-9-lessons-jose-manuel-montoya\/#primaryimage","url":"https:\/\/flamencolive.com\/wp-content\/uploads\/2021\/12\/Bulerias9clases_1000.jpg","contentUrl":"https:\/\/flamencolive.com\/wp-content\/uploads\/2021\/12\/Bulerias9clases_1000.jpg","width":1000,"height":1105,"caption":"Buler\u00edas en 9 clases - Jos\u00e9 Manuel Montoya"},{"@type":"BreadcrumbList","@id":"https:\/\/flamencolive.com\/en\/bulerias-in-9-lessons-jose-manuel-montoya\/#breadcrumb","itemListElement":[{"@type":"ListItem","position":1,"name":"Portada","item":"https:\/\/flamencolive.com\/en\/"},{"@type":"ListItem","position":2,"name":"home","item":"https:\/\/flamencolive.com\/en\/home\/"},{"@type":"ListItem","position":3,"name":"Buler\u00edas in 9 Lessons &#8211; Jos\u00e9 Manuel Montoya"}]},{"@type":"WebSite","@id":"https:\/\/flamencolive.com\/en\/#website","url":"https:\/\/flamencolive.com\/en\/","name":"Flamenco in STREAMING, videos and Scorebooks","description":"Flamenco - Methods and Scorebooks in Streaming","publisher":{"@id":"https:\/\/flamencolive.com\/en\/#organization"},"potentialAction":[{"@type":"SearchAction","target":{"@type":"EntryPoint","urlTemplate":"https:\/\/flamencolive.com\/en\/?s={search_term_string}"},"query-input":"required name=search_term_string"}],"inLanguage":"en-US"},{"@type":"Organization","@id":"https:\/\/flamencolive.com\/en\/#organization","name":"flamencolive.com","url":"https:\/\/flamencolive.com\/en\/","logo":{"@type":"ImageObject","inLanguage":"en-US","@id":"https:\/\/flamencolive.com\/en\/#\/schema\/logo\/image\/","url":"https:\/\/flamencolive.com\/wp-content\/uploads\/2020\/09\/logo-vectorial-flamenco-live-500x61-2.png","contentUrl":"https:\/\/flamencolive.com\/wp-content\/uploads\/2020\/09\/logo-vectorial-flamenco-live-500x61-2.png","width":500,"height":61,"caption":"flamencolive.com"},"image":{"@id":"https:\/\/flamencolive.com\/en\/#\/schema\/logo\/image\/"},"sameAs":["http:\/\/www.facebook.com\/pages\/flamencolivecom\/230064430920","https:\/\/x.com\/flamencolive","https:\/\/www.instagram.com\/flamencolive.oficial\/","http:\/\/www.youtube.com\/user\/rgbartevisual"]}]}},"_links":{"self":[{"href":"https:\/\/flamencolive.com\/en\/wp-json\/wp\/v2\/product\/47266"}],"collection":[{"href":"https:\/\/flamencolive.com\/en\/wp-json\/wp\/v2\/product"}],"about":[{"href":"https:\/\/flamencolive.com\/en\/wp-json\/wp\/v2\/types\/product"}],"replies":[{"embeddable":true,"href":"https:\/\/flamencolive.com\/en\/wp-json\/wp\/v2\/comments?post=47266"}],"wp:featuredmedia":[{"embeddable":true,"href":"https:\/\/flamencolive.com\/en\/wp-json\/wp\/v2\/media\/47432"}],"wp:attachment":[{"href":"https:\/\/flamencolive.com\/en\/wp-json\/wp\/v2\/media?parent=47266"}],"wp:term":[{"taxonomy":"product_cat","embeddable":true,"href":"https:\/\/flamencolive.com\/en\/wp-json\/wp\/v2\/product_cat?post=47266"},{"taxonomy":"product_tag","embeddable":true,"href":"https:\/\/flamencolive.com\/en\/wp-json\/wp\/v2\/product_tag?post=47266"}],"curies":[{"name":"wp","href":"https:\/\/api.w.org\/{rel}","templated":true}]}}