{"id":48450,"date":"2022-02-10T09:52:48","date_gmt":"2022-02-10T08:52:48","guid":{"rendered":"https:\/\/flamencolive.com\/?post_type=product&#038;p=48450"},"modified":"2025-06-26T22:19:58","modified_gmt":"2025-06-26T20:19:58","slug":"learn-how-to-play-the-flamenco-cajon-guillermo-mcgill","status":"publish","type":"product","link":"https:\/\/flamencolive.com\/en\/learn-how-to-play-the-flamenco-cajon-guillermo-mcgill\/","title":{"rendered":"Learn how to play the flamenco &#8220;caj\u00f3n&#8221; &#8211; Guillermo McGill"},"content":{"rendered":"<p>In this course, you will find everything related to the caj\u00f3n, its rudiments, basic sounds, technique, and its application in flamenco music.<\/p>\n<p>Five cameras record the whole process, for the first time there will be shown all the details related to the caj\u00f3n and its music.<br \/>\nThe course further includes a detailed explanation of the rhythmical structure of the different styles of flamenco, a short history of the caj\u00f3n, and a description of the way it is constructed; further, a chapter dealing with other instruments of percussion used in flamenco, like the Darbuka or the battery.<\/p>\n<div>It includes a book with exercises and explanations about the contents.<\/div>\n<div><\/div>\n<div>\n<p>Five languages: Spanish, English, French, German and Japanese.<\/p>\n<div><\/div>\n<div>Detail explanation of:<\/div>\n<div>\n<ul>\n<li>Sounds, rudiments, Exercises, flamenco comp\u00e1s<\/li>\n<li>Flamenco styles: Tangos, Tientos, Farruca, Garrotin, Colombinas, Taranto, Rumba, Tanguillos, Fandangos, Veridales, Sevillanas, Jaleos, Sole\u00e1, Alegr\u00edas, Buler\u00edas, Guajiras, Peteneras, Seguiriya,<\/li>\n<\/ul>\n<\/div>\n<div><a href=\"https:\/\/flamencolive.com\/libreria\/contenido_cajon_e.pdf\">Press to see the content\u00a0 in detail<\/a><\/div>\n<\/div>\n<table style=\"border-collapse: collapse; width: 648px; height: 376px;\">\n<tbody>\n<tr>\n<td style=\"width: 61.2px;\"><\/td>\n<td style=\"width: 491.6px;\"><iframe loading=\"lazy\" style=\"box-sizing: border-box; max-width: 100%; max-height: 100%; color: #212529; font-family: Arial, Helvetica, sans-serif; font-size: 13.3333px; text-align: center; background-color: #ffffff;\" title=\"YouTube video player\" src=\"https:\/\/www.youtube.com\/embed\/CXtxsLfrM8k?rel=0\" width=\"694\" height=\"390\" frameborder=\"0\" allowfullscreen=\"allowfullscreen\"><span data-mce-type=\"bookmark\" style=\"display: inline-block; width: 0px; overflow: hidden; line-height: 0;\" class=\"mce_SELRES_start\">\ufeff<\/span><\/iframe><\/td>\n<td style=\"width: 86px;\"><\/td>\n<\/tr>\n<\/tbody>\n<\/table>\n<div align=\"justify\"><\/div>\n<div align=\"justify\">\n<table style=\"border-collapse: collapse; width: 648px; height: 376px;\">\n<tbody>\n<tr>\n<td style=\"width: 61.2px;\"><\/td>\n<td style=\"width: 491.6px;\"><iframe loading=\"lazy\" style=\"box-sizing: border-box; max-width: 100%; max-height: 100%; color: #212529; font-family: Arial, Helvetica, sans-serif; font-size: 13.3333px; text-align: center; background-color: #ffffff;\" title=\"YouTube video player\" src=\"https:\/\/www.youtube.com\/embed\/3aDCHw9oHeU?rel=0\" width=\"694\" height=\"390\" frameborder=\"0\" allowfullscreen=\"allowfullscreen\"><span data-mce-type=\"bookmark\" style=\"display: inline-block; width: 0px; overflow: hidden; line-height: 0;\" class=\"mce_SELRES_start\">\ufeff<\/span><span data-mce-type=\"bookmark\" style=\"display: inline-block; width: 0px; overflow: hidden; line-height: 0;\" class=\"mce_SELRES_start\">\ufeff<\/span><\/iframe><\/td>\n<td style=\"width: 86px;\"><\/td>\n<\/tr>\n<\/tbody>\n<\/table>\n<\/div>\n<div align=\"justify\">\n<p>Musicians:<br \/>\nJose Lu\u00eds Ordo\u00f1ez\u00a0: Flamenco Guitar<br \/>\nAna Salazar\u00a0: Dance and palmas<br \/>\nEva Dur\u00e1n\u00a0: Singing and palmas<br \/>\nAng\u00e9lica Leiva : Singing and palmas<\/p>\n<div align=\"center\">\n<div><\/div>\n<div><\/div>\n<\/div>\n<hr \/>\n<hr \/>\n<h3><\/h3>\n<h3 style=\"text-align: center;\"><span style=\"color: #ff0000;\"><strong><span style=\"color: #666699;\">OTHER SALES FORMATS AT<\/span><\/strong><\/span><span style=\"color: #ff0000;\"><strong><span style=\"color: #666699;\"> \u00a0 <\/span><\/strong><\/span><img decoding=\"async\" class=\"alignnone wp-image-55260\" src=\"https:\/\/flamencolive.com\/wp-content\/uploads\/2022\/09\/storemusiclivecom-WEB.jpg\" alt=\"\" width=\"334\" height=\"40\" srcset=\"https:\/\/flamencolive.com\/wp-content\/uploads\/2022\/09\/storemusiclivecom-WEB.jpg 400w, https:\/\/flamencolive.com\/wp-content\/uploads\/2022\/09\/storemusiclivecom-WEB-300x36.jpg 300w, https:\/\/flamencolive.com\/wp-content\/uploads\/2022\/09\/storemusiclivecom-WEB-150x18.jpg 150w, https:\/\/flamencolive.com\/wp-content\/uploads\/2022\/09\/storemusiclivecom-WEB-190x23.jpg 190w\" sizes=\"(max-width: 334px) 100vw, 334px\" \/><\/h3>\n<p>&nbsp;<\/p>\n<div align=\"center\">\n<p style=\"text-align: left;\"><div class='et-box et-shadow'>\n\t\t\t\t\t<div class='et-box-content'>\u00a0 \u00a0 \u00a0 <a href=\"https:\/\/www.storemusic-live.eu\/Articulo~x~Learn-how-to-play-the-flamenco-cajon-a4-book-video-online-guillermo-mcgill~IDArticulo~1878.html\" target=\"_blank\" rel=\"noopener\"><img decoding=\"async\" class=\"wp-image-55248 alignnone\" src=\"https:\/\/flamencolive.com\/wp-content\/uploads\/2022\/09\/DELUX-PRODUCTO-1024x392.jpg\" alt=\"\" width=\"450\" height=\"172\" \/><\/a>\u00a0 \u00a0 \u00a0 <a href=\"https:\/\/www.storemusic-live.eu\/Articulo~x~Learn-how-to-play-the-flamenco-cajon-a4-book-video-online-guillermo-mcgill~IDArticulo~1878.html\" target=\"_blank\" rel=\"noopener\"><img decoding=\"async\" class=\"alignnone wp-image-56595\" src=\"https:\/\/flamencolive.com\/wp-content\/uploads\/2022\/11\/LUXE-CAJON-APRENDE.jpg\" alt=\"\" width=\"281\" height=\"204\" \/><\/a><\/div><\/div><\/p>\n<p style=\"text-align: left;\"><div class='et-box et-shadow'>\n\t\t\t\t\t<div class='et-box-content'>\u00a0 \u00a0 \u00a0 <a href=\"https:\/\/www.storemusic-live.eu\/Articulo~x~Learn-how-to-play-the-flamenco-cajon-dvd--score-booklet-guillermo-mcgill~IDArticulo~6.html\" target=\"_blank\" rel=\"noopener\"><img decoding=\"async\" class=\"wp-image-55247 alignnone\" src=\"https:\/\/flamencolive.com\/wp-content\/uploads\/2022\/09\/DVD-PRODUCTO-1024x392.jpg\" alt=\"\" width=\"450\" height=\"172\" \/><\/a>\u00a0 \u00a0 <a href=\"https:\/\/www.storemusic-live.eu\/Articulo~x~Learn-how-to-play-the-flamenco-cajon-dvd--score-booklet-guillermo-mcgill~IDArticulo~6.html\" target=\"_blank\" rel=\"noopener\"><img decoding=\"async\" class=\"alignnone wp-image-56610\" src=\"https:\/\/flamencolive.com\/wp-content\/uploads\/2022\/11\/PORTADA-ACF-MCGILL-200-px.jpg\" alt=\"\" width=\"178\" height=\"252\" srcset=\"https:\/\/flamencolive.com\/wp-content\/uploads\/2022\/11\/PORTADA-ACF-MCGILL-200-px.jpg 200w, https:\/\/flamencolive.com\/wp-content\/uploads\/2022\/11\/PORTADA-ACF-MCGILL-200-px-106x150.jpg 106w, https:\/\/flamencolive.com\/wp-content\/uploads\/2022\/11\/PORTADA-ACF-MCGILL-200-px-150x212.jpg 150w, https:\/\/flamencolive.com\/wp-content\/uploads\/2022\/11\/PORTADA-ACF-MCGILL-200-px-42x60.jpg 42w, https:\/\/flamencolive.com\/wp-content\/uploads\/2022\/11\/PORTADA-ACF-MCGILL-200-px-64x90.jpg 64w\" sizes=\"(max-width: 178px) 100vw, 178px\" \/><\/a><\/div><\/div><\/p>\n<\/div>\n<\/div>\n","protected":false},"excerpt":{"rendered":"<div class='et-box et-shadow'>\n\t\t\t\t\t<div class='et-box-content'><ul>\n<li>Sounds, rudiments, Exercises, flamenco comp\u00e1s<\/li>\n<li>Flamenco styles: Tangos, Tientos, Farruca, Garrotin, Colombinas, Taranto, Rumba, Tanguillos, Fandangos, Veridales, Sevillanas, Jaleos, Sole\u00e1, Alegr\u00edas, Buler\u00edas, Guajiras, Peteneras, Seguiriya,<\/li>\n<li>\u00a0Multiple audio and video options<\/li>\n<li><span style=\"color: #ff0000;\">STREAMING product. <\/span><a href=\"https:\/\/flamencolive.com\/streaming_en\/\" target=\"_blank\" rel=\"noopener\">(+INFO)<\/a>\u00a0 \u00a0<\/div><\/div><\/li>\n<\/ul>\n<p><strong>Guillermo McGill<\/strong>\u00a0 reveals &#8221; caj\u00f3n&#8221;\u00a0 and comp\u00e1s flamenco secrets.<\/p>\n","protected":false},"featured_media":48451,"comment_status":"open","ping_status":"closed","template":"","meta":{"_acf_changed":false,"_et_pb_use_builder":"off","_et_pb_old_content":"","_et_gb_content_width":""},"product_cat":[546,545,541,548,544,113,124,123,107],"product_tag":[],"acf":[],"yoast_head":"<!-- This site is optimized with the Yoast SEO plugin v22.9 - https:\/\/yoast.com\/wordpress\/plugins\/seo\/ -->\n<title>Learn how to play the flamenco &quot;caj\u00f3n&quot; - Guillermo McGill | STREAMING<\/title>\n<meta name=\"description\" content=\"Flamenco Live te ofrece el producto &quot;Learn how to play the flamenco &quot;caj\u00f3n&quot; - Guillermo McGill&quot; al mejor precio. \u00a1Descubre nuestra oferta!\" \/>\n<meta name=\"robots\" content=\"index, follow, max-snippet:-1, max-image-preview:large, max-video-preview:-1\" \/>\n<link rel=\"canonical\" href=\"https:\/\/flamencolive.com\/en\/learn-how-to-play-the-flamenco-cajon-guillermo-mcgill\/\" \/>\n<meta property=\"og:locale\" content=\"en_US\" \/>\n<meta property=\"og:type\" content=\"article\" \/>\n<meta property=\"og:title\" content=\"Learn how to play the flamenco &quot;caj\u00f3n&quot; - Guillermo McGill | STREAMING\" \/>\n<meta property=\"og:description\" content=\"Flamenco Live te ofrece el producto &quot;Learn how to play the flamenco &quot;caj\u00f3n&quot; - Guillermo McGill&quot; al mejor precio. \u00a1Descubre nuestra oferta!\" \/>\n<meta property=\"og:url\" content=\"https:\/\/flamencolive.com\/en\/learn-how-to-play-the-flamenco-cajon-guillermo-mcgill\/\" \/>\n<meta property=\"og:site_name\" content=\"Flamenco in STREAMING, videos and Scorebooks\" \/>\n<meta property=\"article:publisher\" content=\"http:\/\/www.facebook.com\/pages\/flamencolivecom\/230064430920\" \/>\n<meta property=\"article:modified_time\" content=\"2025-06-26T20:19:58+00:00\" \/>\n<meta property=\"og:image\" content=\"https:\/\/flamencolive.com\/wp-content\/uploads\/2022\/02\/PORTADA-ACF-MCGILL-1000-px.jpg\" \/>\n\t<meta property=\"og:image:width\" content=\"1000\" \/>\n\t<meta property=\"og:image:height\" content=\"1415\" \/>\n\t<meta property=\"og:image:type\" content=\"image\/jpeg\" \/>\n<meta name=\"twitter:card\" content=\"summary_large_image\" \/>\n<meta name=\"twitter:site\" content=\"@flamencolive\" \/>\n<meta name=\"twitter:label1\" content=\"Est. reading time\" \/>\n\t<meta name=\"twitter:data1\" content=\"3 minutes\" \/>\n<script type=\"application\/ld+json\" class=\"yoast-schema-graph\">{\"@context\":\"https:\/\/schema.org\",\"@graph\":[{\"@type\":\"WebPage\",\"@id\":\"https:\/\/flamencolive.com\/en\/learn-how-to-play-the-flamenco-cajon-guillermo-mcgill\/\",\"url\":\"https:\/\/flamencolive.com\/en\/learn-how-to-play-the-flamenco-cajon-guillermo-mcgill\/\",\"name\":\"Learn how to play the flamenco \\\"caj\u00f3n\\\" - Guillermo McGill | STREAMING\",\"isPartOf\":{\"@id\":\"https:\/\/flamencolive.com\/en\/#website\"},\"primaryImageOfPage\":{\"@id\":\"https:\/\/flamencolive.com\/en\/learn-how-to-play-the-flamenco-cajon-guillermo-mcgill\/#primaryimage\"},\"image\":{\"@id\":\"https:\/\/flamencolive.com\/en\/learn-how-to-play-the-flamenco-cajon-guillermo-mcgill\/#primaryimage\"},\"thumbnailUrl\":\"https:\/\/flamencolive.com\/wp-content\/uploads\/2022\/02\/PORTADA-ACF-MCGILL-1000-px.jpg\",\"datePublished\":\"2022-02-10T08:52:48+00:00\",\"dateModified\":\"2025-06-26T20:19:58+00:00\",\"description\":\"Flamenco Live te ofrece el producto \\\"Learn how to play the flamenco \\\"caj\u00f3n\\\" - Guillermo McGill\\\" al mejor precio. \u00a1Descubre nuestra oferta!\",\"breadcrumb\":{\"@id\":\"https:\/\/flamencolive.com\/en\/learn-how-to-play-the-flamenco-cajon-guillermo-mcgill\/#breadcrumb\"},\"inLanguage\":\"en-US\",\"potentialAction\":[{\"@type\":\"ReadAction\",\"target\":[\"https:\/\/flamencolive.com\/en\/learn-how-to-play-the-flamenco-cajon-guillermo-mcgill\/\"]}]},{\"@type\":\"ImageObject\",\"inLanguage\":\"en-US\",\"@id\":\"https:\/\/flamencolive.com\/en\/learn-how-to-play-the-flamenco-cajon-guillermo-mcgill\/#primaryimage\",\"url\":\"https:\/\/flamencolive.com\/wp-content\/uploads\/2022\/02\/PORTADA-ACF-MCGILL-1000-px.jpg\",\"contentUrl\":\"https:\/\/flamencolive.com\/wp-content\/uploads\/2022\/02\/PORTADA-ACF-MCGILL-1000-px.jpg\",\"width\":1000,\"height\":1415,\"caption\":\"Aprende el Caj\u00f3n Flamenco - Guillermo McGill\"},{\"@type\":\"BreadcrumbList\",\"@id\":\"https:\/\/flamencolive.com\/en\/learn-how-to-play-the-flamenco-cajon-guillermo-mcgill\/#breadcrumb\",\"itemListElement\":[{\"@type\":\"ListItem\",\"position\":1,\"name\":\"Portada\",\"item\":\"https:\/\/flamencolive.com\/en\/\"},{\"@type\":\"ListItem\",\"position\":2,\"name\":\"home\",\"item\":\"https:\/\/flamencolive.com\/en\/home\/\"},{\"@type\":\"ListItem\",\"position\":3,\"name\":\"Learn how to play the flamenco \u00abcaj\u00f3n\u00bb &#8211; Guillermo McGill\"}]},{\"@type\":\"WebSite\",\"@id\":\"https:\/\/flamencolive.com\/en\/#website\",\"url\":\"https:\/\/flamencolive.com\/en\/\",\"name\":\"Flamenco in STREAMING, videos and Scorebooks\",\"description\":\"Flamenco - Methods and Scorebooks in Streaming\",\"publisher\":{\"@id\":\"https:\/\/flamencolive.com\/en\/#organization\"},\"potentialAction\":[{\"@type\":\"SearchAction\",\"target\":{\"@type\":\"EntryPoint\",\"urlTemplate\":\"https:\/\/flamencolive.com\/en\/?s={search_term_string}\"},\"query-input\":\"required name=search_term_string\"}],\"inLanguage\":\"en-US\"},{\"@type\":\"Organization\",\"@id\":\"https:\/\/flamencolive.com\/en\/#organization\",\"name\":\"flamencolive.com\",\"url\":\"https:\/\/flamencolive.com\/en\/\",\"logo\":{\"@type\":\"ImageObject\",\"inLanguage\":\"en-US\",\"@id\":\"https:\/\/flamencolive.com\/en\/#\/schema\/logo\/image\/\",\"url\":\"https:\/\/flamencolive.com\/wp-content\/uploads\/2020\/09\/logo-vectorial-flamenco-live-500x61-2.png\",\"contentUrl\":\"https:\/\/flamencolive.com\/wp-content\/uploads\/2020\/09\/logo-vectorial-flamenco-live-500x61-2.png\",\"width\":500,\"height\":61,\"caption\":\"flamencolive.com\"},\"image\":{\"@id\":\"https:\/\/flamencolive.com\/en\/#\/schema\/logo\/image\/\"},\"sameAs\":[\"http:\/\/www.facebook.com\/pages\/flamencolivecom\/230064430920\",\"https:\/\/x.com\/flamencolive\",\"https:\/\/www.instagram.com\/flamencolive.oficial\/\",\"http:\/\/www.youtube.com\/user\/rgbartevisual\"]}]}<\/script>\n<!-- \/ Yoast SEO plugin. -->","yoast_head_json":{"title":"Learn how to play the flamenco \"caj\u00f3n\" - Guillermo McGill | STREAMING","description":"Flamenco Live te ofrece el producto \"Learn how to play the flamenco \"caj\u00f3n\" - Guillermo McGill\" al mejor precio. \u00a1Descubre nuestra oferta!","robots":{"index":"index","follow":"follow","max-snippet":"max-snippet:-1","max-image-preview":"max-image-preview:large","max-video-preview":"max-video-preview:-1"},"canonical":"https:\/\/flamencolive.com\/en\/learn-how-to-play-the-flamenco-cajon-guillermo-mcgill\/","og_locale":"en_US","og_type":"article","og_title":"Learn how to play the flamenco \"caj\u00f3n\" - Guillermo McGill | STREAMING","og_description":"Flamenco Live te ofrece el producto \"Learn how to play the flamenco \"caj\u00f3n\" - Guillermo McGill\" al mejor precio. \u00a1Descubre nuestra oferta!","og_url":"https:\/\/flamencolive.com\/en\/learn-how-to-play-the-flamenco-cajon-guillermo-mcgill\/","og_site_name":"Flamenco in STREAMING, videos and Scorebooks","article_publisher":"http:\/\/www.facebook.com\/pages\/flamencolivecom\/230064430920","article_modified_time":"2025-06-26T20:19:58+00:00","og_image":[{"width":1000,"height":1415,"url":"https:\/\/flamencolive.com\/wp-content\/uploads\/2022\/02\/PORTADA-ACF-MCGILL-1000-px.jpg","type":"image\/jpeg"}],"twitter_card":"summary_large_image","twitter_site":"@flamencolive","twitter_misc":{"Est. reading time":"3 minutes"},"schema":{"@context":"https:\/\/schema.org","@graph":[{"@type":"WebPage","@id":"https:\/\/flamencolive.com\/en\/learn-how-to-play-the-flamenco-cajon-guillermo-mcgill\/","url":"https:\/\/flamencolive.com\/en\/learn-how-to-play-the-flamenco-cajon-guillermo-mcgill\/","name":"Learn how to play the flamenco \"caj\u00f3n\" - Guillermo McGill | STREAMING","isPartOf":{"@id":"https:\/\/flamencolive.com\/en\/#website"},"primaryImageOfPage":{"@id":"https:\/\/flamencolive.com\/en\/learn-how-to-play-the-flamenco-cajon-guillermo-mcgill\/#primaryimage"},"image":{"@id":"https:\/\/flamencolive.com\/en\/learn-how-to-play-the-flamenco-cajon-guillermo-mcgill\/#primaryimage"},"thumbnailUrl":"https:\/\/flamencolive.com\/wp-content\/uploads\/2022\/02\/PORTADA-ACF-MCGILL-1000-px.jpg","datePublished":"2022-02-10T08:52:48+00:00","dateModified":"2025-06-26T20:19:58+00:00","description":"Flamenco Live te ofrece el producto \"Learn how to play the flamenco \"caj\u00f3n\" - Guillermo McGill\" al mejor precio. \u00a1Descubre nuestra oferta!","breadcrumb":{"@id":"https:\/\/flamencolive.com\/en\/learn-how-to-play-the-flamenco-cajon-guillermo-mcgill\/#breadcrumb"},"inLanguage":"en-US","potentialAction":[{"@type":"ReadAction","target":["https:\/\/flamencolive.com\/en\/learn-how-to-play-the-flamenco-cajon-guillermo-mcgill\/"]}]},{"@type":"ImageObject","inLanguage":"en-US","@id":"https:\/\/flamencolive.com\/en\/learn-how-to-play-the-flamenco-cajon-guillermo-mcgill\/#primaryimage","url":"https:\/\/flamencolive.com\/wp-content\/uploads\/2022\/02\/PORTADA-ACF-MCGILL-1000-px.jpg","contentUrl":"https:\/\/flamencolive.com\/wp-content\/uploads\/2022\/02\/PORTADA-ACF-MCGILL-1000-px.jpg","width":1000,"height":1415,"caption":"Aprende el Caj\u00f3n Flamenco - Guillermo McGill"},{"@type":"BreadcrumbList","@id":"https:\/\/flamencolive.com\/en\/learn-how-to-play-the-flamenco-cajon-guillermo-mcgill\/#breadcrumb","itemListElement":[{"@type":"ListItem","position":1,"name":"Portada","item":"https:\/\/flamencolive.com\/en\/"},{"@type":"ListItem","position":2,"name":"home","item":"https:\/\/flamencolive.com\/en\/home\/"},{"@type":"ListItem","position":3,"name":"Learn how to play the flamenco \u00abcaj\u00f3n\u00bb &#8211; Guillermo McGill"}]},{"@type":"WebSite","@id":"https:\/\/flamencolive.com\/en\/#website","url":"https:\/\/flamencolive.com\/en\/","name":"Flamenco in STREAMING, videos and Scorebooks","description":"Flamenco - Methods and Scorebooks in Streaming","publisher":{"@id":"https:\/\/flamencolive.com\/en\/#organization"},"potentialAction":[{"@type":"SearchAction","target":{"@type":"EntryPoint","urlTemplate":"https:\/\/flamencolive.com\/en\/?s={search_term_string}"},"query-input":"required name=search_term_string"}],"inLanguage":"en-US"},{"@type":"Organization","@id":"https:\/\/flamencolive.com\/en\/#organization","name":"flamencolive.com","url":"https:\/\/flamencolive.com\/en\/","logo":{"@type":"ImageObject","inLanguage":"en-US","@id":"https:\/\/flamencolive.com\/en\/#\/schema\/logo\/image\/","url":"https:\/\/flamencolive.com\/wp-content\/uploads\/2020\/09\/logo-vectorial-flamenco-live-500x61-2.png","contentUrl":"https:\/\/flamencolive.com\/wp-content\/uploads\/2020\/09\/logo-vectorial-flamenco-live-500x61-2.png","width":500,"height":61,"caption":"flamencolive.com"},"image":{"@id":"https:\/\/flamencolive.com\/en\/#\/schema\/logo\/image\/"},"sameAs":["http:\/\/www.facebook.com\/pages\/flamencolivecom\/230064430920","https:\/\/x.com\/flamencolive","https:\/\/www.instagram.com\/flamencolive.oficial\/","http:\/\/www.youtube.com\/user\/rgbartevisual"]}]}},"_links":{"self":[{"href":"https:\/\/flamencolive.com\/en\/wp-json\/wp\/v2\/product\/48450"}],"collection":[{"href":"https:\/\/flamencolive.com\/en\/wp-json\/wp\/v2\/product"}],"about":[{"href":"https:\/\/flamencolive.com\/en\/wp-json\/wp\/v2\/types\/product"}],"replies":[{"embeddable":true,"href":"https:\/\/flamencolive.com\/en\/wp-json\/wp\/v2\/comments?post=48450"}],"wp:featuredmedia":[{"embeddable":true,"href":"https:\/\/flamencolive.com\/en\/wp-json\/wp\/v2\/media\/48451"}],"wp:attachment":[{"href":"https:\/\/flamencolive.com\/en\/wp-json\/wp\/v2\/media?parent=48450"}],"wp:term":[{"taxonomy":"product_cat","embeddable":true,"href":"https:\/\/flamencolive.com\/en\/wp-json\/wp\/v2\/product_cat?post=48450"},{"taxonomy":"product_tag","embeddable":true,"href":"https:\/\/flamencolive.com\/en\/wp-json\/wp\/v2\/product_tag?post=48450"}],"curies":[{"name":"wp","href":"https:\/\/api.w.org\/{rel}","templated":true}]}}