{"id":51704,"date":"2022-03-11T10:14:47","date_gmt":"2022-03-11T09:14:47","guid":{"rendered":"https:\/\/flamencolive.com\/?post_type=product&#038;p=51704"},"modified":"2025-06-22T19:47:58","modified_gmt":"2025-06-22T17:47:58","slug":"play-flamenco-with-juan-parrilla-melodic-instruments-one-theme-by-style","status":"publish","type":"product","link":"https:\/\/flamencolive.com\/en\/play-flamenco-with-juan-parrilla-melodic-instruments-one-theme-by-style\/","title":{"rendered":"Play Flamenco with Juan Parrilla &#8211; Melodic Instruments &#8211; One theme by style-"},"content":{"rendered":"<div>\n<div align=\"left\">\n<div align=\"justify\">\n<div align=\"justify\">9 Intermediate level themes to start in flamenco music gradually, composed and performed by Juan Parrilla.<br \/>\n1 themes by style:\u00a0 <strong>Buler\u00edas, Seguiriyas, Alegr\u00edas, and Tanguillos, Sole\u00e1, Tangos, Guajira, Colombianas and Fandangos de Huelva<\/strong><\/div>\n<p>Each of the pieces has three audios to facilitate the study:<\/p>\n<p style=\"padding-left: 40px;\"><span lang=\"EN-GB\">1. Flute with accompaniment<br \/>\n<\/span>2. Accompaniment without flute<br \/>\n3. Flute and metronome<\/p>\n<div align=\"justify\">\n<div>\n<div align=\"justify\">This method also includes all the scores in the different clefs used by most of the melodic instruments:<\/div>\n<\/div>\n<\/div>\n<p style=\"padding-left: 40px;\">\u2018G&#8217; clef and F&#8217; clef<br \/>\nTransposing for instruments in \u2018B&#8217; flat<br \/>\nTransposing for instruments in \u2018E&#8217; flat<\/p>\n<p><em><strong>NOTE<\/strong><\/em>: these themes are also part of the following complete books:<br \/>\n<a href=\"https:\/\/flamencolive.com\/en\/producto\/play-flamenco-with-juan-parrilla-melodic-instruments-i\/\">Play Flamenco with Juan Parrilla &#8211; Melodic Instruments &#8211; (Buler\u00edas, Seguiriyas, Alegr\u00edas, Tanguillos) | STREAMING (flamencolive.com)<\/a><br \/>\n<a href=\"https:\/\/flamencolive.com\/en\/producto\/play-flamenco-with-juan-parrilla-melodic-instruments-solea-tangos-guajiras-colombianas-fandangos-de-huelva\/\">Play Flamenco with Juan Parrilla &#8211; Melodic Instruments &#8211; (Sole\u00e1, Tangos, Guajiras, Colombianas, Fandangos de Huelva) | STREAMING (flamencolive.com)<\/a><\/p>\n<div>\n<div align=\"left\">\n<div align=\"justify\">\n<div class='et-box et-shadow'>\n\t\t\t\t\t<div class='et-box-content'><h3><span style=\"color: #ff0000;\">STREAMING\/ONLINE FORMAT POSSIBILITIES<\/span><\/h3>\n<p>Audio sync with sheet music options:<\/p>\n<ul>\n<li>Audio synchronized with the scores: As the audio progresses, the scores advance automatically. The audios move the score, and also the scores move the audio<\/li>\n<li>Manual mode, audio and sheet music work independently. Manual scores stepping with the mouse, keyboard, or foot pedal, independent of video\/audio. To facilitate study at the user level<\/li>\n<li>Several audio options for the same score<\/li>\n<li>Loop option for a segment of the audio<\/li>\n<\/ul>\n<p>Playback speed options:<\/p>\n<ul>\n<li>Possibility of changing the playback speed of each video\/audio tracks to facilitate study (0.25x, 0.5x, 0.75x, 1x, 1.25x, 1.5x, 2x) and independently<\/li>\n<\/ul>\n<p>** Adapts to any device, PC, Tablet, Smartphone, Smart TV<\/p>\n<div><\/div>\n<div><strong>DEMONSTRATIVE VIDEO<\/strong><\/div>\n<p><iframe loading=\"lazy\" title=\"YouTube video player\" src=\"https:\/\/www.youtube.com\/embed\/3obhRiNrkHU?rel=0\" width=\"694\" height=\"390\" frameborder=\"0\" allowfullscreen=\"allowfullscreen\" data-mce-fragment=\"1\"><\/iframe>\u00a0<\/div><\/div>\n<\/div>\n<\/div>\n<\/div>\n<p>&nbsp;<\/p>\n<\/div>\n<\/div>\n<\/div>\n<div><\/div>\n","protected":false},"excerpt":{"rendered":"<div>\n<div style=\"text-align: center;\">\n<div>\n<p style=\"text-align: left;\"><div class='et-box et-shadow'>\n\t\t\t\t\t<div class='et-box-content'><ul style=\"text-align: left;\">\n<li>9 Intermediate level themes: <strong>Buler\u00edas, Seguiriyas, Alegr\u00edas, and Tanguillos, Sole\u00e1, Tangos, Guajira, Colombianas and Fandangos de Huelva<\/strong><\/li>\n<li>Scores in the different clefs used by most of the melodic instruments: \u2018G&#8217; clef, \u2018F&#8217; clef, Transposing for instruments in \u2018B&#8217; flat, Transposing for instruments in \u2018E&#8217; flat<\/li>\n<li>Score Book &amp; 3 Audios\u00a0 (flute + accompaniment, flute, and accompaniment without flute)<\/li>\n<li><span style=\"color: #ff0000;\">Product in STREAMING\u00a0<\/span><span style=\"color: #ff0000;\">\u00a0<\/span><span style=\"color: #ff0000;\"><span style=\"color: #0000ff;\"><a style=\"color: #0000ff;\" href=\"https:\/\/flamencolive.com\/streaming_en\/\" target=\"_blank\" rel=\"noopener\">(+INFO)<\/a><\/span><\/span><\/div><\/div><\/li>\n<\/ul>\n<\/div>\n<div>\n<p style=\"text-align: left;\">Intermediate level <strong>Buler\u00edas, Seguiriyas, Alegr\u00edas, and Tanguillos, Sole\u00e1, Tangos, Guajira, Colombianas and Fandangos de Huelva<\/strong> to start in flamenco music gradually, composed and performed by Juan Parrilla.<\/p>\n<\/div>\n<\/div>\n<\/div>\n","protected":false},"featured_media":52347,"comment_status":"open","ping_status":"closed","template":"","meta":{"_acf_changed":false,"_et_pb_use_builder":"off","_et_pb_old_content":"","_et_gb_content_width":""},"product_cat":[549,546,544,313,504,332,123,97],"product_tag":[],"acf":[],"yoast_head":"<!-- This site is optimized with the Yoast SEO plugin v22.9 - https:\/\/yoast.com\/wordpress\/plugins\/seo\/ -->\n<title>Play Flamenco with Juan Parrilla - Melodic Instruments - One theme by style- | STREAMING<\/title>\n<meta name=\"description\" content=\"Flamenco Live te ofrece el producto &quot;Play Flamenco with Juan Parrilla - Melodic Instruments - One theme by style-&quot; al mejor precio. \u00a1Descubre nuestra oferta!\" \/>\n<meta name=\"robots\" content=\"index, follow, max-snippet:-1, max-image-preview:large, max-video-preview:-1\" \/>\n<link rel=\"canonical\" href=\"https:\/\/flamencolive.com\/en\/play-flamenco-with-juan-parrilla-melodic-instruments-one-theme-by-style\/\" \/>\n<meta property=\"og:locale\" content=\"en_US\" \/>\n<meta property=\"og:type\" content=\"article\" \/>\n<meta property=\"og:title\" content=\"Play Flamenco with Juan Parrilla - Melodic Instruments - One theme by style- | STREAMING\" \/>\n<meta property=\"og:description\" content=\"Flamenco Live te ofrece el producto &quot;Play Flamenco with Juan Parrilla - Melodic Instruments - One theme by style-&quot; al mejor precio. \u00a1Descubre nuestra oferta!\" \/>\n<meta property=\"og:url\" content=\"https:\/\/flamencolive.com\/en\/play-flamenco-with-juan-parrilla-melodic-instruments-one-theme-by-style\/\" \/>\n<meta property=\"og:site_name\" content=\"Flamenco in STREAMING, videos and Scorebooks\" \/>\n<meta property=\"article:publisher\" content=\"http:\/\/www.facebook.com\/pages\/flamencolivecom\/230064430920\" \/>\n<meta property=\"article:modified_time\" content=\"2025-06-22T17:47:58+00:00\" \/>\n<meta property=\"og:image\" content=\"https:\/\/flamencolive.com\/wp-content\/uploads\/2022\/03\/TOCA-PARRILLA-1-TEMA-POR-PALO-1000-px.jpg\" \/>\n\t<meta property=\"og:image:width\" content=\"1000\" \/>\n\t<meta property=\"og:image:height\" content=\"1415\" \/>\n\t<meta property=\"og:image:type\" content=\"image\/jpeg\" \/>\n<meta name=\"twitter:card\" content=\"summary_large_image\" \/>\n<meta name=\"twitter:site\" content=\"@flamencolive\" \/>\n<meta name=\"twitter:label1\" content=\"Est. reading time\" \/>\n\t<meta name=\"twitter:data1\" content=\"2 minutes\" \/>\n<script type=\"application\/ld+json\" class=\"yoast-schema-graph\">{\"@context\":\"https:\/\/schema.org\",\"@graph\":[{\"@type\":\"WebPage\",\"@id\":\"https:\/\/flamencolive.com\/en\/play-flamenco-with-juan-parrilla-melodic-instruments-one-theme-by-style\/\",\"url\":\"https:\/\/flamencolive.com\/en\/play-flamenco-with-juan-parrilla-melodic-instruments-one-theme-by-style\/\",\"name\":\"Play Flamenco with Juan Parrilla - Melodic Instruments - One theme by style- | STREAMING\",\"isPartOf\":{\"@id\":\"https:\/\/flamencolive.com\/en\/#website\"},\"primaryImageOfPage\":{\"@id\":\"https:\/\/flamencolive.com\/en\/play-flamenco-with-juan-parrilla-melodic-instruments-one-theme-by-style\/#primaryimage\"},\"image\":{\"@id\":\"https:\/\/flamencolive.com\/en\/play-flamenco-with-juan-parrilla-melodic-instruments-one-theme-by-style\/#primaryimage\"},\"thumbnailUrl\":\"https:\/\/flamencolive.com\/wp-content\/uploads\/2022\/03\/TOCA-PARRILLA-1-TEMA-POR-PALO-1000-px.jpg\",\"datePublished\":\"2022-03-11T09:14:47+00:00\",\"dateModified\":\"2025-06-22T17:47:58+00:00\",\"description\":\"Flamenco Live te ofrece el producto \\\"Play Flamenco with Juan Parrilla - Melodic Instruments - One theme by style-\\\" al mejor precio. \u00a1Descubre nuestra oferta!\",\"breadcrumb\":{\"@id\":\"https:\/\/flamencolive.com\/en\/play-flamenco-with-juan-parrilla-melodic-instruments-one-theme-by-style\/#breadcrumb\"},\"inLanguage\":\"en-US\",\"potentialAction\":[{\"@type\":\"ReadAction\",\"target\":[\"https:\/\/flamencolive.com\/en\/play-flamenco-with-juan-parrilla-melodic-instruments-one-theme-by-style\/\"]}]},{\"@type\":\"ImageObject\",\"inLanguage\":\"en-US\",\"@id\":\"https:\/\/flamencolive.com\/en\/play-flamenco-with-juan-parrilla-melodic-instruments-one-theme-by-style\/#primaryimage\",\"url\":\"https:\/\/flamencolive.com\/wp-content\/uploads\/2022\/03\/TOCA-PARRILLA-1-TEMA-POR-PALO-1000-px.jpg\",\"contentUrl\":\"https:\/\/flamencolive.com\/wp-content\/uploads\/2022\/03\/TOCA-PARRILLA-1-TEMA-POR-PALO-1000-px.jpg\",\"width\":1000,\"height\":1415,\"caption\":\"Toca Flamenco con Juan Parrilla - Instrumentos Mel\u00f3dicos - Un tema por palo -\"},{\"@type\":\"BreadcrumbList\",\"@id\":\"https:\/\/flamencolive.com\/en\/play-flamenco-with-juan-parrilla-melodic-instruments-one-theme-by-style\/#breadcrumb\",\"itemListElement\":[{\"@type\":\"ListItem\",\"position\":1,\"name\":\"Portada\",\"item\":\"https:\/\/flamencolive.com\/en\/\"},{\"@type\":\"ListItem\",\"position\":2,\"name\":\"home\",\"item\":\"https:\/\/flamencolive.com\/en\/home\/\"},{\"@type\":\"ListItem\",\"position\":3,\"name\":\"Play Flamenco with Juan Parrilla &#8211; Melodic Instruments &#8211; One theme by style-\"}]},{\"@type\":\"WebSite\",\"@id\":\"https:\/\/flamencolive.com\/en\/#website\",\"url\":\"https:\/\/flamencolive.com\/en\/\",\"name\":\"Flamenco in STREAMING, videos and Scorebooks\",\"description\":\"Flamenco - Methods and Scorebooks in Streaming\",\"publisher\":{\"@id\":\"https:\/\/flamencolive.com\/en\/#organization\"},\"potentialAction\":[{\"@type\":\"SearchAction\",\"target\":{\"@type\":\"EntryPoint\",\"urlTemplate\":\"https:\/\/flamencolive.com\/en\/?s={search_term_string}\"},\"query-input\":\"required name=search_term_string\"}],\"inLanguage\":\"en-US\"},{\"@type\":\"Organization\",\"@id\":\"https:\/\/flamencolive.com\/en\/#organization\",\"name\":\"flamencolive.com\",\"url\":\"https:\/\/flamencolive.com\/en\/\",\"logo\":{\"@type\":\"ImageObject\",\"inLanguage\":\"en-US\",\"@id\":\"https:\/\/flamencolive.com\/en\/#\/schema\/logo\/image\/\",\"url\":\"https:\/\/flamencolive.com\/wp-content\/uploads\/2020\/09\/logo-vectorial-flamenco-live-500x61-2.png\",\"contentUrl\":\"https:\/\/flamencolive.com\/wp-content\/uploads\/2020\/09\/logo-vectorial-flamenco-live-500x61-2.png\",\"width\":500,\"height\":61,\"caption\":\"flamencolive.com\"},\"image\":{\"@id\":\"https:\/\/flamencolive.com\/en\/#\/schema\/logo\/image\/\"},\"sameAs\":[\"http:\/\/www.facebook.com\/pages\/flamencolivecom\/230064430920\",\"https:\/\/x.com\/flamencolive\",\"https:\/\/www.instagram.com\/flamencolive.oficial\/\",\"http:\/\/www.youtube.com\/user\/rgbartevisual\"]}]}<\/script>\n<!-- \/ Yoast SEO plugin. -->","yoast_head_json":{"title":"Play Flamenco with Juan Parrilla - Melodic Instruments - One theme by style- | STREAMING","description":"Flamenco Live te ofrece el producto \"Play Flamenco with Juan Parrilla - Melodic Instruments - One theme by style-\" al mejor precio. \u00a1Descubre nuestra oferta!","robots":{"index":"index","follow":"follow","max-snippet":"max-snippet:-1","max-image-preview":"max-image-preview:large","max-video-preview":"max-video-preview:-1"},"canonical":"https:\/\/flamencolive.com\/en\/play-flamenco-with-juan-parrilla-melodic-instruments-one-theme-by-style\/","og_locale":"en_US","og_type":"article","og_title":"Play Flamenco with Juan Parrilla - Melodic Instruments - One theme by style- | STREAMING","og_description":"Flamenco Live te ofrece el producto \"Play Flamenco with Juan Parrilla - Melodic Instruments - One theme by style-\" al mejor precio. \u00a1Descubre nuestra oferta!","og_url":"https:\/\/flamencolive.com\/en\/play-flamenco-with-juan-parrilla-melodic-instruments-one-theme-by-style\/","og_site_name":"Flamenco in STREAMING, videos and Scorebooks","article_publisher":"http:\/\/www.facebook.com\/pages\/flamencolivecom\/230064430920","article_modified_time":"2025-06-22T17:47:58+00:00","og_image":[{"width":1000,"height":1415,"url":"https:\/\/flamencolive.com\/wp-content\/uploads\/2022\/03\/TOCA-PARRILLA-1-TEMA-POR-PALO-1000-px.jpg","type":"image\/jpeg"}],"twitter_card":"summary_large_image","twitter_site":"@flamencolive","twitter_misc":{"Est. reading time":"2 minutes"},"schema":{"@context":"https:\/\/schema.org","@graph":[{"@type":"WebPage","@id":"https:\/\/flamencolive.com\/en\/play-flamenco-with-juan-parrilla-melodic-instruments-one-theme-by-style\/","url":"https:\/\/flamencolive.com\/en\/play-flamenco-with-juan-parrilla-melodic-instruments-one-theme-by-style\/","name":"Play Flamenco with Juan Parrilla - Melodic Instruments - One theme by style- | STREAMING","isPartOf":{"@id":"https:\/\/flamencolive.com\/en\/#website"},"primaryImageOfPage":{"@id":"https:\/\/flamencolive.com\/en\/play-flamenco-with-juan-parrilla-melodic-instruments-one-theme-by-style\/#primaryimage"},"image":{"@id":"https:\/\/flamencolive.com\/en\/play-flamenco-with-juan-parrilla-melodic-instruments-one-theme-by-style\/#primaryimage"},"thumbnailUrl":"https:\/\/flamencolive.com\/wp-content\/uploads\/2022\/03\/TOCA-PARRILLA-1-TEMA-POR-PALO-1000-px.jpg","datePublished":"2022-03-11T09:14:47+00:00","dateModified":"2025-06-22T17:47:58+00:00","description":"Flamenco Live te ofrece el producto \"Play Flamenco with Juan Parrilla - Melodic Instruments - One theme by style-\" al mejor precio. \u00a1Descubre nuestra oferta!","breadcrumb":{"@id":"https:\/\/flamencolive.com\/en\/play-flamenco-with-juan-parrilla-melodic-instruments-one-theme-by-style\/#breadcrumb"},"inLanguage":"en-US","potentialAction":[{"@type":"ReadAction","target":["https:\/\/flamencolive.com\/en\/play-flamenco-with-juan-parrilla-melodic-instruments-one-theme-by-style\/"]}]},{"@type":"ImageObject","inLanguage":"en-US","@id":"https:\/\/flamencolive.com\/en\/play-flamenco-with-juan-parrilla-melodic-instruments-one-theme-by-style\/#primaryimage","url":"https:\/\/flamencolive.com\/wp-content\/uploads\/2022\/03\/TOCA-PARRILLA-1-TEMA-POR-PALO-1000-px.jpg","contentUrl":"https:\/\/flamencolive.com\/wp-content\/uploads\/2022\/03\/TOCA-PARRILLA-1-TEMA-POR-PALO-1000-px.jpg","width":1000,"height":1415,"caption":"Toca Flamenco con Juan Parrilla - Instrumentos Mel\u00f3dicos - Un tema por palo -"},{"@type":"BreadcrumbList","@id":"https:\/\/flamencolive.com\/en\/play-flamenco-with-juan-parrilla-melodic-instruments-one-theme-by-style\/#breadcrumb","itemListElement":[{"@type":"ListItem","position":1,"name":"Portada","item":"https:\/\/flamencolive.com\/en\/"},{"@type":"ListItem","position":2,"name":"home","item":"https:\/\/flamencolive.com\/en\/home\/"},{"@type":"ListItem","position":3,"name":"Play Flamenco with Juan Parrilla &#8211; Melodic Instruments &#8211; One theme by style-"}]},{"@type":"WebSite","@id":"https:\/\/flamencolive.com\/en\/#website","url":"https:\/\/flamencolive.com\/en\/","name":"Flamenco in STREAMING, videos and Scorebooks","description":"Flamenco - Methods and Scorebooks in Streaming","publisher":{"@id":"https:\/\/flamencolive.com\/en\/#organization"},"potentialAction":[{"@type":"SearchAction","target":{"@type":"EntryPoint","urlTemplate":"https:\/\/flamencolive.com\/en\/?s={search_term_string}"},"query-input":"required name=search_term_string"}],"inLanguage":"en-US"},{"@type":"Organization","@id":"https:\/\/flamencolive.com\/en\/#organization","name":"flamencolive.com","url":"https:\/\/flamencolive.com\/en\/","logo":{"@type":"ImageObject","inLanguage":"en-US","@id":"https:\/\/flamencolive.com\/en\/#\/schema\/logo\/image\/","url":"https:\/\/flamencolive.com\/wp-content\/uploads\/2020\/09\/logo-vectorial-flamenco-live-500x61-2.png","contentUrl":"https:\/\/flamencolive.com\/wp-content\/uploads\/2020\/09\/logo-vectorial-flamenco-live-500x61-2.png","width":500,"height":61,"caption":"flamencolive.com"},"image":{"@id":"https:\/\/flamencolive.com\/en\/#\/schema\/logo\/image\/"},"sameAs":["http:\/\/www.facebook.com\/pages\/flamencolivecom\/230064430920","https:\/\/x.com\/flamencolive","https:\/\/www.instagram.com\/flamencolive.oficial\/","http:\/\/www.youtube.com\/user\/rgbartevisual"]}]}},"_links":{"self":[{"href":"https:\/\/flamencolive.com\/en\/wp-json\/wp\/v2\/product\/51704"}],"collection":[{"href":"https:\/\/flamencolive.com\/en\/wp-json\/wp\/v2\/product"}],"about":[{"href":"https:\/\/flamencolive.com\/en\/wp-json\/wp\/v2\/types\/product"}],"replies":[{"embeddable":true,"href":"https:\/\/flamencolive.com\/en\/wp-json\/wp\/v2\/comments?post=51704"}],"wp:featuredmedia":[{"embeddable":true,"href":"https:\/\/flamencolive.com\/en\/wp-json\/wp\/v2\/media\/52347"}],"wp:attachment":[{"href":"https:\/\/flamencolive.com\/en\/wp-json\/wp\/v2\/media?parent=51704"}],"wp:term":[{"taxonomy":"product_cat","embeddable":true,"href":"https:\/\/flamencolive.com\/en\/wp-json\/wp\/v2\/product_cat?post=51704"},{"taxonomy":"product_tag","embeddable":true,"href":"https:\/\/flamencolive.com\/en\/wp-json\/wp\/v2\/product_tag?post=51704"}],"curies":[{"name":"wp","href":"https:\/\/api.w.org\/{rel}","templated":true}]}}