{"id":54769,"date":"2022-06-06T17:11:23","date_gmt":"2022-06-06T15:11:23","guid":{"rendered":"https:\/\/flamencolive.com\/?post_type=product&#038;p=54769"},"modified":"2025-06-22T19:36:40","modified_gmt":"2025-06-22T17:36:40","slug":"pack-flamenco-zapateado-method-rosa-de-las-heras","status":"publish","type":"product","link":"https:\/\/flamencolive.com\/en\/pack-flamenco-zapateado-method-rosa-de-las-heras\/","title":{"rendered":"Pack &#8211; Flamenco Zapateado Method &#8211; Rosa de las Heras"},"content":{"rendered":"<div>\n<div align=\"left\">\n<div align=\"left\">\n<div align=\"left\">3 languages: Spanish, English and Japanese<\/div>\n<p align=\"left\">The Flamenco Zapateado Method is backed up by a doctoral thesis that Rosa de las Heras carried out on the teaching of the flamenco.<\/p>\n<p align=\"left\">Throughout the video, on one side we shall see the different parts of the foot used, and the ways to strike the floor which we\u2019ll call the TECHNIQUES (Sole, half-sole, heel block, heel edge, toe, etc.). And on the other side, we shall also see the different rhythms made by using these techniques in different flamenco palos.<\/p>\n<\/div>\n<p align=\"left\"><iframe loading=\"lazy\" title=\"YouTube video player\" src=\"https:\/\/www.youtube.com\/embed\/BvzKBiz-KWU?rel=0\" width=\"480\" height=\"390\" frameborder=\"0\" allowfullscreen=\"allowfullscreen\"><\/iframe><\/p>\n<div align=\"left\">\n<div align=\"left\">The collection is made up of 3 volumes and a booklet with explanations, in 3 languages: Spanish, English, and Japanese.<\/div>\n<div align=\"left\">\n<p>To facilitate the study and to follow the exercises directly on the screen, additional information is displayed showing to the student the beat, the annotation of both feet, rhythm, etc .<br \/>\nIn order to differentiate the two feet, Rosa de las Heras used each shoe of a different color, so that the student can follow an individual foot easily. In addition, all exercises are shown on the right foot (red) first in the forefront and then shown in the forefront the left foot (green) so that students clearly can see the movements of each foot.<\/p>\n<p>Also, throughout the exercises, we shall simultaneously see the innovative and specific annotation used to write the flamenco zapateado, based on the standard Western style.<br \/>\nThere are several audio options to help the study, combinations of Zapateado, Guitar, palmas, and metronome sounds. In this way, the students can practice at home alone by selecting the desired audio.<\/p>\n<\/div>\n<div align=\"left\"><\/div>\n<\/div>\n<blockquote>\n<div align=\"left\"><em>Rosa de las Heras. Choreographer, flamenco dancer and musician, she holds a PhD in music and dance.<\/em><br \/>\n<em>She has participated as a soloist in various companies, such as those of Joaqu\u00edn Cort\u00e9s, Rafael Amargo and Yoko Kotmasubara, and has performed in various world-renowned theatres (Radio City Music Hall, New York, Burkanmura Orchard Hall, Tokyo, Teatro \u00d3pera, Buenos Aires, etc.). She has performed in the Madrid tablaos flamencos of Caf\u00e9 de Chinitas, Corral de la Morer\u00eda, Corral de Pacheco etc.<\/em><br \/>\n<em>Choreographer and dancer with the national TV company RTVE. Her teaching experience spans from 1992, in both music and dance. She has given conferences and courses in municipal schools and colleges, universities and private academies in Japan, London etc.<\/em><\/div>\n<\/blockquote>\n<\/div>\n<\/div>\n<div><\/div>\n","protected":false},"excerpt":{"rendered":"<div style=\"text-align: center;\">\n<div>\n<p style=\"text-align: left;\"><div class='et-box et-shadow'>\n\t\t\t\t\t<div class='et-box-content'><ul style=\"text-align: left;\">\n<li>Flamenco Zapateado Method<\/li>\n<li>In detail, the different parts of the foot are used as the Sole, half-sole, heel block, heel edge, toe, etc.<\/li>\n<li>Different rhythms are made by using these techniques in different flamenco styles &#8220;palos&#8221;.<\/li>\n<li>Languages: Spanish, English, and Japanese<\/li>\n<li><span style=\"color: #ff0000;\">Product in STREAMING. <\/span>\u00a0<\/div><\/div><\/li>\n<\/ul>\n<\/div>\n<\/div>\n","protected":false},"featured_media":54767,"comment_status":"open","ping_status":"closed","template":"","meta":{"_acf_changed":false,"_et_pb_use_builder":"","_et_pb_old_content":"","_et_gb_content_width":""},"product_cat":[546,548,544,707,487,124,123],"product_tag":[],"acf":[],"yoast_head":"<!-- This site is optimized with the Yoast SEO plugin v22.9 - https:\/\/yoast.com\/wordpress\/plugins\/seo\/ -->\n<title>Pack - Flamenco Zapateado Method - Rosa de las Heras | STREAMING<\/title>\n<meta name=\"description\" content=\"Flamenco Live te ofrece el producto &quot;Pack - Flamenco Zapateado Method - Rosa de las Heras&quot; al mejor precio. \u00a1Descubre nuestra oferta!\" \/>\n<meta name=\"robots\" content=\"index, follow, max-snippet:-1, max-image-preview:large, max-video-preview:-1\" \/>\n<link rel=\"canonical\" href=\"https:\/\/flamencolive.com\/en\/pack-flamenco-zapateado-method-rosa-de-las-heras\/\" \/>\n<meta property=\"og:locale\" content=\"en_US\" \/>\n<meta property=\"og:type\" content=\"article\" \/>\n<meta property=\"og:title\" content=\"Pack - Flamenco Zapateado Method - Rosa de las Heras | STREAMING\" \/>\n<meta property=\"og:description\" content=\"Flamenco Live te ofrece el producto &quot;Pack - Flamenco Zapateado Method - Rosa de las Heras&quot; al mejor precio. \u00a1Descubre nuestra oferta!\" \/>\n<meta property=\"og:url\" content=\"https:\/\/flamencolive.com\/en\/pack-flamenco-zapateado-method-rosa-de-las-heras\/\" \/>\n<meta property=\"og:site_name\" content=\"Flamenco in STREAMING, videos and Scorebooks\" \/>\n<meta property=\"article:publisher\" content=\"http:\/\/www.facebook.com\/pages\/flamencolivecom\/230064430920\" \/>\n<meta property=\"article:modified_time\" content=\"2025-06-22T17:36:40+00:00\" \/>\n<meta property=\"og:image\" content=\"https:\/\/flamencolive.com\/wp-content\/uploads\/2022\/06\/PACK-ZAPATEADO-1000-px.jpg\" \/>\n\t<meta property=\"og:image:width\" content=\"1000\" \/>\n\t<meta property=\"og:image:height\" content=\"476\" \/>\n\t<meta property=\"og:image:type\" content=\"image\/jpeg\" \/>\n<meta name=\"twitter:card\" content=\"summary_large_image\" \/>\n<meta name=\"twitter:site\" content=\"@flamencolive\" \/>\n<meta name=\"twitter:label1\" content=\"Est. reading time\" \/>\n\t<meta name=\"twitter:data1\" content=\"2 minutes\" \/>\n<script type=\"application\/ld+json\" class=\"yoast-schema-graph\">{\"@context\":\"https:\/\/schema.org\",\"@graph\":[{\"@type\":\"WebPage\",\"@id\":\"https:\/\/flamencolive.com\/en\/pack-flamenco-zapateado-method-rosa-de-las-heras\/\",\"url\":\"https:\/\/flamencolive.com\/en\/pack-flamenco-zapateado-method-rosa-de-las-heras\/\",\"name\":\"Pack - Flamenco Zapateado Method - Rosa de las Heras | STREAMING\",\"isPartOf\":{\"@id\":\"https:\/\/flamencolive.com\/en\/#website\"},\"primaryImageOfPage\":{\"@id\":\"https:\/\/flamencolive.com\/en\/pack-flamenco-zapateado-method-rosa-de-las-heras\/#primaryimage\"},\"image\":{\"@id\":\"https:\/\/flamencolive.com\/en\/pack-flamenco-zapateado-method-rosa-de-las-heras\/#primaryimage\"},\"thumbnailUrl\":\"https:\/\/flamencolive.com\/wp-content\/uploads\/2022\/06\/PACK-ZAPATEADO-1000-px.jpg\",\"datePublished\":\"2022-06-06T15:11:23+00:00\",\"dateModified\":\"2025-06-22T17:36:40+00:00\",\"description\":\"Flamenco Live te ofrece el producto \\\"Pack - Flamenco Zapateado Method - Rosa de las Heras\\\" al mejor precio. \u00a1Descubre nuestra oferta!\",\"breadcrumb\":{\"@id\":\"https:\/\/flamencolive.com\/en\/pack-flamenco-zapateado-method-rosa-de-las-heras\/#breadcrumb\"},\"inLanguage\":\"en-US\",\"potentialAction\":[{\"@type\":\"ReadAction\",\"target\":[\"https:\/\/flamencolive.com\/en\/pack-flamenco-zapateado-method-rosa-de-las-heras\/\"]}]},{\"@type\":\"ImageObject\",\"inLanguage\":\"en-US\",\"@id\":\"https:\/\/flamencolive.com\/en\/pack-flamenco-zapateado-method-rosa-de-las-heras\/#primaryimage\",\"url\":\"https:\/\/flamencolive.com\/wp-content\/uploads\/2022\/06\/PACK-ZAPATEADO-1000-px.jpg\",\"contentUrl\":\"https:\/\/flamencolive.com\/wp-content\/uploads\/2022\/06\/PACK-ZAPATEADO-1000-px.jpg\",\"width\":1000,\"height\":476,\"caption\":\"Pack - M\u00e9todo de Zapateado Baile Flamenco - Rosa de las Heras\"},{\"@type\":\"BreadcrumbList\",\"@id\":\"https:\/\/flamencolive.com\/en\/pack-flamenco-zapateado-method-rosa-de-las-heras\/#breadcrumb\",\"itemListElement\":[{\"@type\":\"ListItem\",\"position\":1,\"name\":\"Portada\",\"item\":\"https:\/\/flamencolive.com\/en\/\"},{\"@type\":\"ListItem\",\"position\":2,\"name\":\"home\",\"item\":\"https:\/\/flamencolive.com\/en\/home\/\"},{\"@type\":\"ListItem\",\"position\":3,\"name\":\"Pack &#8211; Flamenco Zapateado Method &#8211; Rosa de las Heras\"}]},{\"@type\":\"WebSite\",\"@id\":\"https:\/\/flamencolive.com\/en\/#website\",\"url\":\"https:\/\/flamencolive.com\/en\/\",\"name\":\"Flamenco in STREAMING, videos and Scorebooks\",\"description\":\"Flamenco - Methods and Scorebooks in Streaming\",\"publisher\":{\"@id\":\"https:\/\/flamencolive.com\/en\/#organization\"},\"potentialAction\":[{\"@type\":\"SearchAction\",\"target\":{\"@type\":\"EntryPoint\",\"urlTemplate\":\"https:\/\/flamencolive.com\/en\/?s={search_term_string}\"},\"query-input\":\"required name=search_term_string\"}],\"inLanguage\":\"en-US\"},{\"@type\":\"Organization\",\"@id\":\"https:\/\/flamencolive.com\/en\/#organization\",\"name\":\"flamencolive.com\",\"url\":\"https:\/\/flamencolive.com\/en\/\",\"logo\":{\"@type\":\"ImageObject\",\"inLanguage\":\"en-US\",\"@id\":\"https:\/\/flamencolive.com\/en\/#\/schema\/logo\/image\/\",\"url\":\"https:\/\/flamencolive.com\/wp-content\/uploads\/2020\/09\/logo-vectorial-flamenco-live-500x61-2.png\",\"contentUrl\":\"https:\/\/flamencolive.com\/wp-content\/uploads\/2020\/09\/logo-vectorial-flamenco-live-500x61-2.png\",\"width\":500,\"height\":61,\"caption\":\"flamencolive.com\"},\"image\":{\"@id\":\"https:\/\/flamencolive.com\/en\/#\/schema\/logo\/image\/\"},\"sameAs\":[\"http:\/\/www.facebook.com\/pages\/flamencolivecom\/230064430920\",\"https:\/\/x.com\/flamencolive\",\"https:\/\/www.instagram.com\/flamencolive.oficial\/\",\"http:\/\/www.youtube.com\/user\/rgbartevisual\"]}]}<\/script>\n<!-- \/ Yoast SEO plugin. -->","yoast_head_json":{"title":"Pack - Flamenco Zapateado Method - Rosa de las Heras | STREAMING","description":"Flamenco Live te ofrece el producto \"Pack - Flamenco Zapateado Method - Rosa de las Heras\" al mejor precio. \u00a1Descubre nuestra oferta!","robots":{"index":"index","follow":"follow","max-snippet":"max-snippet:-1","max-image-preview":"max-image-preview:large","max-video-preview":"max-video-preview:-1"},"canonical":"https:\/\/flamencolive.com\/en\/pack-flamenco-zapateado-method-rosa-de-las-heras\/","og_locale":"en_US","og_type":"article","og_title":"Pack - Flamenco Zapateado Method - Rosa de las Heras | STREAMING","og_description":"Flamenco Live te ofrece el producto \"Pack - Flamenco Zapateado Method - Rosa de las Heras\" al mejor precio. \u00a1Descubre nuestra oferta!","og_url":"https:\/\/flamencolive.com\/en\/pack-flamenco-zapateado-method-rosa-de-las-heras\/","og_site_name":"Flamenco in STREAMING, videos and Scorebooks","article_publisher":"http:\/\/www.facebook.com\/pages\/flamencolivecom\/230064430920","article_modified_time":"2025-06-22T17:36:40+00:00","og_image":[{"width":1000,"height":476,"url":"https:\/\/flamencolive.com\/wp-content\/uploads\/2022\/06\/PACK-ZAPATEADO-1000-px.jpg","type":"image\/jpeg"}],"twitter_card":"summary_large_image","twitter_site":"@flamencolive","twitter_misc":{"Est. reading time":"2 minutes"},"schema":{"@context":"https:\/\/schema.org","@graph":[{"@type":"WebPage","@id":"https:\/\/flamencolive.com\/en\/pack-flamenco-zapateado-method-rosa-de-las-heras\/","url":"https:\/\/flamencolive.com\/en\/pack-flamenco-zapateado-method-rosa-de-las-heras\/","name":"Pack - Flamenco Zapateado Method - Rosa de las Heras | STREAMING","isPartOf":{"@id":"https:\/\/flamencolive.com\/en\/#website"},"primaryImageOfPage":{"@id":"https:\/\/flamencolive.com\/en\/pack-flamenco-zapateado-method-rosa-de-las-heras\/#primaryimage"},"image":{"@id":"https:\/\/flamencolive.com\/en\/pack-flamenco-zapateado-method-rosa-de-las-heras\/#primaryimage"},"thumbnailUrl":"https:\/\/flamencolive.com\/wp-content\/uploads\/2022\/06\/PACK-ZAPATEADO-1000-px.jpg","datePublished":"2022-06-06T15:11:23+00:00","dateModified":"2025-06-22T17:36:40+00:00","description":"Flamenco Live te ofrece el producto \"Pack - Flamenco Zapateado Method - Rosa de las Heras\" al mejor precio. \u00a1Descubre nuestra oferta!","breadcrumb":{"@id":"https:\/\/flamencolive.com\/en\/pack-flamenco-zapateado-method-rosa-de-las-heras\/#breadcrumb"},"inLanguage":"en-US","potentialAction":[{"@type":"ReadAction","target":["https:\/\/flamencolive.com\/en\/pack-flamenco-zapateado-method-rosa-de-las-heras\/"]}]},{"@type":"ImageObject","inLanguage":"en-US","@id":"https:\/\/flamencolive.com\/en\/pack-flamenco-zapateado-method-rosa-de-las-heras\/#primaryimage","url":"https:\/\/flamencolive.com\/wp-content\/uploads\/2022\/06\/PACK-ZAPATEADO-1000-px.jpg","contentUrl":"https:\/\/flamencolive.com\/wp-content\/uploads\/2022\/06\/PACK-ZAPATEADO-1000-px.jpg","width":1000,"height":476,"caption":"Pack - M\u00e9todo de Zapateado Baile Flamenco - Rosa de las Heras"},{"@type":"BreadcrumbList","@id":"https:\/\/flamencolive.com\/en\/pack-flamenco-zapateado-method-rosa-de-las-heras\/#breadcrumb","itemListElement":[{"@type":"ListItem","position":1,"name":"Portada","item":"https:\/\/flamencolive.com\/en\/"},{"@type":"ListItem","position":2,"name":"home","item":"https:\/\/flamencolive.com\/en\/home\/"},{"@type":"ListItem","position":3,"name":"Pack &#8211; Flamenco Zapateado Method &#8211; Rosa de las Heras"}]},{"@type":"WebSite","@id":"https:\/\/flamencolive.com\/en\/#website","url":"https:\/\/flamencolive.com\/en\/","name":"Flamenco in STREAMING, videos and Scorebooks","description":"Flamenco - Methods and Scorebooks in Streaming","publisher":{"@id":"https:\/\/flamencolive.com\/en\/#organization"},"potentialAction":[{"@type":"SearchAction","target":{"@type":"EntryPoint","urlTemplate":"https:\/\/flamencolive.com\/en\/?s={search_term_string}"},"query-input":"required name=search_term_string"}],"inLanguage":"en-US"},{"@type":"Organization","@id":"https:\/\/flamencolive.com\/en\/#organization","name":"flamencolive.com","url":"https:\/\/flamencolive.com\/en\/","logo":{"@type":"ImageObject","inLanguage":"en-US","@id":"https:\/\/flamencolive.com\/en\/#\/schema\/logo\/image\/","url":"https:\/\/flamencolive.com\/wp-content\/uploads\/2020\/09\/logo-vectorial-flamenco-live-500x61-2.png","contentUrl":"https:\/\/flamencolive.com\/wp-content\/uploads\/2020\/09\/logo-vectorial-flamenco-live-500x61-2.png","width":500,"height":61,"caption":"flamencolive.com"},"image":{"@id":"https:\/\/flamencolive.com\/en\/#\/schema\/logo\/image\/"},"sameAs":["http:\/\/www.facebook.com\/pages\/flamencolivecom\/230064430920","https:\/\/x.com\/flamencolive","https:\/\/www.instagram.com\/flamencolive.oficial\/","http:\/\/www.youtube.com\/user\/rgbartevisual"]}]}},"_links":{"self":[{"href":"https:\/\/flamencolive.com\/en\/wp-json\/wp\/v2\/product\/54769"}],"collection":[{"href":"https:\/\/flamencolive.com\/en\/wp-json\/wp\/v2\/product"}],"about":[{"href":"https:\/\/flamencolive.com\/en\/wp-json\/wp\/v2\/types\/product"}],"replies":[{"embeddable":true,"href":"https:\/\/flamencolive.com\/en\/wp-json\/wp\/v2\/comments?post=54769"}],"wp:featuredmedia":[{"embeddable":true,"href":"https:\/\/flamencolive.com\/en\/wp-json\/wp\/v2\/media\/54767"}],"wp:attachment":[{"href":"https:\/\/flamencolive.com\/en\/wp-json\/wp\/v2\/media?parent=54769"}],"wp:term":[{"taxonomy":"product_cat","embeddable":true,"href":"https:\/\/flamencolive.com\/en\/wp-json\/wp\/v2\/product_cat?post=54769"},{"taxonomy":"product_tag","embeddable":true,"href":"https:\/\/flamencolive.com\/en\/wp-json\/wp\/v2\/product_tag?post=54769"}],"curies":[{"name":"wp","href":"https:\/\/api.w.org\/{rel}","templated":true}]}}