{"id":55851,"date":"2022-10-07T17:49:06","date_gmt":"2022-10-07T15:49:06","guid":{"rendered":"https:\/\/flamencolive.com\/?post_type=product&#038;p=55851"},"modified":"2022-12-13T10:43:32","modified_gmt":"2022-12-13T09:43:32","slug":"cantinas-videotutorial-camerata-flamenco-project-cfp","status":"publish","type":"product","link":"https:\/\/flamencolive.com\/en\/cantinas-videotutorial-camerata-flamenco-project-cfp\/","title":{"rendered":"Canti\u00f1as- Videotutorial &#8211;  Camerata Flamenco Project (CFP)"},"content":{"rendered":"<div>\n<blockquote><p>An elaborated explanation of the world of the <strong>Canti\u00f1as<\/strong> and its derivatives,<strong> Alegr\u00edas, Romeras, Mirabr\u00e1s, Caracoles<\/strong>&#8230; We will talk about Mairena, we give voice to the great <strong>Chano Lobato<\/strong>, you will find a section of dance and choreographic structure, the Silencios, the Escobillas, the Manila Shawl (Mant\u00f3n) and &#8220;Bata de Cola&#8221;, the percussion in Flamenco and the writing of the \u201ccajon\u201d, history, exercises, harmony in &#8220;major tones&#8221;, the analysis of a Riqueni\u00b4s \u201cfalseta\u201d, an Alegr\u00edas singing lyric of the great Mayte Mart\u00edn taken to flute and piano, a lot of curiosities, Flamenco legends and much more.<\/p><\/blockquote>\n<\/div>\n<div>\n<p>CFP&#8217;s Flamenco Video tutorials are designed to bring the secrets of Flamenco to musicians and amateurs around the world through its most important &#8220;palos&#8221; (styles), such as Tangos, Buler\u00edas, Sole\u00e1 or Canti\u00f1as.<\/p>\n<p>All contents are in Spanish, and English subtitled.<\/p>\n<p>We will go through each palo from different perspectives: history, rhythm, curiosities, harmony, exercises, &#8220;falsetas&#8221;&#8230; with exercises, scores, and complementary documentation.<\/p>\n<p>These tutorials are aimed at any level of musician. The more musical knowledge you have the more you will get out of these video tutorials and for this reason, we have scores and advanced exercises in case you want to deepen the technique.<\/p>\n<p>We also accompany each tutorial with videos and documentation that will give you all the info about the great flamenco masters from a deeper perspective thanks to a work of concepts, vocabulary, and references carefully selected.<\/p>\n<p>The exercises are designed for any instrument and written in a clear and didactic way: piano, strings, winds, guitarists, etc&#8230; dancers, percussionists, and singers can also learn with these tutorials, even if they have no academic musical knowledge.<\/p>\n<p>Even if you are not a musician, but you are interested in Flamenco, you can delve into its world to understand its history, codes, and legends and appreciate its richness.<\/p>\n<p>In addition, we have collaborators who dive deep into different aspects of Flamenco: Canito, Jes\u00fas Torres, Salvador Guti\u00e9rrez and Diego de Bormujos will talk about guitar, Rafaela Carrasco about dancing, Miguel Ortega, Chelo Pantoja, Roberto Lorente, and Antonio Campos will talk about singing&#8230; among many other great artists and colleagues.<\/p>\n<p>&nbsp;<\/p>\n<\/div>\n<p><iframe loading=\"lazy\" title=\"Learn modern flamenco - Announcement\/Trailer\" width=\"1080\" height=\"608\" src=\"https:\/\/www.youtube.com\/embed\/tRIlpvTZflI?feature=oembed\"  allow=\"accelerometer; autoplay; clipboard-write; encrypted-media; gyroscope; picture-in-picture\" allowfullscreen><\/iframe><\/p>\n<p><strong><u>Camerata Flamenco Project (CFP)<\/u><\/strong><\/p>\n<p>For more than 20 years Camerata Flamenco Project has toured the world performing in the best Music Festivals, both Flamenco and Classical, Jazz, and World Music, in Rome, Grenoble, Tokyo, Singapore, Helsinki, New York, Lisbon, Porto, Dublin, Rotterdam, Barcelona, Madrid, Seville, Jerez, and many other places. They have collaborated with artists such as Carmen Linares, Jorge Pardo, J.M. Ca\u00f1izares, Rafaela Carrasco, Dima Slobodeniuk, the Avantii Symphony Orchestra of Finland, and countless artists from all disciplines, in a journey around art without borders, with contemporary Flamenco as the main flag.<\/p>\n<p>As a result of their shows and recordings (bringing the Flamenco public closer to Jazz and classics such as Falla, Ravel or Debussy &#8211; and the general public to Flamenco), appear their Workshops for Musicians that they have given in Dublin, Oporto, Rotterdam, Helsinki, and Madrid.<\/p>\n<p>All this Flamenco dissemination experience has been condensed in these Flamenco Video tutorials, an essential material to understand this ART that fascinates, as important as it is unknown to the general public, from a deep, modern and open point of view.<\/p>\n","protected":false},"excerpt":{"rendered":"<div>\n<div style=\"text-align: center;\">\n<div>\n<p style=\"text-align: left;\"><div class='et-box et-shadow'>\n\t\t\t\t\t<div class='et-box-content'><ul style=\"text-align: left;\">\n<li>Video tutorial dedicated to the <strong>Canti\u00f1as<\/strong> and its derivatives,<strong> Alegr\u00edas, Romeras, Mirabr\u00e1s, Caracoles<\/strong><\/li>\n<li>Original exercises and falsetas by Canti\u00f1as for any instrument<\/li>\n<li>Includes exercises with sheet music<\/li>\n<li><span style=\"color: #ff0000;\">Product in STREAMING \u00a0\u00a0<a href=\"https:\/\/flamencolive.com\/streaming_en\/\" target=\"_blank\" rel=\"noopener\">(+INFO)<\/a><\/span>\u00a0<\/div><\/div><\/li>\n<\/ul>\n<\/div>\n<div>\n<p style=\"text-align: left;\"><b>Canti\u00f1as <\/b>video tutorial for any instrument, aimed at any level of musician. The more musical knowledge you have the more you will get out of these video tutorials and for this reason, we have scores and advanced exercises in case you want to deepen the technique.<\/p>\n<\/div>\n<\/div>\n<\/div>\n<div><\/div>\n","protected":false},"featured_media":57484,"comment_status":"open","ping_status":"closed","template":"","meta":{"_acf_changed":false,"_et_pb_use_builder":"off","_et_pb_old_content":"","_et_gb_content_width":""},"product_cat":[546,544,718,313,326,325,101,100,124,123,97],"product_tag":[],"acf":[],"yoast_head":"<!-- This site is optimized with the Yoast SEO plugin v22.9 - https:\/\/yoast.com\/wordpress\/plugins\/seo\/ -->\n<title>Canti\u00f1as- Videotutorial - Camerata Flamenco Project (CFP) | STREAMING<\/title>\n<meta name=\"description\" content=\"Flamenco Live te ofrece el producto &quot;Canti\u00f1as- Videotutorial - Camerata Flamenco Project (CFP)&quot; al mejor precio. \u00a1Descubre nuestra oferta!\" \/>\n<meta name=\"robots\" content=\"index, follow, max-snippet:-1, max-image-preview:large, max-video-preview:-1\" \/>\n<link rel=\"canonical\" href=\"https:\/\/flamencolive.com\/en\/cantinas-videotutorial-camerata-flamenco-project-cfp\/\" \/>\n<meta property=\"og:locale\" content=\"en_US\" \/>\n<meta property=\"og:type\" content=\"article\" \/>\n<meta property=\"og:title\" content=\"Canti\u00f1as- Videotutorial - Camerata Flamenco Project (CFP) | STREAMING\" \/>\n<meta property=\"og:description\" content=\"Flamenco Live te ofrece el producto &quot;Canti\u00f1as- Videotutorial - Camerata Flamenco Project (CFP)&quot; al mejor precio. \u00a1Descubre nuestra oferta!\" \/>\n<meta property=\"og:url\" content=\"https:\/\/flamencolive.com\/en\/cantinas-videotutorial-camerata-flamenco-project-cfp\/\" \/>\n<meta property=\"og:site_name\" content=\"Flamenco in STREAMING, videos and Scorebooks\" \/>\n<meta property=\"article:publisher\" content=\"http:\/\/www.facebook.com\/pages\/flamencolivecom\/230064430920\" \/>\n<meta property=\"article:modified_time\" content=\"2022-12-13T09:43:32+00:00\" \/>\n<meta property=\"og:image\" content=\"https:\/\/flamencolive.com\/wp-content\/uploads\/2022\/11\/Cantinas-english_1000.jpg\" \/>\n\t<meta property=\"og:image:width\" content=\"1000\" \/>\n\t<meta property=\"og:image:height\" content=\"1415\" \/>\n\t<meta property=\"og:image:type\" content=\"image\/jpeg\" \/>\n<meta name=\"twitter:card\" content=\"summary_large_image\" \/>\n<meta name=\"twitter:site\" content=\"@flamencolive\" \/>\n<meta name=\"twitter:label1\" content=\"Est. reading time\" \/>\n\t<meta name=\"twitter:data1\" content=\"3 minutes\" \/>\n<script type=\"application\/ld+json\" class=\"yoast-schema-graph\">{\"@context\":\"https:\/\/schema.org\",\"@graph\":[{\"@type\":\"WebPage\",\"@id\":\"https:\/\/flamencolive.com\/en\/cantinas-videotutorial-camerata-flamenco-project-cfp\/\",\"url\":\"https:\/\/flamencolive.com\/en\/cantinas-videotutorial-camerata-flamenco-project-cfp\/\",\"name\":\"Canti\u00f1as- Videotutorial - Camerata Flamenco Project (CFP) | STREAMING\",\"isPartOf\":{\"@id\":\"https:\/\/flamencolive.com\/en\/#website\"},\"primaryImageOfPage\":{\"@id\":\"https:\/\/flamencolive.com\/en\/cantinas-videotutorial-camerata-flamenco-project-cfp\/#primaryimage\"},\"image\":{\"@id\":\"https:\/\/flamencolive.com\/en\/cantinas-videotutorial-camerata-flamenco-project-cfp\/#primaryimage\"},\"thumbnailUrl\":\"https:\/\/flamencolive.com\/wp-content\/uploads\/2022\/11\/Cantinas-english_1000.jpg\",\"datePublished\":\"2022-10-07T15:49:06+00:00\",\"dateModified\":\"2022-12-13T09:43:32+00:00\",\"description\":\"Flamenco Live te ofrece el producto \\\"Canti\u00f1as- Videotutorial - Camerata Flamenco Project (CFP)\\\" al mejor precio. \u00a1Descubre nuestra oferta!\",\"breadcrumb\":{\"@id\":\"https:\/\/flamencolive.com\/en\/cantinas-videotutorial-camerata-flamenco-project-cfp\/#breadcrumb\"},\"inLanguage\":\"en-US\",\"potentialAction\":[{\"@type\":\"ReadAction\",\"target\":[\"https:\/\/flamencolive.com\/en\/cantinas-videotutorial-camerata-flamenco-project-cfp\/\"]}]},{\"@type\":\"ImageObject\",\"inLanguage\":\"en-US\",\"@id\":\"https:\/\/flamencolive.com\/en\/cantinas-videotutorial-camerata-flamenco-project-cfp\/#primaryimage\",\"url\":\"https:\/\/flamencolive.com\/wp-content\/uploads\/2022\/11\/Cantinas-english_1000.jpg\",\"contentUrl\":\"https:\/\/flamencolive.com\/wp-content\/uploads\/2022\/11\/Cantinas-english_1000.jpg\",\"width\":1000,\"height\":1415,\"caption\":\"Canti\u00f1as- Videotutorial - Camerata Flamenco Project (CFP)\"},{\"@type\":\"BreadcrumbList\",\"@id\":\"https:\/\/flamencolive.com\/en\/cantinas-videotutorial-camerata-flamenco-project-cfp\/#breadcrumb\",\"itemListElement\":[{\"@type\":\"ListItem\",\"position\":1,\"name\":\"Portada\",\"item\":\"https:\/\/flamencolive.com\/en\/\"},{\"@type\":\"ListItem\",\"position\":2,\"name\":\"home\",\"item\":\"https:\/\/flamencolive.com\/en\/home\/\"},{\"@type\":\"ListItem\",\"position\":3,\"name\":\"Canti\u00f1as- Videotutorial &#8211; Camerata Flamenco Project (CFP)\"}]},{\"@type\":\"WebSite\",\"@id\":\"https:\/\/flamencolive.com\/en\/#website\",\"url\":\"https:\/\/flamencolive.com\/en\/\",\"name\":\"Flamenco in STREAMING, videos and Scorebooks\",\"description\":\"Flamenco - Methods and Scorebooks in Streaming\",\"publisher\":{\"@id\":\"https:\/\/flamencolive.com\/en\/#organization\"},\"potentialAction\":[{\"@type\":\"SearchAction\",\"target\":{\"@type\":\"EntryPoint\",\"urlTemplate\":\"https:\/\/flamencolive.com\/en\/?s={search_term_string}\"},\"query-input\":\"required name=search_term_string\"}],\"inLanguage\":\"en-US\"},{\"@type\":\"Organization\",\"@id\":\"https:\/\/flamencolive.com\/en\/#organization\",\"name\":\"flamencolive.com\",\"url\":\"https:\/\/flamencolive.com\/en\/\",\"logo\":{\"@type\":\"ImageObject\",\"inLanguage\":\"en-US\",\"@id\":\"https:\/\/flamencolive.com\/en\/#\/schema\/logo\/image\/\",\"url\":\"https:\/\/flamencolive.com\/wp-content\/uploads\/2020\/09\/logo-vectorial-flamenco-live-500x61-2.png\",\"contentUrl\":\"https:\/\/flamencolive.com\/wp-content\/uploads\/2020\/09\/logo-vectorial-flamenco-live-500x61-2.png\",\"width\":500,\"height\":61,\"caption\":\"flamencolive.com\"},\"image\":{\"@id\":\"https:\/\/flamencolive.com\/en\/#\/schema\/logo\/image\/\"},\"sameAs\":[\"http:\/\/www.facebook.com\/pages\/flamencolivecom\/230064430920\",\"https:\/\/x.com\/flamencolive\",\"https:\/\/www.instagram.com\/flamencolive.oficial\/\",\"http:\/\/www.youtube.com\/user\/rgbartevisual\"]}]}<\/script>\n<!-- \/ Yoast SEO plugin. -->","yoast_head_json":{"title":"Canti\u00f1as- Videotutorial - Camerata Flamenco Project (CFP) | STREAMING","description":"Flamenco Live te ofrece el producto \"Canti\u00f1as- Videotutorial - Camerata Flamenco Project (CFP)\" al mejor precio. \u00a1Descubre nuestra oferta!","robots":{"index":"index","follow":"follow","max-snippet":"max-snippet:-1","max-image-preview":"max-image-preview:large","max-video-preview":"max-video-preview:-1"},"canonical":"https:\/\/flamencolive.com\/en\/cantinas-videotutorial-camerata-flamenco-project-cfp\/","og_locale":"en_US","og_type":"article","og_title":"Canti\u00f1as- Videotutorial - Camerata Flamenco Project (CFP) | STREAMING","og_description":"Flamenco Live te ofrece el producto \"Canti\u00f1as- Videotutorial - Camerata Flamenco Project (CFP)\" al mejor precio. \u00a1Descubre nuestra oferta!","og_url":"https:\/\/flamencolive.com\/en\/cantinas-videotutorial-camerata-flamenco-project-cfp\/","og_site_name":"Flamenco in STREAMING, videos and Scorebooks","article_publisher":"http:\/\/www.facebook.com\/pages\/flamencolivecom\/230064430920","article_modified_time":"2022-12-13T09:43:32+00:00","og_image":[{"width":1000,"height":1415,"url":"https:\/\/flamencolive.com\/wp-content\/uploads\/2022\/11\/Cantinas-english_1000.jpg","type":"image\/jpeg"}],"twitter_card":"summary_large_image","twitter_site":"@flamencolive","twitter_misc":{"Est. reading time":"3 minutes"},"schema":{"@context":"https:\/\/schema.org","@graph":[{"@type":"WebPage","@id":"https:\/\/flamencolive.com\/en\/cantinas-videotutorial-camerata-flamenco-project-cfp\/","url":"https:\/\/flamencolive.com\/en\/cantinas-videotutorial-camerata-flamenco-project-cfp\/","name":"Canti\u00f1as- Videotutorial - Camerata Flamenco Project (CFP) | STREAMING","isPartOf":{"@id":"https:\/\/flamencolive.com\/en\/#website"},"primaryImageOfPage":{"@id":"https:\/\/flamencolive.com\/en\/cantinas-videotutorial-camerata-flamenco-project-cfp\/#primaryimage"},"image":{"@id":"https:\/\/flamencolive.com\/en\/cantinas-videotutorial-camerata-flamenco-project-cfp\/#primaryimage"},"thumbnailUrl":"https:\/\/flamencolive.com\/wp-content\/uploads\/2022\/11\/Cantinas-english_1000.jpg","datePublished":"2022-10-07T15:49:06+00:00","dateModified":"2022-12-13T09:43:32+00:00","description":"Flamenco Live te ofrece el producto \"Canti\u00f1as- Videotutorial - Camerata Flamenco Project (CFP)\" al mejor precio. \u00a1Descubre nuestra oferta!","breadcrumb":{"@id":"https:\/\/flamencolive.com\/en\/cantinas-videotutorial-camerata-flamenco-project-cfp\/#breadcrumb"},"inLanguage":"en-US","potentialAction":[{"@type":"ReadAction","target":["https:\/\/flamencolive.com\/en\/cantinas-videotutorial-camerata-flamenco-project-cfp\/"]}]},{"@type":"ImageObject","inLanguage":"en-US","@id":"https:\/\/flamencolive.com\/en\/cantinas-videotutorial-camerata-flamenco-project-cfp\/#primaryimage","url":"https:\/\/flamencolive.com\/wp-content\/uploads\/2022\/11\/Cantinas-english_1000.jpg","contentUrl":"https:\/\/flamencolive.com\/wp-content\/uploads\/2022\/11\/Cantinas-english_1000.jpg","width":1000,"height":1415,"caption":"Canti\u00f1as- Videotutorial - Camerata Flamenco Project (CFP)"},{"@type":"BreadcrumbList","@id":"https:\/\/flamencolive.com\/en\/cantinas-videotutorial-camerata-flamenco-project-cfp\/#breadcrumb","itemListElement":[{"@type":"ListItem","position":1,"name":"Portada","item":"https:\/\/flamencolive.com\/en\/"},{"@type":"ListItem","position":2,"name":"home","item":"https:\/\/flamencolive.com\/en\/home\/"},{"@type":"ListItem","position":3,"name":"Canti\u00f1as- Videotutorial &#8211; Camerata Flamenco Project (CFP)"}]},{"@type":"WebSite","@id":"https:\/\/flamencolive.com\/en\/#website","url":"https:\/\/flamencolive.com\/en\/","name":"Flamenco in STREAMING, videos and Scorebooks","description":"Flamenco - Methods and Scorebooks in Streaming","publisher":{"@id":"https:\/\/flamencolive.com\/en\/#organization"},"potentialAction":[{"@type":"SearchAction","target":{"@type":"EntryPoint","urlTemplate":"https:\/\/flamencolive.com\/en\/?s={search_term_string}"},"query-input":"required name=search_term_string"}],"inLanguage":"en-US"},{"@type":"Organization","@id":"https:\/\/flamencolive.com\/en\/#organization","name":"flamencolive.com","url":"https:\/\/flamencolive.com\/en\/","logo":{"@type":"ImageObject","inLanguage":"en-US","@id":"https:\/\/flamencolive.com\/en\/#\/schema\/logo\/image\/","url":"https:\/\/flamencolive.com\/wp-content\/uploads\/2020\/09\/logo-vectorial-flamenco-live-500x61-2.png","contentUrl":"https:\/\/flamencolive.com\/wp-content\/uploads\/2020\/09\/logo-vectorial-flamenco-live-500x61-2.png","width":500,"height":61,"caption":"flamencolive.com"},"image":{"@id":"https:\/\/flamencolive.com\/en\/#\/schema\/logo\/image\/"},"sameAs":["http:\/\/www.facebook.com\/pages\/flamencolivecom\/230064430920","https:\/\/x.com\/flamencolive","https:\/\/www.instagram.com\/flamencolive.oficial\/","http:\/\/www.youtube.com\/user\/rgbartevisual"]}]}},"_links":{"self":[{"href":"https:\/\/flamencolive.com\/en\/wp-json\/wp\/v2\/product\/55851"}],"collection":[{"href":"https:\/\/flamencolive.com\/en\/wp-json\/wp\/v2\/product"}],"about":[{"href":"https:\/\/flamencolive.com\/en\/wp-json\/wp\/v2\/types\/product"}],"replies":[{"embeddable":true,"href":"https:\/\/flamencolive.com\/en\/wp-json\/wp\/v2\/comments?post=55851"}],"wp:featuredmedia":[{"embeddable":true,"href":"https:\/\/flamencolive.com\/en\/wp-json\/wp\/v2\/media\/57484"}],"wp:attachment":[{"href":"https:\/\/flamencolive.com\/en\/wp-json\/wp\/v2\/media?parent=55851"}],"wp:term":[{"taxonomy":"product_cat","embeddable":true,"href":"https:\/\/flamencolive.com\/en\/wp-json\/wp\/v2\/product_cat?post=55851"},{"taxonomy":"product_tag","embeddable":true,"href":"https:\/\/flamencolive.com\/en\/wp-json\/wp\/v2\/product_tag?post=55851"}],"curies":[{"name":"wp","href":"https:\/\/api.w.org\/{rel}","templated":true}]}}