{"id":57247,"date":"2022-11-20T10:30:53","date_gmt":"2022-11-20T09:30:54","guid":{"rendered":"https:\/\/flamencolive.com\/?post_type=product&#038;p=57247"},"modified":"2025-05-26T09:15:59","modified_gmt":"2025-05-26T07:15:59","slug":"accompanying-the-singing-cante-from-a-to-z-vol-4-romance-to-solea-de-triana-david-leiva","status":"publish","type":"product","link":"https:\/\/flamencolive.com\/en\/accompanying-the-singing-cante-from-a-to-z-vol-4-romance-to-solea-de-triana-david-leiva\/","title":{"rendered":"Accompanying the \u00abCante\u00bb from A to Z  (Vol 4 Romance to Sole\u00e1 de Triana) &#8211; David Leiva"},"content":{"rendered":"<div align=\"left\">\n<div>\n<p>The collection \u201cAccompaniment the cante from A to Z\u201d is the first work that includes the main melodic examples of cante in a score, written for two voices: cante and guitar (note, tablature ). The visualization of the cante with its musical accompaniment provides a new way of understanding flamenco.<\/p>\n<p>This material is aimed at guitarists and singers, but this collection can also be very useful for melodic instrumentalists and pianists. Likewise, composers and performers of other types of music will be able to introduce themselves to flamenco or broaden their knowledge of this musical genre.\u00a0 The conservatories or schools that teach musical studies on flamenco can use it as teaching material.<\/p>\n<p>The work is organized by palos in alphabetical order in five volumes. Each volume incorporates falsetas composed by <strong>David Leiva<\/strong> of different levels distributed throughout the cantes, in order to broaden the repertoire and work on the technique of both hands.<\/p>\n<p>The cantes are interpreted by the cantaores J<strong>uan Pinilla, Jorge Mesa \u201cEl Pirata\u201d and Mauricio Cesteros \u201cEl Mauri\u201d<\/strong>.<\/p>\n<p>3 audio tracks are included for each of the palo: Cante-Guitar-palmas-caj\u00f3n, Guitar-palmas-caj\u00f3n and Cante-palmas-caj\u00f3n. Allowing you to accompany the singer, and listen to all the falsetas and the accompaniment for the guitar.<\/p>\n<p>The work is organized in alphabetical order of the Palos from A to Z, this Fourth volume is made up of the following palos:<\/p>\n<\/div>\n<div style=\"padding-left: 40px;\"><strong>Romance<\/strong><br \/>\n<strong>Romeras<\/strong><br \/>\n<strong>Ronde\u00f1a<\/strong><br \/>\n<strong>Rumba<\/strong><br \/>\n<strong>Serrana<\/strong><br \/>\n<strong>Sevillanas<\/strong><br \/>\n<strong>Siguiriya de Arcos<\/strong><br \/>\n<strong>Siguiriya de Jerez<\/strong><br \/>\n<strong>Sole\u00e1 por buler\u00edas<\/strong><br \/>\n<strong>Sole\u00e1 de Alcal\u00e1<\/strong><br \/>\n<strong>Sole\u00e1 de C\u00e1diz<\/strong><br \/>\n<strong>Sole\u00e1 de C\u00f3rdoba<\/strong><br \/>\n<strong>Sole\u00e1 de Jerez<\/strong><br \/>\n<strong>Sole\u00e1 de Triana<\/strong><\/div>\n<div style=\"padding-left: 40px;\"><strong><br \/>\n<\/strong><div class='et-box et-shadow'>\n\t\t\t\t\t<div class='et-box-content'><\/div>\n<h3><span style=\"color: #ff0000;\">STREAMING\/ONLINE FORMAT POSSIBILITIES<\/span><\/h3>\n<div>\n<ul>\n<li>Direct access to any theme through menu<\/li>\n<li>Display of 1 or 2 pages on the screen<\/li>\n<li>Zoom options, and full screen<\/li>\n<li>Page turning by keyboard, mouse, and\/or Bluetooth foot pedal<\/li>\n<li>Playback speed options:\n<ul>\n<li>Audio track selection: Cante+Guitar, Guitar, Cante<\/li>\n<li>Possibility of changing the playback speed of each video\/audio tracks to facilitate study (0.25x, 0.5x, 0.75x, 1x, 1.25x, 1.5x, 2x) and independently** Adapts to any device, PC, Tablet, Smartphone, Smart TV<\/li>\n<\/ul>\n<\/li>\n<\/ul>\n<\/div><\/div><\/div><\/p>\n<\/div>\n","protected":false},"excerpt":{"rendered":"<div>\n<div style=\"text-align: center;\">\n<div>\n<p style=\"text-align: left;\"><div class='et-box et-shadow'>\n\t\t\t\t\t<div class='et-box-content'><ul style=\"text-align: left;\">\n<li>Score book with 3 Audio tracks (Cante-Guitar-palmas-caj\u00f3n, Guitar-palmas-caj\u00f3n and Cante-palmas-caj\u00f3n)<\/li>\n<li>Accompaniment to the Cante : <strong>Romance, Romeras, Ronde\u00f1a, Rumba, Serrana, Sevillanas, Siguiriya de Arcos, Siguiriya de Jerez, Sole\u00e1 por buler\u00edas, Sole\u00e1 de Alcal\u00e1, Sole\u00e1 de C\u00e1diz, Sole\u00e1 de C\u00f3rdoba, Sole\u00e1 de Jerez, Sole\u00e1 de Triana.<\/strong><\/li>\n<li>Cante <strong>Juan Pinilla, Jorge Mesa \u201cEl Pirata\u201d and Mauricio Cesteros \u201cEl Mauri\u201d,<\/strong> guitar <strong>David Leiva.<\/strong><\/li>\n<li>Transcriptions of the cante and Guitar by David Leiva.<\/li>\n<li><span style=\"color: #ff0000;\">Product in STREAMING \u00a0\u00a0<a href=\"https:\/\/flamencolive.com\/streaming_en\/\" target=\"_blank\" rel=\"noopener\">(+INFO)<\/a><\/span>\u00a0<\/div><\/div><\/li>\n<\/ul>\n<\/div>\n<div>\n<p style=\"text-align: left;\">The Singing Accompaniment series from A to Z includes all the basic melodic lines of &#8220;cante&#8221; in a score, written in score, in two-part form: voice and flamenco guitar (standard notation and tablature)<\/p>\n<\/div>\n<\/div>\n<\/div>\n<div><\/div>\n","protected":false},"featured_media":57476,"comment_status":"open","ping_status":"closed","template":"","meta":{"_acf_changed":false,"_et_pb_use_builder":"off","_et_pb_old_content":"","_et_gb_content_width":""},"product_cat":[549,546,544,313,93,329,326,324,94,110,332,123],"product_tag":[],"acf":[],"yoast_head":"<!-- This site is optimized with the Yoast SEO plugin v22.9 - https:\/\/yoast.com\/wordpress\/plugins\/seo\/ -->\n<title>Accompanying the \u00abCante\u00bb from A to Z (Vol 4 Romance to Sole\u00e1 de Triana) - David Leiva | STREAMING<\/title>\n<meta name=\"description\" content=\"Flamenco Live te ofrece el producto &quot;Accompanying the \u00abCante\u00bb from A to Z (Vol 4 Romance to Sole\u00e1 de Triana) - David Leiva&quot; al mejor precio. \u00a1Descubre nuestra oferta!\" \/>\n<meta name=\"robots\" content=\"index, follow, max-snippet:-1, max-image-preview:large, max-video-preview:-1\" \/>\n<link rel=\"canonical\" href=\"https:\/\/flamencolive.com\/en\/accompanying-the-singing-cante-from-a-to-z-vol-4-romance-to-solea-de-triana-david-leiva\/\" \/>\n<meta property=\"og:locale\" content=\"en_US\" \/>\n<meta property=\"og:type\" content=\"article\" \/>\n<meta property=\"og:title\" content=\"Accompanying the \u00abCante\u00bb from A to Z (Vol 4 Romance to Sole\u00e1 de Triana) - David Leiva | STREAMING\" \/>\n<meta property=\"og:description\" content=\"Flamenco Live te ofrece el producto &quot;Accompanying the \u00abCante\u00bb from A to Z (Vol 4 Romance to Sole\u00e1 de Triana) - David Leiva&quot; al mejor precio. \u00a1Descubre nuestra oferta!\" \/>\n<meta property=\"og:url\" content=\"https:\/\/flamencolive.com\/en\/accompanying-the-singing-cante-from-a-to-z-vol-4-romance-to-solea-de-triana-david-leiva\/\" \/>\n<meta property=\"og:site_name\" content=\"Flamenco in STREAMING, videos and Scorebooks\" \/>\n<meta property=\"article:publisher\" content=\"http:\/\/www.facebook.com\/pages\/flamencolivecom\/230064430920\" \/>\n<meta property=\"article:modified_time\" content=\"2025-05-26T07:15:59+00:00\" \/>\n<meta property=\"og:image\" content=\"https:\/\/flamencolive.com\/wp-content\/uploads\/2022\/11\/AZ-4-ingles.jpg\" \/>\n\t<meta property=\"og:image:width\" content=\"1077\" \/>\n\t<meta property=\"og:image:height\" content=\"1400\" \/>\n\t<meta property=\"og:image:type\" content=\"image\/jpeg\" \/>\n<meta name=\"twitter:card\" content=\"summary_large_image\" \/>\n<meta name=\"twitter:site\" content=\"@flamencolive\" \/>\n<meta name=\"twitter:label1\" content=\"Est. reading time\" \/>\n\t<meta name=\"twitter:data1\" content=\"2 minutes\" \/>\n<script type=\"application\/ld+json\" class=\"yoast-schema-graph\">{\"@context\":\"https:\/\/schema.org\",\"@graph\":[{\"@type\":\"WebPage\",\"@id\":\"https:\/\/flamencolive.com\/en\/accompanying-the-singing-cante-from-a-to-z-vol-4-romance-to-solea-de-triana-david-leiva\/\",\"url\":\"https:\/\/flamencolive.com\/en\/accompanying-the-singing-cante-from-a-to-z-vol-4-romance-to-solea-de-triana-david-leiva\/\",\"name\":\"Accompanying the \u00abCante\u00bb from A to Z (Vol 4 Romance to Sole\u00e1 de Triana) - David Leiva | STREAMING\",\"isPartOf\":{\"@id\":\"https:\/\/flamencolive.com\/en\/#website\"},\"primaryImageOfPage\":{\"@id\":\"https:\/\/flamencolive.com\/en\/accompanying-the-singing-cante-from-a-to-z-vol-4-romance-to-solea-de-triana-david-leiva\/#primaryimage\"},\"image\":{\"@id\":\"https:\/\/flamencolive.com\/en\/accompanying-the-singing-cante-from-a-to-z-vol-4-romance-to-solea-de-triana-david-leiva\/#primaryimage\"},\"thumbnailUrl\":\"https:\/\/flamencolive.com\/wp-content\/uploads\/2022\/11\/AZ-4-ingles.jpg\",\"datePublished\":\"2022-11-20T09:30:54+00:00\",\"dateModified\":\"2025-05-26T07:15:59+00:00\",\"description\":\"Flamenco Live te ofrece el producto \\\"Accompanying the \u00abCante\u00bb from A to Z (Vol 4 Romance to Sole\u00e1 de Triana) - David Leiva\\\" al mejor precio. \u00a1Descubre nuestra oferta!\",\"breadcrumb\":{\"@id\":\"https:\/\/flamencolive.com\/en\/accompanying-the-singing-cante-from-a-to-z-vol-4-romance-to-solea-de-triana-david-leiva\/#breadcrumb\"},\"inLanguage\":\"en-US\",\"potentialAction\":[{\"@type\":\"ReadAction\",\"target\":[\"https:\/\/flamencolive.com\/en\/accompanying-the-singing-cante-from-a-to-z-vol-4-romance-to-solea-de-triana-david-leiva\/\"]}]},{\"@type\":\"ImageObject\",\"inLanguage\":\"en-US\",\"@id\":\"https:\/\/flamencolive.com\/en\/accompanying-the-singing-cante-from-a-to-z-vol-4-romance-to-solea-de-triana-david-leiva\/#primaryimage\",\"url\":\"https:\/\/flamencolive.com\/wp-content\/uploads\/2022\/11\/AZ-4-ingles.jpg\",\"contentUrl\":\"https:\/\/flamencolive.com\/wp-content\/uploads\/2022\/11\/AZ-4-ingles.jpg\",\"width\":1077,\"height\":1400,\"caption\":\"Accompanying the \u00abCante\u00bb from A to Z (Vol 4 Romance to Sole\u00e1 de Triana) - David Leiva\"},{\"@type\":\"BreadcrumbList\",\"@id\":\"https:\/\/flamencolive.com\/en\/accompanying-the-singing-cante-from-a-to-z-vol-4-romance-to-solea-de-triana-david-leiva\/#breadcrumb\",\"itemListElement\":[{\"@type\":\"ListItem\",\"position\":1,\"name\":\"Portada\",\"item\":\"https:\/\/flamencolive.com\/en\/\"},{\"@type\":\"ListItem\",\"position\":2,\"name\":\"home\",\"item\":\"https:\/\/flamencolive.com\/en\/home\/\"},{\"@type\":\"ListItem\",\"position\":3,\"name\":\"Accompanying the \u00abCante\u00bb from A to Z (Vol 4 Romance to Sole\u00e1 de Triana) &#8211; David Leiva\"}]},{\"@type\":\"WebSite\",\"@id\":\"https:\/\/flamencolive.com\/en\/#website\",\"url\":\"https:\/\/flamencolive.com\/en\/\",\"name\":\"Flamenco in STREAMING, videos and Scorebooks\",\"description\":\"Flamenco - Methods and Scorebooks in Streaming\",\"publisher\":{\"@id\":\"https:\/\/flamencolive.com\/en\/#organization\"},\"potentialAction\":[{\"@type\":\"SearchAction\",\"target\":{\"@type\":\"EntryPoint\",\"urlTemplate\":\"https:\/\/flamencolive.com\/en\/?s={search_term_string}\"},\"query-input\":\"required name=search_term_string\"}],\"inLanguage\":\"en-US\"},{\"@type\":\"Organization\",\"@id\":\"https:\/\/flamencolive.com\/en\/#organization\",\"name\":\"flamencolive.com\",\"url\":\"https:\/\/flamencolive.com\/en\/\",\"logo\":{\"@type\":\"ImageObject\",\"inLanguage\":\"en-US\",\"@id\":\"https:\/\/flamencolive.com\/en\/#\/schema\/logo\/image\/\",\"url\":\"https:\/\/flamencolive.com\/wp-content\/uploads\/2020\/09\/logo-vectorial-flamenco-live-500x61-2.png\",\"contentUrl\":\"https:\/\/flamencolive.com\/wp-content\/uploads\/2020\/09\/logo-vectorial-flamenco-live-500x61-2.png\",\"width\":500,\"height\":61,\"caption\":\"flamencolive.com\"},\"image\":{\"@id\":\"https:\/\/flamencolive.com\/en\/#\/schema\/logo\/image\/\"},\"sameAs\":[\"http:\/\/www.facebook.com\/pages\/flamencolivecom\/230064430920\",\"https:\/\/x.com\/flamencolive\",\"https:\/\/www.instagram.com\/flamencolive.oficial\/\",\"http:\/\/www.youtube.com\/user\/rgbartevisual\"]}]}<\/script>\n<!-- \/ Yoast SEO plugin. -->","yoast_head_json":{"title":"Accompanying the \u00abCante\u00bb from A to Z (Vol 4 Romance to Sole\u00e1 de Triana) - David Leiva | STREAMING","description":"Flamenco Live te ofrece el producto \"Accompanying the \u00abCante\u00bb from A to Z (Vol 4 Romance to Sole\u00e1 de Triana) - David Leiva\" al mejor precio. \u00a1Descubre nuestra oferta!","robots":{"index":"index","follow":"follow","max-snippet":"max-snippet:-1","max-image-preview":"max-image-preview:large","max-video-preview":"max-video-preview:-1"},"canonical":"https:\/\/flamencolive.com\/en\/accompanying-the-singing-cante-from-a-to-z-vol-4-romance-to-solea-de-triana-david-leiva\/","og_locale":"en_US","og_type":"article","og_title":"Accompanying the \u00abCante\u00bb from A to Z (Vol 4 Romance to Sole\u00e1 de Triana) - David Leiva | STREAMING","og_description":"Flamenco Live te ofrece el producto \"Accompanying the \u00abCante\u00bb from A to Z (Vol 4 Romance to Sole\u00e1 de Triana) - David Leiva\" al mejor precio. \u00a1Descubre nuestra oferta!","og_url":"https:\/\/flamencolive.com\/en\/accompanying-the-singing-cante-from-a-to-z-vol-4-romance-to-solea-de-triana-david-leiva\/","og_site_name":"Flamenco in STREAMING, videos and Scorebooks","article_publisher":"http:\/\/www.facebook.com\/pages\/flamencolivecom\/230064430920","article_modified_time":"2025-05-26T07:15:59+00:00","og_image":[{"width":1077,"height":1400,"url":"https:\/\/flamencolive.com\/wp-content\/uploads\/2022\/11\/AZ-4-ingles.jpg","type":"image\/jpeg"}],"twitter_card":"summary_large_image","twitter_site":"@flamencolive","twitter_misc":{"Est. reading time":"2 minutes"},"schema":{"@context":"https:\/\/schema.org","@graph":[{"@type":"WebPage","@id":"https:\/\/flamencolive.com\/en\/accompanying-the-singing-cante-from-a-to-z-vol-4-romance-to-solea-de-triana-david-leiva\/","url":"https:\/\/flamencolive.com\/en\/accompanying-the-singing-cante-from-a-to-z-vol-4-romance-to-solea-de-triana-david-leiva\/","name":"Accompanying the \u00abCante\u00bb from A to Z (Vol 4 Romance to Sole\u00e1 de Triana) - David Leiva | STREAMING","isPartOf":{"@id":"https:\/\/flamencolive.com\/en\/#website"},"primaryImageOfPage":{"@id":"https:\/\/flamencolive.com\/en\/accompanying-the-singing-cante-from-a-to-z-vol-4-romance-to-solea-de-triana-david-leiva\/#primaryimage"},"image":{"@id":"https:\/\/flamencolive.com\/en\/accompanying-the-singing-cante-from-a-to-z-vol-4-romance-to-solea-de-triana-david-leiva\/#primaryimage"},"thumbnailUrl":"https:\/\/flamencolive.com\/wp-content\/uploads\/2022\/11\/AZ-4-ingles.jpg","datePublished":"2022-11-20T09:30:54+00:00","dateModified":"2025-05-26T07:15:59+00:00","description":"Flamenco Live te ofrece el producto \"Accompanying the \u00abCante\u00bb from A to Z (Vol 4 Romance to Sole\u00e1 de Triana) - David Leiva\" al mejor precio. \u00a1Descubre nuestra oferta!","breadcrumb":{"@id":"https:\/\/flamencolive.com\/en\/accompanying-the-singing-cante-from-a-to-z-vol-4-romance-to-solea-de-triana-david-leiva\/#breadcrumb"},"inLanguage":"en-US","potentialAction":[{"@type":"ReadAction","target":["https:\/\/flamencolive.com\/en\/accompanying-the-singing-cante-from-a-to-z-vol-4-romance-to-solea-de-triana-david-leiva\/"]}]},{"@type":"ImageObject","inLanguage":"en-US","@id":"https:\/\/flamencolive.com\/en\/accompanying-the-singing-cante-from-a-to-z-vol-4-romance-to-solea-de-triana-david-leiva\/#primaryimage","url":"https:\/\/flamencolive.com\/wp-content\/uploads\/2022\/11\/AZ-4-ingles.jpg","contentUrl":"https:\/\/flamencolive.com\/wp-content\/uploads\/2022\/11\/AZ-4-ingles.jpg","width":1077,"height":1400,"caption":"Accompanying the \u00abCante\u00bb from A to Z (Vol 4 Romance to Sole\u00e1 de Triana) - David Leiva"},{"@type":"BreadcrumbList","@id":"https:\/\/flamencolive.com\/en\/accompanying-the-singing-cante-from-a-to-z-vol-4-romance-to-solea-de-triana-david-leiva\/#breadcrumb","itemListElement":[{"@type":"ListItem","position":1,"name":"Portada","item":"https:\/\/flamencolive.com\/en\/"},{"@type":"ListItem","position":2,"name":"home","item":"https:\/\/flamencolive.com\/en\/home\/"},{"@type":"ListItem","position":3,"name":"Accompanying the \u00abCante\u00bb from A to Z (Vol 4 Romance to Sole\u00e1 de Triana) &#8211; David Leiva"}]},{"@type":"WebSite","@id":"https:\/\/flamencolive.com\/en\/#website","url":"https:\/\/flamencolive.com\/en\/","name":"Flamenco in STREAMING, videos and Scorebooks","description":"Flamenco - Methods and Scorebooks in Streaming","publisher":{"@id":"https:\/\/flamencolive.com\/en\/#organization"},"potentialAction":[{"@type":"SearchAction","target":{"@type":"EntryPoint","urlTemplate":"https:\/\/flamencolive.com\/en\/?s={search_term_string}"},"query-input":"required name=search_term_string"}],"inLanguage":"en-US"},{"@type":"Organization","@id":"https:\/\/flamencolive.com\/en\/#organization","name":"flamencolive.com","url":"https:\/\/flamencolive.com\/en\/","logo":{"@type":"ImageObject","inLanguage":"en-US","@id":"https:\/\/flamencolive.com\/en\/#\/schema\/logo\/image\/","url":"https:\/\/flamencolive.com\/wp-content\/uploads\/2020\/09\/logo-vectorial-flamenco-live-500x61-2.png","contentUrl":"https:\/\/flamencolive.com\/wp-content\/uploads\/2020\/09\/logo-vectorial-flamenco-live-500x61-2.png","width":500,"height":61,"caption":"flamencolive.com"},"image":{"@id":"https:\/\/flamencolive.com\/en\/#\/schema\/logo\/image\/"},"sameAs":["http:\/\/www.facebook.com\/pages\/flamencolivecom\/230064430920","https:\/\/x.com\/flamencolive","https:\/\/www.instagram.com\/flamencolive.oficial\/","http:\/\/www.youtube.com\/user\/rgbartevisual"]}]}},"_links":{"self":[{"href":"https:\/\/flamencolive.com\/en\/wp-json\/wp\/v2\/product\/57247"}],"collection":[{"href":"https:\/\/flamencolive.com\/en\/wp-json\/wp\/v2\/product"}],"about":[{"href":"https:\/\/flamencolive.com\/en\/wp-json\/wp\/v2\/types\/product"}],"replies":[{"embeddable":true,"href":"https:\/\/flamencolive.com\/en\/wp-json\/wp\/v2\/comments?post=57247"}],"wp:featuredmedia":[{"embeddable":true,"href":"https:\/\/flamencolive.com\/en\/wp-json\/wp\/v2\/media\/57476"}],"wp:attachment":[{"href":"https:\/\/flamencolive.com\/en\/wp-json\/wp\/v2\/media?parent=57247"}],"wp:term":[{"taxonomy":"product_cat","embeddable":true,"href":"https:\/\/flamencolive.com\/en\/wp-json\/wp\/v2\/product_cat?post=57247"},{"taxonomy":"product_tag","embeddable":true,"href":"https:\/\/flamencolive.com\/en\/wp-json\/wp\/v2\/product_tag?post=57247"}],"curies":[{"name":"wp","href":"https:\/\/api.w.org\/{rel}","templated":true}]}}