{"id":67669,"date":"2023-10-04T09:46:43","date_gmt":"2023-10-04T07:46:43","guid":{"rendered":"https:\/\/flamencolive.com\/?post_type=product&#038;p=67669"},"modified":"2023-10-04T09:52:12","modified_gmt":"2023-10-04T07:52:12","slug":"bulerias-for-two-guitars-moto-perpetuo-claude-worms","status":"publish","type":"product","link":"https:\/\/flamencolive.com\/en\/bulerias-for-two-guitars-moto-perpetuo-claude-worms\/","title":{"rendered":"Bulerias for two Guitars: Moto perpetuo -Claude Worms"},"content":{"rendered":"<p>Buler\u00edas &#8211; Suite for 2 guitars<br \/>\nTribute to Encarnaci\u00f3n Mar\u00edn &#8220;La Sallago&#8221;<\/p>\n<p>Scorebook in Standard Notation and Tablature<\/p>\n<p><em>Author Notes:<\/em><br \/>\nIn the history of flamenco concert guitar, the duo has remained a marginal and episodic genre to this day.<br \/>\nFor our suite we adhere to the tradition that dictates that falsetas are sufficient on their own, so they can also be played solo, but we distribute them \u201cequitably\u201d for each piece between the two guitars.<br \/>\nWe have also tried to introduce a more polyphonic version than usual in flamenco guitar duets, respecting the turns modals and harmonizations based on traditional chord overlays (open strings, etc.).<br \/>\nThe term \u201ccantaoras\u201d refers specifically to female flamenco singers. This is the generic title of this suite because we want to pay tribute to four great artists who left their mark (or who will mark) the history of singing. We have chosen for each one a flamenco style that<br \/>\nseems particularly emblematic of her talent: Siguiriya (T\u00eda Anica la Piri\u00f1aca), Alegr\u00eda y Rosa (Laura Vital), Malague\u00f1a y cante abandolao (Carmen Linares) and Buler\u00eda (La Sallago).<\/p>\n","protected":false},"excerpt":{"rendered":"<div class='et-box et-shadow'>\n\t\t\t\t\t<div class='et-box-content'><ul>\n<li><strong>Buler\u00edas &#8211; Suite for 2 guitar<\/strong>s<\/li>\n<li>Transcriptions by Claude Worms<\/li>\n<li><span style=\"color: #ff0000;\">Product in STREAMING<\/span> \u00a0<a href=\"https:\/\/flamencolive.com\/streaming_en\/\" target=\"_blank\" rel=\"noopener\">(+INFO)<\/a><\/div><\/div><\/li>\n<\/ul>\n<p>&nbsp;<\/p>\n","protected":false},"featured_media":67613,"comment_status":"open","ping_status":"closed","template":"","meta":{"_acf_changed":false,"_et_pb_use_builder":"off","_et_pb_old_content":"","_et_gb_content_width":""},"product_cat":[549,545,759,93,326,324,96,123],"product_tag":[],"acf":[],"yoast_head":"<!-- This site is optimized with the Yoast SEO plugin v22.9 - https:\/\/yoast.com\/wordpress\/plugins\/seo\/ -->\n<title>Bulerias for two Guitars: Moto perpetuo -Claude Worms | STREAMING<\/title>\n<meta name=\"description\" content=\"Flamenco Live te ofrece el producto &quot;Bulerias for two Guitars: Moto perpetuo -Claude Worms&quot; al mejor precio. \u00a1Descubre nuestra oferta!\" \/>\n<meta name=\"robots\" content=\"index, follow, max-snippet:-1, max-image-preview:large, max-video-preview:-1\" \/>\n<link rel=\"canonical\" href=\"https:\/\/flamencolive.com\/en\/bulerias-for-two-guitars-moto-perpetuo-claude-worms\/\" \/>\n<meta property=\"og:locale\" content=\"en_US\" \/>\n<meta property=\"og:type\" content=\"article\" \/>\n<meta property=\"og:title\" content=\"Bulerias for two Guitars: Moto perpetuo -Claude Worms | STREAMING\" \/>\n<meta property=\"og:description\" content=\"Flamenco Live te ofrece el producto &quot;Bulerias for two Guitars: Moto perpetuo -Claude Worms&quot; al mejor precio. \u00a1Descubre nuestra oferta!\" \/>\n<meta property=\"og:url\" content=\"https:\/\/flamencolive.com\/en\/bulerias-for-two-guitars-moto-perpetuo-claude-worms\/\" \/>\n<meta property=\"og:site_name\" content=\"Flamenco in STREAMING, videos and Scorebooks\" \/>\n<meta property=\"article:publisher\" content=\"http:\/\/www.facebook.com\/pages\/flamencolivecom\/230064430920\" \/>\n<meta property=\"article:modified_time\" content=\"2023-10-04T07:52:12+00:00\" \/>\n<meta property=\"og:image\" content=\"https:\/\/flamencolive.com\/wp-content\/uploads\/2023\/10\/C06802.jpg\" \/>\n\t<meta property=\"og:image:width\" content=\"652\" \/>\n\t<meta property=\"og:image:height\" content=\"879\" \/>\n\t<meta property=\"og:image:type\" content=\"image\/jpeg\" \/>\n<meta name=\"twitter:card\" content=\"summary_large_image\" \/>\n<meta name=\"twitter:site\" content=\"@flamencolive\" \/>\n<meta name=\"twitter:label1\" content=\"Est. reading time\" \/>\n\t<meta name=\"twitter:data1\" content=\"1 minute\" \/>\n<script type=\"application\/ld+json\" class=\"yoast-schema-graph\">{\"@context\":\"https:\/\/schema.org\",\"@graph\":[{\"@type\":\"WebPage\",\"@id\":\"https:\/\/flamencolive.com\/en\/bulerias-for-two-guitars-moto-perpetuo-claude-worms\/\",\"url\":\"https:\/\/flamencolive.com\/en\/bulerias-for-two-guitars-moto-perpetuo-claude-worms\/\",\"name\":\"Bulerias for two Guitars: Moto perpetuo -Claude Worms | STREAMING\",\"isPartOf\":{\"@id\":\"https:\/\/flamencolive.com\/en\/#website\"},\"primaryImageOfPage\":{\"@id\":\"https:\/\/flamencolive.com\/en\/bulerias-for-two-guitars-moto-perpetuo-claude-worms\/#primaryimage\"},\"image\":{\"@id\":\"https:\/\/flamencolive.com\/en\/bulerias-for-two-guitars-moto-perpetuo-claude-worms\/#primaryimage\"},\"thumbnailUrl\":\"https:\/\/flamencolive.com\/wp-content\/uploads\/2023\/10\/C06802.jpg\",\"datePublished\":\"2023-10-04T07:46:43+00:00\",\"dateModified\":\"2023-10-04T07:52:12+00:00\",\"description\":\"Flamenco Live te ofrece el producto \\\"Bulerias for two Guitars: Moto perpetuo -Claude Worms\\\" al mejor precio. \u00a1Descubre nuestra oferta!\",\"breadcrumb\":{\"@id\":\"https:\/\/flamencolive.com\/en\/bulerias-for-two-guitars-moto-perpetuo-claude-worms\/#breadcrumb\"},\"inLanguage\":\"en-US\",\"potentialAction\":[{\"@type\":\"ReadAction\",\"target\":[\"https:\/\/flamencolive.com\/en\/bulerias-for-two-guitars-moto-perpetuo-claude-worms\/\"]}]},{\"@type\":\"ImageObject\",\"inLanguage\":\"en-US\",\"@id\":\"https:\/\/flamencolive.com\/en\/bulerias-for-two-guitars-moto-perpetuo-claude-worms\/#primaryimage\",\"url\":\"https:\/\/flamencolive.com\/wp-content\/uploads\/2023\/10\/C06802.jpg\",\"contentUrl\":\"https:\/\/flamencolive.com\/wp-content\/uploads\/2023\/10\/C06802.jpg\",\"width\":652,\"height\":879,\"caption\":\"Buler\u00edas para dos guitarras - Moto perpetuo - Claude Worms\"},{\"@type\":\"BreadcrumbList\",\"@id\":\"https:\/\/flamencolive.com\/en\/bulerias-for-two-guitars-moto-perpetuo-claude-worms\/#breadcrumb\",\"itemListElement\":[{\"@type\":\"ListItem\",\"position\":1,\"name\":\"Portada\",\"item\":\"https:\/\/flamencolive.com\/en\/\"},{\"@type\":\"ListItem\",\"position\":2,\"name\":\"home\",\"item\":\"https:\/\/flamencolive.com\/en\/home\/\"},{\"@type\":\"ListItem\",\"position\":3,\"name\":\"Bulerias for two Guitars: Moto perpetuo -Claude Worms\"}]},{\"@type\":\"WebSite\",\"@id\":\"https:\/\/flamencolive.com\/en\/#website\",\"url\":\"https:\/\/flamencolive.com\/en\/\",\"name\":\"Flamenco in STREAMING, videos and Scorebooks\",\"description\":\"Flamenco - Methods and Scorebooks in Streaming\",\"publisher\":{\"@id\":\"https:\/\/flamencolive.com\/en\/#organization\"},\"potentialAction\":[{\"@type\":\"SearchAction\",\"target\":{\"@type\":\"EntryPoint\",\"urlTemplate\":\"https:\/\/flamencolive.com\/en\/?s={search_term_string}\"},\"query-input\":\"required name=search_term_string\"}],\"inLanguage\":\"en-US\"},{\"@type\":\"Organization\",\"@id\":\"https:\/\/flamencolive.com\/en\/#organization\",\"name\":\"flamencolive.com\",\"url\":\"https:\/\/flamencolive.com\/en\/\",\"logo\":{\"@type\":\"ImageObject\",\"inLanguage\":\"en-US\",\"@id\":\"https:\/\/flamencolive.com\/en\/#\/schema\/logo\/image\/\",\"url\":\"https:\/\/flamencolive.com\/wp-content\/uploads\/2020\/09\/logo-vectorial-flamenco-live-500x61-2.png\",\"contentUrl\":\"https:\/\/flamencolive.com\/wp-content\/uploads\/2020\/09\/logo-vectorial-flamenco-live-500x61-2.png\",\"width\":500,\"height\":61,\"caption\":\"flamencolive.com\"},\"image\":{\"@id\":\"https:\/\/flamencolive.com\/en\/#\/schema\/logo\/image\/\"},\"sameAs\":[\"http:\/\/www.facebook.com\/pages\/flamencolivecom\/230064430920\",\"https:\/\/x.com\/flamencolive\",\"https:\/\/www.instagram.com\/flamencolive.oficial\/\",\"http:\/\/www.youtube.com\/user\/rgbartevisual\"]}]}<\/script>\n<!-- \/ Yoast SEO plugin. -->","yoast_head_json":{"title":"Bulerias for two Guitars: Moto perpetuo -Claude Worms | STREAMING","description":"Flamenco Live te ofrece el producto \"Bulerias for two Guitars: Moto perpetuo -Claude Worms\" al mejor precio. \u00a1Descubre nuestra oferta!","robots":{"index":"index","follow":"follow","max-snippet":"max-snippet:-1","max-image-preview":"max-image-preview:large","max-video-preview":"max-video-preview:-1"},"canonical":"https:\/\/flamencolive.com\/en\/bulerias-for-two-guitars-moto-perpetuo-claude-worms\/","og_locale":"en_US","og_type":"article","og_title":"Bulerias for two Guitars: Moto perpetuo -Claude Worms | STREAMING","og_description":"Flamenco Live te ofrece el producto \"Bulerias for two Guitars: Moto perpetuo -Claude Worms\" al mejor precio. \u00a1Descubre nuestra oferta!","og_url":"https:\/\/flamencolive.com\/en\/bulerias-for-two-guitars-moto-perpetuo-claude-worms\/","og_site_name":"Flamenco in STREAMING, videos and Scorebooks","article_publisher":"http:\/\/www.facebook.com\/pages\/flamencolivecom\/230064430920","article_modified_time":"2023-10-04T07:52:12+00:00","og_image":[{"width":652,"height":879,"url":"https:\/\/flamencolive.com\/wp-content\/uploads\/2023\/10\/C06802.jpg","type":"image\/jpeg"}],"twitter_card":"summary_large_image","twitter_site":"@flamencolive","twitter_misc":{"Est. reading time":"1 minute"},"schema":{"@context":"https:\/\/schema.org","@graph":[{"@type":"WebPage","@id":"https:\/\/flamencolive.com\/en\/bulerias-for-two-guitars-moto-perpetuo-claude-worms\/","url":"https:\/\/flamencolive.com\/en\/bulerias-for-two-guitars-moto-perpetuo-claude-worms\/","name":"Bulerias for two Guitars: Moto perpetuo -Claude Worms | STREAMING","isPartOf":{"@id":"https:\/\/flamencolive.com\/en\/#website"},"primaryImageOfPage":{"@id":"https:\/\/flamencolive.com\/en\/bulerias-for-two-guitars-moto-perpetuo-claude-worms\/#primaryimage"},"image":{"@id":"https:\/\/flamencolive.com\/en\/bulerias-for-two-guitars-moto-perpetuo-claude-worms\/#primaryimage"},"thumbnailUrl":"https:\/\/flamencolive.com\/wp-content\/uploads\/2023\/10\/C06802.jpg","datePublished":"2023-10-04T07:46:43+00:00","dateModified":"2023-10-04T07:52:12+00:00","description":"Flamenco Live te ofrece el producto \"Bulerias for two Guitars: Moto perpetuo -Claude Worms\" al mejor precio. \u00a1Descubre nuestra oferta!","breadcrumb":{"@id":"https:\/\/flamencolive.com\/en\/bulerias-for-two-guitars-moto-perpetuo-claude-worms\/#breadcrumb"},"inLanguage":"en-US","potentialAction":[{"@type":"ReadAction","target":["https:\/\/flamencolive.com\/en\/bulerias-for-two-guitars-moto-perpetuo-claude-worms\/"]}]},{"@type":"ImageObject","inLanguage":"en-US","@id":"https:\/\/flamencolive.com\/en\/bulerias-for-two-guitars-moto-perpetuo-claude-worms\/#primaryimage","url":"https:\/\/flamencolive.com\/wp-content\/uploads\/2023\/10\/C06802.jpg","contentUrl":"https:\/\/flamencolive.com\/wp-content\/uploads\/2023\/10\/C06802.jpg","width":652,"height":879,"caption":"Buler\u00edas para dos guitarras - Moto perpetuo - Claude Worms"},{"@type":"BreadcrumbList","@id":"https:\/\/flamencolive.com\/en\/bulerias-for-two-guitars-moto-perpetuo-claude-worms\/#breadcrumb","itemListElement":[{"@type":"ListItem","position":1,"name":"Portada","item":"https:\/\/flamencolive.com\/en\/"},{"@type":"ListItem","position":2,"name":"home","item":"https:\/\/flamencolive.com\/en\/home\/"},{"@type":"ListItem","position":3,"name":"Bulerias for two Guitars: Moto perpetuo -Claude Worms"}]},{"@type":"WebSite","@id":"https:\/\/flamencolive.com\/en\/#website","url":"https:\/\/flamencolive.com\/en\/","name":"Flamenco in STREAMING, videos and Scorebooks","description":"Flamenco - Methods and Scorebooks in Streaming","publisher":{"@id":"https:\/\/flamencolive.com\/en\/#organization"},"potentialAction":[{"@type":"SearchAction","target":{"@type":"EntryPoint","urlTemplate":"https:\/\/flamencolive.com\/en\/?s={search_term_string}"},"query-input":"required name=search_term_string"}],"inLanguage":"en-US"},{"@type":"Organization","@id":"https:\/\/flamencolive.com\/en\/#organization","name":"flamencolive.com","url":"https:\/\/flamencolive.com\/en\/","logo":{"@type":"ImageObject","inLanguage":"en-US","@id":"https:\/\/flamencolive.com\/en\/#\/schema\/logo\/image\/","url":"https:\/\/flamencolive.com\/wp-content\/uploads\/2020\/09\/logo-vectorial-flamenco-live-500x61-2.png","contentUrl":"https:\/\/flamencolive.com\/wp-content\/uploads\/2020\/09\/logo-vectorial-flamenco-live-500x61-2.png","width":500,"height":61,"caption":"flamencolive.com"},"image":{"@id":"https:\/\/flamencolive.com\/en\/#\/schema\/logo\/image\/"},"sameAs":["http:\/\/www.facebook.com\/pages\/flamencolivecom\/230064430920","https:\/\/x.com\/flamencolive","https:\/\/www.instagram.com\/flamencolive.oficial\/","http:\/\/www.youtube.com\/user\/rgbartevisual"]}]}},"_links":{"self":[{"href":"https:\/\/flamencolive.com\/en\/wp-json\/wp\/v2\/product\/67669"}],"collection":[{"href":"https:\/\/flamencolive.com\/en\/wp-json\/wp\/v2\/product"}],"about":[{"href":"https:\/\/flamencolive.com\/en\/wp-json\/wp\/v2\/types\/product"}],"replies":[{"embeddable":true,"href":"https:\/\/flamencolive.com\/en\/wp-json\/wp\/v2\/comments?post=67669"}],"wp:featuredmedia":[{"embeddable":true,"href":"https:\/\/flamencolive.com\/en\/wp-json\/wp\/v2\/media\/67613"}],"wp:attachment":[{"href":"https:\/\/flamencolive.com\/en\/wp-json\/wp\/v2\/media?parent=67669"}],"wp:term":[{"taxonomy":"product_cat","embeddable":true,"href":"https:\/\/flamencolive.com\/en\/wp-json\/wp\/v2\/product_cat?post=67669"},{"taxonomy":"product_tag","embeddable":true,"href":"https:\/\/flamencolive.com\/en\/wp-json\/wp\/v2\/product_tag?post=67669"}],"curies":[{"name":"wp","href":"https:\/\/api.w.org\/{rel}","templated":true}]}}