{"id":68823,"date":"2023-11-07T10:30:39","date_gmt":"2023-11-07T09:30:39","guid":{"rendered":"https:\/\/flamencolive.com\/?post_type=product&#038;p=68823"},"modified":"2023-11-07T16:30:39","modified_gmt":"2023-11-07T15:30:39","slug":"flamenco-guitar-technique-fandangos-y-tangos-vol-4-oscar-herrero-claude-worms","status":"publish","type":"product","link":"https:\/\/flamencolive.com\/en\/flamenco-guitar-technique-fandangos-y-tangos-vol-4-oscar-herrero-claude-worms\/","title":{"rendered":"Flamenco Guitar Technique &#8211; Fandangos y Tangos (Vol. 4) &#8211; Oscar Herrero &#038; Claude Worms"},"content":{"rendered":"<p>Method for initiation and advanced levels.<br \/>\nAll scores are in Tablature and standard notation.<br \/>\nLanguages: Spanish, English, and French.<br \/>\nIt is accompanied by 80 audio tracks<\/p>\n<p>This Volume 4 is fully dedicated to the <strong>Verdiales<\/strong>, <strong>Fandangos de Huelva, Fandangos Naturales, Tangos, Tanguillos and Tientos\u00a0<\/strong><\/p>\n<p style=\"padding-left: 40px;\"><strong>Introduction<\/strong><\/p>\n<p style=\"padding-left: 40px;\"><strong>Section I : Los Verdiales<\/strong><\/p>\n<p style=\"padding-left: 80px;\">The typical harmonic cycle of the verdiales and fandangos in general<br \/>\nThe rythmic comp\u00e1s of the verdiales<br \/>\nFalsetas: Ram\u00f3n Montoya, Paco de Luc\u00eda, Gerardo N\u00f1u\u00f1ez<\/p>\n<p style=\"padding-left: 40px;\"><b>Secci\u00f3n<\/b><strong> II : Fandangos de Huelva and Fandangos &#8220;naturales&#8221;<\/strong><\/p>\n<p style=\"padding-left: 80px;\"><strong><em>Fandangos de Huelva<\/em><br \/>\n<\/strong> The harmonic cycle and rhytmic comp\u00e1s<br \/>\nBasic comp\u00e1s<br \/>\nPalmas exercises<br \/>\nRhythm exercises in rasgueados<br \/>\nCante acopaniment: the medio comp\u00e1s and the harmonic cycle of the comp\u00e1s<\/p>\n<p style=\"padding-left: 80px;\"><em><strong>Fandango naturales<\/strong><\/em><br \/>\nCierres and remates<br \/>\nStructure and rhythm of the falsetas<\/p>\n<p style=\"padding-left: 80px;\"><em><strong>Falsetas of the master tocaores<\/strong><br \/>\n<\/em>Ram\u00f3n Montoya<br \/>\nSabicas<\/p>\n<p style=\"padding-left: 80px;\"><strong><em>8 Falsetas by Oscar Herrero<\/em><\/strong><\/p>\n<p style=\"padding-left: 40px;\"><b>Secci\u00f3n<\/b><strong> III : Tanguillos, Tientos and Tangos<\/strong><\/p>\n<p style=\"padding-left: 80px;\">Tanguillos<br \/>\nTangos<br \/>\nFalsetas<br \/>\nThe difference today between Tientos and Tangos<\/p>\n<p style=\"padding-left: 80px;\"><strong><em>Basic Rules<\/em><\/strong><br \/>\nBeats and rhythmic accents<br \/>\nPosition of the chords in the rhythmic comp\u00e1s<br \/>\nPalmas exercises<br \/>\nComp\u00e1s with rasgueados<br \/>\nThe structure of the falsetas<br \/>\nPlacing of the falsetas in the comp\u00e1s framework<br \/>\nRemates<\/p>\n<p style=\"padding-left: 80px;\"><em><strong>Falsetas &#8220;Clich\u00e9&#8221;<\/strong><\/em><br \/>\nFalsetas in a fixed A7 position<br \/>\nLlamadas with a half-barr\u00e9 on the third fret<br \/>\nLlamadas over the Andalusian cadence<br \/>\nFalsetas en picado<\/p>\n<p style=\"padding-left: 80px;\"><strong><em>8 Falsetas by Oscar Herrero<\/em><\/strong><\/p>\n<p style=\"padding-left: 40px;\"><strong>Secci\u00f3n IV: Flamenco metronome<\/strong><\/p>\n<p style=\"padding-left: 80px;\">Basic rhythm for Fandangos 160 bpm<br \/>\nBasic rhythm for Fandangos 120 bpm<br \/>\nBasic rhythm for Tango 160 bpm<br \/>\nBasic rhythm for Tango 130 bpm<\/p>\n<p style=\"padding-left: 80px;\">\n","protected":false},"excerpt":{"rendered":"<div class='et-box et-shadow'>\n\t\t\t\t\t<div class='et-box-content'><ul>\n<li>Flamenco Guitar Method for initiation and advanced levels.<\/li>\n<li>This volume 5, is fully dedicated to the <strong>SOLE\u00c1 and SIGUIRIYA<\/strong><\/li>\n<li>Includes falsetas of the great Maestros and Oscar Herrero<\/li>\n<li>In standard notation and tablature by Claude Worms &amp; Oscar Herrero<\/li>\n<li>It is accompanied with 63 audio tracks<\/li>\n<li><span style=\"color: #ff0000;\">Product in STREAMING<\/span> \u00a0<a href=\"https:\/\/flamencolive.com\/streaming_en\/\" target=\"_blank\" rel=\"noopener\">(+INFO)<\/a><\/div><\/div><\/li>\n<\/ul>\n<p>&nbsp;<\/p>\n","protected":false},"featured_media":68824,"comment_status":"open","ping_status":"closed","template":"","meta":{"_acf_changed":false,"_et_pb_use_builder":"off","_et_pb_old_content":"","_et_gb_content_width":""},"product_cat":[546,545,544,759,605,93,326,325,94,332,123],"product_tag":[],"acf":[],"yoast_head":"<!-- This site is optimized with the Yoast SEO plugin v22.9 - https:\/\/yoast.com\/wordpress\/plugins\/seo\/ -->\n<title>Flamenco Guitar Technique - Fandangos y Tangos (Vol. 4) - Oscar Herrero &amp; Claude Worms | STREAMING<\/title>\n<meta name=\"description\" content=\"Flamenco Live te ofrece el producto &quot;Flamenco Guitar Technique - Fandangos y Tangos (Vol. 4) - Oscar Herrero &amp; Claude Worms&quot; al mejor precio. \u00a1Descubre nuestra oferta!\" \/>\n<meta name=\"robots\" content=\"index, follow, max-snippet:-1, max-image-preview:large, max-video-preview:-1\" \/>\n<link rel=\"canonical\" href=\"https:\/\/flamencolive.com\/en\/flamenco-guitar-technique-fandangos-y-tangos-vol-4-oscar-herrero-claude-worms\/\" \/>\n<meta property=\"og:locale\" content=\"en_US\" \/>\n<meta property=\"og:type\" content=\"article\" \/>\n<meta property=\"og:title\" content=\"Flamenco Guitar Technique - Fandangos y Tangos (Vol. 4) - Oscar Herrero &amp; Claude Worms | STREAMING\" \/>\n<meta property=\"og:description\" content=\"Flamenco Live te ofrece el producto &quot;Flamenco Guitar Technique - Fandangos y Tangos (Vol. 4) - Oscar Herrero &amp; Claude Worms&quot; al mejor precio. \u00a1Descubre nuestra oferta!\" \/>\n<meta property=\"og:url\" content=\"https:\/\/flamencolive.com\/en\/flamenco-guitar-technique-fandangos-y-tangos-vol-4-oscar-herrero-claude-worms\/\" \/>\n<meta property=\"og:site_name\" content=\"Flamenco in STREAMING, videos and Scorebooks\" \/>\n<meta property=\"article:publisher\" content=\"http:\/\/www.facebook.com\/pages\/flamencolivecom\/230064430920\" \/>\n<meta property=\"article:modified_time\" content=\"2023-11-07T15:30:39+00:00\" \/>\n<meta property=\"og:image\" content=\"https:\/\/flamencolive.com\/wp-content\/uploads\/2023\/11\/C06144.jpg\" \/>\n\t<meta property=\"og:image:width\" content=\"1000\" \/>\n\t<meta property=\"og:image:height\" content=\"1383\" \/>\n\t<meta property=\"og:image:type\" content=\"image\/jpeg\" \/>\n<meta name=\"twitter:card\" content=\"summary_large_image\" \/>\n<meta name=\"twitter:site\" content=\"@flamencolive\" \/>\n<meta name=\"twitter:label1\" content=\"Est. reading time\" \/>\n\t<meta name=\"twitter:data1\" content=\"2 minutes\" \/>\n<script type=\"application\/ld+json\" class=\"yoast-schema-graph\">{\"@context\":\"https:\/\/schema.org\",\"@graph\":[{\"@type\":\"WebPage\",\"@id\":\"https:\/\/flamencolive.com\/en\/flamenco-guitar-technique-fandangos-y-tangos-vol-4-oscar-herrero-claude-worms\/\",\"url\":\"https:\/\/flamencolive.com\/en\/flamenco-guitar-technique-fandangos-y-tangos-vol-4-oscar-herrero-claude-worms\/\",\"name\":\"Flamenco Guitar Technique - Fandangos y Tangos (Vol. 4) - Oscar Herrero & Claude Worms | STREAMING\",\"isPartOf\":{\"@id\":\"https:\/\/flamencolive.com\/en\/#website\"},\"primaryImageOfPage\":{\"@id\":\"https:\/\/flamencolive.com\/en\/flamenco-guitar-technique-fandangos-y-tangos-vol-4-oscar-herrero-claude-worms\/#primaryimage\"},\"image\":{\"@id\":\"https:\/\/flamencolive.com\/en\/flamenco-guitar-technique-fandangos-y-tangos-vol-4-oscar-herrero-claude-worms\/#primaryimage\"},\"thumbnailUrl\":\"https:\/\/flamencolive.com\/wp-content\/uploads\/2023\/11\/C06144.jpg\",\"datePublished\":\"2023-11-07T09:30:39+00:00\",\"dateModified\":\"2023-11-07T15:30:39+00:00\",\"description\":\"Flamenco Live te ofrece el producto \\\"Flamenco Guitar Technique - Fandangos y Tangos (Vol. 4) - Oscar Herrero & Claude Worms\\\" al mejor precio. \u00a1Descubre nuestra oferta!\",\"breadcrumb\":{\"@id\":\"https:\/\/flamencolive.com\/en\/flamenco-guitar-technique-fandangos-y-tangos-vol-4-oscar-herrero-claude-worms\/#breadcrumb\"},\"inLanguage\":\"en-US\",\"potentialAction\":[{\"@type\":\"ReadAction\",\"target\":[\"https:\/\/flamencolive.com\/en\/flamenco-guitar-technique-fandangos-y-tangos-vol-4-oscar-herrero-claude-worms\/\"]}]},{\"@type\":\"ImageObject\",\"inLanguage\":\"en-US\",\"@id\":\"https:\/\/flamencolive.com\/en\/flamenco-guitar-technique-fandangos-y-tangos-vol-4-oscar-herrero-claude-worms\/#primaryimage\",\"url\":\"https:\/\/flamencolive.com\/wp-content\/uploads\/2023\/11\/C06144.jpg\",\"contentUrl\":\"https:\/\/flamencolive.com\/wp-content\/uploads\/2023\/11\/C06144.jpg\",\"width\":1000,\"height\":1383,\"caption\":\"Tratado de la Guitarra Flamenca - Fandangos y Tangos (Vol. 4) - Oscar Herrero y Claude Worms\"},{\"@type\":\"BreadcrumbList\",\"@id\":\"https:\/\/flamencolive.com\/en\/flamenco-guitar-technique-fandangos-y-tangos-vol-4-oscar-herrero-claude-worms\/#breadcrumb\",\"itemListElement\":[{\"@type\":\"ListItem\",\"position\":1,\"name\":\"Portada\",\"item\":\"https:\/\/flamencolive.com\/en\/\"},{\"@type\":\"ListItem\",\"position\":2,\"name\":\"home\",\"item\":\"https:\/\/flamencolive.com\/en\/home\/\"},{\"@type\":\"ListItem\",\"position\":3,\"name\":\"Flamenco Guitar Technique &#8211; Fandangos y Tangos (Vol. 4) &#8211; Oscar Herrero &#038; Claude Worms\"}]},{\"@type\":\"WebSite\",\"@id\":\"https:\/\/flamencolive.com\/en\/#website\",\"url\":\"https:\/\/flamencolive.com\/en\/\",\"name\":\"Flamenco in STREAMING, videos and Scorebooks\",\"description\":\"Flamenco - Methods and Scorebooks in Streaming\",\"publisher\":{\"@id\":\"https:\/\/flamencolive.com\/en\/#organization\"},\"potentialAction\":[{\"@type\":\"SearchAction\",\"target\":{\"@type\":\"EntryPoint\",\"urlTemplate\":\"https:\/\/flamencolive.com\/en\/?s={search_term_string}\"},\"query-input\":\"required name=search_term_string\"}],\"inLanguage\":\"en-US\"},{\"@type\":\"Organization\",\"@id\":\"https:\/\/flamencolive.com\/en\/#organization\",\"name\":\"flamencolive.com\",\"url\":\"https:\/\/flamencolive.com\/en\/\",\"logo\":{\"@type\":\"ImageObject\",\"inLanguage\":\"en-US\",\"@id\":\"https:\/\/flamencolive.com\/en\/#\/schema\/logo\/image\/\",\"url\":\"https:\/\/flamencolive.com\/wp-content\/uploads\/2020\/09\/logo-vectorial-flamenco-live-500x61-2.png\",\"contentUrl\":\"https:\/\/flamencolive.com\/wp-content\/uploads\/2020\/09\/logo-vectorial-flamenco-live-500x61-2.png\",\"width\":500,\"height\":61,\"caption\":\"flamencolive.com\"},\"image\":{\"@id\":\"https:\/\/flamencolive.com\/en\/#\/schema\/logo\/image\/\"},\"sameAs\":[\"http:\/\/www.facebook.com\/pages\/flamencolivecom\/230064430920\",\"https:\/\/x.com\/flamencolive\",\"https:\/\/www.instagram.com\/flamencolive.oficial\/\",\"http:\/\/www.youtube.com\/user\/rgbartevisual\"]}]}<\/script>\n<!-- \/ Yoast SEO plugin. -->","yoast_head_json":{"title":"Flamenco Guitar Technique - Fandangos y Tangos (Vol. 4) - Oscar Herrero & Claude Worms | STREAMING","description":"Flamenco Live te ofrece el producto \"Flamenco Guitar Technique - Fandangos y Tangos (Vol. 4) - Oscar Herrero & Claude Worms\" al mejor precio. \u00a1Descubre nuestra oferta!","robots":{"index":"index","follow":"follow","max-snippet":"max-snippet:-1","max-image-preview":"max-image-preview:large","max-video-preview":"max-video-preview:-1"},"canonical":"https:\/\/flamencolive.com\/en\/flamenco-guitar-technique-fandangos-y-tangos-vol-4-oscar-herrero-claude-worms\/","og_locale":"en_US","og_type":"article","og_title":"Flamenco Guitar Technique - Fandangos y Tangos (Vol. 4) - Oscar Herrero & Claude Worms | STREAMING","og_description":"Flamenco Live te ofrece el producto \"Flamenco Guitar Technique - Fandangos y Tangos (Vol. 4) - Oscar Herrero & Claude Worms\" al mejor precio. \u00a1Descubre nuestra oferta!","og_url":"https:\/\/flamencolive.com\/en\/flamenco-guitar-technique-fandangos-y-tangos-vol-4-oscar-herrero-claude-worms\/","og_site_name":"Flamenco in STREAMING, videos and Scorebooks","article_publisher":"http:\/\/www.facebook.com\/pages\/flamencolivecom\/230064430920","article_modified_time":"2023-11-07T15:30:39+00:00","og_image":[{"width":1000,"height":1383,"url":"https:\/\/flamencolive.com\/wp-content\/uploads\/2023\/11\/C06144.jpg","type":"image\/jpeg"}],"twitter_card":"summary_large_image","twitter_site":"@flamencolive","twitter_misc":{"Est. reading time":"2 minutes"},"schema":{"@context":"https:\/\/schema.org","@graph":[{"@type":"WebPage","@id":"https:\/\/flamencolive.com\/en\/flamenco-guitar-technique-fandangos-y-tangos-vol-4-oscar-herrero-claude-worms\/","url":"https:\/\/flamencolive.com\/en\/flamenco-guitar-technique-fandangos-y-tangos-vol-4-oscar-herrero-claude-worms\/","name":"Flamenco Guitar Technique - Fandangos y Tangos (Vol. 4) - Oscar Herrero & Claude Worms | STREAMING","isPartOf":{"@id":"https:\/\/flamencolive.com\/en\/#website"},"primaryImageOfPage":{"@id":"https:\/\/flamencolive.com\/en\/flamenco-guitar-technique-fandangos-y-tangos-vol-4-oscar-herrero-claude-worms\/#primaryimage"},"image":{"@id":"https:\/\/flamencolive.com\/en\/flamenco-guitar-technique-fandangos-y-tangos-vol-4-oscar-herrero-claude-worms\/#primaryimage"},"thumbnailUrl":"https:\/\/flamencolive.com\/wp-content\/uploads\/2023\/11\/C06144.jpg","datePublished":"2023-11-07T09:30:39+00:00","dateModified":"2023-11-07T15:30:39+00:00","description":"Flamenco Live te ofrece el producto \"Flamenco Guitar Technique - Fandangos y Tangos (Vol. 4) - Oscar Herrero & Claude Worms\" al mejor precio. \u00a1Descubre nuestra oferta!","breadcrumb":{"@id":"https:\/\/flamencolive.com\/en\/flamenco-guitar-technique-fandangos-y-tangos-vol-4-oscar-herrero-claude-worms\/#breadcrumb"},"inLanguage":"en-US","potentialAction":[{"@type":"ReadAction","target":["https:\/\/flamencolive.com\/en\/flamenco-guitar-technique-fandangos-y-tangos-vol-4-oscar-herrero-claude-worms\/"]}]},{"@type":"ImageObject","inLanguage":"en-US","@id":"https:\/\/flamencolive.com\/en\/flamenco-guitar-technique-fandangos-y-tangos-vol-4-oscar-herrero-claude-worms\/#primaryimage","url":"https:\/\/flamencolive.com\/wp-content\/uploads\/2023\/11\/C06144.jpg","contentUrl":"https:\/\/flamencolive.com\/wp-content\/uploads\/2023\/11\/C06144.jpg","width":1000,"height":1383,"caption":"Tratado de la Guitarra Flamenca - Fandangos y Tangos (Vol. 4) - Oscar Herrero y Claude Worms"},{"@type":"BreadcrumbList","@id":"https:\/\/flamencolive.com\/en\/flamenco-guitar-technique-fandangos-y-tangos-vol-4-oscar-herrero-claude-worms\/#breadcrumb","itemListElement":[{"@type":"ListItem","position":1,"name":"Portada","item":"https:\/\/flamencolive.com\/en\/"},{"@type":"ListItem","position":2,"name":"home","item":"https:\/\/flamencolive.com\/en\/home\/"},{"@type":"ListItem","position":3,"name":"Flamenco Guitar Technique &#8211; Fandangos y Tangos (Vol. 4) &#8211; Oscar Herrero &#038; Claude Worms"}]},{"@type":"WebSite","@id":"https:\/\/flamencolive.com\/en\/#website","url":"https:\/\/flamencolive.com\/en\/","name":"Flamenco in STREAMING, videos and Scorebooks","description":"Flamenco - Methods and Scorebooks in Streaming","publisher":{"@id":"https:\/\/flamencolive.com\/en\/#organization"},"potentialAction":[{"@type":"SearchAction","target":{"@type":"EntryPoint","urlTemplate":"https:\/\/flamencolive.com\/en\/?s={search_term_string}"},"query-input":"required name=search_term_string"}],"inLanguage":"en-US"},{"@type":"Organization","@id":"https:\/\/flamencolive.com\/en\/#organization","name":"flamencolive.com","url":"https:\/\/flamencolive.com\/en\/","logo":{"@type":"ImageObject","inLanguage":"en-US","@id":"https:\/\/flamencolive.com\/en\/#\/schema\/logo\/image\/","url":"https:\/\/flamencolive.com\/wp-content\/uploads\/2020\/09\/logo-vectorial-flamenco-live-500x61-2.png","contentUrl":"https:\/\/flamencolive.com\/wp-content\/uploads\/2020\/09\/logo-vectorial-flamenco-live-500x61-2.png","width":500,"height":61,"caption":"flamencolive.com"},"image":{"@id":"https:\/\/flamencolive.com\/en\/#\/schema\/logo\/image\/"},"sameAs":["http:\/\/www.facebook.com\/pages\/flamencolivecom\/230064430920","https:\/\/x.com\/flamencolive","https:\/\/www.instagram.com\/flamencolive.oficial\/","http:\/\/www.youtube.com\/user\/rgbartevisual"]}]}},"_links":{"self":[{"href":"https:\/\/flamencolive.com\/en\/wp-json\/wp\/v2\/product\/68823"}],"collection":[{"href":"https:\/\/flamencolive.com\/en\/wp-json\/wp\/v2\/product"}],"about":[{"href":"https:\/\/flamencolive.com\/en\/wp-json\/wp\/v2\/types\/product"}],"replies":[{"embeddable":true,"href":"https:\/\/flamencolive.com\/en\/wp-json\/wp\/v2\/comments?post=68823"}],"wp:featuredmedia":[{"embeddable":true,"href":"https:\/\/flamencolive.com\/en\/wp-json\/wp\/v2\/media\/68824"}],"wp:attachment":[{"href":"https:\/\/flamencolive.com\/en\/wp-json\/wp\/v2\/media?parent=68823"}],"wp:term":[{"taxonomy":"product_cat","embeddable":true,"href":"https:\/\/flamencolive.com\/en\/wp-json\/wp\/v2\/product_cat?post=68823"},{"taxonomy":"product_tag","embeddable":true,"href":"https:\/\/flamencolive.com\/en\/wp-json\/wp\/v2\/product_tag?post=68823"}],"curies":[{"name":"wp","href":"https:\/\/api.w.org\/{rel}","templated":true}]}}