{"id":73259,"date":"2024-12-05T14:59:48","date_gmt":"2024-12-05T13:59:49","guid":{"rendered":"https:\/\/flamencolive.com\/?post_type=product&#038;p=73259"},"modified":"2025-06-22T18:40:10","modified_gmt":"2025-06-22T16:40:10","slug":"alegrias-ii-creative-resources-for-flamenco-guitar-jose-manuel-montoya","status":"publish","type":"product","link":"https:\/\/flamencolive.com\/en\/alegrias-ii-creative-resources-for-flamenco-guitar-jose-manuel-montoya\/","title":{"rendered":"Alegr\u00edas (II) \u2013 Creative Resources for Flamenco Guitar- Jos\u00e9 Manuel Montoya"},"content":{"rendered":"<p><span style=\"color: #000000;\">All the resources studied <strong>can be applied to other 12-beat flamenco styles<\/strong>.<br \/>\n<\/span><span style=\"color: #000000;\">This masterclass is based on a musical score and the second and third versions of <strong>Alegr\u00edas.\u00a0<\/strong><\/span><\/p>\n<ul>\n<li style=\"list-style-type: none;\">\n<ul>\n<li><span style=\"color: #000000;\">In the second version, ideas are given for a faster rhythm of Alegr\u00edas and resources to make the chords less complicated than in the first version.<\/span><\/li>\n<li><span style=\"color: #000000;\">In the third version, different chord inversions are explored to show how changing the inversions can lead to a different concept of the same falseta, making it unique and applicable to other compositions or music that the guitarists already know.<\/span><\/li>\n<\/ul>\n<\/li>\n<\/ul>\n<div>\n<div class='et-box et-shadow'>\n\t\t\t\t\t<div class='et-box-content'><h4><span style=\"color: #ff0000;\"><b>Creative Resources for Flamenco Guitar &#8211; 12 beats flamenco styles &#8211;\u00a0 by Jos\u00e9 Manuel Montoya<\/b><\/span><\/h4>\n<p><span style=\"color: #000000;\">With this series of masterclasses, you will have all the tools\/resources that will allow you to be creative with your guitar both for the execution of solo pieces, as well as for the accompaniment of singing and dancing, without needing to have a wide repertoire memorized and have the spontaneity necessary for:<\/span><\/p>\n<ul>\n<li style=\"list-style-type: none;\">\n<ul>\n<li><span style=\"color: #000000;\">For the creation of your own solo compositions<\/span><\/li>\n<li><span style=\"color: #000000;\">\u00a0Adapt to any singer<\/span><\/li>\n<li><span style=\"color: #000000;\">Adapt to any dancer<\/span><\/li>\n<\/ul>\n<\/li>\n<\/ul>\n<p><span style=\"color: #000000;\">You will learn a series of resources and tools, and very importantly, you will stimulate your imagination.<\/span><\/p>\n<p><span style=\"color: #000000;\">You will learn how to transpose the falsetas to different keys, you will be given the knowledge and formulas necessary for you to create your form and style, so that carrying them out will be very simple, and in a spontaneous and automated way, without needing to have a wide repertoire, which is sometimes difficult to retain.<\/span><\/p>\n<p><span style=\"color: #000000;\">You will acquire the spontaneity necessary to create your own compositions, giving you many examples so that you can develop them.<\/span><\/p>\n<p><span style=\"color: #000000;\">The resources and tools explained here will allow you to personalize your playing. This is not a Flamenco Guitar method, it is much more. It is not about playing falsetas or pieces by other guitarists.<\/span><\/p>\n<p><span style=\"color: #000000;\">In this series of masterclasses, all the Flamenco Guitar techniques that you should already know are used, such as strumming, alzap\u00faa, tremolo, picado, thumb, arpeggio, golpe, use of chromaticisms, etc.<\/span><\/p>\n<p><span style=\"color: #000000;\">The Creative Resources for Flamenco Guitar series is made up of a total of 7 masterclasses, and all the resources studied in each of them can be applied to other 12-beat styles:<\/span><\/p>\n<p style=\"padding-left: 40px;\"><strong><span style=\"color: #000000;\">Sole\u00e1 &amp; Sole\u00e1 por Buler\u00edas (4 masterclasses)<\/span><\/strong><\/p>\n<ul>\n<li style=\"list-style-type: none;\">\n<ul>\n<li style=\"list-style-type: none;\">\n<ul>\n<li style=\"list-style-type: none;\">\n<ul>\n<li><span style=\"color: #000000;\">Sole\u00e1 and Sole\u00e1 por Buler\u00edas were chosen as the base since they are slower, facilitating the study of the various resources for all 12 beat flamenco styles &#8220;palos&#8221;.<\/span><\/li>\n<li><span style=\"color: #000000;\">In the \u201cSole\u00e1 por Buler\u00edas\u201d &amp; \u201cSole\u00e1\u201d masterclasses, small melodic fragments are studied and adapted to create endings (Cierres), Closing (Remates), and short falsetas or more extended falsetas.<\/span><\/li>\n<li><span style=\"color: #000000;\">Formulas are provided so guitarists can engage in the creative process and develop their formulas. The aim is for each person to create their own melodies, clich\u00e9s, or patterns.<\/span><\/li>\n<\/ul>\n<\/li>\n<\/ul>\n<\/li>\n<\/ul>\n<\/li>\n<\/ul>\n<p style=\"padding-left: 40px;\"><strong><span style=\"color: #000000;\">Alegr\u00edas (2 masterclasses)<\/span><\/strong><\/p>\n<p style=\"padding-left: 40px;\"><span style=\"color: #000000;\">This masterclass is based on a musical score, with 3 versions of Alegr\u00edas:<\/span><\/p>\n<ul>\n<li style=\"list-style-type: none;\">\n<ul>\n<li style=\"list-style-type: none;\">\n<ul>\n<li style=\"list-style-type: none;\">\n<ul>\n<li><span style=\"color: #000000;\">In the first version, resources are provided, and the key change from E major to A major is studied.<\/span><\/li>\n<li><span style=\"color: #000000;\">In the second version, ideas are given for a faster rhythm of Alegr\u00edas and\u00a0resources to make the chords less complicated than in the first version.<\/span><\/li>\n<li><span style=\"color: #000000;\">In the third version, different chord inversions are explored to show how changing the inversions can lead to a different concept of the same falseta, making it unique and applicable to other compositions or music that the guitarists already know.<\/span><\/li>\n<\/ul>\n<\/li>\n<\/ul>\n<\/li>\n<\/ul>\n<\/li>\n<\/ul>\n<p style=\"padding-left: 40px;\"><strong><span style=\"color: #000000;\">Buler\u00edas (1 masterclass)<\/span><\/strong><\/p>\n<p style=\"padding-left: 40px;\"><span style=\"color: #000000;\">Based on a Buler\u00edas falseta with an easy formula, the tools, and simple resources are given to take it to other tonalities (keys)<\/span><\/p>\n<div>\n<p>Spanish, with English subtitles<\/p>\n<p><strong>Presentation Video <\/strong><\/p>\n<\/div>\n<p><iframe loading=\"lazy\" title=\"Jos\u00e9 Manuel Montoya. Presentaci\u00f3n masterclass de recursos creativos en palos de 12 tiempos\" src=\"https:\/\/www.youtube.com\/embed\/4UC02JtGzsM?rel=0\" width=\"694\" height=\"390\" frameborder=\"0\" allowfullscreen=\"allowfullscreen\"><span data-mce-type=\"bookmark\" style=\"display: inline-block; width: 0px; overflow: hidden; line-height: 0;\" class=\"mce_SELRES_start\">\ufeff<\/span><\/iframe><\/div><\/div>\n<\/div>\n<div>\n<p>&nbsp;<\/p>\n<\/div>\n<div><\/div>\n","protected":false},"excerpt":{"rendered":"<div class='et-box et-shadow'>\n\t\t\t\t\t<div class='et-box-content'><ul>\n<li><span style=\"color: #000000;\">Creative Resources for Flamenco Guitar by Jos\u00e9 Manuel Montoya<\/span><\/li>\n<li><span style=\"color: #000000;\">Alegr\u00edas Masterclass\u00a0<\/span><\/li>\n<li><span style=\"color: #000000;\">For all flamenco 12-beat styles<\/span><\/li>\n<li><span style=\"color: #000000;\">Resources to make the chords less complicated<\/span><\/li>\n<li><span style=\"color: #000000;\">Different chord inversions are explored <\/span><\/li>\n<li><span style=\"color: #ff0000;\">\u00a0STREAMING product.<\/span> \u00a0<a href=\"https:\/\/flamencolive.com\/streaming_en\/\" target=\"_blank\" rel=\"noopener\">(+INFO)<\/a>\u00a0\u00a0<\/div><\/div><\/li>\n<\/ul>\n","protected":false},"featured_media":73250,"comment_status":"open","ping_status":"closed","template":"","meta":{"_acf_changed":false,"_et_pb_use_builder":"","_et_pb_old_content":"","_et_gb_content_width":""},"product_cat":[546,544,329,326,324,94,112,331,124,123],"product_tag":[],"acf":[],"yoast_head":"<!-- This site is optimized with the Yoast SEO plugin v22.9 - https:\/\/yoast.com\/wordpress\/plugins\/seo\/ -->\n<title>Alegr\u00edas (II) \u2013 Creative Resources for Flamenco Guitar- Jos\u00e9 Manuel Montoya | STREAMING<\/title>\n<meta name=\"description\" content=\"Flamenco Live te ofrece el producto &quot;Alegr\u00edas (II) \u2013 Creative Resources for Flamenco Guitar- Jos\u00e9 Manuel Montoya&quot; al mejor precio. \u00a1Descubre nuestra oferta!\" \/>\n<meta name=\"robots\" content=\"index, follow, max-snippet:-1, max-image-preview:large, max-video-preview:-1\" \/>\n<link rel=\"canonical\" href=\"https:\/\/flamencolive.com\/en\/alegrias-ii-creative-resources-for-flamenco-guitar-jose-manuel-montoya\/\" \/>\n<meta property=\"og:locale\" content=\"en_US\" \/>\n<meta property=\"og:type\" content=\"article\" \/>\n<meta property=\"og:title\" content=\"Alegr\u00edas (II) \u2013 Creative Resources for Flamenco Guitar- Jos\u00e9 Manuel Montoya | STREAMING\" \/>\n<meta property=\"og:description\" content=\"Flamenco Live te ofrece el producto &quot;Alegr\u00edas (II) \u2013 Creative Resources for Flamenco Guitar- Jos\u00e9 Manuel Montoya&quot; al mejor precio. \u00a1Descubre nuestra oferta!\" \/>\n<meta property=\"og:url\" content=\"https:\/\/flamencolive.com\/en\/alegrias-ii-creative-resources-for-flamenco-guitar-jose-manuel-montoya\/\" \/>\n<meta property=\"og:site_name\" content=\"Flamenco in STREAMING, videos and Scorebooks\" \/>\n<meta property=\"article:publisher\" content=\"http:\/\/www.facebook.com\/pages\/flamencolivecom\/230064430920\" \/>\n<meta property=\"article:modified_time\" content=\"2025-06-22T16:40:10+00:00\" \/>\n<meta property=\"og:image\" content=\"https:\/\/flamencolive.com\/wp-content\/uploads\/2024\/12\/REC-12_6-IN.jpg\" \/>\n\t<meta property=\"og:image:width\" content=\"1000\" \/>\n\t<meta property=\"og:image:height\" content=\"1415\" \/>\n\t<meta property=\"og:image:type\" content=\"image\/jpeg\" \/>\n<meta name=\"twitter:card\" content=\"summary_large_image\" \/>\n<meta name=\"twitter:site\" content=\"@flamencolive\" \/>\n<meta name=\"twitter:label1\" content=\"Est. reading time\" \/>\n\t<meta name=\"twitter:data1\" content=\"3 minutes\" \/>\n<script type=\"application\/ld+json\" class=\"yoast-schema-graph\">{\"@context\":\"https:\/\/schema.org\",\"@graph\":[{\"@type\":\"WebPage\",\"@id\":\"https:\/\/flamencolive.com\/en\/alegrias-ii-creative-resources-for-flamenco-guitar-jose-manuel-montoya\/\",\"url\":\"https:\/\/flamencolive.com\/en\/alegrias-ii-creative-resources-for-flamenco-guitar-jose-manuel-montoya\/\",\"name\":\"Alegr\u00edas (II) \u2013 Creative Resources for Flamenco Guitar- Jos\u00e9 Manuel Montoya | STREAMING\",\"isPartOf\":{\"@id\":\"https:\/\/flamencolive.com\/en\/#website\"},\"primaryImageOfPage\":{\"@id\":\"https:\/\/flamencolive.com\/en\/alegrias-ii-creative-resources-for-flamenco-guitar-jose-manuel-montoya\/#primaryimage\"},\"image\":{\"@id\":\"https:\/\/flamencolive.com\/en\/alegrias-ii-creative-resources-for-flamenco-guitar-jose-manuel-montoya\/#primaryimage\"},\"thumbnailUrl\":\"https:\/\/flamencolive.com\/wp-content\/uploads\/2024\/12\/REC-12_6-IN.jpg\",\"datePublished\":\"2024-12-05T13:59:49+00:00\",\"dateModified\":\"2025-06-22T16:40:10+00:00\",\"description\":\"Flamenco Live te ofrece el producto \\\"Alegr\u00edas (II) \u2013 Creative Resources for Flamenco Guitar- Jos\u00e9 Manuel Montoya\\\" al mejor precio. \u00a1Descubre nuestra oferta!\",\"breadcrumb\":{\"@id\":\"https:\/\/flamencolive.com\/en\/alegrias-ii-creative-resources-for-flamenco-guitar-jose-manuel-montoya\/#breadcrumb\"},\"inLanguage\":\"en-US\",\"potentialAction\":[{\"@type\":\"ReadAction\",\"target\":[\"https:\/\/flamencolive.com\/en\/alegrias-ii-creative-resources-for-flamenco-guitar-jose-manuel-montoya\/\"]}]},{\"@type\":\"ImageObject\",\"inLanguage\":\"en-US\",\"@id\":\"https:\/\/flamencolive.com\/en\/alegrias-ii-creative-resources-for-flamenco-guitar-jose-manuel-montoya\/#primaryimage\",\"url\":\"https:\/\/flamencolive.com\/wp-content\/uploads\/2024\/12\/REC-12_6-IN.jpg\",\"contentUrl\":\"https:\/\/flamencolive.com\/wp-content\/uploads\/2024\/12\/REC-12_6-IN.jpg\",\"width\":1000,\"height\":1415,\"caption\":\"Alegr\u00edas (II) \u2013 Creative Resources for Flamenco Guitar- Jos\u00e9 Manuel Montoya\"},{\"@type\":\"BreadcrumbList\",\"@id\":\"https:\/\/flamencolive.com\/en\/alegrias-ii-creative-resources-for-flamenco-guitar-jose-manuel-montoya\/#breadcrumb\",\"itemListElement\":[{\"@type\":\"ListItem\",\"position\":1,\"name\":\"Portada\",\"item\":\"https:\/\/flamencolive.com\/en\/\"},{\"@type\":\"ListItem\",\"position\":2,\"name\":\"home\",\"item\":\"https:\/\/flamencolive.com\/en\/home\/\"},{\"@type\":\"ListItem\",\"position\":3,\"name\":\"Alegr\u00edas (II) \u2013 Creative Resources for Flamenco Guitar- Jos\u00e9 Manuel Montoya\"}]},{\"@type\":\"WebSite\",\"@id\":\"https:\/\/flamencolive.com\/en\/#website\",\"url\":\"https:\/\/flamencolive.com\/en\/\",\"name\":\"Flamenco in STREAMING, videos and Scorebooks\",\"description\":\"Flamenco - Methods and Scorebooks in Streaming\",\"publisher\":{\"@id\":\"https:\/\/flamencolive.com\/en\/#organization\"},\"potentialAction\":[{\"@type\":\"SearchAction\",\"target\":{\"@type\":\"EntryPoint\",\"urlTemplate\":\"https:\/\/flamencolive.com\/en\/?s={search_term_string}\"},\"query-input\":\"required name=search_term_string\"}],\"inLanguage\":\"en-US\"},{\"@type\":\"Organization\",\"@id\":\"https:\/\/flamencolive.com\/en\/#organization\",\"name\":\"flamencolive.com\",\"url\":\"https:\/\/flamencolive.com\/en\/\",\"logo\":{\"@type\":\"ImageObject\",\"inLanguage\":\"en-US\",\"@id\":\"https:\/\/flamencolive.com\/en\/#\/schema\/logo\/image\/\",\"url\":\"https:\/\/flamencolive.com\/wp-content\/uploads\/2020\/09\/logo-vectorial-flamenco-live-500x61-2.png\",\"contentUrl\":\"https:\/\/flamencolive.com\/wp-content\/uploads\/2020\/09\/logo-vectorial-flamenco-live-500x61-2.png\",\"width\":500,\"height\":61,\"caption\":\"flamencolive.com\"},\"image\":{\"@id\":\"https:\/\/flamencolive.com\/en\/#\/schema\/logo\/image\/\"},\"sameAs\":[\"http:\/\/www.facebook.com\/pages\/flamencolivecom\/230064430920\",\"https:\/\/x.com\/flamencolive\",\"https:\/\/www.instagram.com\/flamencolive.oficial\/\",\"http:\/\/www.youtube.com\/user\/rgbartevisual\"]}]}<\/script>\n<!-- \/ Yoast SEO plugin. -->","yoast_head_json":{"title":"Alegr\u00edas (II) \u2013 Creative Resources for Flamenco Guitar- Jos\u00e9 Manuel Montoya | STREAMING","description":"Flamenco Live te ofrece el producto \"Alegr\u00edas (II) \u2013 Creative Resources for Flamenco Guitar- Jos\u00e9 Manuel Montoya\" al mejor precio. \u00a1Descubre nuestra oferta!","robots":{"index":"index","follow":"follow","max-snippet":"max-snippet:-1","max-image-preview":"max-image-preview:large","max-video-preview":"max-video-preview:-1"},"canonical":"https:\/\/flamencolive.com\/en\/alegrias-ii-creative-resources-for-flamenco-guitar-jose-manuel-montoya\/","og_locale":"en_US","og_type":"article","og_title":"Alegr\u00edas (II) \u2013 Creative Resources for Flamenco Guitar- Jos\u00e9 Manuel Montoya | STREAMING","og_description":"Flamenco Live te ofrece el producto \"Alegr\u00edas (II) \u2013 Creative Resources for Flamenco Guitar- Jos\u00e9 Manuel Montoya\" al mejor precio. \u00a1Descubre nuestra oferta!","og_url":"https:\/\/flamencolive.com\/en\/alegrias-ii-creative-resources-for-flamenco-guitar-jose-manuel-montoya\/","og_site_name":"Flamenco in STREAMING, videos and Scorebooks","article_publisher":"http:\/\/www.facebook.com\/pages\/flamencolivecom\/230064430920","article_modified_time":"2025-06-22T16:40:10+00:00","og_image":[{"width":1000,"height":1415,"url":"https:\/\/flamencolive.com\/wp-content\/uploads\/2024\/12\/REC-12_6-IN.jpg","type":"image\/jpeg"}],"twitter_card":"summary_large_image","twitter_site":"@flamencolive","twitter_misc":{"Est. reading time":"3 minutes"},"schema":{"@context":"https:\/\/schema.org","@graph":[{"@type":"WebPage","@id":"https:\/\/flamencolive.com\/en\/alegrias-ii-creative-resources-for-flamenco-guitar-jose-manuel-montoya\/","url":"https:\/\/flamencolive.com\/en\/alegrias-ii-creative-resources-for-flamenco-guitar-jose-manuel-montoya\/","name":"Alegr\u00edas (II) \u2013 Creative Resources for Flamenco Guitar- Jos\u00e9 Manuel Montoya | STREAMING","isPartOf":{"@id":"https:\/\/flamencolive.com\/en\/#website"},"primaryImageOfPage":{"@id":"https:\/\/flamencolive.com\/en\/alegrias-ii-creative-resources-for-flamenco-guitar-jose-manuel-montoya\/#primaryimage"},"image":{"@id":"https:\/\/flamencolive.com\/en\/alegrias-ii-creative-resources-for-flamenco-guitar-jose-manuel-montoya\/#primaryimage"},"thumbnailUrl":"https:\/\/flamencolive.com\/wp-content\/uploads\/2024\/12\/REC-12_6-IN.jpg","datePublished":"2024-12-05T13:59:49+00:00","dateModified":"2025-06-22T16:40:10+00:00","description":"Flamenco Live te ofrece el producto \"Alegr\u00edas (II) \u2013 Creative Resources for Flamenco Guitar- Jos\u00e9 Manuel Montoya\" al mejor precio. \u00a1Descubre nuestra oferta!","breadcrumb":{"@id":"https:\/\/flamencolive.com\/en\/alegrias-ii-creative-resources-for-flamenco-guitar-jose-manuel-montoya\/#breadcrumb"},"inLanguage":"en-US","potentialAction":[{"@type":"ReadAction","target":["https:\/\/flamencolive.com\/en\/alegrias-ii-creative-resources-for-flamenco-guitar-jose-manuel-montoya\/"]}]},{"@type":"ImageObject","inLanguage":"en-US","@id":"https:\/\/flamencolive.com\/en\/alegrias-ii-creative-resources-for-flamenco-guitar-jose-manuel-montoya\/#primaryimage","url":"https:\/\/flamencolive.com\/wp-content\/uploads\/2024\/12\/REC-12_6-IN.jpg","contentUrl":"https:\/\/flamencolive.com\/wp-content\/uploads\/2024\/12\/REC-12_6-IN.jpg","width":1000,"height":1415,"caption":"Alegr\u00edas (II) \u2013 Creative Resources for Flamenco Guitar- Jos\u00e9 Manuel Montoya"},{"@type":"BreadcrumbList","@id":"https:\/\/flamencolive.com\/en\/alegrias-ii-creative-resources-for-flamenco-guitar-jose-manuel-montoya\/#breadcrumb","itemListElement":[{"@type":"ListItem","position":1,"name":"Portada","item":"https:\/\/flamencolive.com\/en\/"},{"@type":"ListItem","position":2,"name":"home","item":"https:\/\/flamencolive.com\/en\/home\/"},{"@type":"ListItem","position":3,"name":"Alegr\u00edas (II) \u2013 Creative Resources for Flamenco Guitar- Jos\u00e9 Manuel Montoya"}]},{"@type":"WebSite","@id":"https:\/\/flamencolive.com\/en\/#website","url":"https:\/\/flamencolive.com\/en\/","name":"Flamenco in STREAMING, videos and Scorebooks","description":"Flamenco - Methods and Scorebooks in Streaming","publisher":{"@id":"https:\/\/flamencolive.com\/en\/#organization"},"potentialAction":[{"@type":"SearchAction","target":{"@type":"EntryPoint","urlTemplate":"https:\/\/flamencolive.com\/en\/?s={search_term_string}"},"query-input":"required name=search_term_string"}],"inLanguage":"en-US"},{"@type":"Organization","@id":"https:\/\/flamencolive.com\/en\/#organization","name":"flamencolive.com","url":"https:\/\/flamencolive.com\/en\/","logo":{"@type":"ImageObject","inLanguage":"en-US","@id":"https:\/\/flamencolive.com\/en\/#\/schema\/logo\/image\/","url":"https:\/\/flamencolive.com\/wp-content\/uploads\/2020\/09\/logo-vectorial-flamenco-live-500x61-2.png","contentUrl":"https:\/\/flamencolive.com\/wp-content\/uploads\/2020\/09\/logo-vectorial-flamenco-live-500x61-2.png","width":500,"height":61,"caption":"flamencolive.com"},"image":{"@id":"https:\/\/flamencolive.com\/en\/#\/schema\/logo\/image\/"},"sameAs":["http:\/\/www.facebook.com\/pages\/flamencolivecom\/230064430920","https:\/\/x.com\/flamencolive","https:\/\/www.instagram.com\/flamencolive.oficial\/","http:\/\/www.youtube.com\/user\/rgbartevisual"]}]}},"_links":{"self":[{"href":"https:\/\/flamencolive.com\/en\/wp-json\/wp\/v2\/product\/73259"}],"collection":[{"href":"https:\/\/flamencolive.com\/en\/wp-json\/wp\/v2\/product"}],"about":[{"href":"https:\/\/flamencolive.com\/en\/wp-json\/wp\/v2\/types\/product"}],"replies":[{"embeddable":true,"href":"https:\/\/flamencolive.com\/en\/wp-json\/wp\/v2\/comments?post=73259"}],"wp:featuredmedia":[{"embeddable":true,"href":"https:\/\/flamencolive.com\/en\/wp-json\/wp\/v2\/media\/73250"}],"wp:attachment":[{"href":"https:\/\/flamencolive.com\/en\/wp-json\/wp\/v2\/media?parent=73259"}],"wp:term":[{"taxonomy":"product_cat","embeddable":true,"href":"https:\/\/flamencolive.com\/en\/wp-json\/wp\/v2\/product_cat?post=73259"},{"taxonomy":"product_tag","embeddable":true,"href":"https:\/\/flamencolive.com\/en\/wp-json\/wp\/v2\/product_tag?post=73259"}],"curies":[{"name":"wp","href":"https:\/\/api.w.org\/{rel}","templated":true}]}}